{"id":3702,"date":"2021-05-31T14:38:47","date_gmt":"2021-05-31T12:38:47","guid":{"rendered":"https:\/\/fixcast.pl\/?post_type=product&#038;p=3702"},"modified":"2023-06-23T10:22:29","modified_gmt":"2023-06-23T08:22:29","slug":"fix-kd-18","status":"publish","type":"product","link":"https:\/\/fixcast.pl\/en\/product\/fix-kd-18\/","title":{"rendered":"FIX-KD-18"},"content":{"rendered":"<div class=\"description-tiles\">\n<div class=\"row\">\n<div class=\"half descr\">\n<div id=\"zalety\" class=\"half-content\">\n<h3>SPECIAL FEATURES<\/h3>\n<table class='zalety'><tbody><tr><td style='padding-right: 10px;'><img src='https:\/\/ortezydladzieci.pl\/wp-content\/uploads\/2017\/12\/orteza-kolana-150x150.png' class='alignleft size-thumbnail' alt='KNEE BRACE' width='70' height='70'\/><\/td><td style='width:100%;'><strong style='text-transform:uppercase;'>KNEE BRACE<\/strong><\/td><\/tr><tr><td style='padding-right: 10px;'><img src='https:\/\/ortezydladzieci.pl\/wp-content\/uploads\/2017\/12\/CLASS-1-MEDICAL-DEVICE-1-150x150.png' class='alignleft size-thumbnail' alt='1st CLASS MEDICAL PRODUCT' width='70' height='70'\/><\/td><td style='width:100%;'><strong style='text-transform:uppercase;'>1st CLASS MEDICAL PRODUCT<\/strong><\/td><\/tr><tr><td style='padding-right: 10px;'><img src='https:\/\/fixcast.pl\/wp-content\/uploads\/2018\/07\/dwustr-150x150.png' class='alignleft size-thumbnail' alt='DOUBLE-SIDED' width='70' height='70'\/><\/td><td style='width:100%;'><strong style='text-transform:uppercase;'>DOUBLE-SIDED<\/strong><\/td><\/tr><tr><td style='padding-right: 10px;'><img src='https:\/\/ortezydladzieci.pl\/wp-content\/uploads\/2017\/12\/szeroki-zakres-regulacji-150x150.png' class='alignleft size-thumbnail' alt='FULL RANGE OF ADJUSTMENT' width='70' height='70'\/><\/td><td style='width:100%;'><strong style='text-transform:uppercase;'>FULL RANGE OF ADJUSTMENT<\/strong><\/td><\/tr><tr><td style='padding-right: 10px;'><img src='https:\/\/ortezydladzieci.pl\/wp-content\/uploads\/2021\/06\/anatomiczny-pier\u015bcie\u0144-oko\u0142orzepkowy-2.png' class='alignleft size-thumbnail' alt='ANATOMIC PATELLA DONUT' width='70' height='70'\/><\/td><td style='width:100%;'><strong style='text-transform:uppercase;'>ANATOMIC PATELLA DONUT<\/strong><\/td><\/tr><tr><td style='padding-right: 10px;'><img src='https:\/\/ortezydladzieci.pl\/wp-content\/uploads\/2021\/06\/kompressja-1.png' class='alignleft size-thumbnail' alt='COMPRESSION' width='70' height='70'\/><\/td><td style='width:100%;'><strong style='text-transform:uppercase;'>COMPRESSION<\/strong><\/td><\/tr><\/tbody><\/table>\n<\/div>\n<\/div>\n<div class=\"half with-image\" style=\"background-image: url('https:\/\/fixcast.pl\/wp-content\/uploads\/2021\/05\/DSC_0042-1.jpg');\"><\/div>\n<\/div>\n<div class=\"row\">\n<div class=\"half descr\">\n<div class=\"half-content\">\n<h3>Product description<\/h3>\n<p>Pediatric patellar brace <strong>FIX-KD-18<\/strong> is made of skin-friendly and breathable material <strong>AeroSpace II\u2122<\/strong>, which provides constant compression and warmth of the joint. The innovative design of the orthosis makes it suitable for both the right and left leg. <strong>Children&#8217;s brace FIX-KD-18<\/strong> is perfect as a&nbsp;prevention of children&#8217;s injuries in sports, such as football or basketball.<\/p>\n<p><a data-rel='lightbox' href='https:\/\/www.reh4mat.com\/uploads\/2021\/04\/AERO-SPACE-II-1190x630.png'><img src='https:\/\/www.reh4mat.com\/uploads\/2021\/04\/AERO-SPACE-II-1190x630.png' alt='' title='' class='aligncenter size-large' width='1024' height='542'><\/a><\/p>\n<\/div>\n<\/div>\n<div class=\"half with-image\" style=\"background-image: url('https:\/\/fixcast.pl\/wp-content\/uploads\/2021\/05\/DSC_0045-1.jpg');\"><\/div>\n<\/div>\n<div class=\"row\">\n<div class=\"half descr\">\n<div class=\"half-content\">\n<p><strong>AeroSpace II\u2122<\/strong> is an innovative new generation raw material. It is a distance elastic 3D knitted fabric consisting of two layers of facings and an interlacing that creates the appropriate thickness of the raw material and has relieving properties. The knitwear is made of the highest quality polyester yarn - guaranteeing high mechanical strength and spandex ensuring its proper flexibility. <strong>AeroSpace II\u2122<\/strong> has an external self-gripping layer what makes it easy to adjust each product to individual patient\u2019s needs. This material is characterized by a very low weight, high flexibility and a very large openwork structure, allowing for very easy drainage of sweat from the body and bringing fresh air to the skin. Products made of this raw material are neutral to the secured joint, do not heat or cool it, but ensure its proper compression and fit and reduce muscle vibrations generated during physical exertion. Its thickness and 3D structure perfectly relieves the orthopedic splints, stays or other elements mounted on the product and guarantees velvety softness to the touch.<\/p>\r\n\r\n\r\n<img src=\"https:\/\/www.reh4mat.com\/uploads\/2021\/06\/AERO-SPACE-en-V2-res2-1190x571.jpg\" alt=\"AeroSpace II\u2122\" width=\"900\" class=\"aligncenter size-large wp-image-260151\" \/>\n<\/div>\n<\/div>\n<div class=\"half with-image\" style=\"background-image: url('https:\/\/fixcast.pl\/wp-content\/uploads\/2021\/05\/4T7A7574.jpg');\"><\/div>\n<\/div>\n<div class=\"row\">\n<div class=\"half descr\">\n<div class=\"half-content\">\n<p><strong>FIX-KD-18<\/strong> is equipped with a&nbsp;special patellar donut that stabilizes patella and supports it while dislocation or instability. The donut positions the kneecap in the axis of the joint, ensuring its correct, painless mobility. Additionally, correct positioning of the patella relieves the patellofemoral joint, preventing its degeneration in the future.<\/p>\n<\/div>\n<\/div>\n<div class=\"half with-image\" style=\"background-image: url('https:\/\/fixcast.pl\/wp-content\/uploads\/2021\/05\/DSC_0039-en-1.jpg');\"><\/div>\n<\/div>\n<div class=\"row\">\n<div class=\"half descr\">\n<div class=\"half-content\">\n<h3>INDICATIONS<\/h3>\n<ul>\n<li>Lateral patella dislocation<\/li>\n<li>Kneepad instability<\/li>\n<li>Little side instability of the knee joint<\/li>\n<li>Patellofemoral pain syndrome<\/li>\n<li>Patellofemoral mal-alignment<\/li>\n<li>Patellar subluxation innate or after injuries<\/li>\n<\/ul>\n<\/div>\n<\/div>\n<div class=\"half with-image\" style=\"background-image: url('https:\/\/fixcast.pl\/wp-content\/uploads\/2021\/05\/DSC_0027-1.jpg');\"><\/div>\n<\/div>\n<div class=\"row\">\n<div class=\"half descr\">\n<div class=\"half-content\">\n<h3>AVAILABLE SIZES<\/h3>\n<table width=\"615\" cellspacing=\"0\" cellpadding=\"4\">\n<colgroup>\n<col width=\"98\" \/>\n<col width=\"314\" \/>\n<col width=\"178\" \/> <\/colgroup>\n<tbody>\n<tr valign=\"top\">\n<th style=\"width: 98px; height: 24px; text-align: center; vertical-align: middle;\" width=\"98\" height=\"24\">Size<\/th>\n<th style=\"text-align: center; vertical-align: middle;\" width=\"314\">Knee circumference<\/th>\n<th style=\"text-align: center; vertical-align: middle;\" width=\"178\">Typical age<\/th>\n<th style=\"text-align: center; vertical-align: middle;\" width=\"178\">How to measure<\/th>\n<\/tr>\n<tr valign=\"top\">\n<td style=\"text-align: center; vertical-align: middle;\" width=\"98\">1<\/td>\n<td style=\"text-align: center; vertical-align: middle;\" width=\"314\">20 &#8211; 23 cm<\/td>\n<td style=\"text-align: center; vertical-align: middle;\" width=\"178\">1 \u2013 3 years<\/td>\n<td style=\"text-align: center; vertical-align: middle;\" rowspan=\"2\" width=\"178\"><img loading=\"lazy\" src=\"https:\/\/fixcast.pl\/wp-content\/uploads\/2018\/07\/pomiar-kolano.png\" alt=\"\" width=\"148\" height=\"212\" class=\"aligncenter size-full wp-image-611\"><\/td>\n<\/tr>\n<tr valign=\"top\">\n<td style=\"text-align: center; vertical-align: middle;\" width=\"98\">2<\/td>\n<td style=\"text-align: center; vertical-align: middle;\" width=\"314\">23 &#8211; 27 cm<\/td>\n<td style=\"text-align: center; vertical-align: middle;\" width=\"178\">3 \u2013 7 years<\/td>\n<\/tr>\n<\/tbody>\n<\/table>\n<p><strong>Fits for both knees.<\/p>\n<p>Total length of the product:<br \/>\n1: 15 cm<br \/>\n2: 17 cm<\/strong><\/p>\n<\/div>\n<\/div>\n<div class=\"half with-image\" style=\"background-image: url('https:\/\/fixcast.pl\/wp-content\/uploads\/2021\/05\/DSC_0060-1.jpg');\"><\/div>\n<\/div>\n<div class=\"row\">\n<div class=\"half descr\">\n<div class=\"half-content\">\n<h3>Downloads<\/h3>\n<ul class=\"pdf\">\n<li><a href=\"https:\/\/www.reh4mat.com\/deklaracje\/en\/52.pdf\">Declaration of Conformity EC<\/a><\/li>\n<li><a href=\"https:\/\/fixcast.pl\/wp-content\/uploads\/2022\/06\/FIX-KD-18.pdf\">Setting up<\/a><\/li>\n<li><a href=\"https:\/\/reh4mat.com\/instrukcje\/45.pdf\">Manual<\/a><\/li>\n<\/ul>\n<\/div>\n<\/div>\n<div class=\"half with-image\" style=\"background-image: url('https:\/\/fixcast.pl\/wp-content\/uploads\/2021\/05\/DSC_0057.jpg');\"><\/div>\n<\/div>\n<div class=\"clear\"><\/div>\n<\/div>\n","protected":false},"excerpt":{"rendered":"<h2>WRAP AROUND COMPRESSION SUPPORTIVE PATELLAR BRACE<\/h2>\n<p>Knee brace <strong>FIX-KD-18<\/strong> supports and protect the patellofemoral joint. It provides relief in case of patellar dislocation or disorders.<\/p>\n","protected":false},"featured_media":9434,"comment_status":"open","ping_status":"closed","template":"","meta":[],"_links":{"self":[{"href":"https:\/\/fixcast.pl\/en\/wp-json\/wp\/v2\/product\/3702"}],"collection":[{"href":"https:\/\/fixcast.pl\/en\/wp-json\/wp\/v2\/product"}],"about":[{"href":"https:\/\/fixcast.pl\/en\/wp-json\/wp\/v2\/types\/product"}],"replies":[{"embeddable":true,"href":"https:\/\/fixcast.pl\/en\/wp-json\/wp\/v2\/comments?post=3702"}],"version-history":[{"count":13,"href":"https:\/\/fixcast.pl\/en\/wp-json\/wp\/v2\/product\/3702\/revisions"}],"predecessor-version":[{"id":12267,"href":"https:\/\/fixcast.pl\/en\/wp-json\/wp\/v2\/product\/3702\/revisions\/12267"}],"wp:featuredmedia":[{"embeddable":true,"href":"https:\/\/fixcast.pl\/en\/wp-json\/wp\/v2\/media\/9434"}],"wp:attachment":[{"href":"https:\/\/fixcast.pl\/en\/wp-json\/wp\/v2\/media?parent=3702"}],"curies":[{"name":"wp","href":"https:\/\/api.w.org\/{rel}","templated":true}]}}