{"id":1635,"date":"2019-08-26T11:57:30","date_gmt":"2019-08-26T10:58:37","guid":{"rendered":"http:\/\/fixcast.pl\/?post_type=product&#038;p=1635"},"modified":"2023-06-22T14:54:11","modified_gmt":"2023-06-22T12:54:11","slug":"fix-t-02","status":"publish","type":"product","link":"https:\/\/fixcast.pl\/fr\/produit\/fix-t-02\/","title":{"rendered":"FIX-T-02"},"content":{"rendered":"<div class=\"description-tiles\">\n<div class=\"row\">\n<div class=\"half descr\">\n<div id=\"zalety\" class=\"half-content\">\n<h3>Caract\u00e9ristiques<\/h3>\n<table class='zalety'><tbody><tr><td style='padding-right: 10px;'><img src='https:\/\/ortezydladzieci.pl\/wp-content\/uploads\/2017\/12\/CLASS-1-MEDICAL-DEVICE-1-150x150.png' class='alignleft size-thumbnail' alt='PRODUIT MEDICAL DE CLASSE 1' width='70' height='70'\/><\/td><td style='width:100%;'><strong style='text-transform:uppercase;'>PRODUIT MEDICAL DE CLASSE 1<\/strong><\/td><\/tr><tr><td style='padding-right: 10px;'><img src='https:\/\/ortezydladzieci.pl\/wp-content\/uploads\/2017\/12\/ODDYCHAJACY-150x150.png' class='alignleft size-thumbnail' alt='RESPIRANT' width='70' height='70'\/><\/td><td style='width:100%;'><strong style='text-transform:uppercase;'>RESPIRANT<\/strong><\/td><\/tr><tr><td style='padding-right: 10px;'><img src='https:\/\/ortezydladzieci.pl\/wp-content\/uploads\/2017\/12\/wodoodporny-150x150.png' class='alignleft size-thumbnail' alt='ETANCHE A L\u2019EAU' width='70' height='70'\/><\/td><td style='width:100%;'><strong style='text-transform:uppercase;'>ETANCHE A L\u2019EAU<\/strong><\/td><\/tr><\/tbody><\/table>\n<\/div>\n<\/div>\n<div class=\"half with-image\" style=\"background-image: url('https:\/\/fixcast.pl\/wp-content\/uploads\/2019\/08\/4T7A6411-1.jpg');\"><\/div>\n<\/div>\n<div class=\"row\">\n<div class=\"half descr\">\n<div class=\"half-content\">\n<h3>But de l&rsquo;utilisation<\/h3>\n<ul>\n<li>maladie de Scheuermann<\/li>\n<li>spondylolisth\u00e9sis<\/li>\n<li>pars fractures<\/li>\n<li>autres fractures de la colonne vert\u00e9brale<\/li>\n<li>inflammation des articulations de la colonne vert\u00e9brale<\/li>\n<li>dommages au dos et aux muscles paravert\u00e9braux<\/li>\n<li>entorses ou foulures de la colonne thoraco-lombaire<\/li>\n<\/ul>\n<\/div>\n<\/div>\n<div class=\"half with-image\" style=\"background-image: url('https:\/\/fixcast.pl\/wp-content\/uploads\/2019\/08\/4T7A6403-1.jpg');\"><\/div>\n<\/div>\n<div class=\"row\">\n<div class=\"half descr\">\n<div class=\"half-content\">\n<h3>La maladie de Scheuermann<\/h3>\n<p>La maladie de Scheuermann est un trouble du d\u00e9veloppement de la colonne vert\u00e9brale. Habituellement, elle commence \u00e0 l&rsquo;\u00e2ge de 10 ans et dure de 2 \u00e0 3 ans. Elle est beaucoup plus fr\u00e9quente chez les gar\u00e7ons que chez les filles. La maladie affecte le haut du dos (T6-T9) et entra\u00eene une modification de la forme des vert\u00e8bres. <\/p>\n<p>Les signes et sympt\u00f4mes de la kyphose de Scheuermann, le dos arrondi et courb\u00e9, sont douloureux. L\u2019extr\u00e9mit\u00e9 avant des vert\u00e8bres thoraciques moyennes cro\u00eet plus lentement que l\u2019extr\u00e9mit\u00e9 arri\u00e8re. Ces vert\u00e8bres prennent la forme d&rsquo;un coin, de sorte que lorsque les vert\u00e8bres s&#8217;empilent, la colonne vert\u00e9brale se courbe et le dos s&rsquo;arrondit vers l&rsquo;ext\u00e9rieur.  Une partie du disque s&rsquo;enfonce alors dans la vert\u00e8bre. On appelle ces \u00e9l\u00e9ments les noeuds de Schmorl. Ils limitent consid\u00e9rablement la mobilit\u00e9. <\/p>\n<p>Avec la physioth\u00e9rapie, notre <strong>attelle p\u00e9diatrique professionnelle TLSO STRADA<\/strong> est recommand\u00e9e dans le cadre du traitement.<\/p>\n<\/div>\n<\/div>\n<div class=\"half descr\">\n<div class=\"half-content\">\n<p><a href=\"https:\/\/fixcast.pl\/wp-content\/uploads\/2019\/08\/zdjfr.png\" data-rel=\"lightbox-0\" title=\"\"><img loading=\"lazy\" src=\"https:\/\/fixcast.pl\/wp-content\/uploads\/2019\/08\/zdjfr-1024x541.png\" alt=\"La maladie de Scheuermann\" width=\"1024\" height=\"541\" class=\"aligncenter size-large wp-image-1641\" srcset=\"https:\/\/fixcast.pl\/wp-content\/uploads\/2019\/08\/zdjfr-1024x541.png 1024w, https:\/\/fixcast.pl\/wp-content\/uploads\/2019\/08\/zdjfr-300x158.png 300w, https:\/\/fixcast.pl\/wp-content\/uploads\/2019\/08\/zdjfr-768x406.png 768w, https:\/\/fixcast.pl\/wp-content\/uploads\/2019\/08\/zdjfr.png 1282w\" sizes=\"(max-width: 1024px) 100vw, 1024px\" \/><\/a><\/p>\n<\/div>\n<\/div>\n<\/div>\n<div class=\"row\">\n<div class=\"half descr\">\n<div class=\"half-content\">\n<h3>Description du produit<\/h3>\n<p><strong>FIX-T-02 TLSO STRADA<\/strong> est fabriqu\u00e9 en aluminium l\u00e9ger et discret, recouvert d&rsquo;un tissu imperm\u00e9able et doux pour la peau. Les bretelles sont r\u00e9glables en longueur et am\u00e9liorent la posture du patient. <\/p>\n<p>La partie en aluminium a&nbsp;une forme anatomique, offre un soutien parfait et permet de d\u00e9charger la colonne vert\u00e9brale surcharg\u00e9e. La forme \u00e9troite entre les omoplates r\u00e9duit la pression et am\u00e9liore le confort d&rsquo;utilisation. Il y a&nbsp;beaucoup de trous dans la partie en aluminium qui permettent \u00e0 la peau de respirer et emp\u00eachent la transpiration. <\/p>\n<\/div>\n<\/div>\n<div class=\"half with-image\" style=\"background-image: url('https:\/\/fixcast.pl\/wp-content\/uploads\/2019\/08\/4T7A6433-1.jpg');\"><\/div>\n<\/div>\n<div class=\"row\">\n<div class=\"half descr\">\n<div class=\"half-content\">\n<p>Le couvercle de l&rsquo;entretoise en aluminium est fabriqu\u00e9 en <strong>Active3D\u2122<\/strong> et <strong>CottonComfort\u2122<\/strong>. <\/p>\n<p><a data-rel='lightbox' href='https:\/\/www.reh4mat.com\/uploads\/2021\/04\/ACTIVE-3D1-1190x630.png'><img src='https:\/\/www.reh4mat.com\/uploads\/2021\/04\/ACTIVE-3D1-1190x630.png' alt='' title='' class='aligncenter size-large' width='1024' height='542'><\/a><\/p>\n\n<p><img loading=\"lazy\" class=\"wp-image-672 aligncenter\" src=\"https:\/\/fixcast.pl\/wp-content\/uploads\/2019\/04\/waterproof-160x208.png\" alt=\"Wodoodporny\" width=\"80\" height=\"104\" \/><\/p>\n<p><strong>Active3D<\/strong> est un tissu imperm\u00e9able et l&rsquo;armature en aluminium est peinte, ce qui \u00e9vite la corrosion. De ce fait, le jeune patient peut utiliser notre <strong>attelle STRADA<\/strong> sous la douche.<\/p>\n<p>De plus, <strong>Active3D<\/strong> r\u00e9duit la pression sur les pro\u00e9minences osseuses et am\u00e9liore le confort. <\/p>\n<p>Le coussin abdominal est un support suppl\u00e9mentaire qui maintient la position lombaire correcte.    <\/p>\n<\/div>\n<\/div>\n<div class=\"half descr\">\n<div class=\"half-content\">\n<p><a href=\"https:\/\/fixcast.pl\/wp-content\/uploads\/2019\/08\/168461981.jpg\" data-rel=\"lightbox-1\" title=\"\"><img loading=\"lazy\" src=\"https:\/\/fixcast.pl\/wp-content\/uploads\/2019\/08\/168461981-758x1024.jpg\" alt=\"FIX-T-02\" width=\"758\" height=\"1024\" class=\"aligncenter size-large wp-image-1834\" srcset=\"https:\/\/fixcast.pl\/wp-content\/uploads\/2019\/08\/168461981-758x1024.jpg 758w, https:\/\/fixcast.pl\/wp-content\/uploads\/2019\/08\/168461981-222x300.jpg 222w, https:\/\/fixcast.pl\/wp-content\/uploads\/2019\/08\/168461981-768x1037.jpg 768w, https:\/\/fixcast.pl\/wp-content\/uploads\/2019\/08\/168461981.jpg 1118w\" sizes=\"(max-width: 758px) 100vw, 758px\" \/><\/a><\/p>\n<\/div>\n<\/div>\n<\/div>\n<div class=\"row\">\n<div class=\"half descr\">\n<div class=\"half-content\">\n<p><a data-rel='lightbox' href='https:\/\/www.reh4mat.com\/uploads\/2021\/04\/COTTON-COMFORT-1190x630.png'><img src='https:\/\/www.reh4mat.com\/uploads\/2021\/04\/COTTON-COMFORT-1190x630.png' alt='' title='' class='aligncenter size-large' width='1024' height='542'><\/a><\/p>\n\n<p>L&rsquo;utilisation quotidienne de notre <strong>orth\u00e8se TLSO STRADA<\/strong> pr\u00e9vient l&rsquo;arrondissement du dos, am\u00e9liore la forme des vert\u00e8bres et soulage la douleur. Les bretelles d&rsquo;\u00e9paules assurent la r\u00e9traction de l&rsquo;omoplate et de la t\u00eate. Au milieu de l&rsquo;\u00e9l\u00e9ment en aluminium, nous utilisons du caoutchouc \u00e9lastique qui assure un ajustement parfait et une compression parfaite des sangles d&rsquo;\u00e9paule. De plus, le caoutchouc ne limite pas la mobilit\u00e9 du membre sup\u00e9rieur.  <\/p>\n<\/div>\n<\/div>\n<div class=\"half with-image\" style=\"background-image: url('https:\/\/fixcast.pl\/wp-content\/uploads\/2019\/08\/4T7A6445.jpg');\"><\/div>\n<\/div>\n<div class=\"row\">\n<div class=\"half descr\">\n<div class=\"half-content\">\n<h3>Tailles disponibles<\/h3>\n<table cellspacing=\"0\" cellpadding=\"4\">\n<colgroup>\n<tbody>\n<tr valign=\"top\">\n<th style=\"text-align: center; vertical-align: middle;\">\n>Taille\n<\/th>\n<th style=\"text-align: center; vertical-align: middle;\">\nTour de taille ( A&nbsp;)\n<\/th>\n<th style=\"text-align: center; vertical-align: middle;\">\nDistance du T3 au coccyx ( B )\n<\/th>\n<th style=\"text-align: center; vertical-align: middle;\">\nConvient \u00e0 l&rsquo;\u00e2ge\n<\/th>\n<th style=\"text-align: center; vertical-align: middle;\">\nComment mesurer\n<\/th>\n<\/tr>\n<tr valign=\"top\">\n<td style=\"text-align: center; vertical-align: middle;\">\n1\n<\/td>\n<td style=\"text-align: center; vertical-align: middle;\">\nmin 40 &#8211; max 60 cm\n<\/td>\n<td style=\"text-align: center; vertical-align: middle;\">\nmin 31 &#8211; max 36 cm\n<\/td>\n<td style=\"text-align: center; vertical-align: middle;\">\n2 \u2013 4 ans\n<\/td>\n<td style=\"text-align: center; vertical-align: middle;\" rowspan=\"3\">\n<img loading=\"lazy\" src=\"https:\/\/fixcast.pl\/wp-content\/uploads\/2019\/07\/fix-t-02.jpg\" alt=\"Comment mesurer\" width=\"277\" height=\"203\" class=\"aligncenter size-full wp-image-1578\" \/>\n<\/td>\n<\/tr>\n<tr valign=\"top\">\n<td style=\"text-align: center; vertical-align: middle;\">\n2\n<\/td>\n<td style=\"text-align: center; vertical-align: middle;\">\nmin 45 &#8211; max 65 cm\n<\/td>\n<td style=\"text-align: center; vertical-align: middle;\">\nmin 36 &#8211; max 41 cm\n<\/td>\n<td style=\"text-align: center; vertical-align: middle;\">\n4 \u2013 9 ans\n<\/td>\n<\/tr>\n<tr valign=\"top\">\n<td style=\"text-align: center; vertical-align: middle;\">\n3\n<\/td>\n<td style=\"text-align: center; vertical-align: middle;\">\nmin 45 &#8211; max 75 cm\n<\/td>\n<td style=\"text-align: center; vertical-align: middle;\">\nmin 41 &#8211; max 45 cm\n<\/td>\n<td style=\"text-align: center; vertical-align: middle;\">\n8 \u2013 12 ans\n<\/td>\n<\/tr>\n<\/tbody>\n<\/table>\n<p><strong>Hauteur totale du produit:<br \/>\n1 &#8211; 32 cm;<br \/>\n2 &#8211; 37 cm;<br \/>\n3 &#8211; 42 cm<br \/>\n<\/strong><\/p>\n<\/div>\n<\/div>\n<div class=\"half with-image\" style=\"background-image: url('https:\/\/fixcast.pl\/wp-content\/uploads\/2019\/08\/4T7A6408.jpg');\"><\/div>\n<\/div>\n<div class=\"row\">\n<div class=\"half descr\">\n<div class=\"half-content\">\n<h3>T\u00e9l\u00e9chargements<\/h3>\n<ul class=\"pdf\">\n<li><a href=\"https:\/\/www.reh4mat.com\/deklaracje\/en\/50.pdf\">D\u00e9claration de conformit\u00e9 CE<\/a><\/li>\n<li><a href=\"https:\/\/www.reh4mat.com\/instrukcje\/47.pdf\">Manuel<\/a><\/li>\n<li><a href=\"https:\/\/fixcast.pl\/wp-content\/uploads\/2019\/08\/FIX-T-02.pdf\">Mise en place<\/a><\/li>\n<\/ul>\n<\/div>\n<\/div>\n<div class=\"half with-image\" style=\"background-image: url('https:\/\/fixcast.pl\/wp-content\/uploads\/2019\/08\/4T7A6443.jpg');\"><\/div>\n<\/div>\n<\/div>\n","protected":false},"excerpt":{"rendered":"<h2>ORTHESE P\u00c9DIATRIQUE TLSO <strong>STRADA<\/strong><\/h2>\n<ul>\n<li>cadre l\u00e9ger et de forme anatomique en aluminium<\/li>\n<li>imperm\u00e9able &#8211; peut \u00eatre utilis\u00e9 sous la douche<\/li>\n<li>perforation pour oxyg\u00e9ner la peau<\/li>\n<li>tendeur dynamique de serviettes<\/li>\n<li>coussinet abdominal<\/li>\n<\/ul>\n","protected":false},"featured_media":7152,"comment_status":"open","ping_status":"closed","template":"","meta":[],"_links":{"self":[{"href":"https:\/\/fixcast.pl\/fr\/wp-json\/wp\/v2\/product\/1635"}],"collection":[{"href":"https:\/\/fixcast.pl\/fr\/wp-json\/wp\/v2\/product"}],"about":[{"href":"https:\/\/fixcast.pl\/fr\/wp-json\/wp\/v2\/types\/product"}],"replies":[{"embeddable":true,"href":"https:\/\/fixcast.pl\/fr\/wp-json\/wp\/v2\/comments?post=1635"}],"version-history":[{"count":9,"href":"https:\/\/fixcast.pl\/fr\/wp-json\/wp\/v2\/product\/1635\/revisions"}],"predecessor-version":[{"id":12186,"href":"https:\/\/fixcast.pl\/fr\/wp-json\/wp\/v2\/product\/1635\/revisions\/12186"}],"wp:featuredmedia":[{"embeddable":true,"href":"https:\/\/fixcast.pl\/fr\/wp-json\/wp\/v2\/media\/7152"}],"wp:attachment":[{"href":"https:\/\/fixcast.pl\/fr\/wp-json\/wp\/v2\/media?parent=1635"}],"curies":[{"name":"wp","href":"https:\/\/api.w.org\/{rel}","templated":true}]}}