{"id":1651,"date":"2019-05-14T11:19:37","date_gmt":"2019-08-26T12:39:16","guid":{"rendered":"http:\/\/fixcast.pl\/?post_type=product&#038;p=1651"},"modified":"2023-07-25T10:53:31","modified_gmt":"2023-07-25T08:53:31","slug":"fix-kg-20","status":"publish","type":"product","link":"https:\/\/fixcast.pl\/fr\/produit\/fix-kg-20\/","title":{"rendered":"FIX-KG-20"},"content":{"rendered":"<div class=\"description-tiles\">\n<div class=\"row\">\n<div class=\"half descr\">\n<div id=\"zalety\" class=\"half-content\">\n<h3>Caract\u00e9ristiques sp\u00e9ciales<\/h3>\n<table class='zalety'><tbody><tr><td style='padding-right: 10px;'><img src='https:\/\/ortezydladzieci.pl\/wp-content\/uploads\/2017\/12\/CLASS-1-MEDICAL-DEVICE-1-150x150.png' class='alignleft size-thumbnail' alt='PRODUIT MEDICAL DE CLASSE 1' width='70' height='70'\/><\/td><td style='width:100%;'><strong style='text-transform:uppercase;'>PRODUIT MEDICAL DE CLASSE 1<\/strong><\/td><\/tr><tr><td style='padding-right: 10px;'><img src='https:\/\/fixcast.pl\/wp-content\/uploads\/2018\/07\/Szyna-magnetyczna-1R-orthodesign-150x150.png' class='alignleft size-thumbnail' alt='ATTELLE MAGN\u00c9TIQUE 1R ORTHODESIGN' width='70' height='70'\/><\/td><td style='width:100%;'><strong style='text-transform:uppercase;'>ATTELLE MAGN\u00c9TIQUE 1R ORTHODESIGN<\/strong><\/td><\/tr><tr><td style='padding-right: 10px;'><img src='https:\/\/ortezydladzieci.pl\/wp-content\/uploads\/2017\/12\/alternatywa-gipsu.png' class='alignleft size-thumbnail' alt='ALTERNATIVE AU PL\u00c2TRE' width='70' height='70'\/><\/td><td style='width:100%;'><strong style='text-transform:uppercase;'>ALTERNATIVE AU PL\u00c2TRE<\/strong><\/td><\/tr><\/tbody><\/table>\n<\/div>\n<\/div>\n<div class=\"half with-image\" style=\"background-image: url('https:\/\/fixcast.pl\/wp-content\/uploads\/2023\/07\/4T7A65572-1.jpg');\"><\/div>\n<\/div>\n<div class=\"row\">\n<div class=\"half descr\">\n<div class=\"half-content\">\n<h3>Utilisation dans les cas de:<\/h3>\n<ul>\n<li>fractures de l&rsquo;avant-bras<\/li>\n<li>fracture (plaque de croissance)<\/li>\n<li>fracture en tore \/ fracture de la boucle<\/li>\n<li>fracture de\u00a0b\u00e2ton vert<\/li>\n<li>fractures compl\u00e8tes<\/li>\n<li>fracture de Monteggia<\/li>\n<li>fracture de Galeazzi<\/li>\n<\/ul>\n<\/div>\n<\/div>\n<div class=\"half with-image\" style=\"background-image: url('https:\/\/fixcast.pl\/wp-content\/uploads\/2023\/07\/4T7A6560.jpg');\"><\/div>\n<\/div>\n<div class=\"row\">\n<div class=\"half descr\">\n<div class=\"half-content\">\n<h3>LES FRACTURES DE L&rsquo;AVANT-BRAS CHEZ LES ENFANTS<\/h3>\n<p>L&rsquo;avant-bras est compos\u00e9 de 2 os&nbsp;: radius et cubitus. La fracture de l&rsquo;avant-bras est une blessure courante chez les enfants actifs. L\u2019accident peut se produire partout&nbsp;: tomber sur le bras \u00e0 l&rsquo;\u00e9cole, jouer ou courir dans la cour de r\u00e9cr\u00e9ation. Habituellement, la fracture est le r\u00e9sultat d&rsquo;une force directe ou indirecte. Les fractures de l&rsquo;avant-bras sont souvent associ\u00e9es \u00e0 une luxation radio-ulnaire. Parfois, les tissus sont touch\u00e9s. Dans ce cas, la chirurgie est n\u00e9cessaire. Toutefois, la grande majorit\u00e9 des fractures de l&rsquo;avant-bras peuvent \u00eatre trait\u00e9es sans chirurgie. Il est important de se rappeler que les articulations du coude et du poignet doivent \u00eatre immobilis\u00e9es. Dans ce type de situations, notre <strong>orth\u00e8se de coude p\u00e9diatrique innovante FIX-KG-20<\/strong> est un excellent produit. <\/p>\n<\/div>\n<\/div>\n<div class=\"half with-image\" style=\"background-image: url('https:\/\/fixcast.pl\/wp-content\/uploads\/2019\/05\/193400737.jpg');\"><\/div>\n<\/div>\n<div class=\"row\">\n<div class=\"half descr\">\n<div class=\"half-content\">\n<h3>Description du produit<\/h3>\n<p><strong>L&rsquo;attelle de coude FIX-KG-20<\/strong> est une excellente solution pour immobiliser le coude. La forme anatomique de l&rsquo;attelle assure une stabilisation parfaite et le produit est confortable pour les enfants d\u00e8s le plus jeune \u00e2ge. Notre syst\u00e8me innovant de blocage de chute 1R-01 permet de r\u00e9gler l&rsquo;amplitude de mouvement tous les 15 degr\u00e9s sans outils suppl\u00e9mentaires. L&rsquo;aimant et les goupilles en acier permettent une application et un r\u00e9glage rapides. L&rsquo;attelle est l\u00e9g\u00e8re. Gr\u00e2ce \u00e0 son design anatomique, elle s&rsquo;adapte parfaitement au membre sup\u00e9rieur.<\/p>\n<p>De plus, notre produit est \u00e9quip\u00e9 d&rsquo;une poign\u00e9e sp\u00e9ciale qui r\u00e9duit la pronation et la supination de l&rsquo;avant-bras et assure une excellente immobilisation des os. Le support pour les mains maintient le membre en position neutre, ce qui est id\u00e9al pour le traitement de la blessure et la r\u00e9\u00e9ducation. <\/p>\n<p><a href=\"https:\/\/fixcast.pl\/wp-content\/uploads\/2023\/07\/4T7A6558ofr.jpg\" data-rel=\"lightbox-0\" title=\"\"><img loading=\"lazy\" src=\"https:\/\/fixcast.pl\/wp-content\/uploads\/2023\/07\/4T7A6558ofr.jpg\" alt=\"FIX-KG-20\" width=\"1024\" height=\"467\" class=\"aligncenter size-large wp-image-10322\" \/><\/a><\/p>\n<\/div>\n<\/div>\n<div class=\"half with-image\" style=\"background-image: url('https:\/\/fixcast.pl\/wp-content\/uploads\/2023\/07\/4T7A6568.jpg');\"><\/div>\n<\/div>\n<div class=\"row\">\n<div class=\"half descr\">\n<div class=\"half-content\">\nSzyna ortopedyczna 1R orthodesign, to nowatorskie podej\u015bcie do tematyki szyn ortopedycznych z\u00a0regulacj\u0105 k\u0105ta zgi\u0119cia i wyprostu. Innowacyjno\u015b\u0107 szyny polega na tym, \u017ce w zegarze o \u015brednicy nie przekraczaj\u0105cej 30 mm, zastosowali\u015bmy regulacj\u0119 k\u0105ta zgi\u0119cia i wyprostu co 15 stopni. Dodatkowym atutem szyny jest to, \u017ce regulacja odbywa si\u0119 nie przy u\u017cyciu wkr\u0119t\u00f3w imbusowych, jak to si\u0119 odbywa\u0142o w poprzedniej generacji szyny, lecz za pomoc\u0105 wk\u0142adanych stalowych nit\u00f3w, kt\u00f3re dla u\u0142atwienia wyjmowane s\u0105 z\u00a0gniazd k\u0105towych przy u\u017cyciu za\u0142\u0105czonego do szyn magnesu. Wisienk\u0105 na torcie jest pier\u015bcie\u0144 blokuj\u0105cy, kt\u00f3ry dzi\u0119ki systemowi zapadkowemu nie pozwoli na samoczynne przestawienie si\u0119 wcze\u015bniej ustawionego k\u0105ta. W ortezach kolana szyny maj\u0105 odsadzenie goleniowe, co pozwala na bardziej precyzyjne dopasowanie ortezy kolana, a co za tym idzie dok\u0142adniej realizuj\u0105 regulacj\u0119 ruchomo\u015bci stawu, w pozosta\u0142ych wyrobach za\u015b, ortezy maj\u0105 form\u0119 prost\u0105. Od spodniej strony zegara zamontowano owalny element do kt\u00f3rego doklejono gripper niezb\u0119dny do przymocowania do zegara mi\u0119kkich poduszek bocznych 3D. Szyny te, przy u\u017cyciu klucza ortopedycznego b\u0119d\u0105cego w ofercie Reh4Mat, mog\u0105 by\u0107 w niekt\u00f3rych przypadkach indywidualnie dopasowane do kszta\u0142tu ko\u0144czyny pacjenta, poprzez ich lekkie dogi\u0119cie.\r\n\r\n<a href=\"https:\/\/www.reh4mat.com\/uploads\/2021\/12\/Szyna-1R-dziecieca-1.jpg\"><\/a>\r\n\r\n\r\n\t<a href=\"https:\/\/www.reh4mat.com\/instrukcje\/szyny\/SZYNA%201R%20ORTHODESIGN%20PEDIATRYCZNA.pdf\">Pobierz instrukcj\u0119 regulacji szyny 1R orthodesign<\/a>\r\n\n<\/div>\n<\/div>\n<div class=\"half descr\">\n<div class=\"half-content\">\n<p>Les parties souples de l&rsquo;orth\u00e8se sont fabriqu\u00e9es en tissu innovant <strong>UniPren\u2122<\/strong>. <\/p>\n<p><strong>UniPren\u2122<\/strong> est un mat\u00e9riau universel \u00e0 trois couches compos\u00e9 d&#039;un tissu de couverture externe \u00e9lastique en polyamide avec fonction auto-adh\u00e9sive, d&#039;un noyau interne perfor\u00e9 en mousse de n\u00e9opr\u00e8ne et d&#039;un tissu de couverture \u00e9lastique en jersey. Ce mat\u00e9riau se caract\u00e9rise par sa douceur et sa tr\u00e8s grande \u00e9lasticit\u00e9. La perforation de la mousse permet une parfaite oxyg\u00e9nation de la peau de l&#039;utilisateur et un drainage de l&#039;humidit\u00e9. Un avantage tr\u00e8s important de ce mat\u00e9riau est le fait qu&#039;il n&#039;est pas tricot\u00e9, qu&#039;il ne poss\u00e8de pas de fibres \u00e9paisses, de sorte que ses tissages ne s&#039;impriment pas sur la peau du patient et ne provoquent pas de plaies dans les zones de forte compression. Les orth\u00e8ses fabriqu\u00e9es en <strong>UniPren\u2122<\/strong> sont les orth\u00e8ses de stabilisation les plus solides et les plus efficaces disponibles sur le march\u00e9. La fonction auto-adh\u00e9sive du mat\u00e9riau facilite consid\u00e9rablement son utilisation. LE MAT\u00c9RIAU EST IMPERM\u00c9ABLE.<\/p>\n<p><a data-rel='lightbox' href='https:\/\/www.reh4mat.com\/uploads\/2021\/04\/UNI-PREN-1190x630.png'><img src='https:\/\/www.reh4mat.com\/uploads\/2021\/04\/UNI-PREN-1190x630.png' alt='' title='' class='aligncenter size-large' width='1024' height='542'><\/a><\/p>\n<\/div>\n<\/div>\n<\/div>\n<div class=\"row\">\n<div class=\"half descr\">\n<div class=\"half-content\">\n<p>Le syst\u00e8me de ceintures de serrage assure une fixation et un retrait rapide et facile du support. Le harnais sp\u00e9cial soulage l&rsquo;ensemble du membre. Ce dernier est \u00e9quip\u00e9 d&rsquo;une boucle de fermeture qui permet son insertion et son retrait rapides. <\/p>\n<p>Les bretelles enveloppantes avec fermetures Velcro facilitent la mise en place et le retrait de l&rsquo;attelle. L&rsquo;\u00e9lingue sp\u00e9ciale soutient le membre sup\u00e9rieur sans g\u00eaner le poignet et la main. <\/p>\n<p><img loading=\"lazy\" src=\"https:\/\/fixcast.pl\/wp-content\/uploads\/2019\/04\/waterproof-160x208.png\" alt=\"\u00c9TANCHE \u00c0 L'EAU\" width=\"160\" height=\"208\" class=\"aligncenter size-full wp-image-672\" \/><\/p>\n<p>Notre orth\u00e8se de coude pour enfants FIX-KG-20 offre une stabilisation et une immobilisation compl\u00e8tes de jour comme de nuit. UniPren est un tissu imperm\u00e9able. Votre enfant peut prendre une douche sans enlever l&rsquo;orth\u00e8se du membre.<\/p>\n<\/div>\n<\/div>\n<div class=\"half with-image\" style=\"background-image: url('https:\/\/fixcast.pl\/wp-content\/uploads\/2023\/07\/4T7A6561.jpg');\"><\/div>\n<\/div>\n<div class=\"row\">\n<div class=\"half descr\">\n<div class=\"half-content\">\n<h3>Tailles disponibles<\/h3>\n<table width=\"709\" cellspacing=\"0\" cellpadding=\"4\">\n<colgroup>\n<col width=\"96\" \/>\n<col width=\"215\" \/>\n<col width=\"228\" \/>\n<col width=\"136\" \/> <\/colgroup>\n<tbody>\n<tr>\n<th style=\"text-align: center; vertical-align: middle;\" width=\"96\" height=\"24\">Taille<\/th>\n<th style=\"text-align: center; vertical-align: middle;\" width=\"215\">(A) Tour de bras<\/th>\n<th style=\"text-align: center; vertical-align: middle;\" width=\"228\">(B) La longueur de l&rsquo;\u00e9picondyle lat\u00e9ral de l&rsquo;hum\u00e9rus au poignet<\/th>\n<th style=\"text-align: center; vertical-align: middle;\" width=\"136\">Convient \u00e0 l&rsquo;\u00e2ge<\/th>\n<th style=\"text-align: center; vertical-align: middle;\" width=\"136\">Comment mesurer<\/th>\n<\/tr>\n<tr>\n<td style=\"text-align: center; vertical-align: middle;\" valign=\"top\" width=\"96\" height=\"33\">1<\/td>\n<td style=\"text-align: center; vertical-align: middle;\" valign=\"top\" width=\"215\">min 15 \u2013 max 22 cm<\/td>\n<td style=\"text-align: center; vertical-align: middle;\" width=\"228\">min 15 &#8211; max 18 cm<\/td>\n<td style=\"text-align: center; vertical-align: middle;\" valign=\"top\" width=\"136\">2 &#8211; 9 ans<\/td>\n<td style=\"text-align: center; vertical-align: middle;\" rowspan=\"2\" valign=\"top\" width=\"136\"><img loading=\"lazy\" src=\"https:\/\/fixcast.pl\/wp-content\/uploads\/2019\/04\/FIX-KG-19.jpg\" alt=\"Comment mesurer\" width=\"250\" height=\"250\" class=\"aligncenter size-full wp-image-753\" srcset=\"https:\/\/fixcast.pl\/wp-content\/uploads\/2019\/04\/FIX-KG-19.jpg 250w, https:\/\/fixcast.pl\/wp-content\/uploads\/2019\/04\/FIX-KG-19-150x150.jpg 150w, https:\/\/fixcast.pl\/wp-content\/uploads\/2019\/04\/FIX-KG-19-200x200.jpg 200w\" sizes=\"(max-width: 250px) 100vw, 250px\" \/><\/td>\n<\/tr>\n<tr>\n<td style=\"text-align: center; vertical-align: middle;\" valign=\"top\" width=\"96\" height=\"41\">2<\/td>\n<td style=\"text-align: center; vertical-align: middle;\" valign=\"top\" width=\"215\">min 15 \u2013 max 25 cm<\/td>\n<td style=\"text-align: center; vertical-align: middle;\" width=\"228\">min 18 &#8211; max 25 cm<\/td>\n<td style=\"text-align: center; vertical-align: middle;\" valign=\"top\" width=\"136\">8 &#8211; 12 ans<\/td>\n<\/tr>\n<\/tbody>\n<\/table>\n<p><strong>Droite et gauche sp\u00e9cifiques.<\/strong><br \/>\n<strong>Hauteur totale du produit:<br \/>\n1: 35 cm<br \/>\n2: 46 cm<br \/>\n<\/strong><\/p>\n<\/div>\n<\/div>\n<div class=\"half with-image\" style=\"background-image: url('https:\/\/fixcast.pl\/wp-content\/uploads\/2023\/07\/4T7A6570.jpg');\"><\/div>\n<\/div>\n<div class=\"row\">\n<div class=\"half descr\">\n<div class=\"half-content\">\n<h3>T\u00e9l\u00e9chargements<\/h3>\n<ul class=\"pdf\">\n<li>\n\t\t<a href=\"https:\/\/reh4mat.com\/deklaracje\/en\/53.pdf\">D\u00e9claration de conformit\u00e9 CE<\/a>\n\t<\/li>\n<li>\n\t\t<a href=\"https:\/\/fixcast.pl\/wp-content\/uploads\/2019\/05\/FIX-KG-20.pdf\">Mise en place<\/a>\n\t<\/li>\n<li><a href=\"https:\/\/www.reh4mat.com\/instrukcje\/46.pdf\">Manuel<\/a><\/li>\n<\/ul>\n<\/div>\n<\/div>\n<div class=\"half with-image\" style=\"background-image: url('https:\/\/fixcast.pl\/wp-content\/uploads\/2023\/07\/4T7A6577.jpg');\"><\/div>\n<\/div>\n<div class=\"clear\"><\/div>\n<\/div>\n","protected":false},"excerpt":{"rendered":"<h2>ORTH\u00c8SE DE COUDE P\u00c9DIATRIQUE FIX-KG-20 AVEC R\u00c9GLAGE ROM ET SUPPORT POUR LES MAINS<\/h2>\n<p>Il est important de se rappeler que les articulations du coude et du poignet doivent \u00eatre immobilis\u00e9es. Dans ce type de situations, notre <strong>orth\u00e8se de coude p\u00e9diatrique innovante FIX-KG-20<\/strong> est un excellent produit. <\/p>\n","protected":false},"featured_media":12378,"comment_status":"open","ping_status":"closed","template":"","meta":[],"_links":{"self":[{"href":"https:\/\/fixcast.pl\/fr\/wp-json\/wp\/v2\/product\/1651"}],"collection":[{"href":"https:\/\/fixcast.pl\/fr\/wp-json\/wp\/v2\/product"}],"about":[{"href":"https:\/\/fixcast.pl\/fr\/wp-json\/wp\/v2\/types\/product"}],"replies":[{"embeddable":true,"href":"https:\/\/fixcast.pl\/fr\/wp-json\/wp\/v2\/comments?post=1651"}],"version-history":[{"count":12,"href":"https:\/\/fixcast.pl\/fr\/wp-json\/wp\/v2\/product\/1651\/revisions"}],"predecessor-version":[{"id":12506,"href":"https:\/\/fixcast.pl\/fr\/wp-json\/wp\/v2\/product\/1651\/revisions\/12506"}],"wp:featuredmedia":[{"embeddable":true,"href":"https:\/\/fixcast.pl\/fr\/wp-json\/wp\/v2\/media\/12378"}],"wp:attachment":[{"href":"https:\/\/fixcast.pl\/fr\/wp-json\/wp\/v2\/media?parent=1651"}],"curies":[{"name":"wp","href":"https:\/\/api.w.org\/{rel}","templated":true}]}}