{"id":1665,"date":"2019-05-30T13:39:27","date_gmt":"2019-08-26T13:14:14","guid":{"rendered":"http:\/\/fixcast.pl\/?post_type=product&#038;p=1665"},"modified":"2022-07-27T09:38:37","modified_gmt":"2022-07-27T07:38:37","slug":"fix-kg-14","status":"publish","type":"product","link":"https:\/\/fixcast.pl\/fr\/produit\/fix-kg-14\/","title":{"rendered":"FIX-KG-14"},"content":{"rendered":"<div class=\"description-tiles\">\n<div class=\"row\">\n<div class=\"half descr\">\n<div id=\"zalety\" class=\"half-content\">\n<table class='zalety'><tbody><tr><td style='padding-right: 10px;'><img src='https:\/\/ortezydladzieci.pl\/wp-content\/uploads\/2017\/12\/CLASS-1-MEDICAL-DEVICE-1-150x150.png' class='alignleft size-thumbnail' alt='PRODUIT MEDICAL DE CLASSE 1' width='70' height='70'\/><\/td><td style='width:100%;'><strong style='text-transform:uppercase;'>PRODUIT MEDICAL DE CLASSE 1<\/strong><\/td><\/tr><tr><td style='padding-right: 10px;'><img src='https:\/\/ortezydladzieci.pl\/wp-content\/uploads\/2017\/12\/ODDYCHAJACY-150x150.png' class='alignleft size-thumbnail' alt='RESPIRANT' width='70' height='70'\/><\/td><td style='width:100%;'><strong style='text-transform:uppercase;'>RESPIRANT<\/strong><\/td><\/tr><tr><td style='padding-right: 10px;'><img src='https:\/\/ortezydladzieci.pl\/wp-content\/uploads\/2017\/12\/alternatywa-gipsu.png' class='alignleft size-thumbnail' alt='ALTERNATIVE AU PL\u00c2TRE' width='70' height='70'\/><\/td><td style='width:100%;'><strong style='text-transform:uppercase;'>ALTERNATIVE AU PL\u00c2TRE<\/strong><\/td><\/tr><tr><td style='padding-right: 10px;'><img src='https:\/\/fixcast.pl\/wp-content\/uploads\/2018\/07\/dwustr-150x150.png' class='alignleft size-thumbnail' alt='BIFACE' width='70' height='70'\/><\/td><td style='width:100%;'><strong style='text-transform:uppercase;'>BIFACE<\/strong><\/td><\/tr><tr><td style='padding-right: 10px;'><img src='https:\/\/ortezydladzieci.pl\/wp-content\/uploads\/2017\/12\/szeroki-zakres-regulacji-150x150.png' class='alignleft size-thumbnail' alt='LARGE GAMME D'AJUSTEMENT' width='70' height='70'\/><\/td><td style='width:100%;'><strong style='text-transform:uppercase;'>LARGE GAMME D'AJUSTEMENT<\/strong><\/td><\/tr><tr><td style='padding-right: 10px;'><img src='https:\/\/ortezydladzieci.pl\/wp-content\/uploads\/2017\/12\/rozmiar-uniwersalny-150x150.png' class='alignleft size-thumbnail' alt='TAILLE UNIVERSELLE' width='70' height='70'\/><\/td><td style='width:100%;'><strong style='text-transform:uppercase;'>TAILLE UNIVERSELLE<\/strong><\/td><\/tr><\/tbody><\/table>\n<\/div>\n<\/div>\n<div class=\"half with-image\" style=\"background-image: url('https:\/\/fixcast.pl\/wp-content\/uploads\/2019\/05\/4T7A6349-1.jpg');\"><\/div>\n<\/div>\n<div class=\"row\">\n<div class=\"half descr\">\n<div class=\"half-content\">\n<h3>But de l&rsquo;utilisation<\/h3>\n<ul>\n<li>fractures du deuxi\u00e8me au cinqui\u00e8me doigt<\/li>\n<li>fractures du deuxi\u00e8me au cinqui\u00e8me os m\u00e9tacarpiens<\/li>\n<li>luxation du deuxi\u00e8me au cinqui\u00e8me os m\u00e9tacarpiens<\/li>\n<li>entorse des ligaments des doigts et de la r\u00e9gion m\u00e9tacarpienne<\/li>\n<\/ul>\n<\/div>\n<\/div>\n<div class=\"half with-image\" style=\"background-image: url('https:\/\/fixcast.pl\/wp-content\/uploads\/2019\/05\/4T7A6368.jpg');\"><\/div>\n<\/div>\n<div class=\"row\">\n<div class=\"half descr\">\n<div class=\"half-content\">\n<h3>Blessures aux doigts<\/h3>\n<p>Parmi les blessures p\u00e9diatriques les plus courantes, les fractures, les luxations et les entorses aux doigts sont les plus populaires. Le bout des doigts est parfois \u00e9cras\u00e9 dans une porte qui claque ou l\u2019enfant peut tomber sur une main. Pr\u00e8s de la moiti\u00e9 de ces fractures sont le r\u00e9sultat d&rsquo;activit\u00e9s sportives ou de bagarres.<\/p>\n<p>Ce qui est important, c&rsquo;est que les os des enfants diff\u00e8rent de ceux des adultes. Les os des enfants ont une consistance similaire \u00e0 celle du bois frais et ils deviennent plus secs et cassants avec l&rsquo;\u00e2ge. De ce fait, les blessures p\u00e9diatriques n\u00e9cessitent une \u00e9valuation et un traitement diff\u00e9rents. <\/p>\n<p>Lorsque le ou les doigts de votre enfant sont endommag\u00e9s, ils sont enfl\u00e9s et douloureux. Dans ce cas, vous devriez rencontrer votre m\u00e9decin pour poser un diagnostic. <\/p>\n<p>Les blessures aux doigts sont le plus souvent trait\u00e9es par le biais de l&rsquo;immobilisation. Pour ce faire, notre <strong>attelle de doigts p\u00e9diatrique FIX-KG-14<\/strong> sera parfaite. <\/p>\n<p><a href=\"https:\/\/fixcast.pl\/wp-content\/uploads\/2019\/06\/234925136_EN.jpg\" data-rel=\"lightbox-0\" title=\"\"><img loading=\"lazy\" src=\"https:\/\/fixcast.pl\/wp-content\/uploads\/2019\/06\/234925136_EN-1024x519.jpg\" alt=\"Fingers injuries\" width=\"1024\" height=\"519\" class=\"aligncenter size-large wp-image-838\" srcset=\"https:\/\/fixcast.pl\/wp-content\/uploads\/2019\/06\/234925136_EN-1024x519.jpg 1024w, https:\/\/fixcast.pl\/wp-content\/uploads\/2019\/06\/234925136_EN-300x152.jpg 300w, https:\/\/fixcast.pl\/wp-content\/uploads\/2019\/06\/234925136_EN-768x389.jpg 768w, https:\/\/fixcast.pl\/wp-content\/uploads\/2019\/06\/234925136_EN.jpg 1220w\" sizes=\"(max-width: 1024px) 100vw, 1024px\" \/><\/a><\/p>\n<\/div>\n<\/div>\n<div class=\"half with-image\" style=\"background-image: url('https:\/\/fixcast.pl\/wp-content\/uploads\/2019\/05\/4T7A6353-1.jpg');\"><\/div>\n<\/div>\n<div class=\"row\">\n<div class=\"half descr\">\n<div class=\"half-content\">\n<h3>Description du produit<\/h3>\n<p>Notre <strong>attelle de doigts FIX-KG-14<\/strong> est une excellente solution pour le traitement des fractures ou des luxations du deuxi\u00e8me au cinqui\u00e8me doigt. Notre attelle immobilise des doigts particuliers, assure la stabilisation et le contr\u00f4le de l&rsquo;amplitude des mouvements. Il peut \u00e9galement \u00eatre utilis\u00e9 apr\u00e8s une intervention chirurgicale. C&rsquo;est l&rsquo;attelle de doigt la plus universelle qui peut \u00eatre utilis\u00e9e dans tous les types de blessures telles que&nbsp;: fractures, dislocations ou blessures des ligaments.<\/p>\n<p>L&rsquo;orth\u00e8se est fabriqu\u00e9e dans le mat\u00e9riau innovant <strong>AeroSpace II\u2122<\/strong>.<\/p>\n<p>Notre <strong>attelle pour enfants FIX-KG-14<\/strong> permet une stabilisation et une immobilisation compl\u00e8te de jour comme de nuit. <\/p>\n<\/div>\n<\/div>\n<div class=\"half with-image\" style=\"background-image: url('https:\/\/fixcast.pl\/wp-content\/uploads\/2019\/05\/4T7A6342-1.jpg');\"><\/div>\n<\/div>\n<div class=\"row\">\n<div class=\"half descr\">\n<div class=\"half-content\">\n<p><strong>AeroSpace II\u2122<\/strong> est une mati\u00e8re premi\u00e8re innovante de nouvelle g\u00e9n\u00e9ration. Il s&#039;agit d&#039;un tricot \u00e9lastique \u00e0 espacement 3D compos\u00e9 de deux couches de parements et d&#039;entrelacs qui cr\u00e9ent la bonne \u00e9paisseur de la mati\u00e8re premi\u00e8re et pr\u00e9sentent des propri\u00e9t\u00e9s d&#039;all\u00e8gement de la pression. Le tissu tricot\u00e9 est compos\u00e9 de fils de polyester de premi\u00e8re qualit\u00e9 qui garantissent une r\u00e9sistance m\u00e9canique \u00e9lev\u00e9e et de spandex qui assure sa flexibilit\u00e9. Cette mati\u00e8re premi\u00e8re se caract\u00e9rise par un poids tr\u00e8s faible, une grande \u00e9lasticit\u00e9 et une construction ajour\u00e9e, permettant d&#039;\u00e9vacuer tr\u00e8s facilement la transpiration du corps et d&#039;alimenter la peau en air frais. Les produits fabriqu\u00e9s dans ce mat\u00e9riau sont neutres pour l&#039;articulation prot\u00e9g\u00e9e, ils ne la r\u00e9chauffent ni ne la refroidissent, mais ils assurent sa bonne compression et son ajustement et r\u00e9duisent les vibrations musculaires survenant lors d&#039;un effort physique. Son \u00e9paisseur et sa structure 3D soulagent parfaitement la charge des attelles, baleines en acier ou orthop\u00e9diques install\u00e9es sur le produit et garantissent une douceur velout\u00e9e au toucher.<\/p>\n<p><a data-rel='lightbox' href='https:\/\/www.reh4mat.com\/uploads\/2021\/04\/AERO-SPACE-II-1190x630.png'><img src='https:\/\/www.reh4mat.com\/uploads\/2021\/04\/AERO-SPACE-II-1190x630.png' alt='' title='' class='aligncenter size-large' width='1024' height='542'><\/a><\/p>\n<\/div>\n<\/div>\n<div class=\"half with-image\" style=\"background-image: url('https:\/\/fixcast.pl\/wp-content\/uploads\/2019\/05\/4T7A6372-1.jpg');\"><\/div>\n<\/div>\n<div class=\"row\">\n<div class=\"half descr\">\n<div class=\"half-content\">\n<p>Les baleines en aluminium sont fabriqu\u00e9es dans un alliage d&#039;aluminium sp\u00e9cial qui garantit une bonne rigidit\u00e9 pour un poids minimal. Ils ont des extr\u00e9mit\u00e9s arrondies pour \u00e9viter d&#039;endommager l&#039;orth\u00e8se et sont disponibles en diff\u00e9rentes largeurs et \u00e9paisseurs. Le choix correct de la largeur et de l&#039;\u00e9paisseur de l\u2019attelle en aluminium permet de d\u00e9finir le niveau de stabilit\u00e9 du produit orthop\u00e9dique. Les montants peuvent \u00eatre pr\u00e9form\u00e9s ou plats. Elles ne s&#039;adaptent pas \u00e0 la forme du corps du patient, un ajustement individuel de l&#039;orth\u00e8se est n\u00e9cessaire en pliant correctement les articulations en aluminium du produit. Gr\u00e2ce \u00e0 cette fonction, il est possible de corriger la posture du patient ou l&#039;articulation prot\u00e9g\u00e9e.<\/p>\r\n\r\n<img src=\"https:\/\/www.reh4mat.com\/uploads\/2021\/11\/aIMG_6625-1190x680.jpg\" alt=\"Baleines plats en aluminium\" width=\"1190\" height=\"680\" class=\"aligncenter size-large wp-image-274408\" \/>\n<\/div>\n<\/div>\n<div class=\"half with-image\" style=\"background-image: url('https:\/\/fixcast.pl\/wp-content\/uploads\/2019\/05\/4T7A6358-1.jpg');\"><\/div>\n<\/div>\n<div class=\"row\">\n<div class=\"half descr\">\n<div class=\"half-content\">\n<p><strong>L&rsquo;attelle FIX-KG-14<\/strong> a&nbsp;une taille unique et peut \u00eatre utilis\u00e9e pour les deux mains (gauche et droite) et pour tous les doigts, sauf le pouce.<\/p>\n<p>Contrairement aux attelles en plastique ou traditionnelles, notre <strong>attelle FIX-KG-14<\/strong> est l\u00e9g\u00e8re et confortable. Elle peut \u00eatre utilis\u00e9e de jour comme de nuit. L&rsquo;orth\u00e8se est \u00e9lastique et auto-agrippante avec des bandes velcro qui permettent un ajustement parfait. <\/p>\n<p>Notre <strong>orth\u00e8se FIX-KG-14<\/strong> est \u00e9quip\u00e9e d&rsquo;une attelle en aluminium fa\u00e7onnable qui stabilise les doigts. Il a&nbsp;deux endroits ind\u00e9pendants pour l&rsquo;attelle et, en fonction de la blessure, nous pouvons immobiliser des doigts particuliers. Notre attelle fa\u00e7onnable peut \u00eatre facilement ajust\u00e9e par votre m\u00e9decin dans la position souhait\u00e9e. <\/p>\n<p><a href=\"https:\/\/fixcast.pl\/wp-content\/uploads\/2019\/05\/4T7A6358_fr-1.jpg\" data-rel=\"lightbox-1\" title=\"\"><img loading=\"lazy\" src=\"https:\/\/fixcast.pl\/wp-content\/uploads\/2019\/05\/4T7A6358_fr-1-1024x696.jpg\" alt=\"FIX-KG-14\" width=\"1024\" height=\"696\" class=\"aligncenter size-large wp-image-10161\" srcset=\"https:\/\/fixcast.pl\/wp-content\/uploads\/2019\/05\/4T7A6358_fr-1-1024x696.jpg 1024w, https:\/\/fixcast.pl\/wp-content\/uploads\/2019\/05\/4T7A6358_fr-1-300x204.jpg 300w, https:\/\/fixcast.pl\/wp-content\/uploads\/2019\/05\/4T7A6358_fr-1-768x522.jpg 768w, https:\/\/fixcast.pl\/wp-content\/uploads\/2019\/05\/4T7A6358_fr-1.jpg 1254w\" sizes=\"(max-width: 1024px) 100vw, 1024px\" \/><\/a><\/p>\n<\/div>\n<\/div>\n<div class=\"half with-image\" style=\"background-image: url('https:\/\/fixcast.pl\/wp-content\/uploads\/2019\/05\/4T7A6350.jpg');\"><\/div>\n<\/div>\n<div class=\"row\">\n<div class=\"half descr\">\n<div class=\"half-content\">\n<h3>Tailles disponibles<\/h3>\n<table width=\"549\" cellspacing=\"0\" cellpadding=\"4\">\n<colgroup>\n<col width=\"197\" \/>\n<col width=\"335\" \/> <\/colgroup>\n<tbody>\n<tr valign=\"top\">\n<th style=\"text-align: center; vertical-align: middle;\" width=\"197\" height=\"47\">Taille<\/th>\n<th style=\"text-align: center; vertical-align: middle;\" width=\"335\">Tour de poignet<\/th>\n<th style=\"text-align: center; vertical-align: middle;\" width=\"335\">Convient \u00e0 l\u2019\u00e2ge<\/th>\n<th style=\"text-align: center; vertical-align: middle;\" width=\"335\">Comment mesurer<\/th>\n<\/tr>\n<tr valign=\"top\">\n<td style=\"text-align: center; vertical-align: middle;\" width=\"197\" height=\"99\">Universel<\/td>\n<td style=\"text-align: center; vertical-align: middle;\" width=\"335\">min 9 cm \u2013 max 14 cm<\/td>\n<td style=\"text-align: center; vertical-align: middle;\" width=\"335\">2 \u2013 12 ans<\/td>\n<td style=\"text-align: center; vertical-align: middle;\" width=\"335\"><img loading=\"lazy\" class=\"aligncenter size-full wp-image-736\" src=\"https:\/\/fixcast.pl\/wp-content\/uploads\/2018\/07\/FIX-KG-10.png\" alt=\"How to measure\" width=\"138\" height=\"232\" \/><\/td>\n<\/tr>\n<\/tbody>\n<\/table>\n<p>&nbsp;<\/p>\n<p><strong>Convient pour les deux mains.<br \/>\nLongueur totale du produit: 17,5 cm<\/strong><\/p>\n<\/div>\n<\/div>\n<div class=\"half with-image\" style=\"background-image: url('https:\/\/fixcast.pl\/wp-content\/uploads\/2019\/05\/4T7A6362-1.jpg');\"><\/div>\n<\/div>\n<div class=\"row\">\n<div class=\"half descr\">\n<div class=\"half-content\">\n<h3>T\u00e9l\u00e9chargements<\/h3>\n<ul class=\"pdf\">\n<li>\n\t\t<a href=\"https:\/\/www.reh4mat.com\/deklaracje\/en\/53.pdf\">D\u00e9claration de conformit\u00e9 CE<\/a>\n\t<\/li>\n<li>\n\t\t<a href=\"https:\/\/fixcast.pl\/wp-content\/uploads\/2019\/05\/FIX-KG-14.pdf\">Mise en place<\/a>\n\t<\/li>\n<li><a href=\"https:\/\/www.reh4mat.com\/instrukcje\/46.pdf\">Manuel<\/a><\/li>\n<\/ul>\n<\/div>\n<\/div>\n<div class=\"half with-image\" style=\"background-image: url('https:\/\/fixcast.pl\/wp-content\/uploads\/2019\/05\/4T7A6378-1.jpg');\"><\/div>\n<\/div>\n","protected":false},"excerpt":{"rendered":"<h2>ATTELLE DOIGTS POUR ENFANTS<\/h2>\n<p><strong>L&#039;attelle FIX-KG-14<\/strong> est parfaite pour l&#039;immobilisation des doigts II-V. <\/p>\n","protected":false},"featured_media":10121,"comment_status":"open","ping_status":"closed","template":"","meta":[],"_links":{"self":[{"href":"https:\/\/fixcast.pl\/fr\/wp-json\/wp\/v2\/product\/1665"}],"collection":[{"href":"https:\/\/fixcast.pl\/fr\/wp-json\/wp\/v2\/product"}],"about":[{"href":"https:\/\/fixcast.pl\/fr\/wp-json\/wp\/v2\/types\/product"}],"replies":[{"embeddable":true,"href":"https:\/\/fixcast.pl\/fr\/wp-json\/wp\/v2\/comments?post=1665"}],"version-history":[{"count":9,"href":"https:\/\/fixcast.pl\/fr\/wp-json\/wp\/v2\/product\/1665\/revisions"}],"predecessor-version":[{"id":10165,"href":"https:\/\/fixcast.pl\/fr\/wp-json\/wp\/v2\/product\/1665\/revisions\/10165"}],"wp:featuredmedia":[{"embeddable":true,"href":"https:\/\/fixcast.pl\/fr\/wp-json\/wp\/v2\/media\/10121"}],"wp:attachment":[{"href":"https:\/\/fixcast.pl\/fr\/wp-json\/wp\/v2\/media?parent=1665"}],"curies":[{"name":"wp","href":"https:\/\/api.w.org\/{rel}","templated":true}]}}