{"id":2387,"date":"2020-11-12T11:08:00","date_gmt":"2020-11-16T08:09:10","guid":{"rendered":"http:\/\/fixcast.pl\/?post_type=product&#038;p=2387"},"modified":"2023-06-23T10:07:12","modified_gmt":"2023-06-23T08:07:12","slug":"fix-kd-15","status":"publish","type":"product","link":"https:\/\/fixcast.pl\/fr\/produit\/fix-kd-15\/","title":{"rendered":"L&rsquo;attelle de genou FIX-KD-15"},"content":{"rendered":"<div class=\"description-tiles\">\n<div class=\"row\">\n<div class=\"half descr\">\n<div id=\"zalety\" class=\"half-content\">\n<h3>Product Features<\/h3>\n<table class='zalety'><tbody><tr><td style='padding-right: 10px;'><img src='https:\/\/ortezydladzieci.pl\/wp-content\/uploads\/2017\/12\/orteza-kolana-150x150.png' class='alignleft size-thumbnail' alt='ORTHESE DU GENOU' width='70' height='70'\/><\/td><td style='width:100%;'><strong style='text-transform:uppercase;'>ORTHESE DU GENOU<\/strong><\/td><\/tr><tr><td style='padding-right: 10px;'><img src='https:\/\/ortezydladzieci.pl\/wp-content\/uploads\/2017\/12\/CLASS-1-MEDICAL-DEVICE-1-150x150.png' class='alignleft size-thumbnail' alt='PRODUIT MEDICAL DE CLASSE 1' width='70' height='70'\/><\/td><td style='width:100%;'><strong style='text-transform:uppercase;'>PRODUIT MEDICAL DE CLASSE 1<\/strong><\/td><\/tr><tr><td style='padding-right: 10px;'><img src='https:\/\/ortezydladzieci.pl\/wp-content\/uploads\/2017\/12\/ODDYCHAJACY-150x150.png' class='alignleft size-thumbnail' alt='RESPIRANT' width='70' height='70'\/><\/td><td style='width:100%;'><strong style='text-transform:uppercase;'>RESPIRANT<\/strong><\/td><\/tr><tr><td style='padding-right: 10px;'><img src='https:\/\/ortezydladzieci.pl\/wp-content\/uploads\/2017\/12\/24.png' class='alignleft size-thumbnail' alt='TH\u00c9RAPIE DE 24 HEURES' width='70' height='70'\/><\/td><td style='width:100%;'><strong style='text-transform:uppercase;'>TH\u00c9RAPIE DE 24 HEURES<\/strong><\/td><\/tr><tr><td style='padding-right: 10px;'><img src='https:\/\/ortezydladzieci.pl\/wp-content\/uploads\/2017\/12\/wodoodporny-150x150.png' class='alignleft size-thumbnail' alt='ETANCHE A L\u2019EAU' width='70' height='70'\/><\/td><td style='width:100%;'><strong style='text-transform:uppercase;'>ETANCHE A L\u2019EAU<\/strong><\/td><\/tr><tr><td style='padding-right: 10px;'><img src='https:\/\/fixcast.pl\/wp-content\/uploads\/2018\/07\/Szyna-magnetyczna-1R-orthodesign-150x150.png' class='alignleft size-thumbnail' alt='ATTELLE MAGN\u00c9TIQUE 1R ORTHODESIGN' width='70' height='70'\/><\/td><td style='width:100%;'><strong style='text-transform:uppercase;'>ATTELLE MAGN\u00c9TIQUE 1R ORTHODESIGN<\/strong><\/td><\/tr><tr><td style='padding-right: 10px;'><img src='https:\/\/ortezydladzieci.pl\/wp-content\/uploads\/2017\/12\/alternatywa-gipsu.png' class='alignleft size-thumbnail' alt='ALTERNATIVE AU PL\u00c2TRE' width='70' height='70'\/><\/td><td style='width:100%;'><strong style='text-transform:uppercase;'>ALTERNATIVE AU PL\u00c2TRE<\/strong><\/td><\/tr><\/tbody><\/table>\n<\/div>\n<\/div>\n<div class=\"half with-image\" style=\"background-image: url('https:\/\/fixcast.pl\/wp-content\/uploads\/2020\/11\/4T7A8245.jpg');\"><\/div>\n<\/div>\n<div class=\"row\">\n<div class=\"half descr\">\n<div class=\"half-content\">\n<h3>But de l\u2019utilisation<\/h3>\n<ul>\n<li>uxation de l&rsquo;articulation du genou;<\/li>\n<li>les entorses dans l&rsquo;articulation du genou;<\/li>\n<li>l&rsquo;instabilit\u00e9 du genou;<\/li>\n<li>les l\u00e9sions des ligaments du genou LCL, MCL et ACL;<\/li>\n<li>des dommages au m\u00e9nisque;<\/li>\n<li>la polyarthrite rhumato\u00efde juv\u00e9nile;<\/li>\n<li>l&rsquo;arthrose non sp\u00e9cifique;<\/li>\n<li>n\u00e9crose osseuse;<\/li>\n<li>autres proc\u00e9dures chirurgicales de l&rsquo;articulation du genou.<\/li>\n<\/ul>\n<\/div>\n<\/div>\n<div class=\"half with-image\" style=\"background-image: url('https:\/\/fixcast.pl\/wp-content\/uploads\/2020\/11\/DSC_0209.jpg');\"><\/div>\n<\/div>\n<div class=\"row\">\n<div class=\"half descr\">\n<div class=\"half-content\">\n<h3>ENTORSE DU GENOU<\/h3>\n<p><a href=\"http:\/\/fixcast.pl\/wp-content\/uploads\/2020\/11\/163235708.jpg\" data-rel=\"lightbox-0\" title=\"\"><img loading=\"lazy\" src=\"http:\/\/fixcast.pl\/wp-content\/uploads\/2020\/11\/163235708-1024x683.jpg\" alt=\"\" width=\"1024\" height=\"683\" class=\"aligncenter size-large wp-image-2397\" srcset=\"https:\/\/fixcast.pl\/wp-content\/uploads\/2020\/11\/163235708-1024x683.jpg 1024w, https:\/\/fixcast.pl\/wp-content\/uploads\/2020\/11\/163235708-300x200.jpg 300w, https:\/\/fixcast.pl\/wp-content\/uploads\/2020\/11\/163235708-768x512.jpg 768w, https:\/\/fixcast.pl\/wp-content\/uploads\/2020\/11\/163235708.jpg 1200w\" sizes=\"(max-width: 1024px) 100vw, 1024px\" \/><\/a><\/p>\n<p>Une entorse du genou se produit lorsque la barri\u00e8re de mobilit\u00e9 physiologique de l&rsquo;articulation est d\u00e9pass\u00e9e. Les entorses du genou peuvent survenir lors d&rsquo;activit\u00e9s physiques quotidiennes ainsi que lors d&rsquo;activit\u00e9s sportives. Lorsque le genou est soudainement arr\u00eat\u00e9 et tordu, tous les tissus mous du genou sont \u00e9tir\u00e9s. Une d\u00e9chirure, voire une rupture compl\u00e8te des ligaments, peut alors se produire. En g\u00e9n\u00e9ral, en cas de blessure mineure, le traitement repose sur l&rsquo;immobilisation de l&rsquo;articulation dans une attelle de genou. Dans les cas avanc\u00e9s, une intervention chirurgicale est n\u00e9cessaire ainsi qu&rsquo;une immobilisation de l&rsquo;articulation. Dans les deux cas, notre genouill\u00e8re p\u00e9diatrique professionnelle FIX-KD-15 est la solution id\u00e9ale.<\/p>\n<\/div>\n<\/div>\n<div class=\"half with-image\" style=\"background-image: url('https:\/\/fixcast.pl\/wp-content\/uploads\/2020\/11\/4T7A8190.jpg');\"><\/div>\n<\/div>\n<div class=\"row\">\n<div class=\"half descr\">\n<div class=\"half-content\">\n<p><strong>La genouill\u00e8re pour enfants FIX-KD-15<\/strong> est un produit m\u00e9dical professionnel utilis\u00e9 en cas d&rsquo;entorses ou de luxations de l&rsquo;articulation du genou.<\/p>\n<p><strong>L&rsquo;attelle de genou FIX-KD-15<\/strong> est fabriqu\u00e9e en mat\u00e9riau innovant et respirant <strong>AeroSpace II\u2122<\/strong><\/p>\n<p><a data-rel='lightbox' href='https:\/\/www.reh4mat.com\/uploads\/2021\/04\/AERO-SPACE-II-1190x630.png'><img src='https:\/\/www.reh4mat.com\/uploads\/2021\/04\/AERO-SPACE-II-1190x630.png' alt='' title='' class='aligncenter size-large' width='1024' height='542'><\/a><\/p>\n<p><strong>AeroSpace II\u2122<\/strong> est une mati\u00e8re premi\u00e8re innovante de nouvelle g\u00e9n\u00e9ration. Il s&#039;agit d&#039;un tricot \u00e9lastique \u00e0 espacement 3D compos\u00e9 de deux couches de parements et d&#039;entrelacs qui cr\u00e9ent la bonne \u00e9paisseur de la mati\u00e8re premi\u00e8re et pr\u00e9sentent des propri\u00e9t\u00e9s d&#039;all\u00e8gement de la pression. Le tissu tricot\u00e9 est compos\u00e9 de fils de polyester de premi\u00e8re qualit\u00e9 qui garantissent une r\u00e9sistance m\u00e9canique \u00e9lev\u00e9e et de spandex qui assure sa flexibilit\u00e9. Cette mati\u00e8re premi\u00e8re se caract\u00e9rise par un poids tr\u00e8s faible, une grande \u00e9lasticit\u00e9 et une construction ajour\u00e9e, permettant d&#039;\u00e9vacuer tr\u00e8s facilement la transpiration du corps et d&#039;alimenter la peau en air frais. Les produits fabriqu\u00e9s dans ce mat\u00e9riau sont neutres pour l&#039;articulation prot\u00e9g\u00e9e, ils ne la r\u00e9chauffent ni ne la refroidissent, mais ils assurent sa bonne compression et son ajustement et r\u00e9duisent les vibrations musculaires survenant lors d&#039;un effort physique. Son \u00e9paisseur et sa structure 3D soulagent parfaitement la charge des attelles, baleines en acier ou orthop\u00e9diques install\u00e9es sur le produit et garantissent une douceur velout\u00e9e au toucher.<\/p>\n<\/div>\n<\/div>\n<div class=\"half with-image\" style=\"background-image: url('https:\/\/fixcast.pl\/wp-content\/uploads\/2020\/11\/DSC_0214-1.jpg');\"><\/div>\n<\/div>\n<div class=\"row\">\n<div class=\"half descr\">\n<div class=\"half-content\">\n<p>Notre <strong>genouill\u00e8re pour enfants FIX-KD-15<\/strong>, gr\u00e2ce \u00e0 sa conception ouverte innovante, peut \u00eatre utilis\u00e9e par des enfants ayant des circonf\u00e9rences de membres inf\u00e9rieurs diff\u00e9rentes. De plus, la genouill\u00e8re FIX-KD-15 s&rsquo;adapte parfaitement \u00e0 l&rsquo;anatomie de l&rsquo;utilisateur. Gr\u00e2ce \u00e0 sa conception ouverte, l&rsquo;attelle peut \u00eatre utilis\u00e9e aussi bien dans l&rsquo;\u00e9tat aigu juste apr\u00e8s une blessure, lorsque l&rsquo;articulation du genou est gonfl\u00e9e en raison d&rsquo;exsudats, que dans la p\u00e9riode chronique.<\/p>\n<\/div>\n<\/div>\n<div class=\"half with-image\" style=\"background-image: url('https:\/\/fixcast.pl\/wp-content\/uploads\/2020\/11\/DSC_0208-1.jpg');\"><\/div>\n<\/div>\n<div class=\"row\">\n<div class=\"half descr\">\n<div class=\"half-content\">\n<p>L&rsquo;orth\u00e8se est dot\u00e9e de rails lat\u00e9raux ultra-l\u00e9gers en aluminium qui permettent de r\u00e9gler l&rsquo;articulation par incr\u00e9ments de 15 degr\u00e9s. Ils peuvent \u00e9galement \u00eatre compl\u00e8tement verrouill\u00e9s, par exemple en extension, ce qui assure une immobilisation compl\u00e8te de l&rsquo;articulation. De plus, nous avons utilis\u00e9 des couvertures sp\u00e9ciales sur les horloges des rails, qui soulagent parfaitement les pro\u00e9minences osseuses, c&rsquo;est-\u00e0-dire les condyles f\u00e9moraux, et augmentent consid\u00e9rablement le confort d&rsquo;utilisation.<\/p>\n<p><img loading=\"lazy\" src=\"https:\/\/fixcast.pl\/wp-content\/uploads\/2020\/11\/FIX-KD-15_fr-1-1024x558.jpg\" alt=\"FIX-KD-15\" width=\"1024\" height=\"558\" class=\"aligncenter size-large wp-image-9323\" srcset=\"https:\/\/fixcast.pl\/wp-content\/uploads\/2020\/11\/FIX-KD-15_fr-1-1024x558.jpg 1024w, https:\/\/fixcast.pl\/wp-content\/uploads\/2020\/11\/FIX-KD-15_fr-1-300x164.jpg 300w, https:\/\/fixcast.pl\/wp-content\/uploads\/2020\/11\/FIX-KD-15_fr-1-768x419.jpg 768w, https:\/\/fixcast.pl\/wp-content\/uploads\/2020\/11\/FIX-KD-15_fr-1.jpg 1359w\" sizes=\"(max-width: 1024px) 100vw, 1024px\" \/><\/p>\n<\/div>\n<\/div>\n<div class=\"half descr\">\n<div class=\"half-content\">\nSzyna ortopedyczna 1R orthodesign, to nowatorskie podej\u015bcie do tematyki szyn ortopedycznych z\u00a0regulacj\u0105 k\u0105ta zgi\u0119cia i wyprostu. Innowacyjno\u015b\u0107 szyny polega na tym, \u017ce w zegarze o \u015brednicy nie przekraczaj\u0105cej 30 mm, zastosowali\u015bmy regulacj\u0119 k\u0105ta zgi\u0119cia i wyprostu co 15 stopni. Dodatkowym atutem szyny jest to, \u017ce regulacja odbywa si\u0119 nie przy u\u017cyciu wkr\u0119t\u00f3w imbusowych, jak to si\u0119 odbywa\u0142o w poprzedniej generacji szyny, lecz za pomoc\u0105 wk\u0142adanych stalowych nit\u00f3w, kt\u00f3re dla u\u0142atwienia wyjmowane s\u0105 z\u00a0gniazd k\u0105towych przy u\u017cyciu za\u0142\u0105czonego do szyn magnesu. Wisienk\u0105 na torcie jest pier\u015bcie\u0144 blokuj\u0105cy, kt\u00f3ry dzi\u0119ki systemowi zapadkowemu nie pozwoli na samoczynne przestawienie si\u0119 wcze\u015bniej ustawionego k\u0105ta. W ortezach kolana szyny maj\u0105 odsadzenie goleniowe, co pozwala na bardziej precyzyjne dopasowanie ortezy kolana, a co za tym idzie dok\u0142adniej realizuj\u0105 regulacj\u0119 ruchomo\u015bci stawu, w pozosta\u0142ych wyrobach za\u015b, ortezy maj\u0105 form\u0119 prost\u0105. Od spodniej strony zegara zamontowano owalny element do kt\u00f3rego doklejono gripper niezb\u0119dny do przymocowania do zegara mi\u0119kkich poduszek bocznych 3D. Szyny te, przy u\u017cyciu klucza ortopedycznego b\u0119d\u0105cego w ofercie Reh4Mat, mog\u0105 by\u0107 w niekt\u00f3rych przypadkach indywidualnie dopasowane do kszta\u0142tu ko\u0144czyny pacjenta, poprzez ich lekkie dogi\u0119cie.\r\n\r\n<a href=\"https:\/\/www.reh4mat.com\/uploads\/2021\/12\/Szyna-1R-dziecieca-1.jpg\"><\/a>\r\n\r\n\r\n\t<a href=\"https:\/\/www.reh4mat.com\/instrukcje\/szyny\/SZYNA%201R%20ORTHODESIGN%20PEDIATRYCZNA.pdf\">Pobierz instrukcj\u0119 regulacji szyny 1R orthodesign<\/a>\r\n\n<\/div>\n<\/div>\n<\/div>\n<div class=\"row\">\n<div class=\"half descr\">\n<div class=\"half-content\">\n<p>Le mat\u00e9riau AERO SPACE II\u2122 est enti\u00e8rement respirant, il oxyg\u00e8ne la peau de l&rsquo;enfant et facilite l&rsquo;\u00e9limination de l&rsquo;humidit\u00e9 de sa surface.<\/p>\n<p>En fournissant une compression constante, notre orth\u00e8se maintient une bonne temp\u00e9rature du corps, r\u00e9duisant la douleur et acc\u00e9l\u00e9rant ainsi le processus de gu\u00e9rison apr\u00e8s une l\u00e9sion des tissus mous.<\/p>\n<p>Tous les \u00e9l\u00e9ments de l&rsquo;orth\u00e8se sont extr\u00eamement l\u00e9gers, ce qui est parfaitement adapt\u00e9 aux besoins d&rsquo;un petit patient.<\/p>\n<\/div>\n<\/div>\n<div class=\"half with-image\" style=\"background-image: url('https:\/\/fixcast.pl\/wp-content\/uploads\/2020\/11\/DSC_0236.jpg');\"><\/div>\n<\/div>\n<div class=\"row\">\n<div class=\"half descr\">\n<div class=\"half-content\">\n<h3>TABLEAU DES TAILLES<\/h3>\n<table border=\"0\" cellspacing=\"0\">\n<thead>\n<tr>\n<th style=\"text-align: center;\">Taille<\/th>\n<th style=\"text-align: center;\">Tour de genou<\/th>\n<th style=\"text-align: center;\">Convient \u00e0 l\u2019\u00e2ge<\/th>\n<th style=\"text-align: center;\">Comment mesurer<\/th>\n<\/tr>\n<\/thead>\n<colgroup width=\"100\"><\/colgroup>\n<colgroup width=\"150\"><\/colgroup>\n<colgroup width=\"150\"><\/colgroup>\n<tbody>\n<tr>\n<td style=\"height: 50px; text-align: center;\">1<\/td>\n<td style=\"height: 50px; text-align: center;\">20  \u2013  26 cm<\/td>\n<td style=\"height: 50px; text-align: center;\">2 \u2013 6 ans<\/td>\n<td style=\"text-align: center;\" rowspan=\"2\"><img class=\"aligncenter wp-image-7831\" title=\"How to measure\" src=\"https:\/\/reh4mat.com\/uploads\/2012\/09\/kolano-.png\" alt=\"\" \/><\/td>\n<\/tr>\n<tr>\n<td style=\"height: 50px; text-align: center;\">2<\/td>\n<td style=\"height: 50px; text-align: center;\">26 \u2013 38 cm<\/td>\n<td style=\"height: 50px; text-align: center;\"> > 6 ans<\/td>\n<\/tr>\n<\/tbody>\n<\/table>\n<p>Produit universel pour le genou droit et gauche.<\/p>\n<p>Longueur totale du produit:<br \/>\n1: 24 cm<br \/>\n2: 28 cm<\/p>\n<h3>A&nbsp;TELECHARGER<\/h3>\n<ul class=\"pdf\">\n<li><a href=\"https:\/\/www.reh4mat.com\/deklaracje\/en\/52.pdf\">D\u00e9claration de conformit\u00e9 CE<\/a><\/li>\n<li><a href=\"https:\/\/fixcast.pl\/wp-content\/uploads\/2020\/11\/FIX-KD-15.pdf\">M\u00e9thode d&rsquo;application<\/a><\/li>\n<li><a href=\"https:\/\/reh4mat.com\/instrukcje\/45.pdf\">Mode d&#8217;emploi<\/a><\/li>\n<\/ul>\n<\/div>\n<\/div>\n<div class=\"half with-image\" style=\"background-image: url('https:\/\/fixcast.pl\/wp-content\/uploads\/2020\/11\/DSC_0223-1.jpg');\"><\/div>\n<\/div>\n<div class=\"row\">\n<div class=\"half descr\">\n<div class=\"half-content\">\n<h3>Accessoires \u00e0 utiliser avec ce produit&nbsp;:<\/h3>\n<p><div style=\"width: 220px\" class=\"wp-caption alignleft\"><a href=\"https:\/\/www.reh4mat.com\/fr\/produkt\/autres\/outil-de-pliage-d-attelles\/\"><img loading=\"lazy\" src=\"https:\/\/www.reh4mat.com\/uploads\/2021\/11\/KLUCZ-DO-GIECIA-SZYN.png\" alt=\"Outil de pliage d\u2019attelles\" width=\"200\" height=\"200\" class=\"size-thumb\" style=\"border: 3px dashed; #6DCDD2; border-radius: 50%; padding: 10px;\" \/><p class=\"wp-caption-text\">OUTIL DE PLIAGE D\u2019ATTELLES<\/a><\/p><\/div>\n<\/div>\n<\/div>\n<div class=\"half with-image\" style=\"background-image: url('https:\/\/fixcast.pl\/wp-content\/uploads\/2020\/11\/DSC_0211.jpg');\"><\/div>\n<\/div>\n<div class=\"clear\"><\/div>\n<\/div>\n","protected":false},"excerpt":{"rendered":"<p><strong>GENOUILL\u00c8RE UNIVERSELLE POUR ENFANTS<\/strong><\/p>\n","protected":false},"featured_media":9288,"comment_status":"open","ping_status":"closed","template":"","meta":[],"_links":{"self":[{"href":"https:\/\/fixcast.pl\/fr\/wp-json\/wp\/v2\/product\/2387"}],"collection":[{"href":"https:\/\/fixcast.pl\/fr\/wp-json\/wp\/v2\/product"}],"about":[{"href":"https:\/\/fixcast.pl\/fr\/wp-json\/wp\/v2\/types\/product"}],"replies":[{"embeddable":true,"href":"https:\/\/fixcast.pl\/fr\/wp-json\/wp\/v2\/comments?post=2387"}],"version-history":[{"count":11,"href":"https:\/\/fixcast.pl\/fr\/wp-json\/wp\/v2\/product\/2387\/revisions"}],"predecessor-version":[{"id":12647,"href":"https:\/\/fixcast.pl\/fr\/wp-json\/wp\/v2\/product\/2387\/revisions\/12647"}],"wp:featuredmedia":[{"embeddable":true,"href":"https:\/\/fixcast.pl\/fr\/wp-json\/wp\/v2\/media\/9288"}],"wp:attachment":[{"href":"https:\/\/fixcast.pl\/fr\/wp-json\/wp\/v2\/media?parent=2387"}],"curies":[{"name":"wp","href":"https:\/\/api.w.org\/{rel}","templated":true}]}}