{"id":3780,"date":"2018-08-24T09:44:30","date_gmt":"2021-06-14T12:53:57","guid":{"rendered":"https:\/\/fixcast.pl\/?post_type=product&#038;p=3780"},"modified":"2023-05-09T10:08:30","modified_gmt":"2023-05-09T08:08:30","slug":"fix-kd-14","status":"publish","type":"product","link":"https:\/\/fixcast.pl\/fr\/produit\/fix-kd-14\/","title":{"rendered":"FIX-KD-14"},"content":{"rendered":"<div class=\"description-tiles\">\n<div class=\"row\">\n<div class=\"half descr\">\n<div id=\"zalety\" class=\"half-content\">\n<table class='zalety'><tbody><tr><td style='padding-right: 10px;'><img src='https:\/\/ortezydladzieci.pl\/wp-content\/uploads\/2017\/12\/orteza-kolana-150x150.png' class='alignleft size-thumbnail' alt='ORTHESE DU GENOU' width='70' height='70'\/><\/td><td style='width:100%;'><strong style='text-transform:uppercase;'>ORTHESE DU GENOU<\/strong><\/td><\/tr><tr><td style='padding-right: 10px;'><img src='https:\/\/ortezydladzieci.pl\/wp-content\/uploads\/2017\/12\/CLASS-1-MEDICAL-DEVICE-1-150x150.png' class='alignleft size-thumbnail' alt='PRODUIT MEDICAL DE CLASSE 1' width='70' height='70'\/><\/td><td style='width:100%;'><strong style='text-transform:uppercase;'>PRODUIT MEDICAL DE CLASSE 1<\/strong><\/td><\/tr><tr><td style='padding-right: 10px;'><img src='https:\/\/ortezydladzieci.pl\/wp-content\/uploads\/2017\/12\/alternatywa-gipsu.png' class='alignleft size-thumbnail' alt='ALTERNATIVE AU PL\u00c2TRE' width='70' height='70'\/><\/td><td style='width:100%;'><strong style='text-transform:uppercase;'>ALTERNATIVE AU PL\u00c2TRE<\/strong><\/td><\/tr><tr><td style='padding-right: 10px;'><img src='https:\/\/ortezydladzieci.pl\/wp-content\/uploads\/2017\/12\/szeroki-zakres-regulacji-150x150.png' class='alignleft size-thumbnail' alt='LARGE GAMME D'AJUSTEMENT' width='70' height='70'\/><\/td><td style='width:100%;'><strong style='text-transform:uppercase;'>LARGE GAMME D'AJUSTEMENT<\/strong><\/td><\/tr><tr><td style='padding-right: 10px;'><img src='https:\/\/ortezydladzieci.pl\/wp-content\/uploads\/2017\/12\/rozmiar-uniwersalny-150x150.png' class='alignleft size-thumbnail' alt='TAILLE UNIVERSELLE' width='70' height='70'\/><\/td><td style='width:100%;'><strong style='text-transform:uppercase;'>TAILLE UNIVERSELLE<\/strong><\/td><\/tr><\/tbody><\/table>\n<\/div>\n<\/div>\n<div class=\"half with-image\" style=\"background-image: url('https:\/\/fixcast.pl\/wp-content\/uploads\/2023\/05\/DSCF0260-2.jpg');\"><\/div>\n<\/div>\n<div class=\"row\">\n<div class=\"half descr\">\n<div class=\"half-content\">\n<h3>But de l&rsquo;utilisation<\/h3>\n<ul>\n<li>luxation du genou<\/li>\n<li>entorse du genou<\/li>\n<li>l&rsquo;instabilit\u00e9 du genou<\/li>\n<li>blessures au LCA, LCM et LCL<\/li>\n<li>d\u00e9chirures et blessures du m\u00e9nisque<\/li>\n<li>tendinite rotulienne<\/li>\n<li>la maladie d&rsquo;Osgood-Schlatter<\/li>\n<li>la maladie de Sinding-Larsen-Johansson<\/li>\n<li>polyarthrite rhumato\u00efde juv\u00e9nile (ARJ)<\/li>\n<li>l&rsquo;ost\u00e9ite non sp\u00e9cifique<\/li>\n<li>ost\u00e9on\u00e9crose<\/li>\n<li>reconstruction des ligaments du genou<\/li>\n<li>autres proc\u00e9dures chirurgicales<\/li>\n<\/ul>\n<\/div>\n<\/div>\n<div class=\"half with-image\" style=\"background-image: url('https:\/\/fixcast.pl\/wp-content\/uploads\/2018\/08\/DSCF0208.jpg');\"><\/div>\n<\/div>\n<div class=\"row\">\n<div class=\"half descr\">\n<div class=\"half-content\">\n<h3>Blessures p\u00e9diatriques au genou<\/h3>\n<p>De nombreux de parents qui encouragent leurs enfants \u00e0 faire de l&rsquo;activit\u00e9 physique. C&rsquo;est pour notre sant\u00e9 et cela permet de pr\u00e9venir l&rsquo;ob\u00e9sit\u00e9, le diab\u00e8te et d&rsquo;autres maladies graves. Malheureusement, l&rsquo;activit\u00e9 physique peut parfois entra\u00eener une blessure au genou.<br \/>\nLes cinq principales blessures au genou chez les enfants et les adolescents sont les entorses, les foulures, les d\u00e9chirures de cartilage, les fractures et les tendinites. Les fractures sont moins fr\u00e9quentes, mais l&rsquo;activit\u00e9 physique quotidienne et la surutilisation de l&rsquo;articulation du genou peuvent entra\u00eener des tendinites. Le traitement de la blessure au genou repose sur l&rsquo;immobilisation, le repos articulaire et la th\u00e9rapie physique. L&rsquo;immobilisation du genou d&rsquo;un enfant n&rsquo;est pas une t\u00e2che simple. Les enfants ne sont parfois pas conscients de leur \u00e9tat de sant\u00e9. De ce fait, l&rsquo;attelle de genou p\u00e9diatrique doit \u00eatre aussi s\u00fbre et efficace que possible. Pour ce faire, nous recommandons vivement notre <strong>attelle de genou universelle FIX-KD-14<\/strong>. <\/p>\n<\/div>\n<\/div>\n<div class=\"half with-image\" style=\"background-image: url('https:\/\/fixcast.pl\/wp-content\/uploads\/2020\/04\/DSC_0123.jpg');\"><\/div>\n<\/div>\n<div class=\"row\">\n<div class=\"half descr\">\n<div class=\"half-content\">\n<h3>Description du produit<\/h3>\n<p><strong>L&rsquo;attelle de genou FIX-KD-14<\/strong> permet une parfaite immobilisation du genou. Elle se compose de deux <strong>attelles de forme anatomique 1R orthodesign<\/strong> en aluminium l\u00e9ger. <\/p>\n<p>Ces attelles ont la forme du corps et assurent une excellente stabilisation du genou. Elles sont \u00e9quip\u00e9es d&rsquo;un petit verrou de chute avec r\u00e9glage de l&rsquo;amplitude de mouvement tous les 15 degr\u00e9s. Le syst\u00e8me de blocage est extr\u00eamement petit et parfait pour les enfants de petite taille. Il est \u00e9galement s\u00fbr, car il est recouvert d&rsquo;un plastique sp\u00e9cial qui r\u00e9duit le risque de changement involontaire de la m\u00e9moire ROM ajust\u00e9e. Il est fortement recommand\u00e9 dans le cas des enfants, car ces derniers peuvent ne pas \u00eatre totalement conscients de leur \u00e9tat.<\/p>\n<p><a href=\"https:\/\/fixcast.pl\/wp-content\/uploads\/2023\/05\/DSC_0113_fr.jpg\" data-rel=\"lightbox-0\" title=\"\"><img loading=\"lazy\" src=\"https:\/\/fixcast.pl\/wp-content\/uploads\/2023\/05\/DSC_0113_fr.jpg\" alt=\"FIX-KD-14\" width=\"1024\" height=\"683\" class=\"aligncenter size-large wp-image-10111\" \/><\/a><\/p>\n<\/div>\n<\/div>\n<div class=\"half with-image\" style=\"background-image: url('https:\/\/fixcast.pl\/wp-content\/uploads\/2020\/04\/DSC_0129.jpg');\"><\/div>\n<\/div>\n<div class=\"row\">\n<div class=\"half descr\">\n<div class=\"half-content\">\nSzyna ortopedyczna 1R orthodesign, to nowatorskie podej\u015bcie do tematyki szyn ortopedycznych z\u00a0regulacj\u0105 k\u0105ta zgi\u0119cia i wyprostu. Innowacyjno\u015b\u0107 szyny polega na tym, \u017ce w zegarze o \u015brednicy nie przekraczaj\u0105cej 30 mm, zastosowali\u015bmy regulacj\u0119 k\u0105ta zgi\u0119cia i wyprostu co 15 stopni. Dodatkowym atutem szyny jest to, \u017ce regulacja odbywa si\u0119 nie przy u\u017cyciu wkr\u0119t\u00f3w imbusowych, jak to si\u0119 odbywa\u0142o w poprzedniej generacji szyny, lecz za pomoc\u0105 wk\u0142adanych stalowych nit\u00f3w, kt\u00f3re dla u\u0142atwienia wyjmowane s\u0105 z\u00a0gniazd k\u0105towych przy u\u017cyciu za\u0142\u0105czonego do szyn magnesu. Wisienk\u0105 na torcie jest pier\u015bcie\u0144 blokuj\u0105cy, kt\u00f3ry dzi\u0119ki systemowi zapadkowemu nie pozwoli na samoczynne przestawienie si\u0119 wcze\u015bniej ustawionego k\u0105ta. W ortezach kolana szyny maj\u0105 odsadzenie goleniowe, co pozwala na bardziej precyzyjne dopasowanie ortezy kolana, a co za tym idzie dok\u0142adniej realizuj\u0105 regulacj\u0119 ruchomo\u015bci stawu, w pozosta\u0142ych wyrobach za\u015b, ortezy maj\u0105 form\u0119 prost\u0105. Od spodniej strony zegara zamontowano owalny element do kt\u00f3rego doklejono gripper niezb\u0119dny do przymocowania do zegara mi\u0119kkich poduszek bocznych 3D. Szyny te, przy u\u017cyciu klucza ortopedycznego b\u0119d\u0105cego w ofercie Reh4Mat, mog\u0105 by\u0107 w niekt\u00f3rych przypadkach indywidualnie dopasowane do kszta\u0142tu ko\u0144czyny pacjenta, poprzez ich lekkie dogi\u0119cie.\r\n\r\n<a href=\"https:\/\/www.reh4mat.com\/uploads\/2021\/12\/Szyna-1R-dziecieca-1.jpg\"><\/a>\r\n\r\n\r\n\t<a href=\"https:\/\/www.reh4mat.com\/instrukcje\/szyny\/SZYNA%201R%20ORTHODESIGN%20PEDIATRYCZNA.pdf\">Pobierz instrukcj\u0119 regulacji szyny 1R orthodesign<\/a>\r\n\n<\/div>\n<\/div>\n<div class=\"half with-image\" style=\"background-image: url('https:\/\/fixcast.pl\/wp-content\/uploads\/2023\/05\/DSC_0138.jpg');\"><\/div>\n<\/div>\n<div class=\"row\">\n<div class=\"half descr\">\n<div class=\"half-content\">\n<p>Les \u00e9l\u00e9ments en plastique de l&rsquo;attelle de genou FIX-KD-14 ont une forme anatomique et sont extr\u00eamement l\u00e9gers. La doublure est faite de mousse souple <strong>Active3D&trade;<\/strong> de haute qualit\u00e9 pour un confort d&rsquo;utilisation parfait.<\/p>\n\n<p><a data-rel='lightbox' href='https:\/\/www.reh4mat.com\/uploads\/2021\/04\/ACTIVE-3D1-1190x630.png'><img src='https:\/\/www.reh4mat.com\/uploads\/2021\/04\/ACTIVE-3D1-1190x630.png' alt='' title='' class='aligncenter size-large' width='1024' height='542'><\/a><\/p>\n<p>De plus, la doublure r\u00e9duit la pression sur les os saillants, ce qui am\u00e9liore le confort de port. <\/p>\n<\/div>\n<\/div>\n<div class=\"half with-image\" style=\"background-image: url('http:\/\/fixcast.pl\/wp-content\/uploads\/2018\/08\/DSC_0131.jpg');\"><\/div>\n<\/div>\n<div class=\"row\">\n<div class=\"half descr\">\n<div class=\"half-content\">\n<p>Notre <strong>attelle de genou p\u00e9diatrique<\/strong> offre une large gamme d&rsquo;ajustements circonf\u00e9rentiels. Des bandes Velcro de confort assurent une compression en douceur et un ajustement personnalis\u00e9.<\/p>\n<\/div>\n<\/div>\n<div class=\"half with-image\" style=\"background-image: url('http:\/\/fixcast.pl\/wp-content\/uploads\/2020\/04\/DSC_0150.jpg');\"><\/div>\n<\/div>\n<div class=\"row\">\n<div class=\"half descr\">\n<div class=\"half-content\">\n<p>Le plus important, c&rsquo;est que notre <strong>attelle de genou p\u00e9diatrique FIX-KD-14<\/strong> est un produit de taille universelle. Une large gamme de r\u00e9glage de la longueur dans la partie du mollet et de la cuisse permet un ajustement personnalis\u00e9. Cette solution permet \u00e0 notre <strong>attelle FIX-KD-14<\/strong> de \u00ab\u00a0grandir\u00a0\u00bb avec l&rsquo;enfant et est donc recommand\u00e9e en cas de maladie chronique du genou. De plus, la taille universelle signifie une r\u00e9duction du stock car notre orth\u00e8se s&rsquo;adaptera parfaitement \u00e0 presque tous les enfants.<\/p>\n<\/div>\n<\/div>\n<div class=\"half with-image\" style=\"background-image: url('https:\/\/fixcast.pl\/wp-content\/uploads\/2023\/05\/DSC_0141.jpg');\"><\/div>\n<\/div>\n<div class=\"row\">\n<div class=\"half descr\">\n<div class=\"half-content\">\n<h3>Tailles disponibles<\/h3>\n<table cellspacing=\"0\" cellpadding=\"4\">\n<tbody>\n<tr valign=\"top\">\n<th style=\"text-align: center; vertical-align: middle;\" width=\"140\" height=\"24\">Taille<\/th>\n<th style=\"text-align: center; vertical-align: middle;\" width=\"345\">(A) Tour de cuisse 10 cm au-dessus du centre de la rotule<\/th>\n<th style=\"text-align: center; vertical-align: middle;\" width=\"345\">(B) Tour de mollet 10 cm en dessous du centre de la rotule<\/th>\n<th style=\"text-align: center; vertical-align: middle;\" width=\"345\">(C) Distance entre l&rsquo;interstice de l&rsquo;articulation du genou et l&rsquo;aine<\/th>\n<th style=\"text-align: center; vertical-align: middle;\" width=\"345\">(D) Distance entre l&rsquo;interstice de l&rsquo;articulation du genou et le tibia<\/th>\n<th style=\"text-align: center; vertical-align: middle;\" width=\"345\">Comment mesurer<\/th>\n<\/tr>\n<tr valign=\"top\">\n<td style=\"text-align: center; vertical-align: middle;\" width=\"140\">Universal<\/td>\n<td style=\"text-align: center; vertical-align: middle;\" width=\"345\"> min 20 \u2013<br \/>\nmax 37 cm<\/td>\n<td style=\"text-align: center; vertical-align: middle;\" width=\"345\">min 15 \u2013<br \/>\nmax 31 cm<\/td>\n<td style=\"text-align: center; vertical-align: middle;\" width=\"345\">min 22 \u2013<br \/>\nmax 27 cm<\/td>\n<td style=\"text-align: center; vertical-align: middle;\" width=\"345\">min 26 \u2013<br \/>\nmax 35 cm<\/td>\n<td style=\"text-align: center; vertical-align: middle;\" width=\"345\"><img loading=\"lazy\" src=\"https:\/\/fixcast.pl\/wp-content\/uploads\/2018\/08\/fix-kd-14-1-140x300.png\" alt=\"How to measure\" width=\"140\" height=\"300\" class=\"aligncenter size-medium wp-image-6850\" srcset=\"https:\/\/fixcast.pl\/wp-content\/uploads\/2018\/08\/fix-kd-14-1-140x300.png 140w, https:\/\/fixcast.pl\/wp-content\/uploads\/2018\/08\/fix-kd-14-1-478x1024.png 478w, https:\/\/fixcast.pl\/wp-content\/uploads\/2018\/08\/fix-kd-14-1.png 667w\" sizes=\"(max-width: 140px) 100vw, 140px\" \/><\/td>\n<\/tr>\n<\/tbody>\n<\/table>\n<p>Longueur totale du produit&nbsp;:  43 cm<\/p>\n<p>Genou droit et gauche sp\u00e9cifique.<\/p>\n<\/div>\n<\/div>\n<div class=\"half with-image\" style=\"background-image: url('https:\/\/fixcast.pl\/wp-content\/uploads\/2020\/04\/DSC_0134.jpg');\"><\/div>\n<\/div>\n<div class=\"row\">\n<div class=\"half descr\">\n<div class=\"half-content\">\n<h3>T\u00e9l\u00e9charger<\/h3>\n<ul class=\"pdf\">\n<li>\n\t\t<a href=\"https:\/\/www.reh4mat.com\/deklaracje\/en\/52.pdf\">D\u00e9claration de conformit\u00e9 CE<\/a>\n\t<\/li>\n<li>\n\t\t<a href=\"http:\/\/fixcast.pl\/wp-content\/uploads\/2018\/08\/FIX-KD-14.pdf\">Mise en place<\/a>\n\t<\/li>\n<li><a href=\"http:\/\/reh4mat.com\/instrukcje\/45.pdf\">Manuel<\/a><\/li>\n<\/ul>\n<\/div>\n<\/div>\n<div class=\"half with-image\" style=\"background-image: url('https:\/\/fixcast.pl\/wp-content\/uploads\/2023\/05\/DSC_0125.jpg');\"><\/div>\n<\/div>\n<div class=\"clear\"><\/div>\n<\/div>\n","protected":false},"excerpt":{"rendered":"<h2>ATTELLE UNIVERSELLE DE GENOU AVEC R\u00c9GLAGE DE LA LONGUEUR<\/h2>\n","protected":false},"featured_media":12051,"comment_status":"open","ping_status":"closed","template":"","meta":[],"_links":{"self":[{"href":"https:\/\/fixcast.pl\/fr\/wp-json\/wp\/v2\/product\/3780"}],"collection":[{"href":"https:\/\/fixcast.pl\/fr\/wp-json\/wp\/v2\/product"}],"about":[{"href":"https:\/\/fixcast.pl\/fr\/wp-json\/wp\/v2\/types\/product"}],"replies":[{"embeddable":true,"href":"https:\/\/fixcast.pl\/fr\/wp-json\/wp\/v2\/comments?post=3780"}],"version-history":[{"count":15,"href":"https:\/\/fixcast.pl\/fr\/wp-json\/wp\/v2\/product\/3780\/revisions"}],"predecessor-version":[{"id":12075,"href":"https:\/\/fixcast.pl\/fr\/wp-json\/wp\/v2\/product\/3780\/revisions\/12075"}],"wp:featuredmedia":[{"embeddable":true,"href":"https:\/\/fixcast.pl\/fr\/wp-json\/wp\/v2\/media\/12051"}],"wp:attachment":[{"href":"https:\/\/fixcast.pl\/fr\/wp-json\/wp\/v2\/media?parent=3780"}],"curies":[{"name":"wp","href":"https:\/\/api.w.org\/{rel}","templated":true}]}}