{"id":3782,"date":"2019-06-13T14:59:11","date_gmt":"2021-06-14T13:10:23","guid":{"rendered":"https:\/\/fixcast.pl\/?post_type=product&#038;p=3782"},"modified":"2022-10-11T16:44:59","modified_gmt":"2022-10-11T14:44:59","slug":"fix-kd-19","status":"publish","type":"product","link":"https:\/\/fixcast.pl\/fr\/produit\/fix-kd-19\/","title":{"rendered":"FIX-KD-19"},"content":{"rendered":"<div class=\"description-tiles\">\n<div class=\"row\">\n<div class=\"half descr\">\n<div id=\"zalety\" class=\"half-content\">\n<table class='zalety'><tbody><tr><td style='padding-right: 10px;'><img src='https:\/\/ortezydladzieci.pl\/wp-content\/uploads\/2017\/12\/CLASS-1-MEDICAL-DEVICE-1-150x150.png' class='alignleft size-thumbnail' alt='PRODUIT MEDICAL DE CLASSE 1' width='70' height='70'\/><\/td><td style='width:100%;'><strong style='text-transform:uppercase;'>PRODUIT MEDICAL DE CLASSE 1<\/strong><\/td><\/tr><tr><td style='padding-right: 10px;'><img src='https:\/\/ortezydladzieci.pl\/wp-content\/uploads\/2017\/12\/ODDYCHAJACY-150x150.png' class='alignleft size-thumbnail' alt='RESPIRANT' width='70' height='70'\/><\/td><td style='width:100%;'><strong style='text-transform:uppercase;'>RESPIRANT<\/strong><\/td><\/tr><tr><td style='padding-right: 10px;'><img src='https:\/\/ortezydladzieci.pl\/wp-content\/uploads\/2017\/12\/24.png' class='alignleft size-thumbnail' alt='TH\u00c9RAPIE DE 24 HEURES' width='70' height='70'\/><\/td><td style='width:100%;'><strong style='text-transform:uppercase;'>TH\u00c9RAPIE DE 24 HEURES<\/strong><\/td><\/tr><tr><td style='padding-right: 10px;'><img src='https:\/\/ortezydladzieci.pl\/wp-content\/uploads\/2017\/12\/wodoodporny-150x150.png' class='alignleft size-thumbnail' alt='ETANCHE A L\u2019EAU' width='70' height='70'\/><\/td><td style='width:100%;'><strong style='text-transform:uppercase;'>ETANCHE A L\u2019EAU<\/strong><\/td><\/tr><tr><td style='padding-right: 10px;'><img src='https:\/\/fixcast.pl\/wp-content\/uploads\/2018\/07\/Szyna-magnetyczna-1R-orthodesign-150x150.png' class='alignleft size-thumbnail' alt='ATTELLE MAGN\u00c9TIQUE 1R ORTHODESIGN' width='70' height='70'\/><\/td><td style='width:100%;'><strong style='text-transform:uppercase;'>ATTELLE MAGN\u00c9TIQUE 1R ORTHODESIGN<\/strong><\/td><\/tr><tr><td style='padding-right: 10px;'><img src='https:\/\/ortezydladzieci.pl\/wp-content\/uploads\/2017\/12\/alternatywa-gipsu.png' class='alignleft size-thumbnail' alt='ALTERNATIVE AU PL\u00c2TRE' width='70' height='70'\/><\/td><td style='width:100%;'><strong style='text-transform:uppercase;'>ALTERNATIVE AU PL\u00c2TRE<\/strong><\/td><\/tr><\/tbody><\/table>\n<\/div>\n<\/div>\n<div class=\"half with-image\" style=\"background-image: url('https:\/\/fixcast.pl\/wp-content\/uploads\/2019\/06\/DSC_0958-1.jpg');\"><\/div>\n<\/div>\n<div class=\"row\">\n<div class=\"half descr\">\n<div id=\"zalety\" class=\"half-content\">\n<h3>Synovite transitoire <\/h3>\n<p>C&rsquo;est l&rsquo;une des causes les plus fr\u00e9quentes d&rsquo;infections articulaires. On l&rsquo;appelle aussi hanche irritable. La synovite transitoire touche habituellement les enfants de trois \u00e0 dix ans et les gar\u00e7ons sont atteints de deux \u00e0 quatre fois plus souvent que les filles. L&rsquo;affection provoque une inflammation de nombreuses articulations&nbsp;: genoux, chevilles, poignets, coudes et hanches. L\u2019origine de la maladie est inconnue. Avec l&rsquo;inflammation apparaissent de la fi\u00e8vre ou des \u00e9ruptions cutan\u00e9es. Il est important de faire beaucoup de tests et d\u2019examens m\u00e9dicaux pour diff\u00e9rencier la synovite transitoire des virus ou bact\u00e9ries. <\/p>\n<p>La synovite transitoire est douloureuse et peut r\u00e9duire la mobilit\u00e9 articulaire. De ce fait, le soutien conjoint est tr\u00e8s important. Notre <strong>orth\u00e8se de la hanche FIX-KD-19<\/strong> est parfaite pour supporter et soulager l&rsquo;articulation de la hanche. <\/p>\n<div id=\"attachment_849\" style=\"width: 562px\" class=\"wp-caption aligncenter\"><img aria-describedby=\"caption-attachment-849\" loading=\"lazy\" src=\"https:\/\/fixcast.pl\/wp-content\/uploads\/2019\/06\/Transient-synovitis.jpg\" alt=\"Transient synovitis\" width=\"552\" height=\"300\" class=\"size-full wp-image-849\" srcset=\"https:\/\/fixcast.pl\/wp-content\/uploads\/2019\/06\/Transient-synovitis.jpg 552w, https:\/\/fixcast.pl\/wp-content\/uploads\/2019\/06\/Transient-synovitis-300x163.jpg 300w\" sizes=\"(max-width: 552px) 100vw, 552px\" \/><p id=\"caption-attachment-849\" class=\"wp-caption-text\">Synovite transitoire<\/p><\/div>\n<\/div>\n<\/div>\n<div class=\"half with-image\" style=\"background-image: url('https:\/\/fixcast.pl\/wp-content\/uploads\/2019\/06\/DSC_0942-1.jpg');\"><\/div>\n<\/div>\n<div class=\"row\">\n<div class=\"half descr\">\n<div class=\"half-content\">\n<h3>But de l&rsquo;utilisation<\/h3>\n<ul>\n<li>Synovite transitoire<\/li>\n<li>Maladie de Legg-Calv\u00e9-Perthes (n\u00e9crose avasculaire)<\/li>\n<li>D\u00e9formations de la hanche<\/li>\n<li>Luxation de la hanche<\/li>\n<li>Fractures f\u00e9morales<\/li>\n<li>L\u00e9sion du labrum ac\u00e9tabulaire<\/li>\n<\/ul>\n<\/div>\n<\/div>\n<div class=\"half with-image\" style=\"background-image: url('https:\/\/fixcast.pl\/wp-content\/uploads\/2019\/06\/DSC_0375-1.jpg');\"><\/div>\n<\/div>\n<div class=\"row\">\n<div class=\"half descr\">\n<div class=\"half-content\">\n<h3>Description du produit<\/h3>\n<p><strong>L&rsquo;orth\u00e8se de la hanche FIX-KD-19<\/strong> est faite d\u2019un n\u00e9opr\u00e8ne fin et color\u00e9 qui assure une compression et une chaleur constantes de la ceinture de la hanche. L&rsquo;orth\u00e8se est \u00e9quip\u00e9e d&rsquo;une attelle en aluminium et d&rsquo;un r\u00e9glage de l&rsquo;amplitude des mouvements tous les 15 degr\u00e9s. L&rsquo;attelle soutient et soulage l&rsquo;articulation surutilis\u00e9e et pr\u00e9vient le mauvais alignement. De plus, elle r\u00e9duit la rotation excessive de la hanche, l&rsquo;abduction et l&rsquo;adduction. L&rsquo;ajustement en douceur de l&rsquo;amplitude des mouvements assure un excellent contr\u00f4le ou une immobilisation des articulations.  <\/p>\n<p><a href=\"https:\/\/fixcast.pl\/wp-content\/uploads\/2019\/06\/DSC_0372-1-1.jpg\" data-rel=\"lightbox-0\" title=\"\"><img loading=\"lazy\" src=\"https:\/\/fixcast.pl\/wp-content\/uploads\/2019\/06\/DSC_0372-1-1-1024x600.jpg\" alt=\"FIX-KD-19\" width=\"1024\" height=\"600\" class=\"aligncenter size-large wp-image-10887\" srcset=\"https:\/\/fixcast.pl\/wp-content\/uploads\/2019\/06\/DSC_0372-1-1-1024x600.jpg 1024w, https:\/\/fixcast.pl\/wp-content\/uploads\/2019\/06\/DSC_0372-1-1-300x176.jpg 300w, https:\/\/fixcast.pl\/wp-content\/uploads\/2019\/06\/DSC_0372-1-1-768x450.jpg 768w, https:\/\/fixcast.pl\/wp-content\/uploads\/2019\/06\/DSC_0372-1-1.jpg 1200w\" sizes=\"(max-width: 1024px) 100vw, 1024px\" \/><\/a><\/p>\nSzyna ortopedyczna 1R orthodesign, to nowatorskie podej\u015bcie do tematyki szyn ortopedycznych z\u00a0regulacj\u0105 k\u0105ta zgi\u0119cia i wyprostu. Innowacyjno\u015b\u0107 szyny polega na tym, \u017ce w zegarze o \u015brednicy nie przekraczaj\u0105cej 30 mm, zastosowali\u015bmy regulacj\u0119 k\u0105ta zgi\u0119cia i wyprostu co 15 stopni. Dodatkowym atutem szyny jest to, \u017ce regulacja odbywa si\u0119 nie przy u\u017cyciu wkr\u0119t\u00f3w imbusowych, jak to si\u0119 odbywa\u0142o w poprzedniej generacji szyny, lecz za pomoc\u0105 wk\u0142adanych stalowych nit\u00f3w, kt\u00f3re dla u\u0142atwienia wyjmowane s\u0105 z\u00a0gniazd k\u0105towych przy u\u017cyciu za\u0142\u0105czonego do szyn magnesu. Wisienk\u0105 na torcie jest pier\u015bcie\u0144 blokuj\u0105cy, kt\u00f3ry dzi\u0119ki systemowi zapadkowemu nie pozwoli na samoczynne przestawienie si\u0119 wcze\u015bniej ustawionego k\u0105ta. W ortezach kolana szyny maj\u0105 odsadzenie goleniowe, co pozwala na bardziej precyzyjne dopasowanie ortezy kolana, a co za tym idzie dok\u0142adniej realizuj\u0105 regulacj\u0119 ruchomo\u015bci stawu, w pozosta\u0142ych wyrobach za\u015b, ortezy maj\u0105 form\u0119 prost\u0105. Od spodniej strony zegara zamontowano owalny element do kt\u00f3rego doklejono gripper niezb\u0119dny do przymocowania do zegara mi\u0119kkich poduszek bocznych 3D. Szyny te, przy u\u017cyciu klucza ortopedycznego b\u0119d\u0105cego w ofercie Reh4Mat, mog\u0105 by\u0107 w niekt\u00f3rych przypadkach indywidualnie dopasowane do kszta\u0142tu ko\u0144czyny pacjenta, poprzez ich lekkie dogi\u0119cie.\r\n\r\n<a href=\"https:\/\/www.reh4mat.com\/uploads\/2021\/12\/Szyna-1R-dziecieca-1.jpg\"><\/a>\r\n\r\n\r\n\t<a href=\"https:\/\/www.reh4mat.com\/instrukcje\/szyny\/SZYNA%201R%20ORTHODESIGN%20PEDIATRYCZNA.pdf\">Pobierz instrukcj\u0119 regulacji szyny 1R orthodesign<\/a>\r\n\n<\/div>\n<\/div>\n<div class=\"half with-image\" style=\"background-image: url('https:\/\/fixcast.pl\/wp-content\/uploads\/2019\/06\/DSC_0981-1.jpg');\"><\/div>\n<\/div>\n<div class=\"row\">\n<div class=\"half descr\">\n<div class=\"half-content\">\n<p><strong>L&rsquo;orth\u00e8se p\u00e9diatrique de la hanche FIX-KD-19<\/strong> est fabriqu\u00e9e en fin et l\u00e9ger <strong>ActivePren&trade;<\/strong> et <strong>UniPren&trade;<\/strong>. La compression et la stabilisation de la hanche r\u00e9duisent la douleur et l&rsquo;inflammation. De plus, le n\u00e9opr\u00e8ne est imperm\u00e9able et l&rsquo;enfant peut prendre une douche avec notre orth\u00e8se. <\/p>\n<p>Une utilisation quotidienne de notre <strong>orth\u00e8se de hanche FIX-KD-19<\/strong> assure un soutien de l&rsquo;articulation de la hanche surutilis\u00e9e et r\u00e9duit l&rsquo;inflammation due \u00e0 une blessure ou une maladie chronique. L&rsquo;orth\u00e8se est beaucoup plus efficace et plus l\u00e9g\u00e8re qu&rsquo;un pl\u00e2tre ordinaire.    <\/p>\n<\/div>\n<\/div>\n<div class=\"half with-image\" style=\"background-image: url('https:\/\/fixcast.pl\/wp-content\/uploads\/2019\/06\/DSC_0946-1.jpg');\"><\/div>\n<\/div>\n<div class=\"row\">\n<div class=\"half descr\">\n<div class=\"half-content\">\n<p><strong>ActivePren\u2122<\/strong> est un mat\u00e9riau actif \u00e0 trois couches compos\u00e9 de deux tissus de couverture en tricot jersey \u00e9lastique et d&#039;un noyau perfor\u00e9 en mousse de n\u00e9opr\u00e8ne. Ce mat\u00e9riau se caract\u00e9rise par sa douceur et sa grande \u00e9lasticit\u00e9. La perforation de la mousse permet une parfaite oxyg\u00e9nation de la peau de l&#039;utilisateur et un drainage de l&#039;humidit\u00e9. Gr\u00e2ce \u00e0 l&#039;AirSupply System, la partie prot\u00e9g\u00e9e du corps est en outre ventil\u00e9e et sa chaleur appropri\u00e9e est maintenue. Un avantage tr\u00e8s important de ce mat\u00e9riau est le fait qu&#039;il n&#039;est pas tricot\u00e9, qu&#039;il n&#039;a pas de fibres \u00e9paisses, gr\u00e2ce auquel les tissages du tissu n&#039;appuient pas sur la peau du patient et ne provoquent pas de plaies dans les zones de forte compression. Les orth\u00e8ses fabriqu\u00e9es en mat\u00e9riau <strong>ActivePren\u2122<\/strong> sont les orth\u00e8ses de stabilisation les plus solides et les plus efficaces disponibles sur le march\u00e9. Le mat\u00e9riau est imperm\u00e9able.<\/p>\n<p><a data-rel='lightbox' href='https:\/\/www.reh4mat.com\/uploads\/2021\/12\/ACTIVE-PREN-2021-1190x630.jpg'><img src='https:\/\/www.reh4mat.com\/uploads\/2021\/12\/ACTIVE-PREN-2021-1190x630.jpg' alt='' title='' class='aligncenter size-large' width='1024' height='542'><\/a><\/p>\n<\/div>\n<\/div>\n<div class=\"half descr\">\n<div class=\"half-content\">\n<p><strong>UniPren\u2122<\/strong> est un mat\u00e9riau universel \u00e0 trois couches compos\u00e9 d&#039;un tissu de couverture externe \u00e9lastique en polyamide avec fonction auto-adh\u00e9sive, d&#039;un noyau interne perfor\u00e9 en mousse de n\u00e9opr\u00e8ne et d&#039;un tissu de couverture \u00e9lastique en jersey. Ce mat\u00e9riau se caract\u00e9rise par sa douceur et sa tr\u00e8s grande \u00e9lasticit\u00e9. La perforation de la mousse permet une parfaite oxyg\u00e9nation de la peau de l&#039;utilisateur et un drainage de l&#039;humidit\u00e9. Un avantage tr\u00e8s important de ce mat\u00e9riau est le fait qu&#039;il n&#039;est pas tricot\u00e9, qu&#039;il ne poss\u00e8de pas de fibres \u00e9paisses, de sorte que ses tissages ne s&#039;impriment pas sur la peau du patient et ne provoquent pas de plaies dans les zones de forte compression. Les orth\u00e8ses fabriqu\u00e9es en <strong>UniPren\u2122<\/strong> sont les orth\u00e8ses de stabilisation les plus solides et les plus efficaces disponibles sur le march\u00e9. La fonction auto-adh\u00e9sive du mat\u00e9riau facilite consid\u00e9rablement son utilisation. LE MAT\u00c9RIAU EST IMPERM\u00c9ABLE.<\/p>\n<p><a data-rel='lightbox' href='https:\/\/www.reh4mat.com\/uploads\/2021\/04\/UNI-PREN-1190x630.png'><img src='https:\/\/www.reh4mat.com\/uploads\/2021\/04\/UNI-PREN-1190x630.png' alt='' title='' class='aligncenter size-large' width='1024' height='542'><\/a><\/p>\n<\/div>\n<\/div>\n<\/div>\n<div class=\"row\">\n<div class=\"half descr\">\n<div class=\"half-content\">\n<h3>Tailles disponibles<\/h3>\n<table cellspacing=\"0\" cellpadding=\"4\">\n<tbody>\n<tr>\n<th style=\"text-align: center; vertical-align: middle;\">Taille<\/th>\n<th style=\"text-align: center; vertical-align: middle;\">Tour de taille<br \/>\n(A)<\/th>\n<th style=\"text-align: center; vertical-align: middle;\">Tour de cuisse<br \/>\n(B)<\/th>\n<th style=\"text-align: center; vertical-align: middle;\" width=\"136\">\u00c2ge typique<\/th>\n<th style=\"text-align: center; vertical-align: middle;\" width=\"136\">Comment mesurer<\/th>\n<\/tr>\n<tr>\n<td style=\"text-align: center; vertical-align: middle;\" valign=\"top\">1<\/td>\n<td style=\"text-align: center; vertical-align: middle;\">min 40 \u2013 max 60 cm<\/td>\n<td style=\"text-align: center; vertical-align: middle;\">min 25 &#8211; max 35 cm<\/td>\n<td style=\"text-align: center; vertical-align: middle;\" width=\"136\">2 &#8211; 9 ans<\/td>\n<td style=\"text-align: center; vertical-align: middle;\" rowspan=\"2\" width=\"136\"><img loading=\"lazy\" src=\"https:\/\/fixcast.pl\/wp-content\/uploads\/2019\/06\/FIX-KD-19_p.jpg\" alt=\"Comment mesurer\" width=\"142\" height=\"208\" class=\"aligncenter size-full wp-image-871\" \/><\/td>\n<\/tr>\n<tr>\n<td style=\"text-align: center; vertical-align: middle;\" valign=\"top\">2<\/td>\n<td style=\"text-align: center; vertical-align: middle;\">min 45 \u2013 max 70 cm<\/td>\n<td style=\"text-align: center; vertical-align: middle;\">min 30 &#8211; max 40 cm<\/td>\n<td style=\"text-align: center; vertical-align: middle;\" width=\"136\">8 &#8211; 12 ans<\/td>\n<\/tr>\n<\/tbody>\n<\/table>\n<p><strong>Sp\u00e9cifique \u00e0 la hanche droite et gauche.<\/p>\n<p>Longueur totale du produit:<br \/>\n1: 28 cm<br \/>\n2: 37 cm<\/strong><\/p>\n<p>&nbsp;<\/p>\n<p>The product is sent in a&nbsp;random color.<\/p>\n<p><img loading=\"lazy\" src=\"https:\/\/fixcast.pl\/wp-content\/uploads\/2019\/06\/FIX-KD-19-new-1.jpg\" alt=\"FIX-KD-19\" width=\"702\" height=\"423\" class=\"aligncenter size-full wp-image-10898\" srcset=\"https:\/\/fixcast.pl\/wp-content\/uploads\/2019\/06\/FIX-KD-19-new-1.jpg 702w, https:\/\/fixcast.pl\/wp-content\/uploads\/2019\/06\/FIX-KD-19-new-1-300x181.jpg 300w\" sizes=\"(max-width: 702px) 100vw, 702px\" \/><\/p>\n<\/div>\n<\/div>\n<div class=\"half with-image\" style=\"background-image: url('https:\/\/fixcast.pl\/wp-content\/uploads\/2019\/06\/DSC_1009-2.jpg');\"><\/div>\n<\/div>\n<div class=\"row\">\n<div class=\"half descr\">\n<div class=\"half-content\">\n<h3>T\u00e9l\u00e9chargements<\/h3>\n<ul class=\"pdf\">\n<li>\n\t\t<a href=\"https:\/\/reh4mat.com\/deklaracje\/en\/53.pdf\">D\u00e9claration de conformit\u00e9 CE<\/a>\n\t<\/li>\n<li>\n\t\t<a href=\"https:\/\/fixcast.pl\/wp-content\/uploads\/2019\/06\/FIX-KD-19.pdf\">Mise en place<\/a>\n\t<\/li>\n<li><a href=\"http:\/\/reh4mat.com\/instrukcje\/45.pdf\">Manuel<\/a><\/li>\n<\/ul>\n<\/div>\n<\/div>\n<div class=\"half with-image\" style=\"background-image: url('https:\/\/fixcast.pl\/wp-content\/uploads\/2019\/06\/DSC_0950-1.jpg');\"><\/div>\n<\/div>\n<div class=\"row\">\n<div class=\"half descr\">\n<div class=\"half-content\">\n<h3>Accessoires \u00e0 utiliser avec ce produit&nbsp;:<\/h3>\n<p><div style=\"width: 220px\" class=\"wp-caption alignleft\"><a href=\"https:\/\/www.reh4mat.com\/fr\/produkt\/autres\/outil-de-pliage-d-attelles\/\"><img loading=\"lazy\" src=\"https:\/\/www.reh4mat.com\/uploads\/2021\/11\/KLUCZ-DO-GIECIA-SZYN.png\" alt=\"Outil de pliage d\u2019attelles\" width=\"200\" height=\"200\" class=\"size-thumb\" style=\"border: 3px dashed; #6DCDD2; border-radius: 50%; padding: 10px;\" \/><p class=\"wp-caption-text\">OUTIL DE PLIAGE D\u2019ATTELLES<\/a><\/p><\/div>\n<\/div>\n<\/div>\n<div class=\"half with-image\"><\/div>\n<\/div>\n<div class=\"clear\"><\/div>\n<\/div>\n","protected":false},"excerpt":{"rendered":"<h2>ORTH\u00c8SE DE HANCHE P\u00c9DIATRIQUE EN N\u00c9OPR\u00c8NE AVEC AJUSTEMENT ROM<\/h2>\n<p>Notre orth\u00e8se de la hanche FIX-KD-19 est parfaite pour supporter et soulager l&#039;articulation de la hanche. <\/p>\n","protected":false},"featured_media":10908,"comment_status":"open","ping_status":"closed","template":"","meta":[],"_links":{"self":[{"href":"https:\/\/fixcast.pl\/fr\/wp-json\/wp\/v2\/product\/3782"}],"collection":[{"href":"https:\/\/fixcast.pl\/fr\/wp-json\/wp\/v2\/product"}],"about":[{"href":"https:\/\/fixcast.pl\/fr\/wp-json\/wp\/v2\/types\/product"}],"replies":[{"embeddable":true,"href":"https:\/\/fixcast.pl\/fr\/wp-json\/wp\/v2\/comments?post=3782"}],"version-history":[{"count":8,"href":"https:\/\/fixcast.pl\/fr\/wp-json\/wp\/v2\/product\/3782\/revisions"}],"predecessor-version":[{"id":3783,"href":"https:\/\/fixcast.pl\/fr\/wp-json\/wp\/v2\/product\/3782\/revisions\/3783"}],"wp:featuredmedia":[{"embeddable":true,"href":"https:\/\/fixcast.pl\/fr\/wp-json\/wp\/v2\/media\/10908"}],"wp:attachment":[{"href":"https:\/\/fixcast.pl\/fr\/wp-json\/wp\/v2\/media?parent=3782"}],"curies":[{"name":"wp","href":"https:\/\/api.w.org\/{rel}","templated":true}]}}