{"id":4975,"date":"2021-05-31T14:38:47","date_gmt":"2021-08-18T10:39:27","guid":{"rendered":"https:\/\/fixcast.pl\/?post_type=product&#038;p=4975"},"modified":"2023-06-23T10:23:04","modified_gmt":"2023-06-23T08:23:04","slug":"fix-kd-18","status":"publish","type":"product","link":"https:\/\/fixcast.pl\/fr\/produit\/fix-kd-18\/","title":{"rendered":"FIX-KD-18"},"content":{"rendered":"<div class=\"description-tiles\">\n<div class=\"row\">\n<div class=\"half descr\">\n<div id=\"zalety\" class=\"half-content\">\n<h3>AVANTAGES PARTICULIERS<\/h3>\n<table class='zalety'><tbody><tr><td style='padding-right: 10px;'><img src='https:\/\/ortezydladzieci.pl\/wp-content\/uploads\/2017\/12\/orteza-kolana-150x150.png' class='alignleft size-thumbnail' alt='ORTHESE DU GENOU' width='70' height='70'\/><\/td><td style='width:100%;'><strong style='text-transform:uppercase;'>ORTHESE DU GENOU<\/strong><\/td><\/tr><tr><td style='padding-right: 10px;'><img src='https:\/\/ortezydladzieci.pl\/wp-content\/uploads\/2017\/12\/CLASS-1-MEDICAL-DEVICE-1-150x150.png' class='alignleft size-thumbnail' alt='PRODUIT MEDICAL DE CLASSE 1' width='70' height='70'\/><\/td><td style='width:100%;'><strong style='text-transform:uppercase;'>PRODUIT MEDICAL DE CLASSE 1<\/strong><\/td><\/tr><tr><td style='padding-right: 10px;'><img src='https:\/\/fixcast.pl\/wp-content\/uploads\/2018\/07\/dwustr-150x150.png' class='alignleft size-thumbnail' alt='BIFACE' width='70' height='70'\/><\/td><td style='width:100%;'><strong style='text-transform:uppercase;'>BIFACE<\/strong><\/td><\/tr><tr><td style='padding-right: 10px;'><img src='https:\/\/ortezydladzieci.pl\/wp-content\/uploads\/2017\/12\/szeroki-zakres-regulacji-150x150.png' class='alignleft size-thumbnail' alt='LARGE GAMME D'AJUSTEMENT' width='70' height='70'\/><\/td><td style='width:100%;'><strong style='text-transform:uppercase;'>LARGE GAMME D'AJUSTEMENT<\/strong><\/td><\/tr><tr><td style='padding-right: 10px;'><img src='https:\/\/ortezydladzieci.pl\/wp-content\/uploads\/2021\/06\/anatomiczny-pier\u015bcie\u0144-oko\u0142orzepkowy-2.png' class='alignleft size-thumbnail' alt='ANNEAU P\u00c9RIARTICULAIRE ANATOMIQUE' width='70' height='70'\/><\/td><td style='width:100%;'><strong style='text-transform:uppercase;'>ANNEAU P\u00c9RIARTICULAIRE ANATOMIQUE<\/strong><\/td><\/tr><tr><td style='padding-right: 10px;'><img src='https:\/\/ortezydladzieci.pl\/wp-content\/uploads\/2021\/06\/kompressja-1.png' class='alignleft size-thumbnail' alt='COMPRESSION' width='70' height='70'\/><\/td><td style='width:100%;'><strong style='text-transform:uppercase;'>COMPRESSION<\/strong><\/td><\/tr><\/tbody><\/table>\n<\/div>\n<\/div>\n<div class=\"half with-image\" style=\"background-image: url('https:\/\/fixcast.pl\/wp-content\/uploads\/2021\/05\/DSC_0042-1.jpg');\"><\/div>\n<\/div>\n<div class=\"row\">\n<div class=\"half descr\">\n<div class=\"half-content\">\n<h3>CARACT\u00c9RISTIQUES DU PRODUIT<\/h3>\n<p>L&rsquo;orth\u00e8se de rotule pour enfants FIX-KD-18 est fabriqu\u00e9e en mat\u00e9riau spatial <strong>AeroSpace II\u2122<\/strong>, respectueux pour la peau, qui maintient une compression constante de l&rsquo;articulation. Gr\u00e2ce \u00e0 sa conception innovante, l&rsquo;orth\u00e8se peut \u00eatre utilis\u00e9e sur la jambe gauche ou droite. <strong>L&rsquo;orth\u00e8se pour enfants FIX-KD-18<\/strong> est id\u00e9ale pour la pr\u00e9vention des blessures infantiles dans des sports tels que le football ou le basket.<\/p>\n<p><a data-rel='lightbox' href='https:\/\/www.reh4mat.com\/uploads\/2021\/04\/AERO-SPACE-II-1190x630.png'><img src='https:\/\/www.reh4mat.com\/uploads\/2021\/04\/AERO-SPACE-II-1190x630.png' alt='' title='' class='aligncenter size-large' width='1024' height='542'><\/a><\/p>\n<\/div>\n<\/div>\n<div class=\"half with-image\" style=\"background-image: url('https:\/\/fixcast.pl\/wp-content\/uploads\/2021\/05\/DSC_0045-1.jpg');\"><\/div>\n<\/div>\n<div class=\"row\">\n<div class=\"half descr\">\n<div class=\"half-content\">\n<p><strong>AeroSpace II\u2122<\/strong> est une mati\u00e8re premi\u00e8re innovante de nouvelle g\u00e9n\u00e9ration. Il s&#039;agit d&#039;un tricot \u00e9lastique \u00e0 espacement 3D compos\u00e9 de deux couches de parements et d&#039;entrelacs qui cr\u00e9ent la bonne \u00e9paisseur de la mati\u00e8re premi\u00e8re et pr\u00e9sentent des propri\u00e9t\u00e9s d&#039;all\u00e8gement de la pression. Le tissu tricot\u00e9 est compos\u00e9 de fils de polyester de premi\u00e8re qualit\u00e9 qui garantissent une r\u00e9sistance m\u00e9canique \u00e9lev\u00e9e et de spandex qui assure sa flexibilit\u00e9. Cette mati\u00e8re premi\u00e8re se caract\u00e9rise par un poids tr\u00e8s faible, une grande \u00e9lasticit\u00e9 et une construction ajour\u00e9e, permettant d&#039;\u00e9vacuer tr\u00e8s facilement la transpiration du corps et d&#039;alimenter la peau en air frais. Les produits fabriqu\u00e9s dans ce mat\u00e9riau sont neutres pour l&#039;articulation prot\u00e9g\u00e9e, ils ne la r\u00e9chauffent ni ne la refroidissent, mais ils assurent sa bonne compression et son ajustement et r\u00e9duisent les vibrations musculaires survenant lors d&#039;un effort physique. Son \u00e9paisseur et sa structure 3D soulagent parfaitement la charge des attelles, baleines en acier ou orthop\u00e9diques install\u00e9es sur le produit et garantissent une douceur velout\u00e9e au toucher.<\/p>\n<\/div>\n<\/div>\n<div class=\"half with-image\" style=\"background-image: url('https:\/\/fixcast.pl\/wp-content\/uploads\/2021\/05\/4T7A7574.jpg');\"><\/div>\n<\/div>\n<div class=\"row\">\n<div class=\"half descr\">\n<div class=\"half-content\">\n<p>La <strong>genouill\u00e8re FIX-KD-18<\/strong> dispose d&rsquo;un anneau sp\u00e9cial p\u00e9ri-patellaire, qui stabilise la rotule et la maintient parfaitement en cas de luxation ou d&rsquo;instabilit\u00e9. L&rsquo;anneau aligne la rotule avec l&rsquo;articulation pour assurer un mouvement correct et sans douleur. En outre, un alignement correct soulage l&rsquo;articulation f\u00e9moro-patellaire, pr\u00e9venant ainsi sa d\u00e9g\u00e9n\u00e9rescence \u00e0 l&rsquo;avenir.<\/p>\n<\/div>\n<\/div>\n<div class=\"half with-image\" style=\"background-image: url('https:\/\/fixcast.pl\/wp-content\/uploads\/2021\/05\/DSC_0039-fr-1.jpg');\"><\/div>\n<\/div>\n<div class=\"row\">\n<div class=\"half descr\">\n<div class=\"half-content\">\n<h3>BUT D\u2019UTILISATION<\/h3>\n<ul>\n<li>luxation lat\u00e9rale de la rotule;<\/li>\n<li>instabilit\u00e9 de la rotule;<\/li>\n<li>l\u00e9g\u00e8re instabilit\u00e9 de l&rsquo;articulation du genou;<\/li>\n<li>douleur dans l&rsquo;articulation f\u00e9moro-patellaire;<\/li>\n<li>perturbation de l&rsquo;alignement de l&rsquo;articulation du genou;<\/li>\n<li>subluxation habituelle et post-traumatique de la rotule.<\/li>\n<\/ul>\n<\/div>\n<\/div>\n<div class=\"half with-image\" style=\"background-image: url('https:\/\/fixcast.pl\/wp-content\/uploads\/2021\/05\/DSC_0027-1.jpg');\"><\/div>\n<\/div>\n<div class=\"row\">\n<div class=\"half descr\">\n<div class=\"half-content\">\n<h3>TABLEAU DES TAILLES<\/h3>\n<table width=\"615\" cellspacing=\"0\" cellpadding=\"4\">\n<colgroup>\n<col width=\"98\" \/>\n<col width=\"314\" \/>\n<col width=\"178\" \/> <\/colgroup>\n<tbody>\n<tr valign=\"top\">\n<th style=\"width: 98px; height: 24px; text-align: center; vertical-align: middle;\" width=\"98\" height=\"24\">Taille<\/th>\n<th style=\"text-align: center; vertical-align: middle;\" width=\"314\">irconf\u00e9rence du genou<\/th>\n<th style=\"text-align: center; vertical-align: middle;\" width=\"178\">Adapt\u00e9e \u00e0 l&rsquo;\u00e2ge<\/th>\n<th style=\"text-align: center; vertical-align: middle;\" width=\"178\">M\u00e9thode de mesure<\/th>\n<\/tr>\n<tr valign=\"top\">\n<td style=\"text-align: center; vertical-align: middle;\" width=\"98\">1<\/td>\n<td style=\"text-align: center; vertical-align: middle;\" width=\"314\">20 &#8211; 23 cm<\/td>\n<td style=\"text-align: center; vertical-align: middle;\" width=\"178\">1 \u2013 3 ans<\/td>\n<td style=\"text-align: center; vertical-align: middle;\" rowspan=\"2\" width=\"178\"><img loading=\"lazy\" src=\"https:\/\/fixcast.pl\/wp-content\/uploads\/2018\/07\/pomiar-kolano.png\" alt=\"M\u00e9thode de mesure\" width=\"148\" height=\"212\" class=\"aligncenter size-full wp-image-611\"><\/td>\n<\/tr>\n<tr valign=\"top\">\n<td style=\"text-align: center; vertical-align: middle;\" width=\"98\">2<\/td>\n<td style=\"text-align: center; vertical-align: middle;\" width=\"314\">23 &#8211; 27 cm<\/td>\n<td style=\"text-align: center; vertical-align: middle;\" width=\"178\">3 \u2013 7 ans<\/td>\n<\/tr>\n<\/tbody>\n<\/table>\n<p>Produit universel pour le genou droit et gauche.<\/p>\n<p>Longueur totale de l&rsquo;accolade:<br \/>\n1: 15 cm<br \/>\n2: 17 cm<\/p>\n<\/div>\n<\/div>\n<div class=\"half with-image\" style=\"background-image: url('https:\/\/fixcast.pl\/wp-content\/uploads\/2021\/05\/DSC_0060-1.jpg');\"><\/div>\n<\/div>\n<div class=\"row\">\n<div class=\"half descr\">\n<div class=\"half-content\">\n<h3>A&nbsp;TELECHARGER<\/h3>\n<ul class=\"pdf\">\n<li><a href=\"https:\/\/www.reh4mat.com\/deklaracje\/pl\/52.pdf\">D\u00e9claration de conformit\u00e9<\/a><\/li>\n<li><a href=\"https:\/\/fixcast.pl\/wp-content\/uploads\/2022\/06\/FIX-KD-18.pdf\">M\u00e9thode d&rsquo;application<\/a><\/li>\n<li><a href=\"https:\/\/reh4mat.com\/instrukcje\/45.pdf\">Mode d&#8217;emploi<\/a><\/li>\n<\/ul>\n<\/div>\n<\/div>\n<div class=\"half with-image\" style=\"background-image: url('https:\/\/fixcast.pl\/wp-content\/uploads\/2021\/05\/DSC_0057.jpg');\"><\/div>\n<\/div>\n<div class=\"clear\"><\/div>\n<\/div>\n","protected":false},"excerpt":{"rendered":"<h2>ATTELLE DE GENOU OUVERTE POUR LA STABILISATION DE LA ROTULE<\/h2>\n<p>La <strong>genouill\u00e8re FIX-KD-18<\/strong> soulage la rotule et stabilise l&#039;articulation f\u00e9moro-patellaire. Elle est id\u00e9al pour les tendons rotuliens douloureux.<\/p>\n","protected":false},"featured_media":9435,"comment_status":"open","ping_status":"closed","template":"","meta":[],"_links":{"self":[{"href":"https:\/\/fixcast.pl\/fr\/wp-json\/wp\/v2\/product\/4975"}],"collection":[{"href":"https:\/\/fixcast.pl\/fr\/wp-json\/wp\/v2\/product"}],"about":[{"href":"https:\/\/fixcast.pl\/fr\/wp-json\/wp\/v2\/types\/product"}],"replies":[{"embeddable":true,"href":"https:\/\/fixcast.pl\/fr\/wp-json\/wp\/v2\/comments?post=4975"}],"version-history":[{"count":10,"href":"https:\/\/fixcast.pl\/fr\/wp-json\/wp\/v2\/product\/4975\/revisions"}],"predecessor-version":[{"id":12268,"href":"https:\/\/fixcast.pl\/fr\/wp-json\/wp\/v2\/product\/4975\/revisions\/12268"}],"wp:featuredmedia":[{"embeddable":true,"href":"https:\/\/fixcast.pl\/fr\/wp-json\/wp\/v2\/media\/9435"}],"wp:attachment":[{"href":"https:\/\/fixcast.pl\/fr\/wp-json\/wp\/v2\/media?parent=4975"}],"curies":[{"name":"wp","href":"https:\/\/api.w.org\/{rel}","templated":true}]}}