{"id":4983,"date":"2021-04-14T08:55:39","date_gmt":"2021-08-18T11:26:14","guid":{"rendered":"https:\/\/fixcast.pl\/?post_type=product&#038;p=4983"},"modified":"2022-11-08T09:01:05","modified_gmt":"2022-11-08T08:01:05","slug":"fix-kd-30","status":"publish","type":"product","link":"https:\/\/fixcast.pl\/fr\/produit\/fix-kd-30\/","title":{"rendered":"FIX-KD-30"},"content":{"rendered":"<div class=\"description-tiles\">\n<div class=\"row\">\n<div class=\"half descr\">\n<div id=\"zalety\" class=\"half-content\">\n<h3>AVANTAGES PARTICULIERS<\/h3>\n<table class='zalety'><tbody><tr><td style='padding-right: 10px;'><img src='https:\/\/ortezydladzieci.pl\/wp-content\/uploads\/2017\/12\/orteza-kolana-150x150.png' class='alignleft size-thumbnail' alt='ORTHESE DU GENOU' width='70' height='70'\/><\/td><td style='width:100%;'><strong style='text-transform:uppercase;'>ORTHESE DU GENOU<\/strong><\/td><\/tr><tr><td style='padding-right: 10px;'><img src='https:\/\/ortezydladzieci.pl\/wp-content\/uploads\/2017\/12\/CLASS-1-MEDICAL-DEVICE-1-150x150.png' class='alignleft size-thumbnail' alt='PRODUIT MEDICAL DE CLASSE 1' width='70' height='70'\/><\/td><td style='width:100%;'><strong style='text-transform:uppercase;'>PRODUIT MEDICAL DE CLASSE 1<\/strong><\/td><\/tr><tr><td style='padding-right: 10px;'><img src='https:\/\/ortezydladzieci.pl\/wp-content\/uploads\/2017\/12\/ODDYCHAJACY-150x150.png' class='alignleft size-thumbnail' alt='RESPIRANT' width='70' height='70'\/><\/td><td style='width:100%;'><strong style='text-transform:uppercase;'>RESPIRANT<\/strong><\/td><\/tr><tr><td style='padding-right: 10px;'><img src='https:\/\/ortezydladzieci.pl\/wp-content\/uploads\/2017\/12\/24.png' class='alignleft size-thumbnail' alt='TH\u00c9RAPIE DE 24 HEURES' width='70' height='70'\/><\/td><td style='width:100%;'><strong style='text-transform:uppercase;'>TH\u00c9RAPIE DE 24 HEURES<\/strong><\/td><\/tr><tr><td style='padding-right: 10px;'><img src='https:\/\/ortezydladzieci.pl\/wp-content\/uploads\/2017\/12\/wodoodporny-150x150.png' class='alignleft size-thumbnail' alt='ETANCHE A L\u2019EAU' width='70' height='70'\/><\/td><td style='width:100%;'><strong style='text-transform:uppercase;'>ETANCHE A L\u2019EAU<\/strong><\/td><\/tr><tr><td style='padding-right: 10px;'><img src='https:\/\/fixcast.pl\/wp-content\/uploads\/2018\/07\/elast-150x150.png' class='alignleft size-thumbnail' alt='RAILS LAT\u00c9RAUX FLEXIBLES' width='70' height='70'\/><\/td><td style='width:100%;'><strong style='text-transform:uppercase;'>RAILS LAT\u00c9RAUX FLEXIBLES<\/strong><\/td><\/tr><\/tbody><\/table>\n<\/div>\n<\/div>\n<div class=\"half with-image\" style=\"background-image: url('https:\/\/fixcast.pl\/wp-content\/uploads\/2021\/04\/4T7A7446.jpg'); background-position: left;\"><\/div>\n<\/div>\n<div class=\"row\">\n<div class=\"half descr\">\n<div class=\"half-content\">\n<h3>BUT D\u2019UTILISATION<\/h3>\n<ul>\n<li>entorse\/dislocation de l&rsquo;articulation du genou;<\/li>\n<li>l&rsquo;instabilit\u00e9 du genou;<\/li>\n<li>dommages d\u00e9licats aux ligaments du genou LCA, LCL, MCL;<\/li>\n<li>surcharge du tendon de la rotule;<\/li>\n<li>luxation et l&rsquo;instabilit\u00e9 de la rotule;<\/li>\n<li>troubles de la sensation profonde (proprioception).<\/li>\n<\/ul>\n<\/div>\n<\/div>\n<div class=\"half with-image\" style=\"background-image: url('https:\/\/fixcast.pl\/wp-content\/uploads\/2021\/04\/DSC_0361.jpg');\"><\/div>\n<\/div>\n<div class=\"row\">\n<div class=\"half descr\">\n<div class=\"half-content\">\n<h3>COMMENT FONCTIONNE L&rsquo;ORTH\u00c8SE?<\/h3>\n<p>La genouill\u00e8re FIX-KD-30 pour enfants est fabriqu\u00e9e en n\u00e9opr\u00e8ne fin et color\u00e9 qui maintient une compression constante de l&rsquo;articulation. La structure ferm\u00e9e du produit assure une adh\u00e9rence parfaite au membre et a&nbsp;donc une fonction proprioceptive. L&rsquo;avant de l&rsquo;attelle est \u00e9quip\u00e9 d&rsquo;un anneau p\u00e9riarticulaire sp\u00e9cialis\u00e9, qui stabilise parfaitement la rotule et emp\u00eache sa luxation. En outre, l&rsquo;anneau maintient la rotule align\u00e9e avec l&rsquo;articulation du genou, ce qui rend son fonctionnement souple et indolore. De plus, l&rsquo;orth\u00e8se est \u00e9quip\u00e9e de baleines \u00e9lastiques sur les c\u00f4t\u00e9s qui stabilisent encore plus l&rsquo;articulation du genou. Deux sangles suppl\u00e9mentaires \u00e0 l&rsquo;avant \u00e9vitent les blessures aux ligaments du genou et stabilisent encore plus le produit sur le membre.<\/p>\n<p>En assurant une compression constante, notre orth\u00e8se maintient une correcte temp\u00e9rature du corps, ce qui r\u00e9duit la douleur et acc\u00e9l\u00e8re le processus de gu\u00e9rison apr\u00e8s une l\u00e9sion des tissus mous.<\/p>\n<p>Le produit est fabriqu\u00e9 en mat\u00e9riau <strong>AeroSpace&trade;<\/strong><\/p>\n<p><a data-rel='lightbox' href='https:\/\/www.reh4mat.com\/uploads\/2021\/04\/AERO-SPACE-I-1190x630.png'><img src='https:\/\/www.reh4mat.com\/uploads\/2021\/04\/AERO-SPACE-I-1190x630.png' alt='' title='' class='aligncenter size-large' width='1024' height='542'><\/a><\/p>\n<p><strong>AeroSpace\u2122<\/strong> est une mati\u00e8re premi\u00e8re innovante de nouvelle g\u00e9n\u00e9ration. Il s&#039;agit d&#039;un tricot \u00e9lastique \u00e0 espacement 3D compos\u00e9 de deux couches de parements et d&#039;entrelacs qui cr\u00e9ent la bonne \u00e9paisseur de la mati\u00e8re premi\u00e8re et pr\u00e9sentent des propri\u00e9t\u00e9s d&#039;all\u00e8gement de la pression. Le tissu tricot\u00e9 est compos\u00e9 de fils de polyester de premi\u00e8re qualit\u00e9 qui garantissent une r\u00e9sistance m\u00e9canique \u00e9lev\u00e9e et de spandex qui assure sa flexibilit\u00e9. Cette mati\u00e8re premi\u00e8re se caract\u00e9rise par un poids tr\u00e8s faible, une grande \u00e9lasticit\u00e9 et une construction ajour\u00e9e, permettant d&#039;\u00e9vacuer tr\u00e8s facilement la transpiration du corps et d&#039;alimenter la peau en air frais. Les produits fabriqu\u00e9s dans ce mat\u00e9riau sont neutres pour l&#039;articulation prot\u00e9g\u00e9e, ils ne la r\u00e9chauffent ni ne la refroidissent, mais ils assurent sa bonne compression et son ajustement et r\u00e9duisent les vibrations musculaires survenant lors d&#039;un effort physique. Son \u00e9paisseur et sa structure 3D soulagent parfaitement la charge des attelles, baleines en acier ou orthop\u00e9diques install\u00e9es sur le produit et garantissent une douceur velout\u00e9e au toucher.<\/p>\n<\/div>\n<\/div>\n<div class=\"half with-image\" style=\"background-image: url('https:\/\/fixcast.pl\/wp-content\/uploads\/2021\/04\/4T7A7332.jpg');\"><\/div>\n<\/div>\n<div class=\"row\">\n<div class=\"half descr\">\n<div class=\"half-content\">\n<h3>TABLEAU DES TAILLES<\/h3>\n<table cellspacing=\"0\" cellpadding=\"4\">\n<thead>\n<tr>\n<th>Taille<\/th>\n<th>Tour de genou<\/th>\n<th>M\u00e9thode de mesure<\/th>\n<\/tr>\n<\/thead>\n<tbody>\n<tr>\n<td width=\"68\">1<\/td>\n<td>19 &#8211; 21 cm<\/td>\n<td rowspan=\"7\"><img loading=\"lazy\" src=\"https:\/\/fixcast.pl\/wp-content\/uploads\/2018\/07\/pomiar-kolano.png\" alt=\"M\u00e9thode de mesure\" width=\"148\" height=\"212\" class=\"aligncenter size-full wp-image-611\" \/><\/td>\n<\/tr>\n<tr>\n<td>2<\/td>\n<td>21,5 &#8211; 23,5 cm<\/td>\n<\/tr>\n<tr>\n<td>3<\/td>\n<td>24 &#8211; 26 cm<\/td>\n<\/tr>\n<tr>\n<td>4<\/td>\n<td>26,5 &#8211; 28,5 cm<\/td>\n<\/tr>\n<tr>\n<td>5<\/td>\n<td>29 &#8211; 31 cm<\/td>\n<\/tr>\n<tr>\n<td>6<\/td>\n<td>31,5 &#8211; 33,5 cm<\/td>\n<\/tr>\n<tr>\n<td>7<\/td>\n<td>34 &#8211; 36 cm<\/td>\n<\/tr>\n<\/tbody>\n<\/table>\n<p><strong>Produit universel pour le genou droit et gauche.<\/strong><\/p>\n<p><strong>Longueur totale de l&rsquo;orth\u00e8se:<\/strong><br \/>\n1&nbsp;: 18 cm<br \/>\n2&nbsp;: 19 cm<br \/>\n3&nbsp;: 21 cm<br \/>\n4&nbsp;: 23 cm<br \/>\n5&nbsp;: 23 cm<br \/>\n6&nbsp;: 24 cm<br \/>\n7&nbsp;: 24 cm<\/p>\n<h3>A&nbsp;TELECHARGER<\/h3>\n<ul class=\"pdf\">\n\t<!--\n\n<li><a href=\"\">Deklaracja zgodno\u015bci<\/a><\/li>\n\n--><\/p>\n<li><a href=\"https:\/\/fixcast.pl\/wp-content\/uploads\/2021\/04\/FIX-KD-30.pdf\">M\u00e9thode d&rsquo;application<\/a><\/li>\n<li><a href=\"http:\/\/reh4mat.com\/instrukcje\/45.pdf\">Instructions<\/a><\/li>\n<\/ul>\n<\/div>\n<\/div>\n<div class=\"half with-image\" style=\"background-image: url('https:\/\/fixcast.pl\/wp-content\/uploads\/2021\/04\/DSC_0348.jpg');\"><\/div>\n<\/div>\n<div class=\"row\">\n<div class=\"half descr\">\n<div class=\"half-content\">\n<p>Nos baleines orthop\u00e9diques sont constitu\u00e9es d&#039;un fil m\u00e9tallique fin, enroul\u00e9 en forme de ressort et aplati. Nous utilisons des baleines de diff\u00e9rentes largeurs et \u00e9paisseurs de fil qui d\u00e9terminent la force de leur stabilisation. Chaque baleine est munie de deux raccords de forme sp\u00e9ciale pour \u00e9viter d&#039;endommager l&#039;orth\u00e8se. Les baleines sont prot\u00e9g\u00e9es contre la corrosion par le processus de galvanisation, elles sont donc r\u00e9sistantes \u00e0 l&#039;eau, \u00e0 l&#039;humidit\u00e9 et \u00e0 la sueur. Les produits qui en sont \u00e9quip\u00e9s peuvent \u00eatre lav\u00e9s sans les retirer de l&#039;orth\u00e8se. Nos baleines orthop\u00e9diques fonctionnent dans toutes les directions, s&#039;adaptant parfaitement au corps de l&#039;utilisateur et elles ont une m\u00e9moire de forme, gr\u00e2ce \u00e0 laquelle elles retrouvent toujours leur forme initiale. Cette fonction fait que les baleines de l&#039;orth\u00e8se stabilisent le membre gonfl\u00e9 de la m\u00eame mani\u00e8re directement apr\u00e8s la blessure qu&#039;apr\u00e8s la r\u00e9sorption du gonflement.<\/p>\r\n\r\n\r\n<a class=\"lightbox\" data-rel=\"lightbox\" title =\"Baleines en spirale\" href=\"https:\/\/www.reh4mat.com\/uploads\/2019\/03\/DSC_0279.jpg\"><img src=\"https:\/\/www.reh4mat.com\/uploads\/2019\/03\/DSC_0279-630x475.jpg\" alt=\"\" title=\"Baleines en spirale\" width=\"630\" height=\"475\" class=\"aligncenter size-large wp-image-107472\" \/><\/a>\n<\/div>\n<\/div>\n<div class=\"half descr\">\n<div class=\"half-content\">\n<p><a href=\"https:\/\/fixcast.pl\/wp-content\/uploads\/2021\/04\/DSC_0349_fr.jpg\" data-rel=\"lightbox-0\" title=\"\"><img loading=\"lazy\" src=\"https:\/\/fixcast.pl\/wp-content\/uploads\/2021\/04\/DSC_0349_fr-1024x431.jpg\" alt=\"FIX-KD-30\" width=\"1024\" height=\"431\" class=\"aligncenter size-large wp-image-9500\" srcset=\"https:\/\/fixcast.pl\/wp-content\/uploads\/2021\/04\/DSC_0349_fr-1024x431.jpg 1024w, https:\/\/fixcast.pl\/wp-content\/uploads\/2021\/04\/DSC_0349_fr-300x126.jpg 300w, https:\/\/fixcast.pl\/wp-content\/uploads\/2021\/04\/DSC_0349_fr-768x323.jpg 768w, https:\/\/fixcast.pl\/wp-content\/uploads\/2021\/04\/DSC_0349_fr.jpg 1568w\" sizes=\"(max-width: 1024px) 100vw, 1024px\" \/><\/a><\/p>\n<\/div>\n<\/div>\n<\/div>\n<div class=\"clear\"><\/div>\n<\/div>\n","protected":false},"excerpt":{"rendered":"<p><strong>GENOUILL\u00c8RE FERM\u00c9E POUR ENFANTS<\/strong><\/p>\n<p>La <strong>genouill\u00e8re pour enfants FIX-KD-30<\/strong> est une solution parfaite en cas de n\u00e9cessit\u00e9 d&#039;immobilisation de l&#039;articulation du genou.<\/p>\n","protected":false},"featured_media":9480,"comment_status":"open","ping_status":"closed","template":"","meta":[],"_links":{"self":[{"href":"https:\/\/fixcast.pl\/fr\/wp-json\/wp\/v2\/product\/4983"}],"collection":[{"href":"https:\/\/fixcast.pl\/fr\/wp-json\/wp\/v2\/product"}],"about":[{"href":"https:\/\/fixcast.pl\/fr\/wp-json\/wp\/v2\/types\/product"}],"replies":[{"embeddable":true,"href":"https:\/\/fixcast.pl\/fr\/wp-json\/wp\/v2\/comments?post=4983"}],"version-history":[{"count":5,"href":"https:\/\/fixcast.pl\/fr\/wp-json\/wp\/v2\/product\/4983\/revisions"}],"predecessor-version":[{"id":11333,"href":"https:\/\/fixcast.pl\/fr\/wp-json\/wp\/v2\/product\/4983\/revisions\/11333"}],"wp:featuredmedia":[{"embeddable":true,"href":"https:\/\/fixcast.pl\/fr\/wp-json\/wp\/v2\/media\/9480"}],"wp:attachment":[{"href":"https:\/\/fixcast.pl\/fr\/wp-json\/wp\/v2\/media?parent=4983"}],"curies":[{"name":"wp","href":"https:\/\/api.w.org\/{rel}","templated":true}]}}