{"id":4994,"date":"2021-03-25T08:46:44","date_gmt":"2021-08-18T12:16:44","guid":{"rendered":"https:\/\/fixcast.pl\/?post_type=product&#038;p=4994"},"modified":"2023-06-23T10:28:02","modified_gmt":"2023-06-23T08:28:02","slug":"fix-kd-31","status":"publish","type":"product","link":"https:\/\/fixcast.pl\/fr\/produit\/fix-kd-31\/","title":{"rendered":"FIX-KD-31"},"content":{"rendered":"<div class=\"description-tiles\">\n<div class=\"row\">\n<div class=\"half descr\">\n<div id=\"zalety\" class=\"half-content\">\n<h3>AVANTAGES PARTICULIERS<\/h3>\n<table class='zalety'><tbody><tr><td style='padding-right: 10px;'><img src='https:\/\/ortezydladzieci.pl\/wp-content\/uploads\/2017\/12\/orteza-kolana-150x150.png' class='alignleft size-thumbnail' alt='ORTHESE DU GENOU' width='70' height='70'\/><\/td><td style='width:100%;'><strong style='text-transform:uppercase;'>ORTHESE DU GENOU<\/strong><\/td><\/tr><tr><td style='padding-right: 10px;'><img src='https:\/\/ortezydladzieci.pl\/wp-content\/uploads\/2017\/12\/CLASS-1-MEDICAL-DEVICE-1-150x150.png' class='alignleft size-thumbnail' alt='PRODUIT MEDICAL DE CLASSE 1' width='70' height='70'\/><\/td><td style='width:100%;'><strong style='text-transform:uppercase;'>PRODUIT MEDICAL DE CLASSE 1<\/strong><\/td><\/tr><tr><td style='padding-right: 10px;'><img src='https:\/\/ortezydladzieci.pl\/wp-content\/uploads\/2017\/12\/ODDYCHAJACY-150x150.png' class='alignleft size-thumbnail' alt='RESPIRANT' width='70' height='70'\/><\/td><td style='width:100%;'><strong style='text-transform:uppercase;'>RESPIRANT<\/strong><\/td><\/tr><tr><td style='padding-right: 10px;'><img src='https:\/\/ortezydladzieci.pl\/wp-content\/uploads\/2017\/12\/24.png' class='alignleft size-thumbnail' alt='TH\u00c9RAPIE DE 24 HEURES' width='70' height='70'\/><\/td><td style='width:100%;'><strong style='text-transform:uppercase;'>TH\u00c9RAPIE DE 24 HEURES<\/strong><\/td><\/tr><tr><td style='padding-right: 10px;'><img src='https:\/\/fixcast.pl\/wp-content\/uploads\/2018\/07\/Szyna-magnetyczna-1R-orthodesign-150x150.png' class='alignleft size-thumbnail' alt='ATTELLE MAGN\u00c9TIQUE 1R ORTHODESIGN' width='70' height='70'\/><\/td><td style='width:100%;'><strong style='text-transform:uppercase;'>ATTELLE MAGN\u00c9TIQUE 1R ORTHODESIGN<\/strong><\/td><\/tr><tr><td style='padding-right: 10px;'><img src='https:\/\/ortezydladzieci.pl\/wp-content\/uploads\/2017\/12\/alternatywa-gipsu.png' class='alignleft size-thumbnail' alt='ALTERNATIVE AU PL\u00c2TRE' width='70' height='70'\/><\/td><td style='width:100%;'><strong style='text-transform:uppercase;'>ALTERNATIVE AU PL\u00c2TRE<\/strong><\/td><\/tr><\/tbody><\/table>\n<\/div>\n<\/div>\n<div class=\"half with-image\" style=\"background-image: url('https:\/\/fixcast.pl\/wp-content\/uploads\/2021\/03\/DSC_0450-2.jpg');\"><\/div>\n<\/div>\n<div class=\"row\">\n<div class=\"half descr\">\n<div class=\"half-content\">\n<h3>BUT D\u2019UTILISATION<\/h3>\n<ul>\n<li>entorses de l&rsquo;articulation du genou<\/li>\n<li>instabilit\u00e9 du genou<\/li>\n<li>l\u00e9sions ligamentaires du genou LCL, MCL et ACL<\/li>\n<li>l\u00e9sions du m\u00e9nisque<\/li>\n<li>surcharge du tendon de la rotule<\/li>\n<li>maladie d&rsquo;Osgood-Schlatter<\/li>\n<li>maladie de Sinding-Larsen-Johansson<\/li>\n<li>polyarthrite rhumato\u00efde juv\u00e9nile<\/li>\n<li>ost\u00e9oarthrite non sp\u00e9cifique<\/li>\n<li>n\u00e9crose osseuse<\/li>\n<li>reconstruction du ligament du genou<\/li>\n<li>autres interventions chirurgicales sur le genou<\/li>\n<\/ul>\n<\/div>\n<\/div>\n<div class=\"half with-image\" style=\"background-image: url('https:\/\/fixcast.pl\/wp-content\/uploads\/2021\/03\/DSC_0482-1.jpg');\"><\/div>\n<\/div>\n<div class=\"row\">\n<div class=\"half descr\">\n<div class=\"half-content\">\n<h3>QU&rsquo;EST-CE QU&rsquo;UNE L\u00c9SION DU LIGAMENT CROIS\u00c9 ANT\u00c9RIEUR (LCA)?<\/h3>\n<p>Au cours des derni\u00e8res ann\u00e9es, on a&nbsp;constat\u00e9 une augmentation significative du nombre de blessures du LCA diagnostiqu\u00e9es chez les jeunes athl\u00e8tes. Cette \u00e9volution s&rsquo;explique principalement par la participation accrue des enfants au sport et aux formations connexes, ainsi que par la plus grande accessibilit\u00e9 des jeunes aux sp\u00e9cialistes de la m\u00e9decine sportive et aux examens d&rsquo;imagerie. Les blessures du ligament crois\u00e9 ant\u00e9rieur touchent le plus souvent les filles, en raison de la plus petite taille du ligament lui-m\u00eame et de sa moindre r\u00e9sistance.<\/p>\n<p><a href=\"https:\/\/orthochild.com\/wp-content\/uploads\/2018\/02\/acl-eng.jpg\" data-rel=\"lightbox-0\" title=\"\"><img loading=\"lazy\" class=\"aligncenter size-medium wp-image-1606\" src=\"https:\/\/orthochild.com\/wp-content\/uploads\/2018\/02\/acl-eng-291x300.jpg\" alt=\"ACL injuries\" width=\"291\" height=\"300\" \/><\/a><\/p>\n<p>Les l\u00e9sions du ligament crois\u00e9 ant\u00e9rieur sont g\u00e9n\u00e9ralement associ\u00e9es \u00e0 des l\u00e9sions soudaines du genou, notamment des m\u00e9nisques, et immobilisent l&rsquo;enfant pendant des semaines, voire des mois. L&rsquo;insuffisance chronique du LCA entra\u00eene une instabilit\u00e9 fonctionnelle de l&rsquo;articulation du genou chez l&rsquo;enfant. Le traitement d&rsquo;un ligament crois\u00e9 ant\u00e9rieur endommag\u00e9 peut \u00eatre effectu\u00e9 de deux mani\u00e8res&nbsp;: de mani\u00e8re conservatrice, lorsque l&rsquo;enfant n&rsquo;a pas encore atteint la maturit\u00e9 squelettique, et de mani\u00e8re chirurgicale, lorsque le traitement conservateur n&rsquo;a pas \u00e9t\u00e9 couronn\u00e9 de succ\u00e8s ou que le dommage concerne non seulement le ligament lui-m\u00eame, mais aussi le m\u00e9nisque. Dans le premier et le second cas, il sera n\u00e9cessaire d&rsquo;immobiliser et de stabiliser l&rsquo;articulation touch\u00e9e. \u00c0 cet effet, notre <strong>orth\u00e8se FIX-KD-31 pour enfants<\/strong> est id\u00e9ale, car elle permet de r\u00e9gler la mobilit\u00e9 de l&rsquo;articulation par paliers de 15\u00b0.<\/p>\n<\/div>\n<\/div>\n<div class=\"half with-image\" style=\"background-image: url('https:\/\/fixcast.pl\/wp-content\/uploads\/2021\/03\/DSC_0483-2.jpg');\"><\/div>\n<\/div>\n<div class=\"row\">\n<div class=\"half descr\">\n<div class=\"half-content\">\n<h3>COMMENT FONCTIONNE L&rsquo;ORTH\u00c8SE FIX-KD-31 POUR ENFANTS?<\/h3>\n<p>La <strong>genouill\u00e8re FIX-KD-31<\/strong> pour enfants r\u00e9pond parfaitement \u00e0 la n\u00e9cessit\u00e9 d&rsquo;immobiliser l&rsquo;articulation du genou et d&rsquo;assurer une stabilisation lat\u00e9rale. L&rsquo;orth\u00e8se est \u00e9quip\u00e9e d&rsquo;une horloge innovante qui permet de r\u00e9gler la flexion et l&rsquo;extension du genou par incr\u00e9ments de 15\u00b0, assurant ainsi une mobilit\u00e9 limit\u00e9e ou une immobilisation totale de l&rsquo;articulation selon les besoins. Notre genouill\u00e8re pour enfants a&nbsp;\u00e9t\u00e9 fabriqu\u00e9e avec le plus grand soin, garantissant le confort et la s\u00e9curit\u00e9 de votre enfant.<\/p>\n<\/div>\n<\/div>\n<div class=\"half with-image\" style=\"background-image: url('https:\/\/fixcast.pl\/wp-content\/uploads\/2021\/03\/DSC_0461-1.jpg');\"><\/div>\n<\/div>\n<div class=\"row\">\n<div class=\"half descr\">\n<div class=\"half-content\">\n<p>Le produit est enti\u00e8rement fabriqu\u00e9 en mat\u00e9riau innovant de nouvelle g\u00e9n\u00e9ration <strong>AeroSpace\u2122<\/strong>.<\/p>\n<p><a data-rel='lightbox' href='https:\/\/www.reh4mat.com\/uploads\/2021\/04\/AERO-SPACE-I-1190x630.png'><img src='https:\/\/www.reh4mat.com\/uploads\/2021\/04\/AERO-SPACE-I-1190x630.png' alt='' title='' class='aligncenter size-large' width='1024' height='542'><\/a><\/p>\n<p><strong>AeroSpace\u2122<\/strong> est une mati\u00e8re premi\u00e8re innovante de nouvelle g\u00e9n\u00e9ration. Il s&#039;agit d&#039;un tricot \u00e9lastique \u00e0 espacement 3D compos\u00e9 de deux couches de parements et d&#039;entrelacs qui cr\u00e9ent la bonne \u00e9paisseur de la mati\u00e8re premi\u00e8re et pr\u00e9sentent des propri\u00e9t\u00e9s d&#039;all\u00e8gement de la pression. Le tissu tricot\u00e9 est compos\u00e9 de fils de polyester de premi\u00e8re qualit\u00e9 qui garantissent une r\u00e9sistance m\u00e9canique \u00e9lev\u00e9e et de spandex qui assure sa flexibilit\u00e9. Cette mati\u00e8re premi\u00e8re se caract\u00e9rise par un poids tr\u00e8s faible, une grande \u00e9lasticit\u00e9 et une construction ajour\u00e9e, permettant d&#039;\u00e9vacuer tr\u00e8s facilement la transpiration du corps et d&#039;alimenter la peau en air frais. Les produits fabriqu\u00e9s dans ce mat\u00e9riau sont neutres pour l&#039;articulation prot\u00e9g\u00e9e, ils ne la r\u00e9chauffent ni ne la refroidissent, mais ils assurent sa bonne compression et son ajustement et r\u00e9duisent les vibrations musculaires survenant lors d&#039;un effort physique. Son \u00e9paisseur et sa structure 3D soulagent parfaitement la charge des attelles, baleines en acier ou orthop\u00e9diques install\u00e9es sur le produit et garantissent une douceur velout\u00e9e au toucher.<\/p>\n<\/div>\n<\/div>\n<div class=\"half with-image\" style=\"background-image: url('https:\/\/fixcast.pl\/wp-content\/uploads\/2021\/03\/DSC_0502.jpg');\"><\/div>\n<\/div>\n<div class=\"row\">\n<div class=\"half descr\">\n<div class=\"half-content\">\n<p>Notre <strong>genouill\u00e8re FIX-KD-31<\/strong> pour enfants est de conception ferm\u00e9e, ce qui signifie que la stabilisation du genou est plus pr\u00e9cise que dans n&rsquo;importe quelle orth\u00e8se de conception ouverte, et l&rsquo;orth\u00e8se elle-m\u00eame peut \u00eatre utilis\u00e9e \u00e0 la place d&rsquo;un pl\u00e2tre traditionnel et lourd. Malgr\u00e9 sa conception ferm\u00e9e, la partie sup\u00e9rieure de l&rsquo;attelle est dot\u00e9e d&rsquo;une bande Velcro amovible, qui permet \u00e0 l&rsquo;enfant de mettre plus facilement l&rsquo;attelle sur la jambe, par exemple en cas de gonflement important de l&rsquo;articulation du genou ou de contusions des muscles de la cuisse.<\/p>\n<p>La conception ferm\u00e9e de l&rsquo;<strong>attelle de genou FIX-KD-31<\/strong> permet \u00e9galement l&rsquo;utilisation d&rsquo;un anneau p\u00e9riarticulaire sp\u00e9cial. Cet anneau a&nbsp;une forme anatomique qui \u00ab\u00a0enveloppe\u00a0\u00bb la rotule, assurant son bon fonctionnement axial et la prot\u00e9geant contre la luxation. En outre, le maintien de l&rsquo;alignement de la rotule soulage la pression exerc\u00e9e sur l&rsquo;articulation f\u00e9moro-patellaire et le ligament patellaire, ce qui permet de pr\u00e9venir les pincements et la chondromalacie.<\/p>\n<\/div>\n<\/div>\n<div class=\"half with-image\" style=\"background-image: url('https:\/\/fixcast.pl\/wp-content\/uploads\/2021\/03\/DSC_0495.jpg');\"><\/div>\n<\/div>\n<div class=\"row\">\n<div class=\"half descr\">\n<div class=\"half-content\">\n<p>Notre genouill\u00e8re est dot\u00e9e de deux sangles circonf\u00e9rentielles avant et arri\u00e8re qui stabilisent davantage le produit sur le membre, l&#8217;emp\u00eachant de glisser et de se tordre m\u00eame pendant l&rsquo;activit\u00e9 intense de votre enfant.<\/p>\n<p>Notre <strong>orth\u00e8se du genou pour enfants FIX-KD-31<\/strong> stabilise parfaitement l&rsquo;articulation du genou sur le plan frontal, offrant un soutien m\u00eame en cas de forte instabilit\u00e9. L&rsquo;anneau p\u00e9riarticulaire maintient la rotule dans l&rsquo;axe de l&rsquo;articulation, soulageant ainsi le tendon rotulien et r\u00e9duisant la pression associ\u00e9e \u00e0 la maladie d&rsquo;Osgood-Schlatter, tr\u00e8s r\u00e9pandue chez les jeunes athl\u00e8tes. En cas de l\u00e9sion ligamentaire et de n\u00e9cessit\u00e9 d&rsquo;immobilisation soudaine de l&rsquo;articulation, l&rsquo;orth\u00e8se permet de r\u00e9gler les horloges \u00e0 0\u00b0. Cependant, \u00e0 mesure que le traitement progresse et que l&rsquo;amplitude de la mobilit\u00e9 augmente, les horloges de l&rsquo;orth\u00e8se permettent de r\u00e9gler l&rsquo;angle de flexion souhait\u00e9, ce qui permet aux ligaments de se reconstituer. La doublure en coton de l&rsquo;orth\u00e8se enveloppe la peau de l&rsquo;enfant, lui procurant confort et plaisir au toucher. Le mat\u00e9riau de l&rsquo;attelle permet de ventiler l&rsquo;articulation de l&rsquo;enfant et de maintenir la temp\u00e9rature corporelle optimale n\u00e9cessaire pour absorber les exsudats et r\u00e9duire l&rsquo;inflammation.<\/p>\n<p>Notre <strong>genouill\u00e8re p\u00e9diatrique FIX-KD-31<\/strong> est le meilleur choix pour votre enfant pour le traitement et la pr\u00e9vention des blessures de l&rsquo;articulation du genou.<\/p>\n<\/div>\n<\/div>\n<div class=\"half with-image\" style=\"background-image: url('https:\/\/fixcast.pl\/wp-content\/uploads\/2021\/03\/DSC_0457.jpg');\"><\/div>\n<\/div>\n<div class=\"row\">\n<div class=\"half descr\">\n<div class=\"half-content\">\n<h3>TABLEAU DES TAILLES<\/h3>\n<table border=\"0\" cellspacing=\"0\">\n<thead>\n<tr>\n<th style=\"text-align: center;\">Taille<\/th>\n<th style=\"text-align: center;\">Circonf\u00e9rence du genou<\/th>\n<th style=\"text-align: center;\">Adapt\u00e9e \u00e0 l&rsquo;\u00e2ge<\/th>\n<th style=\"text-align: center;\">M\u00e9thode de mesure<\/th>\n<\/tr>\n<\/thead>\n<colgroup width=\"100\"><\/colgroup>\n<colgroup width=\"150\"><\/colgroup>\n<colgroup width=\"150\"><\/colgroup>\n<tbody>\n<tr>\n<td style=\"height: 50px; text-align: center;\">1<\/td>\n<td style=\"height: 50px; text-align: center;\">23-26 cm<\/td>\n<td style=\"height: 50px; text-align: center;\">2 \u2013 5 ans<\/td>\n<td style=\"text-align: center;\" rowspan=\"3\"><img loading=\"lazy\" class=\"aligncenter wp-image-7831\" title=\"M\u00e9thode de mesure\" src=\"https:\/\/reh4mat.com\/uploads\/2012\/09\/kolano-.png\" alt=\"M\u00e9thode de mesure\" width=\"150\" height=\"150\" \/><\/td>\n<\/tr>\n<tr>\n<td style=\"height: 50px; text-align: center;\">2<\/td>\n<td style=\"height: 50px; text-align: center;\">26-29 cm<\/td>\n<td style=\"height: 50px; text-align: center;\">5 \u2013 8 ans<\/td>\n<\/tr>\n<tr>\n<td style=\"height: 50px; text-align: center;\">3<\/td>\n<td style=\"height: 50px; text-align: center;\">29-33 cm<\/td>\n<td style=\"height: 50px; text-align: center;\">8 \u2013 12 ans<\/td>\n<\/tr>\n<\/tbody>\n<\/table>\n<p>Produit universel pour le genou droit et gauche.<\/p>\n<p>Longueur totale de l&rsquo;orth\u00e8se:<br \/>\n1&nbsp;: 26 cm<br \/>\n2&nbsp;: 28 cm<br \/>\n3&nbsp;: 28 cm<\/p>\n<\/div>\n<\/div>\n<div class=\"half with-image\" style=\"background-image: url('https:\/\/fixcast.pl\/wp-content\/uploads\/2021\/03\/DSC_0478.jpg');\"><\/div>\n<\/div>\n<div class=\"row\">\n<div class=\"half descr\">\n<div class=\"half-content\">\n<p>Les attelles lat\u00e9rales en aluminium utilis\u00e9es dans l&rsquo;orth\u00e8se stabilisent parfaitement le genou sur le plan frontal et r\u00e9duisent les sympt\u00f4mes d&rsquo;instabilit\u00e9 du genou. La forme anatomique des attelles permet de soulager toutes les pro\u00e9minences osseuses de l&rsquo;articulation, comme les condyles. Les attelles sont fabriqu\u00e9es avec des mat\u00e9riaux de la plus haute qualit\u00e9, ce qui r\u00e9duit leur poids au minimum.<\/p>\nSzyna ortopedyczna 1R orthodesign, to nowatorskie podej\u015bcie do tematyki szyn ortopedycznych z\u00a0regulacj\u0105 k\u0105ta zgi\u0119cia i wyprostu. Innowacyjno\u015b\u0107 szyny polega na tym, \u017ce w zegarze o \u015brednicy nie przekraczaj\u0105cej 30 mm, zastosowali\u015bmy regulacj\u0119 k\u0105ta zgi\u0119cia i wyprostu co 15 stopni. Dodatkowym atutem szyny jest to, \u017ce regulacja odbywa si\u0119 nie przy u\u017cyciu wkr\u0119t\u00f3w imbusowych, jak to si\u0119 odbywa\u0142o w poprzedniej generacji szyny, lecz za pomoc\u0105 wk\u0142adanych stalowych nit\u00f3w, kt\u00f3re dla u\u0142atwienia wyjmowane s\u0105 z\u00a0gniazd k\u0105towych przy u\u017cyciu za\u0142\u0105czonego do szyn magnesu. Wisienk\u0105 na torcie jest pier\u015bcie\u0144 blokuj\u0105cy, kt\u00f3ry dzi\u0119ki systemowi zapadkowemu nie pozwoli na samoczynne przestawienie si\u0119 wcze\u015bniej ustawionego k\u0105ta. W ortezach kolana szyny maj\u0105 odsadzenie goleniowe, co pozwala na bardziej precyzyjne dopasowanie ortezy kolana, a co za tym idzie dok\u0142adniej realizuj\u0105 regulacj\u0119 ruchomo\u015bci stawu, w pozosta\u0142ych wyrobach za\u015b, ortezy maj\u0105 form\u0119 prost\u0105. Od spodniej strony zegara zamontowano owalny element do kt\u00f3rego doklejono gripper niezb\u0119dny do przymocowania do zegara mi\u0119kkich poduszek bocznych 3D. Szyny te, przy u\u017cyciu klucza ortopedycznego b\u0119d\u0105cego w ofercie Reh4Mat, mog\u0105 by\u0107 w niekt\u00f3rych przypadkach indywidualnie dopasowane do kszta\u0142tu ko\u0144czyny pacjenta, poprzez ich lekkie dogi\u0119cie.\r\n\r\n<a href=\"https:\/\/www.reh4mat.com\/uploads\/2021\/12\/Szyna-1R-dziecieca-1.jpg\"><\/a>\r\n\r\n\r\n\t<a href=\"https:\/\/www.reh4mat.com\/instrukcje\/szyny\/SZYNA%201R%20ORTHODESIGN%20PEDIATRYCZNA.pdf\">Pobierz instrukcj\u0119 regulacji szyny 1R orthodesign<\/a>\r\n\n<p><a href=\"https:\/\/fixcast.pl\/wp-content\/uploads\/2021\/03\/DSC_0444_fr.jpg\" data-rel=\"lightbox-1\" title=\"\"><img loading=\"lazy\" src=\"https:\/\/fixcast.pl\/wp-content\/uploads\/2021\/03\/DSC_0444_fr-1024x616.jpg\" alt=\"FIX-KD-31\" width=\"1024\" height=\"616\" class=\"aligncenter size-large wp-image-9603\" srcset=\"https:\/\/fixcast.pl\/wp-content\/uploads\/2021\/03\/DSC_0444_fr-1024x616.jpg 1024w, https:\/\/fixcast.pl\/wp-content\/uploads\/2021\/03\/DSC_0444_fr-300x181.jpg 300w, https:\/\/fixcast.pl\/wp-content\/uploads\/2021\/03\/DSC_0444_fr-768x462.jpg 768w, https:\/\/fixcast.pl\/wp-content\/uploads\/2021\/03\/DSC_0444_fr.jpg 1597w\" sizes=\"(max-width: 1024px) 100vw, 1024px\" \/><\/a><\/p>\n<\/div>\n<\/div>\n<div class=\"half with-image\" style=\"background-image: url('https:\/\/fixcast.pl\/wp-content\/uploads\/2021\/03\/DSC_0465-1.jpg');\"><\/div>\n<\/div>\n<div class=\"row\">\n<div class=\"half descr\">\n<div class=\"half-content\">\n<h3>A&nbsp;T\u00c9L\u00c9CHARGER<\/h3>\n<ul class=\"pdf\">\n<li><a href=\"https:\/\/reh4mat.com\/deklaracje\/pl\/98.pdf\">D\u00e9claration de conformit\u00e9<\/a><\/li>\n<li><a href=\"https:\/\/reh4mat.com\/instrukcje\/45.pdf\">Mode d&#8217;emploi<\/a><\/li>\n<li><a href=\"https:\/\/fixcast.pl\/wp-content\/uploads\/2021\/03\/FIX-KD-31-1.pdf\">M\u00e9thode d&rsquo;application<\/a><\/li>\n<\/ul>\n<\/div>\n<\/div>\n<div class=\"half with-image\" style=\"background-image: url('https:\/\/fixcast.pl\/wp-content\/uploads\/2021\/03\/DSC_0454-1.jpg');\"><\/div>\n<\/div>\n<div class=\"row\">\n<div class=\"half descr\">\n<div class=\"half-content\">\n<h3>Accessoires \u00e0 utiliser avec ce produit&nbsp;:<\/h3>\n<p><div style=\"width: 220px\" class=\"wp-caption alignleft\"><a href=\"https:\/\/www.reh4mat.com\/fr\/produkt\/autres\/outil-de-pliage-d-attelles\/\"><img loading=\"lazy\" src=\"https:\/\/www.reh4mat.com\/uploads\/2021\/11\/KLUCZ-DO-GIECIA-SZYN.png\" alt=\"Outil de pliage d\u2019attelles\" width=\"200\" height=\"200\" class=\"size-thumb\" style=\"border: 3px dashed; #6DCDD2; border-radius: 50%; padding: 10px;\" \/><p class=\"wp-caption-text\">OUTIL DE PLIAGE D\u2019ATTELLES<\/a><\/p><\/div>\n<\/div>\n<\/div>\n<div class=\"half with-image\"><\/div>\n<\/div>\n<div class=\"clear\"><\/div>\n<\/div>\n","protected":false},"excerpt":{"rendered":"<p><strong>GENOUILL\u00c8RE FERM\u00c9E POUR ENFANTS AVEC DEUX RAILS LAT\u00c9RAUX<\/strong><\/p>\n<p>La <strong>genouill\u00e8re pour enfants FIX-KD-31<\/strong> est une solution parfaite en cas de besoin d&#039;immobilisation de l&#039;articulation du genou et de stabilisation lat\u00e9rale.<\/p>\n","protected":false},"featured_media":9566,"comment_status":"open","ping_status":"closed","template":"","meta":[],"_links":{"self":[{"href":"https:\/\/fixcast.pl\/fr\/wp-json\/wp\/v2\/product\/4994"}],"collection":[{"href":"https:\/\/fixcast.pl\/fr\/wp-json\/wp\/v2\/product"}],"about":[{"href":"https:\/\/fixcast.pl\/fr\/wp-json\/wp\/v2\/types\/product"}],"replies":[{"embeddable":true,"href":"https:\/\/fixcast.pl\/fr\/wp-json\/wp\/v2\/comments?post=4994"}],"version-history":[{"count":9,"href":"https:\/\/fixcast.pl\/fr\/wp-json\/wp\/v2\/product\/4994\/revisions"}],"predecessor-version":[{"id":12274,"href":"https:\/\/fixcast.pl\/fr\/wp-json\/wp\/v2\/product\/4994\/revisions\/12274"}],"wp:featuredmedia":[{"embeddable":true,"href":"https:\/\/fixcast.pl\/fr\/wp-json\/wp\/v2\/media\/9566"}],"wp:attachment":[{"href":"https:\/\/fixcast.pl\/fr\/wp-json\/wp\/v2\/media?parent=4994"}],"curies":[{"name":"wp","href":"https:\/\/api.w.org\/{rel}","templated":true}]}}