{"id":5001,"date":"2021-04-08T11:36:07","date_gmt":"2021-08-18T12:29:25","guid":{"rendered":"https:\/\/fixcast.pl\/?post_type=product&#038;p=5001"},"modified":"2023-06-23T10:29:53","modified_gmt":"2023-06-23T08:29:53","slug":"fix-kd-32","status":"publish","type":"product","link":"https:\/\/fixcast.pl\/fr\/produit\/fix-kd-32\/","title":{"rendered":"FIX-KD-32"},"content":{"rendered":"<div class=\"description-tiles\">\n<div class=\"row\">\n<div class=\"half descr\">\n<div id=\"zalety\" class=\"half-content\">\n<h2>GENOUILL\u00c8RE OUVERTE POUR ENFANTS AVEC R\u00c9GLAGE DE L&rsquo;AMPLITUDE DE MOUVEMENT TOUS LES 15 DEGR\u00c9S<\/h2>\n<h3>AVANTAGES PARTICULIERS<\/h3>\n<table class='zalety'><tbody><tr><td style='padding-right: 10px;'><img src='https:\/\/ortezydladzieci.pl\/wp-content\/uploads\/2017\/12\/orteza-kolana-150x150.png' class='alignleft size-thumbnail' alt='ORTHESE DU GENOU' width='70' height='70'\/><\/td><td style='width:100%;'><strong style='text-transform:uppercase;'>ORTHESE DU GENOU<\/strong><\/td><\/tr><tr><td style='padding-right: 10px;'><img src='https:\/\/ortezydladzieci.pl\/wp-content\/uploads\/2017\/12\/CLASS-1-MEDICAL-DEVICE-1-150x150.png' class='alignleft size-thumbnail' alt='PRODUIT MEDICAL DE CLASSE 1' width='70' height='70'\/><\/td><td style='width:100%;'><strong style='text-transform:uppercase;'>PRODUIT MEDICAL DE CLASSE 1<\/strong><\/td><\/tr><tr><td style='padding-right: 10px;'><img src='https:\/\/ortezydladzieci.pl\/wp-content\/uploads\/2017\/12\/ODDYCHAJACY-150x150.png' class='alignleft size-thumbnail' alt='RESPIRANT' width='70' height='70'\/><\/td><td style='width:100%;'><strong style='text-transform:uppercase;'>RESPIRANT<\/strong><\/td><\/tr><tr><td style='padding-right: 10px;'><img src='https:\/\/ortezydladzieci.pl\/wp-content\/uploads\/2017\/12\/24.png' class='alignleft size-thumbnail' alt='TH\u00c9RAPIE DE 24 HEURES' width='70' height='70'\/><\/td><td style='width:100%;'><strong style='text-transform:uppercase;'>TH\u00c9RAPIE DE 24 HEURES<\/strong><\/td><\/tr><tr><td style='padding-right: 10px;'><img src='https:\/\/fixcast.pl\/wp-content\/uploads\/2018\/07\/Szyna-magnetyczna-1R-orthodesign-150x150.png' class='alignleft size-thumbnail' alt='ATTELLE MAGN\u00c9TIQUE 1R ORTHODESIGN' width='70' height='70'\/><\/td><td style='width:100%;'><strong style='text-transform:uppercase;'>ATTELLE MAGN\u00c9TIQUE 1R ORTHODESIGN<\/strong><\/td><\/tr><tr><td style='padding-right: 10px;'><img src='https:\/\/ortezydladzieci.pl\/wp-content\/uploads\/2017\/12\/alternatywa-gipsu.png' class='alignleft size-thumbnail' alt='ALTERNATIVE AU PL\u00c2TRE' width='70' height='70'\/><\/td><td style='width:100%;'><strong style='text-transform:uppercase;'>ALTERNATIVE AU PL\u00c2TRE<\/strong><\/td><\/tr><\/tbody><\/table>\n<\/div>\n<\/div>\n<div class=\"half with-image\" style=\"background-image: url('https:\/\/fixcast.pl\/wp-content\/uploads\/2021\/04\/4T7A7698.jpg');\"><\/div>\n<\/div>\n<div class=\"row\">\n<div class=\"half descr\">\n<div class=\"half-content\">\n<h3>BUT D\u2019UTILISATION<\/h3>\n<ul>\n<li>entorses de l&rsquo;articulation du genou<\/li>\n<li>instabilit\u00e9 du genou<\/li>\n<li>dommages aux ligaments du genou LCL, MCL et ACL<\/li>\n<li>l\u00e9sions du m\u00e9nisque<\/li>\n<li>polyarthrite rhumato\u00efde juv\u00e9nile<\/li>\n<li>ost\u00e9oarthrite non sp\u00e9cifique<\/li>\n<li>n\u00e9crose osseuse<\/li>\n<li>autre op\u00e9ration du genou<\/li>\n<\/ul>\n<\/div>\n<\/div>\n<div class=\"half with-image\" style=\"background-image: url('https:\/\/fixcast.pl\/wp-content\/uploads\/2021\/04\/DSC_0375-1.jpg');\"><\/div>\n<\/div>\n<div class=\"row\">\n<div class=\"half descr\">\n<div class=\"half-content\">\n<h3>QU&rsquo;EST-CE QU&rsquo;UNE ENTORSE DU GENOU?<\/h3>\n<p>Les entorses du genou r\u00e9sultent g\u00e9n\u00e9ralement d&rsquo;un m\u00e9canisme indirect. L&rsquo;activit\u00e9 physique syst\u00e9matique d&rsquo;un enfant dont le sch\u00e9ma de mouvement n&rsquo;est pas d\u00e9velopp\u00e9 et dont les os sont encore en d\u00e9veloppement provoque un certain nombre de syndromes de surcharge chez les enfants.<\/p>\n<p>Les entorses du genou peuvent \u00eatre divis\u00e9es en 3 cat\u00e9gories&nbsp;: mineures, mod\u00e9r\u00e9es et graves. Une entorse grave peut s&rsquo;accompagner de l\u00e9sions du m\u00e9nisque, des ligaments ou de la capsule articulaire. En revanche, une entorse mineure du genou peut passer inaper\u00e7ue pour l&rsquo;enfant. C&rsquo;est pourquoi, apr\u00e8s chaque \u00e9v\u00e9nement grave, les personnes qui s&rsquo;occupent des enfants doivent les observer attentivement pour rechercher les sympt\u00f4mes \u00e9ventuels d&rsquo;une entorse. En cas de doute, il est important de consulter un sp\u00e9cialiste, car les entorses articulaires non trait\u00e9es peuvent avoir de graves cons\u00e9quences plus tard dans la vie.<\/p>\n<p>Que la blessure soit mineure ou grave, votre m\u00e9decin vous recommandera de vous reposer, de soulager la pression et d&rsquo;immobiliser l&rsquo;articulation du genou. \u00c0 cette fin, notre <strong>orth\u00e8se pour enfants FIX-KD-32<\/strong> est id\u00e9ale, car elle est \u00e9quip\u00e9e d&rsquo;une horloge avec une plage de r\u00e9glage de la mobilit\u00e9 des articulations par incr\u00e9ments de 15 degr\u00e9s.<\/p>\n<\/div>\n<\/div>\n<div class=\"half descr\">\n<div class=\"half-content\"><a href=\"https:\/\/orthochild.com\/wp-content\/uploads\/2018\/01\/8-signs-AM-DOSK-O-1R.jpg\" data-rel=\"lightbox-0\" title=\"\"><img loading=\"lazy\" class=\"aligncenter size-large wp-image-1430\" src=\"https:\/\/orthochild.com\/wp-content\/uploads\/2018\/01\/8-signs-AM-DOSK-O-1R-772x1024.jpg\" alt=\"\" width=\"772\" height=\"1024\" \/><\/a><\/div>\n<\/div>\n<\/div>\n<div class=\"row\">\n<div class=\"half descr\">\n<div class=\"half-content\">\n<h3>COMMENT FONCTIONNE LA GENOUILL\u00c8RE OUVERTE POUR ENFANTS FIX-KD-32?<\/h3>\n<p><strong>L&rsquo;orth\u00e8se de genou ouverte pour enfants FIX-KD-32<\/strong> est la solution id\u00e9ale pour immobiliser l&rsquo;articulation du genou et assurer une stabilisation lat\u00e9rale. L&rsquo;orth\u00e8se est dot\u00e9e d&rsquo;une horloge innovante qui permet de r\u00e9gler la flexion et l&rsquo;extension du genou par incr\u00e9ments de 15\u00b0, assurant, selon les besoins, une mobilit\u00e9 limit\u00e9e ou une immobilisation totale de l&rsquo;articulation. Notre genouill\u00e8re pour enfants a&nbsp;\u00e9t\u00e9 fabriqu\u00e9e avec le plus grand soin, garantissant le confort et la s\u00e9curit\u00e9 de votre enfant.<\/p>\n<\/div>\n<\/div>\n<div class=\"half with-image\" style=\"background-image: url('https:\/\/fixcast.pl\/wp-content\/uploads\/2021\/04\/DSC_0378.jpg');\"><\/div>\n<\/div>\n<div class=\"row\">\n<div class=\"half descr\">\n<div class=\"half-content\">\n<p>La <strong>genouill\u00e8re FIX-KD-32<\/strong> est fabriqu\u00e9e en mat\u00e9riau <strong>AeroSpace\u2122<\/strong> de nouvelle g\u00e9n\u00e9ration, innovant et respectueux de la peau.<\/p>\n<p><a data-rel='lightbox' href='https:\/\/www.reh4mat.com\/uploads\/2021\/04\/AERO-SPACE-I-1190x630.png'><img src='https:\/\/www.reh4mat.com\/uploads\/2021\/04\/AERO-SPACE-I-1190x630.png' alt='' title='' class='aligncenter size-large' width='1024' height='542'><\/a><\/p>\n<p><strong>AeroSpace\u2122<\/strong> est une mati\u00e8re premi\u00e8re innovante de nouvelle g\u00e9n\u00e9ration. Il s&#039;agit d&#039;un tricot \u00e9lastique \u00e0 espacement 3D compos\u00e9 de deux couches de parements et d&#039;entrelacs qui cr\u00e9ent la bonne \u00e9paisseur de la mati\u00e8re premi\u00e8re et pr\u00e9sentent des propri\u00e9t\u00e9s d&#039;all\u00e8gement de la pression. Le tissu tricot\u00e9 est compos\u00e9 de fils de polyester de premi\u00e8re qualit\u00e9 qui garantissent une r\u00e9sistance m\u00e9canique \u00e9lev\u00e9e et de spandex qui assure sa flexibilit\u00e9. Cette mati\u00e8re premi\u00e8re se caract\u00e9rise par un poids tr\u00e8s faible, une grande \u00e9lasticit\u00e9 et une construction ajour\u00e9e, permettant d&#039;\u00e9vacuer tr\u00e8s facilement la transpiration du corps et d&#039;alimenter la peau en air frais. Les produits fabriqu\u00e9s dans ce mat\u00e9riau sont neutres pour l&#039;articulation prot\u00e9g\u00e9e, ils ne la r\u00e9chauffent ni ne la refroidissent, mais ils assurent sa bonne compression et son ajustement et r\u00e9duisent les vibrations musculaires survenant lors d&#039;un effort physique. Son \u00e9paisseur et sa structure 3D soulagent parfaitement la charge des attelles, baleines en acier ou orthop\u00e9diques install\u00e9es sur le produit et garantissent une douceur velout\u00e9e au toucher.<\/p>\n<\/div>\n<\/div>\n<div class=\"half with-image\" style=\"background-image: url('https:\/\/fixcast.pl\/wp-content\/uploads\/2021\/04\/DSC_0409-1.jpg');\"><\/div>\n<\/div>\n<div class=\"row\">\n<div class=\"half descr\">\n<div class=\"half-content\">\n<p>Notre <strong>genouill\u00e8re pour enfants FIX-KD-32<\/strong> est de conception ouverte, ce qui la rend adapt\u00e9e m\u00eame aux enfants pr\u00e9sentant un gonflement massif et de grandes disproportions entre le tour de cuisse et le tour de mollet. En outre, l&rsquo;orth\u00e8se est dot\u00e9e de deux sangles circonf\u00e9rentielles avant et arri\u00e8re, qui stabilisent davantage le produit sur le membre, l&#8217;emp\u00eachant de glisser et de se tordre, m\u00eame pendant l&rsquo;activit\u00e9 accrue de votre enfant.<\/p>\n<\/div>\n<\/div>\n<div class=\"half with-image\" style=\"background-image: url('https:\/\/fixcast.pl\/wp-content\/uploads\/2021\/04\/DSC_0432.jpg');\"><\/div>\n<\/div>\n<div class=\"row\">\n<div class=\"half descr\">\n<div class=\"half-content\">\n<p>Notre <strong>orth\u00e8se du genou pour enfants FIX-KD-32<\/strong> stabilise parfaitement l&rsquo;articulation du genou sur le plan frontal, offrant un soutien m\u00eame en cas d&rsquo;instabilit\u00e9 grave. Dans le cas d&rsquo;une blessure par torsion du genou et de la n\u00e9cessit\u00e9 d&rsquo;immobiliser l&rsquo;articulation, l&rsquo;orth\u00e8se permet de r\u00e9gler les horloges \u00e0 0\u00b0. Cependant, \u00e0 mesure que le traitement progresse et que l&rsquo;amplitude de la mobilit\u00e9 augmente, les horloges de l&rsquo;orth\u00e8se permettent de r\u00e9gler l&rsquo;angle de flexion souhait\u00e9, ce qui permet aux ligaments et aux tendons de se reconstituer.<\/p>\n<p>Notre <strong>genouill\u00e8re p\u00e9diatrique FIX-KD-32<\/strong> est le meilleur choix pour votre enfant pour le traitement et la pr\u00e9vention des blessures de l&rsquo;articulation du genou!<\/p>\n<\/div>\n<\/div>\n<div class=\"half with-image\" style=\"background-image: url('https:\/\/fixcast.pl\/wp-content\/uploads\/2021\/04\/DSC_0404.jpg');\"><\/div>\n<\/div>\n<div class=\"row\">\n<div class=\"half descr\">\n<div class=\"half-content\">\n<h3>TABLEAU DES TAILLES<\/h3>\n<table border=\"0\" cellspacing=\"0\">\n<thead>\n<tr>\n<th style=\"text-align: center;\">Taille<\/th>\n<th style=\"text-align: center;\">Circonf\u00e9rence du genou<\/th>\n<th style=\"text-align: center;\">Adapt\u00e9e \u00e0 l&rsquo;\u00e2ge<\/th>\n<th style=\"text-align: center;\">M\u00e9thode de mesure<\/th>\n<\/tr>\n<\/thead>\n<colgroup width=\"100\"><\/colgroup>\n<colgroup width=\"150\"><\/colgroup>\n<colgroup width=\"150\"><\/colgroup>\n<tbody>\n<tr>\n<td style=\"height: 50px; text-align: center;\">1<\/td>\n<td style=\"height: 50px; text-align: center;\">23-26 cm<\/td>\n<td style=\"height: 50px; text-align: center;\">2 \u2013 5 ans<\/td>\n<td style=\"text-align: center;\" rowspan=\"3\"><img class=\"aligncenter wp-image-7831\" title=\"M\u00e9thode de mesure\" src=\"https:\/\/reh4mat.com\/uploads\/2012\/09\/kolano-.png\" alt=\"M\u00e9thode de mesure\" \/><\/td>\n<\/tr>\n<tr>\n<td style=\"height: 50px; text-align: center;\">2<\/td>\n<td style=\"height: 50px; text-align: center;\">26-29 cm<\/td>\n<td style=\"height: 50px; text-align: center;\">5 \u2013 8 ans<\/td>\n<\/tr>\n<tr>\n<td style=\"height: 50px; text-align: center;\">3<\/td>\n<td style=\"height: 50px; text-align: center;\">29-33 cm<\/td>\n<td style=\"height: 50px; text-align: center;\">8 \u2013 12 ans<\/td>\n<\/tr>\n<\/tbody>\n<\/table>\n<p>Produit universel pour le genou droit et gauche.<\/p>\n<p>Longueur totale de l&rsquo;orth\u00e8se:<br \/>\n1&nbsp;: 26 cm<br \/>\n2&nbsp;: 28 cm<br \/>\n3&nbsp;: 28 cm<\/p>\n<\/div>\n<\/div>\n<div class=\"half with-image\" style=\"background-image: url('https:\/\/fixcast.pl\/wp-content\/uploads\/2021\/04\/DSC_0381-1.jpg');\"><\/div>\n<\/div>\n<div class=\"row\">\n<div class=\"half descr\">\n<div class=\"half-content\">\n<p><a href=\"https:\/\/fixcast.pl\/wp-content\/uploads\/2021\/04\/DSC_0388_fr-1.jpg\" data-rel=\"lightbox-1\" title=\"\"><img loading=\"lazy\" src=\"https:\/\/fixcast.pl\/wp-content\/uploads\/2021\/04\/DSC_0388_fr-1-1024x487.jpg\" alt=\"FIX-KD-32\" width=\"1024\" height=\"487\" class=\"aligncenter size-large wp-image-9651\" srcset=\"https:\/\/fixcast.pl\/wp-content\/uploads\/2021\/04\/DSC_0388_fr-1-1024x487.jpg 1024w, https:\/\/fixcast.pl\/wp-content\/uploads\/2021\/04\/DSC_0388_fr-1-300x143.jpg 300w, https:\/\/fixcast.pl\/wp-content\/uploads\/2021\/04\/DSC_0388_fr-1-768x365.jpg 768w, https:\/\/fixcast.pl\/wp-content\/uploads\/2021\/04\/DSC_0388_fr-1.jpg 1558w\" sizes=\"(max-width: 1024px) 100vw, 1024px\" \/><\/a><\/p>\nSzyna ortopedyczna 1R orthodesign, to nowatorskie podej\u015bcie do tematyki szyn ortopedycznych z\u00a0regulacj\u0105 k\u0105ta zgi\u0119cia i wyprostu. Innowacyjno\u015b\u0107 szyny polega na tym, \u017ce w zegarze o \u015brednicy nie przekraczaj\u0105cej 30 mm, zastosowali\u015bmy regulacj\u0119 k\u0105ta zgi\u0119cia i wyprostu co 15 stopni. Dodatkowym atutem szyny jest to, \u017ce regulacja odbywa si\u0119 nie przy u\u017cyciu wkr\u0119t\u00f3w imbusowych, jak to si\u0119 odbywa\u0142o w poprzedniej generacji szyny, lecz za pomoc\u0105 wk\u0142adanych stalowych nit\u00f3w, kt\u00f3re dla u\u0142atwienia wyjmowane s\u0105 z\u00a0gniazd k\u0105towych przy u\u017cyciu za\u0142\u0105czonego do szyn magnesu. Wisienk\u0105 na torcie jest pier\u015bcie\u0144 blokuj\u0105cy, kt\u00f3ry dzi\u0119ki systemowi zapadkowemu nie pozwoli na samoczynne przestawienie si\u0119 wcze\u015bniej ustawionego k\u0105ta. W ortezach kolana szyny maj\u0105 odsadzenie goleniowe, co pozwala na bardziej precyzyjne dopasowanie ortezy kolana, a co za tym idzie dok\u0142adniej realizuj\u0105 regulacj\u0119 ruchomo\u015bci stawu, w pozosta\u0142ych wyrobach za\u015b, ortezy maj\u0105 form\u0119 prost\u0105. Od spodniej strony zegara zamontowano owalny element do kt\u00f3rego doklejono gripper niezb\u0119dny do przymocowania do zegara mi\u0119kkich poduszek bocznych 3D. Szyny te, przy u\u017cyciu klucza ortopedycznego b\u0119d\u0105cego w ofercie Reh4Mat, mog\u0105 by\u0107 w niekt\u00f3rych przypadkach indywidualnie dopasowane do kszta\u0142tu ko\u0144czyny pacjenta, poprzez ich lekkie dogi\u0119cie.\r\n\r\n<a href=\"https:\/\/www.reh4mat.com\/uploads\/2021\/12\/Szyna-1R-dziecieca-1.jpg\"><\/a>\r\n\r\n\r\n\t<a href=\"https:\/\/www.reh4mat.com\/instrukcje\/szyny\/SZYNA%201R%20ORTHODESIGN%20PEDIATRYCZNA.pdf\">Pobierz instrukcj\u0119 regulacji szyny 1R orthodesign<\/a>\r\n\n<\/div>\n<\/div>\n<div class=\"half with-image\" style=\"background-image: url('https:\/\/fixcast.pl\/wp-content\/uploads\/2021\/04\/DSC_0396-1.jpg');\"><\/div>\n<\/div>\n<div class=\"row\">\n<div class=\"half descr\">\n<div class=\"half-content\">\n<h3>A&nbsp;T\u00c9L\u00c9CHARGER<\/h3>\n<ul class=\"pdf\">\n<li><a href=\"https:\/\/reh4mat.com\/deklaracje\/pl\/98.pdf\">D\u00e9claration de conformit\u00e9<\/a><\/li>\n<li><a href=\"https:\/\/reh4mat.com\/instrukcje\/45.pdf\">Mode d&#8217;emploi<\/a><\/li>\n<li><a href=\"https:\/\/fixcast.pl\/wp-content\/uploads\/2021\/04\/FIX-KD-32.pdf\">M\u00e9thode d&rsquo;application<\/a><\/li>\n<\/ul>\n<\/div>\n<\/div>\n<div class=\"half with-image\" style=\"background-image: url('https:\/\/fixcast.pl\/wp-content\/uploads\/2021\/04\/4T7A7711-1.jpg');\"><\/div>\n<\/div>\n<div class=\"row\">\n<div class=\"half descr\">\n<div class=\"half-content\">\n<h3>Accessoires \u00e0 utiliser avec ce produit&nbsp;:<\/h3>\n<p><div style=\"width: 220px\" class=\"wp-caption alignleft\"><a href=\"https:\/\/www.reh4mat.com\/fr\/produkt\/autres\/outil-de-pliage-d-attelles\/\"><img loading=\"lazy\" src=\"https:\/\/www.reh4mat.com\/uploads\/2021\/11\/KLUCZ-DO-GIECIA-SZYN.png\" alt=\"Outil de pliage d\u2019attelles\" width=\"200\" height=\"200\" class=\"size-thumb\" style=\"border: 3px dashed; #6DCDD2; border-radius: 50%; padding: 10px;\" \/><p class=\"wp-caption-text\">OUTIL DE PLIAGE D\u2019ATTELLES<\/a><\/p><\/div>\n<\/div>\n<\/div>\n<div class=\"half with-image\"><\/div>\n<\/div>\n<div class=\"clear\"><\/div>\n<\/div>\n","protected":false},"excerpt":{"rendered":"<p>La <strong>genouill\u00e8re ouverte pour enfants FIX-KD-32<\/strong> est la solution id\u00e9ale lorsqu&#039;il est n\u00e9cessaire d&#039;immobiliser l&#039;articulation du genou et d&#039;assurer une stabilisation lat\u00e9rale.<\/p>\n","protected":false},"featured_media":9615,"comment_status":"open","ping_status":"closed","template":"","meta":[],"_links":{"self":[{"href":"https:\/\/fixcast.pl\/fr\/wp-json\/wp\/v2\/product\/5001"}],"collection":[{"href":"https:\/\/fixcast.pl\/fr\/wp-json\/wp\/v2\/product"}],"about":[{"href":"https:\/\/fixcast.pl\/fr\/wp-json\/wp\/v2\/types\/product"}],"replies":[{"embeddable":true,"href":"https:\/\/fixcast.pl\/fr\/wp-json\/wp\/v2\/comments?post=5001"}],"version-history":[{"count":11,"href":"https:\/\/fixcast.pl\/fr\/wp-json\/wp\/v2\/product\/5001\/revisions"}],"predecessor-version":[{"id":12278,"href":"https:\/\/fixcast.pl\/fr\/wp-json\/wp\/v2\/product\/5001\/revisions\/12278"}],"wp:featuredmedia":[{"embeddable":true,"href":"https:\/\/fixcast.pl\/fr\/wp-json\/wp\/v2\/media\/9615"}],"wp:attachment":[{"href":"https:\/\/fixcast.pl\/fr\/wp-json\/wp\/v2\/media?parent=5001"}],"curies":[{"name":"wp","href":"https:\/\/api.w.org\/{rel}","templated":true}]}}