{"id":5016,"date":"2021-03-24T08:26:30","date_gmt":"2021-08-23T06:28:29","guid":{"rendered":"https:\/\/fixcast.pl\/?post_type=product&#038;p=5016"},"modified":"2023-06-23T10:17:02","modified_gmt":"2023-06-23T08:17:02","slug":"fix-kd-17","status":"publish","type":"product","link":"https:\/\/fixcast.pl\/fr\/produit\/fix-kd-17\/","title":{"rendered":"FIX-KD-17"},"content":{"rendered":"<div class=\"description-tiles\">\n<div class=\"row\">\n<div class=\"half descr\">\n<div id=\"zalety\" class=\"half-content\">\n<table class='zalety'><tbody><tr><td style='padding-right: 10px;'><img src='https:\/\/ortezydladzieci.pl\/wp-content\/uploads\/2017\/12\/orteza-kolana-150x150.png' class='alignleft size-thumbnail' alt='ORTHESE DU GENOU' width='70' height='70'\/><\/td><td style='width:100%;'><strong style='text-transform:uppercase;'>ORTHESE DU GENOU<\/strong><\/td><\/tr><tr><td style='padding-right: 10px;'><img src='https:\/\/ortezydladzieci.pl\/wp-content\/uploads\/2017\/12\/CLASS-1-MEDICAL-DEVICE-1-150x150.png' class='alignleft size-thumbnail' alt='PRODUIT MEDICAL DE CLASSE 1' width='70' height='70'\/><\/td><td style='width:100%;'><strong style='text-transform:uppercase;'>PRODUIT MEDICAL DE CLASSE 1<\/strong><\/td><\/tr><tr><td style='padding-right: 10px;'><img src='https:\/\/fixcast.pl\/wp-content\/uploads\/2018\/07\/dwustr-150x150.png' class='alignleft size-thumbnail' alt='BIFACE' width='70' height='70'\/><\/td><td style='width:100%;'><strong style='text-transform:uppercase;'>BIFACE<\/strong><\/td><\/tr><tr><td style='padding-right: 10px;'><img src='https:\/\/ortezydladzieci.pl\/wp-content\/uploads\/2017\/12\/szeroki-zakres-regulacji-150x150.png' class='alignleft size-thumbnail' alt='LARGE GAMME D'AJUSTEMENT' width='70' height='70'\/><\/td><td style='width:100%;'><strong style='text-transform:uppercase;'>LARGE GAMME D'AJUSTEMENT<\/strong><\/td><\/tr><tr><td style='padding-right: 10px;'><img src='https:\/\/ortezydladzieci.pl\/wp-content\/uploads\/2021\/06\/kompressja-1.png' class='alignleft size-thumbnail' alt='COMPRESSION' width='70' height='70'\/><\/td><td style='width:100%;'><strong style='text-transform:uppercase;'>COMPRESSION<\/strong><\/td><\/tr><\/tbody><\/table>\n<\/div>\n<\/div>\n<div class=\"half with-image\" style=\"background-image: url('https:\/\/fixcast.pl\/wp-content\/uploads\/2021\/03\/4T7A7442.jpg');\"><\/div>\n<\/div>\n<div class=\"row\">\n<div class=\"half descr\">\n<div class=\"half-content\">\n<h3>ENTORSE DU GENOU<\/h3>\n<p>L&rsquo;entorse du genou r\u00e9sulte d&rsquo;un \u00e9tirement excessif des tissus tels que les muscles, les tendons et les ligaments. Malgr\u00e9 la grande souplesse de ces structures chez l&rsquo;enfant, \u00e0 la suite d&rsquo;une blessure et d&rsquo;un d\u00e9passement de la mobilit\u00e9 physiologique de l&rsquo;articulation, les ligaments peuvent \u00eatre d\u00e9chir\u00e9s, voire rompus. Il est recommand\u00e9 d&rsquo;utiliser la <strong>genouill\u00e8re professionnelle FIX-KD-17 avec stabilisateur de rotule<\/strong> \u00e0 la fois en cas de blessure du genou et de pr\u00e9vention des dommages.<\/p>\n<\/div>\n<\/div>\n<div class=\"half with-image\" style=\"background-image: url('https:\/\/fixcast.pl\/wp-content\/uploads\/2021\/03\/367213012.jpg');\"><\/div>\n<\/div>\n<div class=\"row\">\n<div class=\"half descr\">\n<div class=\"half-content\">\n<h3>BUT D\u2019UTILISATION<\/h3>\n<ul>\n<li>entorse de l&rsquo;articulation du genou,<\/li>\n<li>instabilit\u00e9 du genou,<\/li>\n<li>dommages aux ligaments du genou LCL, MCL et ACL,<\/li>\n<li>contusions de l&rsquo;articulation du genou,<\/li>\n<li>luxation habituelle et post-traumatique de la rotule.<\/li>\n<\/ul>\n<\/div>\n<\/div>\n<div class=\"half with-image\" style=\"background-image: url('https:\/\/fixcast.pl\/wp-content\/uploads\/2021\/03\/4T7A2198.jpg');\"><\/div>\n<\/div>\n<div class=\"row\">\n<div class=\"half descr\">\n<div class=\"half-content\">\n<h3>CARACT\u00c9RISTIQUES DU PRODUIT<\/h3>\n<p>La <strong>genouill\u00e8re ouverte pour enfants FIX-KD-17<\/strong> est fabriqu\u00e9e dans un mat\u00e9riau imperm\u00e9able innovant <strong>AeroSpace II\u2122<\/strong>.<\/p>\n<p><a data-rel='lightbox' href='https:\/\/www.reh4mat.com\/uploads\/2021\/04\/AERO-SPACE-II-1190x630.png'><img src='https:\/\/www.reh4mat.com\/uploads\/2021\/04\/AERO-SPACE-II-1190x630.png' alt='' title='' class='aligncenter size-large' width='1024' height='542'><\/a><\/p>\n<p><strong>AeroSpace II\u2122<\/strong> est une mati\u00e8re premi\u00e8re innovante de nouvelle g\u00e9n\u00e9ration. Il s&#039;agit d&#039;un tricot \u00e9lastique \u00e0 espacement 3D compos\u00e9 de deux couches de parements et d&#039;entrelacs qui cr\u00e9ent la bonne \u00e9paisseur de la mati\u00e8re premi\u00e8re et pr\u00e9sentent des propri\u00e9t\u00e9s d&#039;all\u00e8gement de la pression. Le tissu tricot\u00e9 est compos\u00e9 de fils de polyester de premi\u00e8re qualit\u00e9 qui garantissent une r\u00e9sistance m\u00e9canique \u00e9lev\u00e9e et de spandex qui assure sa flexibilit\u00e9. Cette mati\u00e8re premi\u00e8re se caract\u00e9rise par un poids tr\u00e8s faible, une grande \u00e9lasticit\u00e9 et une construction ajour\u00e9e, permettant d&#039;\u00e9vacuer tr\u00e8s facilement la transpiration du corps et d&#039;alimenter la peau en air frais. Les produits fabriqu\u00e9s dans ce mat\u00e9riau sont neutres pour l&#039;articulation prot\u00e9g\u00e9e, ils ne la r\u00e9chauffent ni ne la refroidissent, mais ils assurent sa bonne compression et son ajustement et r\u00e9duisent les vibrations musculaires survenant lors d&#039;un effort physique. Son \u00e9paisseur et sa structure 3D soulagent parfaitement la charge des attelles, baleines en acier ou orthop\u00e9diques install\u00e9es sur le produit et garantissent une douceur velout\u00e9e au toucher.<\/p>\n<\/div>\n<\/div>\n<div class=\"half with-image\" style=\"background-image: url('https:\/\/fixcast.pl\/wp-content\/uploads\/2021\/03\/4T7A7426.jpg');\"><\/div>\n<\/div>\n<div class=\"row\">\n<div class=\"half descr\">\n<div class=\"half-content\">\n<p>Gr\u00e2ce au choix judicieux d&rsquo;un mat\u00e9riau innovant et respirant, la <strong>genouill\u00e8re FIX-KD-17<\/strong> convient aux patients les plus jeunes. L&rsquo;attelle a&nbsp;une conception ouverte, ce qui permet de l&rsquo;adapter facilement aux diff\u00e9rentes tailles des membres des enfants. Les fermetures Velcro de haute qualit\u00e9 permettent un ajustement libre et fluide de la port\u00e9e circonf\u00e9rentielle du produit.<\/p>\n<p>La <strong>genouill\u00e8re pour enfants FIX-KD-17<\/strong> s&rsquo;adapte \u00e0 la fois \u00e0 la jambe droite et \u00e0 la jambe gauche. Cette conception garantit l&rsquo;adaptation parfaite de l&rsquo;orth\u00e8se \u00e0 toutes les tailles de membres. Le mat\u00e9riau AeroSpace II\u2122, l\u00e9g\u00e8rement \u00e9lastique, poss\u00e8de des propri\u00e9t\u00e9s thermor\u00e9gulatrices et acc\u00e9l\u00e8re le processus de gu\u00e9rison et de r\u00e9cup\u00e9ration apr\u00e8s une blessure.<\/p>\n<p>La <strong>genouill\u00e8re FIX-KD-17<\/strong> est id\u00e9ale pour les activit\u00e9s quotidiennes telles que la course, le saut ou le v\u00e9lo. L&rsquo;anneau de rotule positionne la rotule dans l&rsquo;axe de l&rsquo;articulation, emp\u00eachant ainsi sa dislocation ou sa rupture.<\/p>\n<p><a href=\"https:\/\/fixcast.pl\/wp-content\/uploads\/2021\/03\/4T7A2194_fr.jpg\" data-rel=\"lightbox-0\" title=\"\"><img loading=\"lazy\" src=\"https:\/\/fixcast.pl\/wp-content\/uploads\/2021\/03\/4T7A2194_fr-1024x825.jpg\" alt=\"FIX-KD-17\" width=\"1024\" height=\"825\" class=\"aligncenter size-large wp-image-8716\" srcset=\"https:\/\/fixcast.pl\/wp-content\/uploads\/2021\/03\/4T7A2194_fr-1024x825.jpg 1024w, https:\/\/fixcast.pl\/wp-content\/uploads\/2021\/03\/4T7A2194_fr-300x242.jpg 300w, https:\/\/fixcast.pl\/wp-content\/uploads\/2021\/03\/4T7A2194_fr-768x619.jpg 768w, https:\/\/fixcast.pl\/wp-content\/uploads\/2021\/03\/4T7A2194_fr.jpg 1277w\" sizes=\"(max-width: 1024px) 100vw, 1024px\" \/><\/a><\/p>\n<p>La <strong>genouill\u00e8re FIX-KD-17<\/strong> pour enfants assure une compression th\u00e9rapeutique, acc\u00e9l\u00e8re le m\u00e9tabolisme et am\u00e9liore la circulation sanguine, oxyg\u00e9nant les muscles et les tissus mous.<\/p>\n<\/div>\n<\/div>\n<div class=\"half with-image\" style=\"background-image: url('https:\/\/fixcast.pl\/wp-content\/uploads\/2021\/03\/4T7A2193.jpg');\"><\/div>\n<\/div>\n<div class=\"row\">\n<div class=\"half descr\">\n<div class=\"half-content\">\n<h3>TAILLES DISPONIBLES<\/h3>\n<table cellspacing=\"0\" cellpadding=\"4\">\n<thead>\n<tr>\n<th>Taille<\/th>\n<th>Circonf\u00e9rence du genou<\/th>\n<th>Adapt\u00e9e \u00e0 l&rsquo;\u00e2ge<\/th>\n<th>M\u00e9thode de mesure<\/th>\n<\/tr>\n<\/thead>\n<tbody>\n<tr>\n<td style=\"text-align: center;\" width=\"68\">1<\/td>\n<td style=\"text-align: center;\">20 &#8211; 25 cm<\/td>\n<td style=\"text-align: center;\">1 \u2013 5 ans<\/td>\n<td rowspan=\"2\"><img loading=\"lazy\" class=\"aligncenter size-full wp-image-611\" src=\"https:\/\/fixcast.pl\/wp-content\/uploads\/2018\/07\/pomiar-kolano.png\" alt=\"M\u00e9thode de mesure\" width=\"148\" height=\"212\" \/><\/td>\n<\/tr>\n<tr>\n<td style=\"text-align: center;\">2<\/td>\n<td style=\"text-align: center;\">25 &#8211; 33 cm<\/td>\n<td style=\"text-align: center;\">5 \u2013 12 ans<\/td>\n<\/tr>\n<\/tbody>\n<\/table>\n<p>Produit universel pour le genou droit et gauche.<\/p>\n<p>Longueur totale de l&rsquo;accolade:<br \/>\n1: 17 cm<br \/>\n2: 21 cm<\/p>\n<p>&nbsp;<\/p>\n<h3>A&nbsp;TELECHARGER<\/h3>\n<ul class=\"pdf\">\n<li><a href=\"https:\/\/www.reh4mat.com\/deklaracje\/pl\/52.pdf\">D\u00e9claration de conformit\u00e9<\/a><\/li>\n<li><a href=\"https:\/\/fixcast.pl\/wp-content\/uploads\/2022\/06\/FIX-KD-17.pdf\">M\u00e9thode d&rsquo;application<\/a><\/li>\n<li><a href=\"https:\/\/reh4mat.com\/instrukcje\/45.pdf\">Mode d&#8217;emploi<\/a><\/li>\n<\/ul>\n<\/div>\n<\/div>\n<div class=\"half with-image\" style=\"background-image: url('https:\/\/fixcast.pl\/wp-content\/uploads\/2021\/03\/4T7A2200.jpg');\"><\/div>\n<\/div>\n<div class=\"clear\"><\/div>\n<\/div>\n","protected":false},"excerpt":{"rendered":"<p><strong>GENOUILL\u00c8RE OUVERTE POUR ENFANTS AVEC STABILISATEUR DE ROTULE<\/strong><\/p>\n<p>La <strong>genouill\u00e8re ouverte pour enfants FIX-KD-17<\/strong> est une genouill\u00e8re de compression \u00e9quip\u00e9e d&#039;un anneau rotulien. L&#039;attelle prot\u00e8ge les tissus de l&#039;articulation du genou et assure \u00e9galement une compression th\u00e9rapeutique confortable.<\/p>\n","protected":false},"featured_media":8672,"comment_status":"open","ping_status":"closed","template":"","meta":[],"_links":{"self":[{"href":"https:\/\/fixcast.pl\/fr\/wp-json\/wp\/v2\/product\/5016"}],"collection":[{"href":"https:\/\/fixcast.pl\/fr\/wp-json\/wp\/v2\/product"}],"about":[{"href":"https:\/\/fixcast.pl\/fr\/wp-json\/wp\/v2\/types\/product"}],"replies":[{"embeddable":true,"href":"https:\/\/fixcast.pl\/fr\/wp-json\/wp\/v2\/comments?post=5016"}],"version-history":[{"count":7,"href":"https:\/\/fixcast.pl\/fr\/wp-json\/wp\/v2\/product\/5016\/revisions"}],"predecessor-version":[{"id":12264,"href":"https:\/\/fixcast.pl\/fr\/wp-json\/wp\/v2\/product\/5016\/revisions\/12264"}],"wp:featuredmedia":[{"embeddable":true,"href":"https:\/\/fixcast.pl\/fr\/wp-json\/wp\/v2\/media\/8672"}],"wp:attachment":[{"href":"https:\/\/fixcast.pl\/fr\/wp-json\/wp\/v2\/media?parent=5016"}],"curies":[{"name":"wp","href":"https:\/\/api.w.org\/{rel}","templated":true}]}}