{"id":5245,"date":"2019-04-05T10:27:34","date_gmt":"2021-09-13T12:01:55","guid":{"rendered":"https:\/\/fixcast.pl\/?post_type=product&#038;p=5245"},"modified":"2023-07-25T10:28:56","modified_gmt":"2023-07-25T08:28:56","slug":"fix-kg-19","status":"publish","type":"product","link":"https:\/\/fixcast.pl\/fr\/produit\/fix-kg-19\/","title":{"rendered":"FIX-KG-19"},"content":{"rendered":"<div class=\"description-tiles\">\n<div class=\"row\">\n<div class=\"half descr\">\n<div id=\"zalety\" class=\"half-content\">\n<h3>AVANTAGES SP\u00c9CIFIQUES<\/h3>\n<table class='zalety'><tbody><tr><td style='padding-right: 10px;'><img src='https:\/\/ortezydladzieci.pl\/wp-content\/uploads\/2017\/12\/CLASS-1-MEDICAL-DEVICE-1-150x150.png' class='alignleft size-thumbnail' alt='PRODUIT MEDICAL DE CLASSE 1' width='70' height='70'\/><\/td><td style='width:100%;'><strong style='text-transform:uppercase;'>PRODUIT MEDICAL DE CLASSE 1<\/strong><\/td><\/tr><tr><td style='padding-right: 10px;'><img src='https:\/\/ortezydladzieci.pl\/wp-content\/uploads\/2017\/12\/24.png' class='alignleft size-thumbnail' alt='TH\u00c9RAPIE DE 24 HEURES' width='70' height='70'\/><\/td><td style='width:100%;'><strong style='text-transform:uppercase;'>TH\u00c9RAPIE DE 24 HEURES<\/strong><\/td><\/tr><tr><td style='padding-right: 10px;'><img src='https:\/\/ortezydladzieci.pl\/wp-content\/uploads\/2017\/12\/wodoodporny-150x150.png' class='alignleft size-thumbnail' alt='ETANCHE A L\u2019EAU' width='70' height='70'\/><\/td><td style='width:100%;'><strong style='text-transform:uppercase;'>ETANCHE A L\u2019EAU<\/strong><\/td><\/tr><tr><td style='padding-right: 10px;'><img src='https:\/\/fixcast.pl\/wp-content\/uploads\/2018\/07\/Szyna-magnetyczna-1R-orthodesign-150x150.png' class='alignleft size-thumbnail' alt='ATTELLE MAGN\u00c9TIQUE 1R ORTHODESIGN' width='70' height='70'\/><\/td><td style='width:100%;'><strong style='text-transform:uppercase;'>ATTELLE MAGN\u00c9TIQUE 1R ORTHODESIGN<\/strong><\/td><\/tr><tr><td style='padding-right: 10px;'><img src='https:\/\/ortezydladzieci.pl\/wp-content\/uploads\/2017\/12\/alternatywa-gipsu.png' class='alignleft size-thumbnail' alt='ALTERNATIVE AU PL\u00c2TRE' width='70' height='70'\/><\/td><td style='width:100%;'><strong style='text-transform:uppercase;'>ALTERNATIVE AU PL\u00c2TRE<\/strong><\/td><\/tr><\/tbody><\/table>\n<\/div>\n<\/div>\n<div class=\"half with-image\" style=\"background-image: url('https:\/\/fixcast.pl\/wp-content\/uploads\/2023\/07\/4T7A6526.jpg'); background-size: contain; background-repeat: no-repeat;\"><\/div>\n<\/div>\n<div class=\"row\">\n<div class=\"half descr\">\n<div class=\"half-content\">\n<h3>OBJET<\/h3>\n<ul>\n<li>fracture de l&rsquo;articulation du coude<\/li>\n<li>dislocation de l&rsquo;articulation du coude<\/li>\n<li>entorse de l&rsquo;articulation du coude<\/li>\n<li>contractures des tissus mous du coude<\/li>\n<li>instabilit\u00e9 de l&rsquo;articulation du coude<\/li>\n<li>pendant la convalescence et le r\u00e9tablissement<\/li>\n<li>apr\u00e8s un traitement chirurgical comme immobilisation<\/li>\n<\/ul>\n<\/div>\n<\/div>\n<div class=\"half with-image\" style=\"background-image: url('https:\/\/fixcast.pl\/wp-content\/uploads\/2023\/07\/4T7A6461.jpg');\"><\/div>\n<\/div>\n<div class=\"row\">\n<div class=\"half descr\">\n<div class=\"half-content\">\n<h3>Fractures du coude chez l&rsquo;enfant<\/h3>\n<p>Chacun d&rsquo;entre nous se souvient bien de la p\u00e9riode intense et pleine d&rsquo;activit\u00e9s de l&rsquo;enfance. C&rsquo;est \u00e0 cette \u00e9poque que les coudes griff\u00e9s \u00e9taient un ph\u00e9nom\u00e8ne quotidien. Il ne faut pas oublier que, tr\u00e8s souvent, cela ne se termine pas par une simple \u00e9gratignure, et que les os sont fractur\u00e9s. Les fractures du coude chez les enfants surviennent g\u00e9n\u00e9ralement \u00e0 la suite d&rsquo;une chute sur un bras tendu, par exemple dans le jardin, mais aussi en cas de coup violent sur l&rsquo;apophyse cubitale. De nombreuses fractures sont le r\u00e9sultat de jeux sur le terrain de jeu, o\u00f9 le risque de chute de l&rsquo;enfant est \u00e9lev\u00e9, par exemple du haut d&rsquo;une \u00e9chelle, et de sports, par exemple le cyclisme et la chute sur l&rsquo;articulation du coude.<\/p>\n<\/div>\n<\/div>\n<div class=\"half with-image\" style=\"background-image: url('https:\/\/fixcast.pl\/wp-content\/uploads\/2023\/07\/DSCF0325-WEB.jpg');\"><\/div>\n<\/div>\n<div class=\"row\">\n<div class=\"half descr\">\n<div class=\"half-content\">\n<p>Les fractures de l&rsquo;articulation du coude repr\u00e9sentent environ 10&nbsp;% de toutes les blessures infantiles. Dans de nombreux cas, les fractures simples sont trait\u00e9es de mani\u00e8re conservatrice par une immobilisation. Une intervention chirurgicale est beaucoup moins souvent n\u00e9cessaire. Il est important de se rappeler que les fractures ne touchent pas seulement les os. Tr\u00e8s souvent, elles sont suivies de l\u00e9sions des ligaments, des tendons ou des nerfs dont les dommages peuvent entra\u00eener des troubles du mouvement de la main. C&rsquo;est pourquoi une intervention rapide et un traitement imm\u00e9diat sont si importants. Une alternative \u00e0 l&rsquo;immobilisation du membre dans un pl\u00e2tre est notre <strong>orth\u00e8se de coude FIX-KG-19<\/strong>, l\u00e9g\u00e8re et innovante, avec un ajustement de l&rsquo;amplitude de mobilit\u00e9 tous les 15 degr\u00e9s.<\/p>\n<\/div>\n<\/div>\n<div class=\"half with-image\" style=\"background-image: url('https:\/\/fixcast.pl\/wp-content\/uploads\/2023\/07\/4T7A6542.jpg'); background-size: contain; background-repeat: no-repeat;\"><\/div>\n<\/div>\n<div class=\"row\">\n<div class=\"half descr\">\n<div class=\"half-content\">\n<h3>Description du produit<\/h3>\n<p><strong>L&rsquo;attelle de coude FIX-KG-19<\/strong> est une option parfaite pour l&rsquo;immobilisation de l&rsquo;articulation du coude d&rsquo;un enfant. L&rsquo;attelle lat\u00e9rale en aluminium ultra-l\u00e9g\u00e8re assure une stabilisation parfaite. Son faible poids augmente le confort du support pour l&rsquo;enfant. L&rsquo;attelle utilise une petite horloge compacte 1R-01, qui assure un fonctionnement rapide sans l&rsquo;utilisation d&rsquo;aucun outil. Le verrou sous forme de rivet est ins\u00e9r\u00e9 et retir\u00e9 au moyen d&rsquo;un aimant. L&rsquo;horloge offre une gamme dense de r\u00e9glage de la mobilit\u00e9 de l&rsquo;articulation du coude par incr\u00e9ments de 15 degr\u00e9s. L&rsquo;attelle assure une stabilisation anatomique id\u00e9ale gr\u00e2ce \u00e0 un moulage appropri\u00e9 du membre.<\/p>\n<p><a href=\"https:\/\/fixcast.pl\/wp-content\/uploads\/2023\/07\/4T7A6461ofr.jpg\" data-rel=\"lightbox-0\" title=\"\"><img loading=\"lazy\" src=\"https:\/\/fixcast.pl\/wp-content\/uploads\/2023\/07\/4T7A6461ofr.jpg\" alt=\"FIX-KG-19\" width=\"1024\" height=\"547\" class=\"aligncenter size-large wp-image-10286\" \/><\/a><\/p>\n<\/div>\n<\/div>\n<div class=\"half with-image\" style=\"background-image: url('https:\/\/fixcast.pl\/wp-content\/uploads\/2023\/07\/4T7A6482.jpg');\"><\/div>\n<\/div>\n<div class=\"row\">\n<div class=\"half descr\">\n<div class=\"half-content\">\nSzyna ortopedyczna 1R orthodesign, to nowatorskie podej\u015bcie do tematyki szyn ortopedycznych z\u00a0regulacj\u0105 k\u0105ta zgi\u0119cia i wyprostu. Innowacyjno\u015b\u0107 szyny polega na tym, \u017ce w zegarze o \u015brednicy nie przekraczaj\u0105cej 30 mm, zastosowali\u015bmy regulacj\u0119 k\u0105ta zgi\u0119cia i wyprostu co 15 stopni. Dodatkowym atutem szyny jest to, \u017ce regulacja odbywa si\u0119 nie przy u\u017cyciu wkr\u0119t\u00f3w imbusowych, jak to si\u0119 odbywa\u0142o w poprzedniej generacji szyny, lecz za pomoc\u0105 wk\u0142adanych stalowych nit\u00f3w, kt\u00f3re dla u\u0142atwienia wyjmowane s\u0105 z\u00a0gniazd k\u0105towych przy u\u017cyciu za\u0142\u0105czonego do szyn magnesu. Wisienk\u0105 na torcie jest pier\u015bcie\u0144 blokuj\u0105cy, kt\u00f3ry dzi\u0119ki systemowi zapadkowemu nie pozwoli na samoczynne przestawienie si\u0119 wcze\u015bniej ustawionego k\u0105ta. W ortezach kolana szyny maj\u0105 odsadzenie goleniowe, co pozwala na bardziej precyzyjne dopasowanie ortezy kolana, a co za tym idzie dok\u0142adniej realizuj\u0105 regulacj\u0119 ruchomo\u015bci stawu, w pozosta\u0142ych wyrobach za\u015b, ortezy maj\u0105 form\u0119 prost\u0105. Od spodniej strony zegara zamontowano owalny element do kt\u00f3rego doklejono gripper niezb\u0119dny do przymocowania do zegara mi\u0119kkich poduszek bocznych 3D. Szyny te, przy u\u017cyciu klucza ortopedycznego b\u0119d\u0105cego w ofercie Reh4Mat, mog\u0105 by\u0107 w niekt\u00f3rych przypadkach indywidualnie dopasowane do kszta\u0142tu ko\u0144czyny pacjenta, poprzez ich lekkie dogi\u0119cie.\r\n\r\n<a href=\"https:\/\/www.reh4mat.com\/uploads\/2021\/12\/Szyna-1R-dziecieca-1.jpg\"><\/a>\r\n\r\n\r\n\t<a href=\"https:\/\/www.reh4mat.com\/instrukcje\/szyny\/SZYNA%201R%20ORTHODESIGN%20PEDIATRYCZNA.pdf\">Pobierz instrukcj\u0119 regulacji szyny 1R orthodesign<\/a>\r\n\n<p>Les composants souples du support sont fabriqu\u00e9s en mat\u00e9riau innovant <strong>UniPren\u2122<\/strong> et <strong>UniTape\u2122<\/strong>.<\/p>\n<p>Le syst\u00e8me de courroies de serrage assure une mise en place et un retrait rapides et faciles du support.<\/p>\n<\/div>\n<\/div>\n<div class=\"half with-image\" style=\"background-image: url('https:\/\/fixcast.pl\/wp-content\/uploads\/2023\/07\/4T7A6491.jpg');\"><\/div>\n<\/div>\n<div class=\"row\">\n<div class=\"half descr\">\n<div class=\"half-content\">\n<p><a data-rel='lightbox' href='https:\/\/www.reh4mat.com\/uploads\/2021\/04\/UNI-PREN-1190x630.png'><img src='https:\/\/www.reh4mat.com\/uploads\/2021\/04\/UNI-PREN-1190x630.png' alt='' title='' class='aligncenter size-large' width='1024' height='542'><\/a><\/p>\n<p><strong>UniPren\u2122<\/strong> est un mat\u00e9riau universel \u00e0 trois couches compos\u00e9 d&#039;un tissu de couverture externe \u00e9lastique en polyamide avec fonction auto-adh\u00e9sive, d&#039;un noyau interne perfor\u00e9 en mousse de n\u00e9opr\u00e8ne et d&#039;un tissu de couverture \u00e9lastique en jersey. Ce mat\u00e9riau se caract\u00e9rise par sa douceur et sa tr\u00e8s grande \u00e9lasticit\u00e9. La perforation de la mousse permet une parfaite oxyg\u00e9nation de la peau de l&#039;utilisateur et un drainage de l&#039;humidit\u00e9. Un avantage tr\u00e8s important de ce mat\u00e9riau est le fait qu&#039;il n&#039;est pas tricot\u00e9, qu&#039;il ne poss\u00e8de pas de fibres \u00e9paisses, de sorte que ses tissages ne s&#039;impriment pas sur la peau du patient et ne provoquent pas de plaies dans les zones de forte compression. Les orth\u00e8ses fabriqu\u00e9es en <strong>UniPren\u2122<\/strong> sont les orth\u00e8ses de stabilisation les plus solides et les plus efficaces disponibles sur le march\u00e9. La fonction auto-adh\u00e9sive du mat\u00e9riau facilite consid\u00e9rablement son utilisation. LE MAT\u00c9RIAU EST IMPERM\u00c9ABLE.<\/p>\n<\/div>\n<\/div>\n<div class=\"half descr\">\n<div class=\"half-content\">\n<p><a data-rel='lightbox' href='https:\/\/www.reh4mat.com\/uploads\/2021\/04\/UNI-TAPE-1190x630.png'><img src='https:\/\/www.reh4mat.com\/uploads\/2021\/04\/UNI-TAPE-1190x630.png' alt='' title='' class='aligncenter size-large' width='1024' height='542'><\/a><\/p>\n<p><strong>UniTape\u2122<\/strong> est une lamination technologique orthop\u00e9dique de haute durabilit\u00e9 avec une fonction auto-agrippante double face. <strong>UniTape\u2122<\/strong> est tr\u00e8s mince et facile \u00e0 fixer ce qui permet d&#039;ajuster les appareils avec pr\u00e9cision.<\/p>\n<\/div>\n<\/div>\n<\/div>\n<div class=\"row\">\n<div class=\"half descr\">\n<div class=\"half-content\">\n<p>Le support pour membres sup\u00e9rieurs FIX-KG-19 pour enfants assure une stabilisation et une immobilisation 24 heures sur 24. Comme le mat\u00e9riau UniPren est imperm\u00e9able, l&rsquo;enfant peut prendre une douche sans enlever l&rsquo;orth\u00e8se.<\/p>\n<p><img loading=\"lazy\" src=\"https:\/\/fixcast.pl\/wp-content\/uploads\/2019\/04\/waterproof-160x208.png\" alt=\"WATERPROOF\" width=\"160\" height=\"208\" class=\"aligncenter size-full wp-image-672\" \/><\/p>\n<p>La plage de r\u00e9glage dense de l&rsquo;articulation permet le maintien passif des effets de la r\u00e9\u00e9ducation quotidienne. Cette solution pr\u00e9vient les contractures et acc\u00e9l\u00e8re la p\u00e9riode de r\u00e9cup\u00e9ration.<\/p>\n<\/div>\n<\/div>\n<div class=\"half with-image\" style=\"background-image: url('https:\/\/fixcast.pl\/wp-content\/uploads\/2023\/07\/4T7A6489.jpg');\"><\/div>\n<\/div>\n<div class=\"row\">\n<div class=\"half descr\">\n<div class=\"half-content\">\n<h3>TABLEAU DES TAILLES<\/h3>\n<table width=\"709\" cellspacing=\"0\" cellpadding=\"4\">\n<colgroup>\n<col width=\"96\" \/>\n<col width=\"215\" \/>\n<col width=\"228\" \/>\n<col width=\"136\" \/> <\/colgroup>\n<tbody>\n<tr>\n<th style=\"text-align: center; vertical-align: middle;\" width=\"96\" height=\"24\">Taille<\/th>\n<th style=\"text-align: center; vertical-align: middle;\" width=\"215\">(A) Tour de bras<\/th>\n<th style=\"text-align: center; vertical-align: middle;\" width=\"228\">(B) Longueur de l&rsquo;\u00e9picondyle lat\u00e9ral de l&rsquo;hum\u00e9rus au poignet<\/th>\n<th style=\"text-align: center; vertical-align: middle;\" width=\"136\">Adapt\u00e9e \u00e0 l&rsquo;\u00e2ge<\/th>\n<th style=\"text-align: center; vertical-align: middle;\" width=\"136\">M\u00e9thode de mesure<\/th>\n<\/tr>\n<tr>\n<td style=\"text-align: center; vertical-align: middle;\" valign=\"top\" width=\"96\" height=\"33\">1<\/td>\n<td style=\"text-align: center; vertical-align: middle;\" valign=\"top\" width=\"215\">min 15 \u2013 max 22 cm<\/td>\n<td style=\"text-align: center; vertical-align: middle;\" width=\"228\">min 15 &#8211; max 18 cm<\/td>\n<td style=\"text-align: center; vertical-align: middle;\" valign=\"top\" width=\"136\">2 &#8211; 9 ans<\/td>\n<td style=\"text-align: center; vertical-align: middle;\" rowspan=\"2\" valign=\"top\" width=\"136\"><img loading=\"lazy\" src=\"https:\/\/fixcast.pl\/wp-content\/uploads\/2019\/04\/FIX-KG-19.jpg\" alt=\"Comment mesurer\" width=\"250\" height=\"250\" class=\"aligncenter size-full wp-image-753\" srcset=\"https:\/\/fixcast.pl\/wp-content\/uploads\/2019\/04\/FIX-KG-19.jpg 250w, https:\/\/fixcast.pl\/wp-content\/uploads\/2019\/04\/FIX-KG-19-150x150.jpg 150w, https:\/\/fixcast.pl\/wp-content\/uploads\/2019\/04\/FIX-KG-19-200x200.jpg 200w\" sizes=\"(max-width: 250px) 100vw, 250px\" \/><\/td>\n<\/tr>\n<tr>\n<td style=\"text-align: center; vertical-align: middle;\" valign=\"top\" width=\"96\" height=\"41\">2<\/td>\n<td style=\"text-align: center; vertical-align: middle;\" valign=\"top\" width=\"215\">min 15 \u2013 max 25 cm<\/td>\n<td style=\"text-align: center; vertical-align: middle;\" width=\"228\">min 18 &#8211; max 25 cm<\/td>\n<td style=\"text-align: center; vertical-align: middle;\" valign=\"top\" width=\"136\">8 &#8211; 12 ans<\/td>\n<\/tr>\n<\/tbody>\n<\/table>\n<p><strong>Disponible en tant qu&rsquo;orth\u00e8se droite\/gauche.<br \/>\nLongueur totale du produit:<br \/>\n1: 26 cm<br \/>\n2: 32 cm<\/strong><\/p>\n<\/div>\n<\/div>\n<div class=\"half with-image\" style=\"background-image: url('https:\/\/fixcast.pl\/wp-content\/uploads\/2023\/07\/4T7A6511.jpg');\"><\/div>\n<\/div>\n<div class=\"row\">\n<div class=\"half descr\">\n<div class=\"half-content\">\n<h3>A&nbsp;TELECHARGER<\/h3>\n<ul class=\"pdf\">\n<li>\n\t\t<a href=\"https:\/\/www.reh4mat.com\/deklaracje\/pl\/53.pdf\">D\u00e9claration de conformit\u00e9<\/a>\n\t<\/li>\n<li>\n\t\t<a href=\"https:\/\/fixcast.pl\/wp-content\/uploads\/2019\/04\/FIX-KG-19.pdf\">M\u00e9thode d&rsquo;application<\/a>\n\t<\/li>\n<li><a href=\"https:\/\/www.reh4mat.com\/instrukcje\/46.pdf\">Mode d&#8217;emploi<\/a><\/li>\n<\/ul>\n<\/div>\n<\/div>\n<div class=\"half with-image\" style=\"background-image: url('https:\/\/fixcast.pl\/wp-content\/uploads\/2023\/07\/DSCF0313-WEB.jpg');\"><\/div>\n<\/div>\n<div class=\"row\">\n<div class=\"half descr\">\n<div class=\"half-content\">\n<h3>ACCESSOIRE \u00c0 UTILISER AVEC LE PRODUIT:<\/h3>\n<div style=\"width: 220px\" class=\"wp-caption alignleft\"><a href=\"https:\/\/orthochild.com\/produkt\/upper-limb-support-okg-07\/\"><img loading=\"lazy\" src=\"https:\/\/www.reh4mat.com\/uploads\/2021\/07\/DSC_0306-ZOOM.png\" alt=\"\" width=\"200\" height=\"200\" class=\"size-thumb\" style=\"border: 3px dashed; #6DCDD2; border-radius: 50%; padding: 10px;\" \/><p class=\"wp-caption-text\">OKG-07<\/a><\/p><\/div>\n<\/div>\n<\/div>\n<\/div>\n<div class=\"clear\"><\/div>\n<\/div>\n","protected":false},"excerpt":{"rendered":"<h2>COUDI\u00c8RE POUR ENFANTS AVEC AMPLITUDE DE MOUVEMENT R\u00c9GLABLE PAR INCR\u00c9MENTS DE 15 DEGR\u00c9S<\/h2>\n<p><strong>L&#039;orth\u00e8se de coude FIX-KG-19<\/strong> est une excellente option pour immobiliser l&#039;articulation du coude de l&#039;enfant.<\/p>\n","protected":false},"featured_media":12301,"comment_status":"open","ping_status":"closed","template":"","meta":[],"_links":{"self":[{"href":"https:\/\/fixcast.pl\/fr\/wp-json\/wp\/v2\/product\/5245"}],"collection":[{"href":"https:\/\/fixcast.pl\/fr\/wp-json\/wp\/v2\/product"}],"about":[{"href":"https:\/\/fixcast.pl\/fr\/wp-json\/wp\/v2\/types\/product"}],"replies":[{"embeddable":true,"href":"https:\/\/fixcast.pl\/fr\/wp-json\/wp\/v2\/comments?post=5245"}],"version-history":[{"count":27,"href":"https:\/\/fixcast.pl\/fr\/wp-json\/wp\/v2\/product\/5245\/revisions"}],"predecessor-version":[{"id":12484,"href":"https:\/\/fixcast.pl\/fr\/wp-json\/wp\/v2\/product\/5245\/revisions\/12484"}],"wp:featuredmedia":[{"embeddable":true,"href":"https:\/\/fixcast.pl\/fr\/wp-json\/wp\/v2\/media\/12301"}],"wp:attachment":[{"href":"https:\/\/fixcast.pl\/fr\/wp-json\/wp\/v2\/media?parent=5245"}],"curies":[{"name":"wp","href":"https:\/\/api.w.org\/{rel}","templated":true}]}}