{"id":5261,"date":"2018-08-01T11:32:23","date_gmt":"2021-09-14T08:18:17","guid":{"rendered":"https:\/\/fixcast.pl\/?post_type=product&#038;p=5261"},"modified":"2023-06-22T15:06:33","modified_gmt":"2023-06-22T13:06:33","slug":"fix-kd-11","status":"publish","type":"product","link":"https:\/\/fixcast.pl\/fr\/produit\/fix-kd-11\/","title":{"rendered":"FIX-KD-11"},"content":{"rendered":"<div class=\"description-tiles\">\n<div class=\"row\">\n<div class=\"half descr\">\n<div id=\"zalety\" class=\"half-content\">\n<h3>AVANTAGES PARTICULIERS<\/h3>\n<table class='zalety'><tbody><tr><td style='padding-right: 10px;'><img src='https:\/\/ortezydladzieci.pl\/wp-content\/uploads\/2017\/12\/CLASS-1-MEDICAL-DEVICE-1-150x150.png' class='alignleft size-thumbnail' alt='PRODUIT MEDICAL DE CLASSE 1' width='70' height='70'\/><\/td><td style='width:100%;'><strong style='text-transform:uppercase;'>PRODUIT MEDICAL DE CLASSE 1<\/strong><\/td><\/tr><tr><td style='padding-right: 10px;'><img src='https:\/\/ortezydladzieci.pl\/wp-content\/uploads\/2017\/12\/ODDYCHAJACY-150x150.png' class='alignleft size-thumbnail' alt='RESPIRANT' width='70' height='70'\/><\/td><td style='width:100%;'><strong style='text-transform:uppercase;'>RESPIRANT<\/strong><\/td><\/tr><tr><td style='padding-right: 10px;'><img src='https:\/\/ortezydladzieci.pl\/wp-content\/uploads\/2017\/12\/24.png' class='alignleft size-thumbnail' alt='TH\u00c9RAPIE DE 24 HEURES' width='70' height='70'\/><\/td><td style='width:100%;'><strong style='text-transform:uppercase;'>TH\u00c9RAPIE DE 24 HEURES<\/strong><\/td><\/tr><tr><td style='padding-right: 10px;'><img src='https:\/\/ortezydladzieci.pl\/wp-content\/uploads\/2017\/12\/wodoodporny-150x150.png' class='alignleft size-thumbnail' alt='ETANCHE A L\u2019EAU' width='70' height='70'\/><\/td><td style='width:100%;'><strong style='text-transform:uppercase;'>ETANCHE A L\u2019EAU<\/strong><\/td><\/tr><\/tbody><\/table>\n<\/div>\n<\/div>\n<div class=\"half with-image\" style=\"background-image: url('https:\/\/fixcast.pl\/wp-content\/uploads\/2018\/08\/DSC_0167-1.jpg');\"><\/div>\n<\/div>\n<div class=\"row\">\n<div class=\"half descr\">\n<div class=\"half-content\">\n<h3>OBJET<\/h3>\n<ul>\n<li>paralysie c\u00e9r\u00e9brale (MPD);<\/li>\n<li>spina bifida;<\/li>\n<li>troubles de la proprioception;<\/li>\n<li>hypotonie;<\/li>\n<li>autres troubles neurologiques de l&rsquo;enfance.<\/li>\n<\/ul>\n<\/div>\n<\/div>\n<div class=\"half with-image\" style=\"background-image: url('https:\/\/fixcast.pl\/wp-content\/uploads\/2018\/08\/DSC_0199-2.jpg');\"><\/div>\n<\/div>\n<div class=\"row\">\n<div class=\"half descr\">\n<div class=\"half-content\">\n<h3>COMMENT FONCTIONNENT LES SHORTS&nbsp;?<\/h3>\n<p>Nos <strong>shorts p\u00e9diatriques FIX-KD-11<\/strong> sont fabriqu\u00e9s en n\u00e9opr\u00e8ne fin et color\u00e9 qui maintient une compression constante de l&rsquo;articulation.<\/p>\n<p>La construction ferm\u00e9e du produit assure une adh\u00e9rence parfaite au corps et, par cons\u00e9quent, il a&nbsp;une fonction proprioceptive, ce qui est extr\u00eamement important si l&rsquo;enfant a&nbsp;des probl\u00e8mes de sensation profonde dans la zone de la hanche.<\/p>\n<p>En outre, l&rsquo;ensemble avec le short comprend deux sangles sp\u00e9ciales de rotation en caoutchouc orthop\u00e9dique. Le but de ces sangles est de maintenir la rotation externe du f\u00e9mur sans activation et torsion inutiles des articulations du genou.<\/p>\n<p>Le <strong>short en n\u00e9opr\u00e8ne FIX-KD-11<\/strong> permet une d\u00e9marche plus fonctionnelle lors des activit\u00e9s quotidiennes. Il s&rsquo;agit d&rsquo;un excellent produit pour aider les enfants atteints de troubles neurologiques, notamment d&rsquo;infirmit\u00e9 motrice c\u00e9r\u00e9brale (IMC), \u00e0 apprendre \u00e0 marcher.<\/p>\n<\/div>\n<\/div>\n<div class=\"half with-image\" style=\"background-image: url('https:\/\/fixcast.pl\/wp-content\/uploads\/2018\/08\/DSC_0178-3.jpg');\"><\/div>\n<\/div>\n<div class=\"row\">\n<div class=\"half descr\">\n<div class=\"half-content\">\n<p><strong>ActivePren\u2122<\/strong> est un mat\u00e9riau actif \u00e0 trois couches compos\u00e9 de deux tissus de couverture en tricot jersey \u00e9lastique et d&#039;un noyau perfor\u00e9 en mousse de n\u00e9opr\u00e8ne. Ce mat\u00e9riau se caract\u00e9rise par sa douceur et sa grande \u00e9lasticit\u00e9. La perforation de la mousse permet une parfaite oxyg\u00e9nation de la peau de l&#039;utilisateur et un drainage de l&#039;humidit\u00e9. Gr\u00e2ce \u00e0 l&#039;AirSupply System, la partie prot\u00e9g\u00e9e du corps est en outre ventil\u00e9e et sa chaleur appropri\u00e9e est maintenue. Un avantage tr\u00e8s important de ce mat\u00e9riau est le fait qu&#039;il n&#039;est pas tricot\u00e9, qu&#039;il n&#039;a pas de fibres \u00e9paisses, gr\u00e2ce auquel les tissages du tissu n&#039;appuient pas sur la peau du patient et ne provoquent pas de plaies dans les zones de forte compression. Les orth\u00e8ses fabriqu\u00e9es en mat\u00e9riau <strong>ActivePren\u2122<\/strong> sont les orth\u00e8ses de stabilisation les plus solides et les plus efficaces disponibles sur le march\u00e9. Le mat\u00e9riau est imperm\u00e9able.<\/p>\n<p><a data-rel='lightbox' href='https:\/\/www.reh4mat.com\/uploads\/2021\/12\/ACTIVE-PREN-2021-1190x630.jpg'><img src='https:\/\/www.reh4mat.com\/uploads\/2021\/12\/ACTIVE-PREN-2021-1190x630.jpg' alt='' title='' class='aligncenter size-large' width='1024' height='542'><\/a><\/p>\n<\/div>\n<\/div>\n<div class=\"half descr\">\n<div class=\"half-content\">\n<p><strong>UniPren\u2122<\/strong> est un mat\u00e9riau universel \u00e0 trois couches compos\u00e9 d&#039;un tissu de couverture externe \u00e9lastique en polyamide avec fonction auto-adh\u00e9sive, d&#039;un noyau interne perfor\u00e9 en mousse de n\u00e9opr\u00e8ne et d&#039;un tissu de couverture \u00e9lastique en jersey. Ce mat\u00e9riau se caract\u00e9rise par sa douceur et sa tr\u00e8s grande \u00e9lasticit\u00e9. La perforation de la mousse permet une parfaite oxyg\u00e9nation de la peau de l&#039;utilisateur et un drainage de l&#039;humidit\u00e9. Un avantage tr\u00e8s important de ce mat\u00e9riau est le fait qu&#039;il n&#039;est pas tricot\u00e9, qu&#039;il ne poss\u00e8de pas de fibres \u00e9paisses, de sorte que ses tissages ne s&#039;impriment pas sur la peau du patient et ne provoquent pas de plaies dans les zones de forte compression. Les orth\u00e8ses fabriqu\u00e9es en <strong>UniPren\u2122<\/strong> sont les orth\u00e8ses de stabilisation les plus solides et les plus efficaces disponibles sur le march\u00e9. La fonction auto-adh\u00e9sive du mat\u00e9riau facilite consid\u00e9rablement son utilisation. LE MAT\u00c9RIAU EST IMPERM\u00c9ABLE.<\/p>\n<p><a data-rel='lightbox' href='https:\/\/www.reh4mat.com\/uploads\/2021\/04\/UNI-PREN-1190x630.png'><img src='https:\/\/www.reh4mat.com\/uploads\/2021\/04\/UNI-PREN-1190x630.png' alt='' title='' class='aligncenter size-large' width='1024' height='542'><\/a><\/p>\n<\/div>\n<\/div>\n<\/div>\n<div class=\"row\">\n<div class=\"half descr\">\n<div class=\"half-content\">\n<p><strong>AirRubber III\u2122<\/strong> est fabriqu\u00e9 de mani\u00e8re sp\u00e9cifique, ce qui lui conf\u00e8re une \u00e9lasticit\u00e9 unidirectionnelle. Il ne s&#039;\u00e9tire pas transversalement, mais il s&#039;\u00e9tire longitudinalement, ce qui garantit la bonne compression du produit. Au cours du processus de tissage du caoutchouc, des mailles naturelles se forment, ce qui permet \u00e0 l&#039;air de passer facilement entre les mailles du caoutchouc et d&#039;atteindre la surface de la peau, en l&#039;oxyg\u00e9nant. En outre, les brins de caoutchouc procurent un micromassage doux lorsque le produit est plus comprim\u00e9. Le caoutchouc orthop\u00e9dique est un mat\u00e9riau tr\u00e8s respectueux de la peau.<\/p>\n<p><a data-rel='lightbox' href='https:\/\/www.reh4mat.com\/uploads\/2023\/02\/AIR-RUBBER-III-1190x630.png'><img src='https:\/\/www.reh4mat.com\/uploads\/2023\/02\/AIR-RUBBER-III-1190x630.png' alt='' title='' class='aligncenter size-large' width='1024' height='542'><\/a><\/p>\n<\/div>\n<\/div>\n<div class=\"half descr\">\n<div class=\"half-content\">\n<p>De plus, le produit est dot\u00e9 d&rsquo;un silicone antid\u00e9rapant qui prot\u00e8ge le produit contre tout d\u00e9placement sur le membre. <\/p>\n<p><a href=\"https:\/\/fixcast.pl\/wp-content\/uploads\/2018\/08\/4T7A8301.jpg\" data-rel=\"lightbox-0\" title=\"\"><img loading=\"lazy\" src=\"https:\/\/fixcast.pl\/wp-content\/uploads\/2018\/08\/4T7A8301-1024x855.jpg\" alt=\"FIX-KD-11\" width=\"1024\" height=\"855\" class=\"aligncenter size-large wp-image-7630\" srcset=\"https:\/\/fixcast.pl\/wp-content\/uploads\/2018\/08\/4T7A8301-1024x855.jpg 1024w, https:\/\/fixcast.pl\/wp-content\/uploads\/2018\/08\/4T7A8301-300x251.jpg 300w, https:\/\/fixcast.pl\/wp-content\/uploads\/2018\/08\/4T7A8301-768x641.jpg 768w, https:\/\/fixcast.pl\/wp-content\/uploads\/2018\/08\/4T7A8301.jpg 1365w\" sizes=\"(max-width: 1024px) 100vw, 1024px\" \/><\/a><a href=\"https:\/\/fixcast.pl\/wp-content\/uploads\/2018\/08\/4T7A2051.jpg\" data-rel=\"lightbox-1\" title=\"\"><img loading=\"lazy\" src=\"https:\/\/fixcast.pl\/wp-content\/uploads\/2018\/08\/4T7A2051-1024x683.jpg\" alt=\"FIX-KD-11\" width=\"1024\" height=\"683\" class=\"aligncenter size-large wp-image-9850\" srcset=\"https:\/\/fixcast.pl\/wp-content\/uploads\/2018\/08\/4T7A2051-1024x683.jpg 1024w, https:\/\/fixcast.pl\/wp-content\/uploads\/2018\/08\/4T7A2051-300x200.jpg 300w, https:\/\/fixcast.pl\/wp-content\/uploads\/2018\/08\/4T7A2051-768x512.jpg 768w, https:\/\/fixcast.pl\/wp-content\/uploads\/2018\/08\/4T7A2051.jpg 1620w\" sizes=\"(max-width: 1024px) 100vw, 1024px\" \/><\/a><\/p>\n<\/div>\n<\/div>\n<\/div>\n<div class=\"row\">\n<div class=\"half descr\">\n<div class=\"half-content\">\n<h3>TAILLES DISPONIBLES<\/h3>\n<table width=\"719\" cellspacing=\"0\" cellpadding=\"4\">\n<colgroup>\n<col width=\"94\" \/>\n<col width=\"149\" \/>\n<col width=\"148\" \/>\n<col width=\"135\" \/>\n<col width=\"152\" \/> <\/colgroup>\n<tbody>\n<tr>\n<th style=\"text-align: center; vertical-align: middle;\" width=\"94\" height=\"24\">Taille<\/th>\n<th style=\"text-align: center; vertical-align: middle;\" width=\"149\">Tour de taille (A)<\/th>\n<th style=\"text-align: center; vertical-align: middle;\" width=\"148\">Longueur int\u00e9rieure de la jambe (B)<\/th>\n<th style=\"text-align: center; vertical-align: middle;\" width=\"135\">Longueur totale du produit (C)<\/th>\n<th style=\"text-align: center; vertical-align: middle;\" width=\"152\">Adapt\u00e9 \u00e0 l&rsquo;\u00e2ge<\/th>\n<th style=\"text-align: center; vertical-align: middle;\" width=\"152\">M\u00e9thode de mesure<\/th>\n<\/tr>\n<tr valign=\"top\">\n<td style=\"text-align: center; vertical-align: middle;\" width=\"94\">1<\/td>\n<td style=\"text-align: center; vertical-align: middle;\" width=\"149\">40 &#8211; 44 cm<\/td>\n<td style=\"text-align: center; vertical-align: middle;\" width=\"148\">10 cm<\/td>\n<td style=\"text-align: center; vertical-align: middle;\" width=\"135\">30 cm<\/td>\n<td style=\"text-align: center; vertical-align: middle;\" width=\"152\">1 &#8211; 2 ans<\/td>\n<td style=\"text-align: center; vertical-align: middle;\" rowspan=\"6\" width=\"152\"><a href=\"https:\/\/fixcast.pl\/wp-content\/uploads\/2018\/08\/FIX-KD-11.png\" data-rel=\"lightbox-2\" title=\"\"><img loading=\"lazy\" class=\"aligncenter size-full wp-image-844\" src=\"https:\/\/fixcast.pl\/wp-content\/uploads\/2018\/08\/FIX-KD-11.png\" alt=\"M\u00e9thode de mesure\" width=\"145\" height=\"208\" \/><\/a><\/td>\n<\/tr>\n<tr valign=\"top\">\n<td style=\"text-align: center; vertical-align: middle;\" width=\"94\">2<\/td>\n<td style=\"text-align: center; vertical-align: middle;\" width=\"149\">44 &#8211; 51 cm<\/td>\n<td style=\"text-align: center; vertical-align: middle;\" width=\"148\">11 cm<\/td>\n<td style=\"text-align: center; vertical-align: middle;\" width=\"135\">32 cm<\/td>\n<td style=\"text-align: center; vertical-align: middle;\" width=\"152\">2 &#8211; 3 ans<\/td>\n<\/tr>\n<tr valign=\"top\">\n<td style=\"text-align: center; vertical-align: middle;\" width=\"94\">3<\/td>\n<td style=\"text-align: center; vertical-align: middle;\" width=\"149\">51 &#8211; 59 cm<\/td>\n<td style=\"text-align: center; vertical-align: middle;\" width=\"148\">14 cm<\/td>\n<td style=\"text-align: center; vertical-align: middle;\" width=\"135\">37 cm<\/td>\n<td style=\"text-align: center; vertical-align: middle;\" width=\"152\">3 &#8211; 6 ans<\/td>\n<\/tr>\n<tr valign=\"top\">\n<td style=\"text-align: center; vertical-align: middle;\" width=\"94\">4<\/td>\n<td style=\"text-align: center; vertical-align: middle;\" width=\"149\">59 &#8211; 67 cm<\/td>\n<td style=\"text-align: center; vertical-align: middle;\" width=\"148\">14 cm<\/td>\n<td style=\"text-align: center; vertical-align: middle;\" width=\"135\">37 cm<\/td>\n<td style=\"text-align: center; vertical-align: middle;\" width=\"152\">5 &#8211; 9 ans<\/td>\n<\/tr>\n<tr valign=\"top\">\n<td style=\"text-align: center; vertical-align: middle;\" width=\"94\">5<\/td>\n<td style=\"text-align: center; vertical-align: middle;\" width=\"149\">67 &#8211; 72 cm<\/td>\n<td style=\"text-align: center; vertical-align: middle;\" width=\"148\">15 cm<\/td>\n<td style=\"text-align: center; vertical-align: middle;\" width=\"135\">40 cm<\/td>\n<td style=\"text-align: center; vertical-align: middle;\" width=\"152\">9 &#8211; 12 ans<\/td>\n<\/tr>\n<tr valign=\"top\">\n<td style=\"text-align: center; vertical-align: middle;\" width=\"94\">6<\/td>\n<td style=\"text-align: center; vertical-align: middle;\" width=\"149\">72 &#8211; 77 cm<\/td>\n<td style=\"text-align: center; vertical-align: middle;\" width=\"148\">17 cm<\/td>\n<td style=\"text-align: center; vertical-align: middle;\" width=\"135\">41 cm<\/td>\n<td style=\"text-align: center; vertical-align: middle;\" width=\"152\">12 + ans<\/td>\n<\/tr>\n<\/tbody>\n<\/table>\n<p>Le produit est envoy\u00e9 dans une couleur al\u00e9atoire.<\/p>\n<p><img loading=\"lazy\" src=\"https:\/\/fixcast.pl\/wp-content\/uploads\/2018\/08\/FIX-KD-11-kolor-1.jpg\" alt=\"FIX-KD-11\" width=\"800\" height=\"321\" class=\"aligncenter size-full wp-image-11020\" srcset=\"https:\/\/fixcast.pl\/wp-content\/uploads\/2018\/08\/FIX-KD-11-kolor-1.jpg 800w, https:\/\/fixcast.pl\/wp-content\/uploads\/2018\/08\/FIX-KD-11-kolor-1-300x120.jpg 300w, https:\/\/fixcast.pl\/wp-content\/uploads\/2018\/08\/FIX-KD-11-kolor-1-768x308.jpg 768w\" sizes=\"(max-width: 800px) 100vw, 800px\" \/><\/p>\n<\/div>\n<\/div>\n<div class=\"half with-image\" style=\"background-image: url('https:\/\/fixcast.pl\/wp-content\/uploads\/2018\/08\/DSC_0175-2.jpg');\"><\/div>\n<\/div>\n<div class=\"row\">\n<div class=\"half descr\">\n<div class=\"half-content\">\n<h3>A&nbsp;T\u00c9L\u00c9CHARGER<\/h3>\n<ul class=\"pdf\">\n<li><a href=\"https:\/\/www.reh4mat.com\/deklaracje\/pl\/52.pdf\">D\u00e9claration de conformit\u00e9<\/a><\/li>\n<li><a href=\"https:\/\/fixcast.pl\/wp-content\/uploads\/2022\/06\/FIX-KD-11-1.pdf\">M\u00e9thode d&rsquo;application<\/a><\/li>\n<li><a href=\"https:\/\/reh4mat.com\/instrukcje\/45.pdf\">Mode d&#8217;emploi<\/a><\/li>\n<\/ul>\n<\/div>\n<\/div>\n<div class=\"half with-image\" style=\"background-image: url('https:\/\/fixcast.pl\/wp-content\/uploads\/2018\/08\/DSC_0190-1.jpg');\"><\/div>\n<\/div>\n<div class=\"clear\"><\/div>\n<\/div>\n","protected":false},"excerpt":{"rendered":"<h2>SHORT P\u00c9DIATRIQUE EN N\u00c9OPR\u00c8NE AVEC SANGLES DE ROTATION<\/h2>\n<p>Le short p\u00e9diatrique en n\u00e9opr\u00e8ne FIX-KD-11 assure la compression et la stabilisation de toute la r\u00e9gion pelvienne. Les sangles de rotation incluses avec le short permettent de maintenir le f\u00e9mur en rotation externe sans engager inutilement les articulations du genou.<\/p>\n","protected":false},"featured_media":11006,"comment_status":"open","ping_status":"closed","template":"","meta":[],"_links":{"self":[{"href":"https:\/\/fixcast.pl\/fr\/wp-json\/wp\/v2\/product\/5261"}],"collection":[{"href":"https:\/\/fixcast.pl\/fr\/wp-json\/wp\/v2\/product"}],"about":[{"href":"https:\/\/fixcast.pl\/fr\/wp-json\/wp\/v2\/types\/product"}],"replies":[{"embeddable":true,"href":"https:\/\/fixcast.pl\/fr\/wp-json\/wp\/v2\/comments?post=5261"}],"version-history":[{"count":10,"href":"https:\/\/fixcast.pl\/fr\/wp-json\/wp\/v2\/product\/5261\/revisions"}],"predecessor-version":[{"id":12199,"href":"https:\/\/fixcast.pl\/fr\/wp-json\/wp\/v2\/product\/5261\/revisions\/12199"}],"wp:featuredmedia":[{"embeddable":true,"href":"https:\/\/fixcast.pl\/fr\/wp-json\/wp\/v2\/media\/11006"}],"wp:attachment":[{"href":"https:\/\/fixcast.pl\/fr\/wp-json\/wp\/v2\/media?parent=5261"}],"curies":[{"name":"wp","href":"https:\/\/api.w.org\/{rel}","templated":true}]}}