{"id":5263,"date":"2018-08-01T12:18:14","date_gmt":"2021-09-14T09:22:30","guid":{"rendered":"https:\/\/fixcast.pl\/?post_type=product&#038;p=5263"},"modified":"2023-06-23T09:59:03","modified_gmt":"2023-06-23T07:59:03","slug":"fix-kd-12","status":"publish","type":"product","link":"https:\/\/fixcast.pl\/fr\/produit\/fix-kd-12\/","title":{"rendered":"FIX-KD-12"},"content":{"rendered":"<div class=\"description-tiles\">\n<div class=\"row\">\n<div class=\"half descr\">\n<div id=\"zalety\" class=\"half-content\">\n<h3>AVANTAGES PARTICULIERS<\/h3>\n<table class='zalety'><tbody><tr><td style='padding-right: 10px;'><img src='https:\/\/ortezydladzieci.pl\/wp-content\/uploads\/2017\/12\/orteza-kolana-150x150.png' class='alignleft size-thumbnail' alt='ORTHESE DU GENOU' width='70' height='70'\/><\/td><td style='width:100%;'><strong style='text-transform:uppercase;'>ORTHESE DU GENOU<\/strong><\/td><\/tr><tr><td style='padding-right: 10px;'><img src='https:\/\/ortezydladzieci.pl\/wp-content\/uploads\/2017\/12\/CLASS-1-MEDICAL-DEVICE-1-150x150.png' class='alignleft size-thumbnail' alt='PRODUIT MEDICAL DE CLASSE 1' width='70' height='70'\/><\/td><td style='width:100%;'><strong style='text-transform:uppercase;'>PRODUIT MEDICAL DE CLASSE 1<\/strong><\/td><\/tr><tr><td style='padding-right: 10px;'><img src='https:\/\/ortezydladzieci.pl\/wp-content\/uploads\/2017\/12\/ODDYCHAJACY-150x150.png' class='alignleft size-thumbnail' alt='RESPIRANT' width='70' height='70'\/><\/td><td style='width:100%;'><strong style='text-transform:uppercase;'>RESPIRANT<\/strong><\/td><\/tr><tr><td style='padding-right: 10px;'><img src='https:\/\/ortezydladzieci.pl\/wp-content\/uploads\/2017\/12\/24.png' class='alignleft size-thumbnail' alt='TH\u00c9RAPIE DE 24 HEURES' width='70' height='70'\/><\/td><td style='width:100%;'><strong style='text-transform:uppercase;'>TH\u00c9RAPIE DE 24 HEURES<\/strong><\/td><\/tr><tr><td style='padding-right: 10px;'><img src='https:\/\/ortezydladzieci.pl\/wp-content\/uploads\/2017\/12\/wodoodporny-150x150.png' class='alignleft size-thumbnail' alt='ETANCHE A L\u2019EAU' width='70' height='70'\/><\/td><td style='width:100%;'><strong style='text-transform:uppercase;'>ETANCHE A L\u2019EAU<\/strong><\/td><\/tr><\/tbody><\/table>\n<\/div>\n<\/div>\n<div class=\"half with-image\" style=\"background-image: url('https:\/\/fixcast.pl\/wp-content\/uploads\/2018\/08\/4T7A7247.jpg');\"><\/div>\n<\/div>\n<div class=\"row\">\n<div class=\"half descr\">\n<div class=\"half-content\">\n<h3>Przeznaczenie<\/h3>\n<ul>\n<li>luxations de l&rsquo;articulation du genou;<\/li>\n<li>entorses de l&rsquo;articulation du genou;<\/li>\n<li>instabilit\u00e9 du genou;<\/li>\n<li>l\u00e9sions des ligaments du genou LCL, MCL et ACL;<\/li>\n<li>dommages au m\u00e9nisque;<\/li>\n<li>surcharge du tendon de la rotule;<\/li>\n<li>maladie d&rsquo;Osgood-Schlatter;<\/li>\n<li>maladie de Sinding-Larsen-Johansson;<\/li>\n<li>polyarthrite rhumato\u00efde juv\u00e9nile;<\/li>\n<li>ost\u00e9oarthrite non sp\u00e9cifique;<\/li>\n<li>n\u00e9crose osseuse;<\/li>\n<li>reconstruction du ligament du genou;<\/li>\n<li>autre op\u00e9ration du genou.<\/li>\n<\/ul>\n<\/div>\n<\/div>\n<div class=\"half with-image\" style=\"background-image: url('https:\/\/fixcast.pl\/wp-content\/uploads\/2018\/08\/IMG_5396X-1.jpg');\"><\/div>\n<\/div>\n<div class=\"row\">\n<div class=\"half descr\">\n<div class=\"half-content\">\n<h3>COMMENT FONCTIONNE L&rsquo;ORTH\u00c8SE&nbsp;?<\/h3>\n<p>La genouill\u00e8re FIX-KD-12 pour enfants est fabriqu\u00e9e en mat\u00e9riau <strong>ActivePren\u2122<\/strong> fin et color\u00e9, qui maintient une compression constante de l&rsquo;articulation.<\/p>\n<p><strong>ActivePren\u2122<\/strong> est un mat\u00e9riau actif \u00e0 trois couches compos\u00e9 de deux tissus de couverture en tricot jersey \u00e9lastique et d&#039;un noyau perfor\u00e9 en mousse de n\u00e9opr\u00e8ne. Ce mat\u00e9riau se caract\u00e9rise par sa douceur et sa grande \u00e9lasticit\u00e9. La perforation de la mousse permet une parfaite oxyg\u00e9nation de la peau de l&#039;utilisateur et un drainage de l&#039;humidit\u00e9. Gr\u00e2ce \u00e0 l&#039;AirSupply System, la partie prot\u00e9g\u00e9e du corps est en outre ventil\u00e9e et sa chaleur appropri\u00e9e est maintenue. Un avantage tr\u00e8s important de ce mat\u00e9riau est le fait qu&#039;il n&#039;est pas tricot\u00e9, qu&#039;il n&#039;a pas de fibres \u00e9paisses, gr\u00e2ce auquel les tissages du tissu n&#039;appuient pas sur la peau du patient et ne provoquent pas de plaies dans les zones de forte compression. Les orth\u00e8ses fabriqu\u00e9es en mat\u00e9riau <strong>ActivePren\u2122<\/strong> sont les orth\u00e8ses de stabilisation les plus solides et les plus efficaces disponibles sur le march\u00e9. Le mat\u00e9riau est imperm\u00e9able.<\/p>\n<p><a data-rel='lightbox' href='https:\/\/www.reh4mat.com\/uploads\/2021\/12\/ACTIVE-PREN-2021-1190x630.jpg'><img src='https:\/\/www.reh4mat.com\/uploads\/2021\/12\/ACTIVE-PREN-2021-1190x630.jpg' alt='' title='' class='aligncenter size-large' width='1024' height='542'><\/a><\/p>\n<\/div>\n<\/div>\n<div class=\"half with-image\" style=\"background-image: url('https:\/\/fixcast.pl\/wp-content\/uploads\/2018\/08\/FIX-KD-12-4-1.jpg');\"><\/div>\n<\/div>\n<div class=\"row\">\n<div class=\"half descr\">\n<div class=\"half-content\">\n<p>La construction ferm\u00e9e du produit assure une adh\u00e9rence parfaite au membre et a&nbsp;donc une fonction proprioceptive. Malgr\u00e9 sa conception ferm\u00e9e, la partie sup\u00e9rieure de l&rsquo;attelle est munie d&rsquo;une bande Velcro amovible, qui permet \u00e0 l&rsquo;enfant de mettre plus facilement l&rsquo;attelle sur la jambe, par exemple en cas de gonflement important de l&rsquo;articulation du genou ou de contusion des muscles de la cuisse.<\/p>\n<p><strong>La genouill\u00e8re FIX-KD-12<\/strong> pour enfants est \u00e9quip\u00e9e de rails lat\u00e9raux en aluminium, qui assurent la stabilisation lat\u00e9rale du genou et emp\u00eachent sa torsion.<\/p>\n<p>L&rsquo;avant de l&rsquo;attelle est \u00e9quip\u00e9 d&rsquo;un anneau p\u00e9riarticulaire sp\u00e9cialis\u00e9, qui stabilise parfaitement la rotule et emp\u00eache sa luxation. De plus, l&rsquo;anneau maintient la rotule dans l&rsquo;axe de l&rsquo;articulation du genou, ce qui rend son fonctionnement souple et indolore.<\/p>\n<p>Notre genouill\u00e8re est dot\u00e9e de deux sangles circonf\u00e9rentielles qui stabilisent davantage le produit sur le membre, l&#8217;emp\u00eachant de glisser et de se tordre m\u00eame pendant l&rsquo;activit\u00e9 intense de votre enfant.<\/p>\n<p>En fournissant une compression constante, notre orth\u00e8se maintient la temp\u00e9rature du corps, ce qui r\u00e9duit la douleur et acc\u00e9l\u00e8re le processus de gu\u00e9rison apr\u00e8s une l\u00e9sion des tissus mous.<\/p>\n<\/div>\n<\/div>\n<div class=\"half with-image\" style=\"background-image: url('https:\/\/fixcast.pl\/wp-content\/uploads\/2018\/08\/IMG_7798.jpg');\"><\/div>\n<\/div>\n<div class=\"row\">\n<div class=\"half descr\">\n<div class=\"half-content\">\n<p><a href=\"https:\/\/fixcast.pl\/wp-content\/uploads\/2018\/08\/IMG_7797_fr.jpg\" data-rel=\"lightbox-0\" title=\"\"><img loading=\"lazy\" src=\"https:\/\/fixcast.pl\/wp-content\/uploads\/2018\/08\/IMG_7797_fr-1024x552.jpg\" alt=\"FIX-KD-12\" width=\"1024\" height=\"552\" class=\"aligncenter size-large wp-image-10008\" srcset=\"https:\/\/fixcast.pl\/wp-content\/uploads\/2018\/08\/IMG_7797_fr-1024x552.jpg 1024w, https:\/\/fixcast.pl\/wp-content\/uploads\/2018\/08\/IMG_7797_fr-300x162.jpg 300w, https:\/\/fixcast.pl\/wp-content\/uploads\/2018\/08\/IMG_7797_fr-768x414.jpg 768w, https:\/\/fixcast.pl\/wp-content\/uploads\/2018\/08\/IMG_7797_fr.jpg 1257w\" sizes=\"(max-width: 1024px) 100vw, 1024px\" \/><\/a><\/p>\n<\/div>\n<\/div>\n<div class=\"half descr\">\n<div class=\"half-content\">\n<a href=\"https:\/\/www.reh4mat.com\/uploads\/2021\/12\/Szyna-1-Slim.jpg\"><img src=\"https:\/\/www.reh4mat.com\/uploads\/2021\/12\/Szyna-1-Slim-600x300.jpg\" alt=\"\u00c9clisse 1 Slim\" width=\"600\" height=\"300\" class=\"aligncenter size-medium wp-image-275948\" \/><\/a>\n<\/div>\n<\/div>\n<\/div>\n<div class=\"row\">\n<div class=\"half descr\">\n<div class=\"half-content\">\n<h3>TABLEAU DES TAILLES<\/h3>\n<table width=\"502\" cellspacing=\"0\" cellpadding=\"4\">\n<colgroup>\n<col width=\"140\" \/>\n<col width=\"345\" \/> <\/colgroup>\n<tbody>\n<tr valign=\"top\">\n<th style=\"text-align: center; vertical-align: middle;\" width=\"140\" height=\"24\">Taille<\/th>\n<th style=\"text-align: center; vertical-align: middle;\" width=\"345\">Tour de genou<\/th>\n<th style=\"text-align: center; vertical-align: middle;\" width=\"345\">M\u00e9thode de mesure<\/th>\n<\/tr>\n<tr valign=\"top\">\n<td style=\"text-align: center; vertical-align: middle;\" width=\"140\">1<\/td>\n<td style=\"text-align: center; vertical-align: middle;\" width=\"345\">23 &#8211; 26 cm<\/td>\n<td style=\"text-align: center; vertical-align: middle;\" rowspan=\"3\" width=\"345\"><img loading=\"lazy\" src=\"https:\/\/fixcast.pl\/wp-content\/uploads\/2018\/07\/pomiar-kolano.png\" alt=\"M\u00e9thode de mesure\" width=\"148\" height=\"212\" class=\"aligncenter size-full wp-image-611\" \/><\/td>\n<\/tr>\n<tr valign=\"top\">\n<td style=\"text-align: center; vertical-align: middle;\" width=\"140\">2<\/td>\n<td style=\"text-align: center; vertical-align: middle;\" width=\"345\">26 &#8211; 29 cm<\/td>\n<\/tr>\n<tr valign=\"top\">\n<td style=\"text-align: center; vertical-align: middle;\" width=\"140\">3<\/td>\n<td style=\"text-align: center; vertical-align: middle;\" width=\"345\">29 &#8211; 33 cm<\/td>\n<\/tr>\n<\/tbody>\n<\/table>\n<p><strong>Produit universel pour le genou droit et gauche.<\/p>\n<p>Longueur totale de l&rsquo;accolade&nbsp;:<br \/>\n1&nbsp;: 25 cm<br \/>\n2&nbsp;: 27 cm<br \/>\n3&nbsp;: 27 cm<\/strong><\/p>\n<p>&nbsp;<\/p>\n<p><strong>Le produit est envoy\u00e9 dans une couleur al\u00e9atoire.<\/strong><\/p>\n<p><img loading=\"lazy\" src=\"https:\/\/fixcast.pl\/wp-content\/uploads\/2018\/08\/FIX-KD-12-7-1.jpg\" alt=\"FIX-KD-12\" width=\"700\" height=\"371\" class=\"aligncenter size-full wp-image-9976\" srcset=\"https:\/\/fixcast.pl\/wp-content\/uploads\/2018\/08\/FIX-KD-12-7-1.jpg 700w, https:\/\/fixcast.pl\/wp-content\/uploads\/2018\/08\/FIX-KD-12-7-1-300x159.jpg 300w\" sizes=\"(max-width: 700px) 100vw, 700px\" \/><\/p>\n<h3>A&nbsp;T\u00c9L\u00c9CHARGER<\/h3>\n<ul class=\"pdf\">\n<li><a href=\"https:\/\/www.reh4mat.com\/deklaracje\/pl\/52.pdf\">D\u00e9claration de conformit\u00e9<\/a><\/li>\n<li><a href=\"https:\/\/fixcast.pl\/wp-content\/uploads\/2022\/07\/FIX-KD-12.pdf\">M\u00e9thode d&rsquo;application<\/a><\/li>\n<li><a href=\"https:\/\/reh4mat.com\/instrukcje\/45.pdf\">Mode d&#8217;emploi<\/a><\/li>\n<\/ul>\n<\/div>\n<\/div>\n<div class=\"half with-image\" style=\"background-image: url('https:\/\/fixcast.pl\/wp-content\/uploads\/2018\/08\/FIX-KD-12-3-2.jpg');\"><\/div>\n<\/div>\n<div class=\"clear\"><\/div>\n<\/div>\n","protected":false},"excerpt":{"rendered":"<h2>ATTELLE DE GENOU AVEC ATTELLES LAT\u00c9RALES ET ANNEAU P\u00c9RIARTICULAIRE<\/h2>\n<p>La genouill\u00e8re FIX-KD-12 pour enfants est la solution id\u00e9ale lorsqu&#039;il est n\u00e9cessaire d&#039;immobiliser l&#039;articulation du genou et d&#039;assurer une stabilisation lat\u00e9rale.<\/p>\n","protected":false},"featured_media":9958,"comment_status":"open","ping_status":"closed","template":"","meta":[],"_links":{"self":[{"href":"https:\/\/fixcast.pl\/fr\/wp-json\/wp\/v2\/product\/5263"}],"collection":[{"href":"https:\/\/fixcast.pl\/fr\/wp-json\/wp\/v2\/product"}],"about":[{"href":"https:\/\/fixcast.pl\/fr\/wp-json\/wp\/v2\/types\/product"}],"replies":[{"embeddable":true,"href":"https:\/\/fixcast.pl\/fr\/wp-json\/wp\/v2\/comments?post=5263"}],"version-history":[{"count":8,"href":"https:\/\/fixcast.pl\/fr\/wp-json\/wp\/v2\/product\/5263\/revisions"}],"predecessor-version":[{"id":12247,"href":"https:\/\/fixcast.pl\/fr\/wp-json\/wp\/v2\/product\/5263\/revisions\/12247"}],"wp:featuredmedia":[{"embeddable":true,"href":"https:\/\/fixcast.pl\/fr\/wp-json\/wp\/v2\/media\/9958"}],"wp:attachment":[{"href":"https:\/\/fixcast.pl\/fr\/wp-json\/wp\/v2\/media?parent=5263"}],"curies":[{"name":"wp","href":"https:\/\/api.w.org\/{rel}","templated":true}]}}