{"id":5275,"date":"2018-07-03T14:56:26","date_gmt":"2021-09-14T10:04:32","guid":{"rendered":"https:\/\/fixcast.pl\/?post_type=product&#038;p=5275"},"modified":"2023-06-22T11:19:26","modified_gmt":"2023-06-22T09:19:26","slug":"fix-kg-09","status":"publish","type":"product","link":"https:\/\/fixcast.pl\/fr\/produit\/fix-kg-09\/","title":{"rendered":"FIX-KG-09"},"content":{"rendered":"<div class=\"description-tiles\">\n<div class=\"row\">\n<div class=\"half descr\">\n<div id=\"zalety\" class=\"half-content\">\n<h3>AVANTAGES PARTICULIERS<\/h3>\n<table class='zalety'><tbody><tr><td style='padding-right: 10px;'><img src='https:\/\/ortezydladzieci.pl\/wp-content\/uploads\/2017\/12\/CLASS-1-MEDICAL-DEVICE-1-150x150.png' class='alignleft size-thumbnail' alt='PRODUIT MEDICAL DE CLASSE 1' width='70' height='70'\/><\/td><td style='width:100%;'><strong style='text-transform:uppercase;'>PRODUIT MEDICAL DE CLASSE 1<\/strong><\/td><\/tr><tr><td style='padding-right: 10px;'><img src='https:\/\/ortezydladzieci.pl\/wp-content\/uploads\/2017\/12\/ODDYCHAJACY-150x150.png' class='alignleft size-thumbnail' alt='RESPIRANT' width='70' height='70'\/><\/td><td style='width:100%;'><strong style='text-transform:uppercase;'>RESPIRANT<\/strong><\/td><\/tr><tr><td style='padding-right: 10px;'><img src='https:\/\/ortezydladzieci.pl\/wp-content\/uploads\/2017\/12\/infants.png' class='alignleft size-thumbnail' alt='AUSSI DISPONIBLE EN VERSION POUR LES B\u00c9B\u00c9S' width='70' height='70'\/><\/td><td style='width:100%;'><strong style='text-transform:uppercase;'>AUSSI DISPONIBLE EN VERSION POUR LES B\u00c9B\u00c9S<\/strong><\/td><\/tr><tr><td style='padding-right: 10px;'><img src='https:\/\/ortezydladzieci.pl\/wp-content\/uploads\/2017\/12\/24.png' class='alignleft size-thumbnail' alt='TH\u00c9RAPIE DE 24 HEURES' width='70' height='70'\/><\/td><td style='width:100%;'><strong style='text-transform:uppercase;'>TH\u00c9RAPIE DE 24 HEURES<\/strong><\/td><\/tr><tr><td style='padding-right: 10px;'><img src='https:\/\/ortezydladzieci.pl\/wp-content\/uploads\/2017\/12\/wodoodporny-150x150.png' class='alignleft size-thumbnail' alt='ETANCHE A L\u2019EAU' width='70' height='70'\/><\/td><td style='width:100%;'><strong style='text-transform:uppercase;'>ETANCHE A L\u2019EAU<\/strong><\/td><\/tr><tr><td style='padding-right: 10px;'><img src='https:\/\/ortezydladzieci.pl\/wp-content\/uploads\/2017\/12\/alternatywa-gipsu.png' class='alignleft size-thumbnail' alt='ALTERNATIVE AU PL\u00c2TRE' width='70' height='70'\/><\/td><td style='width:100%;'><strong style='text-transform:uppercase;'>ALTERNATIVE AU PL\u00c2TRE<\/strong><\/td><\/tr><tr><td style='padding-right: 10px;'><img src='https:\/\/ortezydladzieci.pl\/wp-content\/uploads\/2017\/12\/rozmiar-uniwersalny-150x150.png' class='alignleft size-thumbnail' alt='TAILLE UNIVERSELLE' width='70' height='70'\/><\/td><td style='width:100%;'><strong style='text-transform:uppercase;'>TAILLE UNIVERSELLE<\/strong><\/td><\/tr><\/tbody><\/table>\n<\/div>\n<\/div>\n<div class=\"half with-image\" style=\"background-image: url('https:\/\/fixcast.pl\/wp-content\/uploads\/2018\/07\/4T7A1934.jpg');\"><\/div>\n<\/div>\n<div class=\"row\">\n<div class=\"half descr\">\n<div class=\"half-content\">\n<h3>OBJET<\/h3>\n<ul>\n<li>entorse de l&rsquo;articulation du coude;<\/li>\n<li>dislocation de l&rsquo;articulation du coude;<\/li>\n<li>fractures dans la r\u00e9gion du coude;<\/li>\n<li>contusions de l&rsquo;articulation du coude;<\/li>\n<li>affections inflammatoires de l&rsquo;articulation du coude;<\/li>\n<li>p\u00e9riode post-op\u00e9ratoire du coude;<\/li>\n<li>p\u00e9riode qui suit la correction de la fente labiale ou palatine;<\/li>\n<li>n\u00e9cessit\u00e9 d&#8217;emp\u00eacher l&rsquo;enfant de mettre sa main dans sa bouche.<\/li>\n<\/ul>\n<\/div>\n<\/div>\n<div class=\"half with-image\" style=\"background-image: url('https:\/\/fixcast.pl\/wp-content\/uploads\/2018\/07\/4T7A6254-1.jpg');\"><\/div>\n<\/div>\n<div class=\"row\">\n<div class=\"half descr\">\n<div class=\"half-content\">\n<p><strong>Comment fonctionne l&rsquo;orth\u00e8se&nbsp;?<\/strong><\/p>\n<p><strong>L&rsquo;orth\u00e8se de coude pour enfants FIX-KG-09<\/strong> est fabriqu\u00e9e \u00e0 partir de la mati\u00e8re premi\u00e8re innovante <strong>MEMORYFixCast\u2122<\/strong> et <strong>ActivePren\u2122<\/strong>. <\/p>\n<p>En outre, l&rsquo;immobilisation des diff\u00e9rentes parties du corps dans l&rsquo;orth\u00e8se permet d&rsquo;obtenir une stabilisation anatomique pour un poids de produit tr\u00e8s faible. Les attelles FixCast sont donc la meilleure solution pour le traitement des blessures orthop\u00e9diques et neurologiques chez les enfants.<\/p>\n<\/div>\n<\/div>\n<div class=\"half with-image\" style=\"background-image: url('https:\/\/fixcast.pl\/wp-content\/uploads\/2018\/07\/4T7A1946.jpg');\"><\/div>\n<\/div>\n<div class=\"row\">\n<div class=\"half descr\">\n<div class=\"half-content\">\n<p>La conception ouverte de l&rsquo;attelle FIX-KG-09 permet tout ajustement circonf\u00e9rentiel de l&rsquo;attelle. En assurant une compression constante de l&rsquo;articulation du coude, l&rsquo;orth\u00e8se maintient la temp\u00e9rature du corps, ce qui r\u00e9duit la douleur et acc\u00e9l\u00e8re le processus de gu\u00e9rison. En outre, la plaque thermoplastique permet de contr\u00f4ler en douceur les mouvements du coude et son immobilisation de l&rsquo;extension compl\u00e8te \u00e0 la flexion de 90 degr\u00e9s. La plaque MEMORYFixCast\u2122 peut \u00eatre r\u00e9chauff\u00e9e et former \u00e0 nouveau \u00e0 tout moment en fonction des besoins th\u00e9rapeutiques.<\/p>\n<\/div>\n<\/div>\n<div class=\"half with-image\" style=\"background-image: url('https:\/\/fixcast.pl\/wp-content\/uploads\/2018\/07\/4T7A6262-1.jpg');\"><\/div>\n<\/div>\n<div class=\"row\">\n<div class=\"half descr\">\n<div class=\"half-content\">\n<p>Le mat\u00e9riau <strong>MEMORYFixCast\u2122<\/strong> est compos\u00e9 d&#039;une couverture tricot\u00e9e, d\u2019une couche greff\u00e9e, d&#039;une mousse n\u00e9opr\u00e8ne fine et color\u00e9e et d&#039;une plaque thermoplastique sp\u00e9ciale, qui peut \u00eatre fa\u00e7onn\u00e9e par la temp\u00e9rature. Cette plaque a les propri\u00e9t\u00e9s physiques d&#039;un plastique tr\u00e8s dur, semblable \u00e0 du nylon, qui se ramollit d\u00e9j\u00e0 \u00e0 une temp\u00e9rature de 60\u00b0C. Pour ce faire, il suffit de plonger l&#039;orth\u00e8se dans de l&#039;eau bouillante ou de la chauffer dans un four \u00e0 micro-ondes ordinaire. Le carton est non dangereux et biod\u00e9gradable. Contrairement aux pl\u00e2tres traditionnels, le mat\u00e9riau <strong>MEMORYFixCast\u2122<\/strong> est tr\u00e8s mall\u00e9able, il peut donc \u00eatre chauff\u00e9 et retendu \u00e0 volont\u00e9, et les angles d&#039;immobilisation peuvent \u00eatre syst\u00e9matiquement modifi\u00e9s selon l&#039;avis m\u00e9dical.<\/p>\n<p><a data-rel='lightbox' href='https:\/\/www.reh4mat.com\/uploads\/2022\/05\/MEMORYFixCast-1190x630.jpg'><img src='https:\/\/www.reh4mat.com\/uploads\/2022\/05\/MEMORYFixCast-1190x630.jpg' alt='' title='' class='aligncenter size-large' width='1024' height='542'><\/a><\/p>\n<\/div>\n<\/div>\n<div class=\"half descr\">\n<div class=\"half-content\">\n<p><strong>ActivePren\u2122<\/strong> est un mat\u00e9riau actif \u00e0 trois couches compos\u00e9 de deux tissus de couverture en tricot jersey \u00e9lastique et d&#039;un noyau perfor\u00e9 en mousse de n\u00e9opr\u00e8ne. Ce mat\u00e9riau se caract\u00e9rise par sa douceur et sa grande \u00e9lasticit\u00e9. La perforation de la mousse permet une parfaite oxyg\u00e9nation de la peau de l&#039;utilisateur et un drainage de l&#039;humidit\u00e9. Gr\u00e2ce \u00e0 l&#039;AirSupply System, la partie prot\u00e9g\u00e9e du corps est en outre ventil\u00e9e et sa chaleur appropri\u00e9e est maintenue. Un avantage tr\u00e8s important de ce mat\u00e9riau est le fait qu&#039;il n&#039;est pas tricot\u00e9, qu&#039;il n&#039;a pas de fibres \u00e9paisses, gr\u00e2ce auquel les tissages du tissu n&#039;appuient pas sur la peau du patient et ne provoquent pas de plaies dans les zones de forte compression. Les orth\u00e8ses fabriqu\u00e9es en mat\u00e9riau <strong>ActivePren\u2122<\/strong> sont les orth\u00e8ses de stabilisation les plus solides et les plus efficaces disponibles sur le march\u00e9. Le mat\u00e9riau est imperm\u00e9able.<\/p>\n<p><a data-rel='lightbox' href='https:\/\/www.reh4mat.com\/uploads\/2021\/12\/ACTIVE-PREN-2021-1190x630.jpg'><img src='https:\/\/www.reh4mat.com\/uploads\/2021\/12\/ACTIVE-PREN-2021-1190x630.jpg' alt='' title='' class='aligncenter size-large' width='1024' height='542'><\/a><\/p>\n<\/div>\n<\/div>\n<\/div>\n<div class=\"row\">\n<div class=\"half descr\">\n<div class=\"half-content\">\n<p>L&rsquo;orth\u00e8se est livr\u00e9e avec un manchon AM-RB tricot\u00e9, qui a&nbsp;\u00e9t\u00e9 cr\u00e9\u00e9 pour assurer un confort d&rsquo;utilisation encore plus grand. Sa structure anatomique en forme de bande (manchon) permet un ajustement facile \u00e0 la forme des membres sup\u00e9rieurs et inf\u00e9rieurs. Le manchon tricot\u00e9 emp\u00eache les abrasions et les irritations du tissu cutan\u00e9 lors de l&rsquo;utilisation de l&rsquo;orth\u00e8se.<\/p>\n<\/div>\n<\/div>\n<div class=\"half with-image\" style=\"background-image: url('https:\/\/fixcast.pl\/wp-content\/uploads\/2018\/07\/4T7A6336-1.jpg');\"><\/div>\n<\/div>\n<div class=\"row\">\n<div class=\"half descr\">\n<div class=\"half-content\">\n<h3>TABLEAU DES TAILLES<\/h3>\n<table width=\"615\" cellspacing=\"0\" cellpadding=\"4\">\n<colgroup>\n<col width=\"132\" \/>\n<col width=\"466\" \/> <\/colgroup>\n<tbody>\n<tr>\n<th style=\"text-align: center; vertical-align: middle;\" width=\"132\" height=\"14\">Taille<\/th>\n<th style=\"text-align: center; vertical-align: middle;\" width=\"466\">Circonf\u00e9rence du coude<\/th>\n<th style=\"text-align: center; vertical-align: middle;\" width=\"466\">M\u00e9thode de mesure<\/th>\n<\/tr>\n<tr>\n<td style=\"text-align: center; vertical-align: middle;\" valign=\"top\" width=\"132\">1<\/td>\n<td style=\"text-align: center; vertical-align: middle;\" width=\"466\">11 &#8211; 14 cm<\/td>\n<td style=\"text-align: center; vertical-align: middle;\" rowspan=\"9\" width=\"466\"><img loading=\"lazy\" src=\"https:\/\/fixcast.pl\/wp-content\/uploads\/2018\/07\/FIX-KG-09.png\" alt=\"M\u00e9thode de mesure\" width=\"215\" height=\"170\" class=\"aligncenter size-full wp-image-734\" \/><\/td>\n<\/tr>\n<tr>\n<td style=\"text-align: center; vertical-align: middle;\" valign=\"top\" width=\"132\">2<\/td>\n<td style=\"text-align: center; vertical-align: middle;\" width=\"466\">11 &#8211; 14 cm<\/td>\n<\/tr>\n<tr>\n<td style=\"text-align: center; vertical-align: middle;\" valign=\"top\" width=\"132\">3<\/td>\n<td style=\"text-align: center; vertical-align: middle;\" width=\"466\">13 &#8211; 16 cm<\/td>\n<\/tr>\n<tr>\n<td style=\"text-align: center; vertical-align: middle;\" valign=\"top\" width=\"132\">4<\/td>\n<td style=\"text-align: center; vertical-align: middle;\" width=\"466\">14 &#8211; 18 cm<\/td>\n<\/tr>\n<tr>\n<td style=\"text-align: center; vertical-align: middle;\" valign=\"top\" width=\"132\">5<\/td>\n<td style=\"text-align: center; vertical-align: middle;\" width=\"466\">16 &#8211; 21 cm<\/td>\n<\/tr>\n<tr>\n<td style=\"text-align: center; vertical-align: middle;\" valign=\"top\" width=\"132\">6<\/td>\n<td style=\"text-align: center; vertical-align: middle;\" width=\"466\">18 &#8211; 23 cm<\/td>\n<\/tr>\n<tr>\n<td style=\"text-align: center; vertical-align: middle;\" valign=\"top\" width=\"132\">7<\/td>\n<td style=\"text-align: center; vertical-align: middle;\" width=\"466\">19 &#8211; 27 cm<\/td>\n<\/tr>\n<tr>\n<td style=\"text-align: center; vertical-align: middle;\" valign=\"top\" width=\"132\">8<\/td>\n<td style=\"text-align: center; vertical-align: middle;\" width=\"466\">21 &#8211; 27 cm<\/td>\n<\/tr>\n<tr>\n<td style=\"text-align: center; vertical-align: middle;\" valign=\"top\" width=\"132\">9<\/td>\n<td style=\"text-align: center; vertical-align: middle;\" width=\"466\">22 &#8211; 27 cm<\/td>\n<\/tr>\n<\/tbody>\n<\/table>\n<p><strong>Produit universel pour le coude droit et gauche. <\/p>\n<p>Longueur totale de l&rsquo;orth\u00e8se:<br \/>\n1&nbsp;: 7,5 cm<br \/>\n2&nbsp;: 10 cm<br \/>\n3&nbsp;: 12,5 cm<br \/>\n4&nbsp;: 15 cm<br \/>\n5&nbsp;: 17,5 cm<br \/>\n6&nbsp;: 20 cm<br \/>\n7&nbsp;: 22,5 cm<br \/>\n8&nbsp;: 25 cm<br \/>\n9&nbsp;: 28 cm <\/strong><\/p>\n<\/div>\n<\/div>\n<div class=\"half with-image\" style=\"background-image: url('https:\/\/fixcast.pl\/wp-content\/uploads\/2018\/07\/4T7A6246-1.jpg');\"><\/div>\n<\/div>\n<div class=\"row\">\n<div class=\"half descr\">\n<div class=\"half-content\">\n<p><strong>Le produit est exp\u00e9di\u00e9 dans une couleur al\u00e9atoire<\/strong><\/p>\n<p><img loading=\"lazy\" src=\"https:\/\/fixcast.pl\/wp-content\/uploads\/2018\/07\/FIX-KG-09-new-1.jpg\" alt=\"FIX-KG-09\" width=\"702\" height=\"423\" class=\"aligncenter size-full wp-image-8770\" srcset=\"https:\/\/fixcast.pl\/wp-content\/uploads\/2018\/07\/FIX-KG-09-new-1.jpg 702w, https:\/\/fixcast.pl\/wp-content\/uploads\/2018\/07\/FIX-KG-09-new-1-300x181.jpg 300w\" sizes=\"(max-width: 702px) 100vw, 702px\" \/><\/p>\n<p><img loading=\"lazy\" src=\"https:\/\/fixcast.pl\/wp-content\/uploads\/2018\/06\/fixcast_ostrzezenie_350-300x171.jpg\" alt=\"Ne pas appliquer sur la peau si le produit est chaud&nbsp;!\" width=\"300\" height=\"171\" class=\"alignleft size-medium wp-image-621\" srcset=\"https:\/\/fixcast.pl\/wp-content\/uploads\/2018\/06\/fixcast_ostrzezenie_350-300x171.jpg 300w, https:\/\/fixcast.pl\/wp-content\/uploads\/2018\/06\/fixcast_ostrzezenie_350.jpg 350w\" sizes=\"(max-width: 300px) 100vw, 300px\" \/><\/p>\n<p><strong>Ne pas appliquer sur la peau si le produit est chaud&nbsp;!<\/strong><\/p>\n<div class=\"clear\"><\/div>\n<h3>A&nbsp;TELECHARGER<\/h3>\n<ul class=\"pdf\">\n<li>\n\t\t<a href=\"https:\/\/www.reh4mat.com\/deklaracje\/pl\/53.pdf\">D\u00e9claration de conformit\u00e9<\/a>\n\t<\/li>\n<li>\n\t\t<a href=\"https:\/\/fixcast.pl\/wp-content\/uploads\/2018\/07\/FIX-KG-09_TERMO.pdf\">M\u00e9thode d&rsquo;application<\/a>\n\t<\/li>\n<li><a href=\"https:\/\/www.reh4mat.com\/instrukcje\/46.pdf\">Mode d&#8217;emploi<\/a><\/li>\n<\/ul>\n<\/div>\n<\/div>\n<div class=\"half with-image\" style=\"background-image: url('https:\/\/fixcast.pl\/wp-content\/uploads\/2018\/07\/4T7A1937.jpg');\"><\/div>\n<\/div>\n<div class=\"clear\"><\/div>\n<\/div>\n","protected":false},"excerpt":{"rendered":"<h2>COUDI\u00c8RE THERMOPLASTIQUE<\/h2>\n<p>L&#039;orth\u00e8se de coude FIX-KG-09 est utilis\u00e9e lorsqu&#039;il est n\u00e9cessaire d&#039;immobiliser l&#039;articulation du coude dans une position sp\u00e9cifique. La plaque thermoplastique permet un r\u00e9glage en douceur du coude, du redressement \u00e0 la flexion de 90 degr\u00e9s.<\/p>\n","protected":false},"featured_media":8748,"comment_status":"open","ping_status":"closed","template":"","meta":[],"_links":{"self":[{"href":"https:\/\/fixcast.pl\/fr\/wp-json\/wp\/v2\/product\/5275"}],"collection":[{"href":"https:\/\/fixcast.pl\/fr\/wp-json\/wp\/v2\/product"}],"about":[{"href":"https:\/\/fixcast.pl\/fr\/wp-json\/wp\/v2\/types\/product"}],"replies":[{"embeddable":true,"href":"https:\/\/fixcast.pl\/fr\/wp-json\/wp\/v2\/comments?post=5275"}],"version-history":[{"count":13,"href":"https:\/\/fixcast.pl\/fr\/wp-json\/wp\/v2\/product\/5275\/revisions"}],"predecessor-version":[{"id":12109,"href":"https:\/\/fixcast.pl\/fr\/wp-json\/wp\/v2\/product\/5275\/revisions\/12109"}],"wp:featuredmedia":[{"embeddable":true,"href":"https:\/\/fixcast.pl\/fr\/wp-json\/wp\/v2\/media\/8748"}],"wp:attachment":[{"href":"https:\/\/fixcast.pl\/fr\/wp-json\/wp\/v2\/media?parent=5275"}],"curies":[{"name":"wp","href":"https:\/\/api.w.org\/{rel}","templated":true}]}}