{"id":5292,"date":"2018-07-09T11:16:13","date_gmt":"2021-09-14T13:24:58","guid":{"rendered":"https:\/\/fixcast.pl\/?post_type=product&#038;p=5292"},"modified":"2023-06-22T11:12:06","modified_gmt":"2023-06-22T09:12:06","slug":"fix-kg-12","status":"publish","type":"product","link":"https:\/\/fixcast.pl\/fr\/produit\/fix-kg-12\/","title":{"rendered":"FIX-KG-12"},"content":{"rendered":"<div class=\"description-tiles\">\n<div class=\"row\">\n<div class=\"half descr\">\n<div id=\"zalety\" class=\"half-content\">\n<h3>AVANTAGES SP\u00c9CIFIQUES<\/h3>\n<table class='zalety'><tbody><tr><td style='padding-right: 10px;'><img src='https:\/\/ortezydladzieci.pl\/wp-content\/uploads\/2017\/12\/CLASS-1-MEDICAL-DEVICE-1-150x150.png' class='alignleft size-thumbnail' alt='PRODUIT MEDICAL DE CLASSE 1' width='70' height='70'\/><\/td><td style='width:100%;'><strong style='text-transform:uppercase;'>PRODUIT MEDICAL DE CLASSE 1<\/strong><\/td><\/tr><tr><td style='padding-right: 10px;'><img src='https:\/\/ortezydladzieci.pl\/wp-content\/uploads\/2017\/12\/ODDYCHAJACY-150x150.png' class='alignleft size-thumbnail' alt='RESPIRANT' width='70' height='70'\/><\/td><td style='width:100%;'><strong style='text-transform:uppercase;'>RESPIRANT<\/strong><\/td><\/tr><tr><td style='padding-right: 10px;'><img src='https:\/\/ortezydladzieci.pl\/wp-content\/uploads\/2017\/12\/24.png' class='alignleft size-thumbnail' alt='TH\u00c9RAPIE DE 24 HEURES' width='70' height='70'\/><\/td><td style='width:100%;'><strong style='text-transform:uppercase;'>TH\u00c9RAPIE DE 24 HEURES<\/strong><\/td><\/tr><tr><td style='padding-right: 10px;'><img src='https:\/\/ortezydladzieci.pl\/wp-content\/uploads\/2017\/12\/wodoodporny-150x150.png' class='alignleft size-thumbnail' alt='ETANCHE A L\u2019EAU' width='70' height='70'\/><\/td><td style='width:100%;'><strong style='text-transform:uppercase;'>ETANCHE A L\u2019EAU<\/strong><\/td><\/tr><tr><td style='padding-right: 10px;'><img src='https:\/\/fixcast.pl\/wp-content\/uploads\/2018\/07\/dwustr-150x150.png' class='alignleft size-thumbnail' alt='BIFACE' width='70' height='70'\/><\/td><td style='width:100%;'><strong style='text-transform:uppercase;'>BIFACE<\/strong><\/td><\/tr><\/tbody><\/table>\n<\/div>\n<\/div>\n<div class=\"half with-image\" style=\"background-image: url('https:\/\/fixcast.pl\/wp-content\/uploads\/2018\/07\/IMG_4611-1.jpg');\"><\/div>\n<\/div>\n<div class=\"row\">\n<div class=\"half descr\">\n<div class=\"half-content\">\n<h3>OBJET<\/h3>\n<ul>\n<li>blessures \u00e0 l&rsquo;\u00e9paule;<\/li>\n<li>dislocation de l&rsquo;\u00e9paule;<\/li>\n<li>dislocation habituelle de l&rsquo;articulation de l&rsquo;\u00e9paule;<\/li>\n<li>douleur;<\/li>\n<li>gonflement;<\/li>\n<li>inflammation de l&rsquo;articulation;<\/li>\n<li>l\u00e9sions des tissus mous du membre sup\u00e9rieur n\u00e9cessitant une immobilisation (contusions, infections).<\/li>\n<\/ul>\n<\/div>\n<\/div>\n<div class=\"half with-image\" style=\"background-image: url('https:\/\/fixcast.pl\/wp-content\/uploads\/2018\/07\/IMG_4622-1.jpg');\"><\/div>\n<\/div>\n<div class=\"row\">\n<div class=\"half descr\">\n<div class=\"half-content\">\n<p><strong>Comment fonctionne l&rsquo;orth\u00e8se&nbsp;?<\/strong><\/p>\n<p><strong>L&rsquo;attelle d&rsquo;\u00e9paule pour enfants FIX-KG-12<\/strong> est fabriqu\u00e9e en n\u00e9opr\u00e8ne fin et color\u00e9 qui maintient une compression constante de l&rsquo;articulation. L&rsquo;orth\u00e8se est particuli\u00e8rement adapt\u00e9e aux enfants actifs pratiquant les sports dits de lancer, les sports de raquette (tennis, baseball), le handball ou la natation, o\u00f9 les l\u00e9sions du c\u00f4ne des rotateurs sont tr\u00e8s fr\u00e9quentes. La structure ouverte du produit permet tout ajustement circonf\u00e9rentiel de l&rsquo;orth\u00e8se. En assurant une compression constante, l&rsquo;orth\u00e8se maintient une bonne temp\u00e9rature du corps, ce qui r\u00e9duit la douleur et acc\u00e9l\u00e8re le processus de gu\u00e9rison.<\/p>\n<p><strong>ActivePren\u2122<\/strong> est un mat\u00e9riau actif \u00e0 trois couches compos\u00e9 de deux tissus de couverture en tricot jersey \u00e9lastique et d&#039;un noyau perfor\u00e9 en mousse de n\u00e9opr\u00e8ne. Ce mat\u00e9riau se caract\u00e9rise par sa douceur et sa grande \u00e9lasticit\u00e9. La perforation de la mousse permet une parfaite oxyg\u00e9nation de la peau de l&#039;utilisateur et un drainage de l&#039;humidit\u00e9. Gr\u00e2ce \u00e0 l&#039;AirSupply System, la partie prot\u00e9g\u00e9e du corps est en outre ventil\u00e9e et sa chaleur appropri\u00e9e est maintenue. Un avantage tr\u00e8s important de ce mat\u00e9riau est le fait qu&#039;il n&#039;est pas tricot\u00e9, qu&#039;il n&#039;a pas de fibres \u00e9paisses, gr\u00e2ce auquel les tissages du tissu n&#039;appuient pas sur la peau du patient et ne provoquent pas de plaies dans les zones de forte compression. Les orth\u00e8ses fabriqu\u00e9es en mat\u00e9riau <strong>ActivePren\u2122<\/strong> sont les orth\u00e8ses de stabilisation les plus solides et les plus efficaces disponibles sur le march\u00e9. Le mat\u00e9riau est imperm\u00e9able.<\/p>\n<p><a data-rel='lightbox' href='https:\/\/www.reh4mat.com\/uploads\/2021\/12\/ACTIVE-PREN-2021-1190x630.jpg'><img src='https:\/\/www.reh4mat.com\/uploads\/2021\/12\/ACTIVE-PREN-2021-1190x630.jpg' alt='' title='' class='aligncenter size-large' width='1024' height='542'><\/a><\/p>\n<\/div>\n<\/div>\n<div class=\"half with-image\" style=\"background-image: url('https:\/\/fixcast.pl\/wp-content\/uploads\/2018\/07\/IMG_4617-1.jpg');\"><\/div>\n<\/div>\n<div class=\"row\">\n<div class=\"half descr\">\n<div class=\"half-content\">\n<h3>TABLEAU DES TAILLES<\/h3>\n<table width=\"615\" cellspacing=\"0\" cellpadding=\"4\">\n<colgroup>\n<col width=\"98\" \/>\n<col width=\"314\" \/>\n<col width=\"178\" \/> <\/colgroup>\n<tbody>\n<tr valign=\"top\">\n<th style=\"width: 98px; height: 24px; text-align: center; vertical-align: middle;\" width=\"98\" height=\"24\">Taille<\/th>\n<th style=\"text-align: center; vertical-align: middle;\" width=\"314\">Tour de bras<\/th>\n<th style=\"text-align: center; vertical-align: middle;\" width=\"178\">Adapt\u00e9 \u00e0 l&rsquo;\u00e2ge<\/th>\n<th style=\"text-align: center; vertical-align: middle;\" width=\"178\">M\u00e9thode de mesure<\/th>\n<\/tr>\n<tr valign=\"top\">\n<td style=\"text-align: center; vertical-align: middle;\" width=\"98\">1<\/td>\n<td style=\"text-align: center; vertical-align: middle;\" width=\"314\">16 &#8211; 19 cm<\/td>\n<td style=\"text-align: center; vertical-align: middle;\" width=\"178\">1 &#8211; 4 ans<\/td>\n<td style=\"text-align: center; vertical-align: middle;\" rowspan=\"3\" width=\"178\"><img loading=\"lazy\" src=\"https:\/\/fixcast.pl\/wp-content\/uploads\/2018\/07\/FIX-KG-12.png\" alt=\"M\u00e9thode de mesure\" width=\"150\" height=\"112\" class=\"aligncenter size-full wp-image-739\" \/><\/td>\n<\/tr>\n<tr valign=\"top\">\n<td style=\"text-align: center; vertical-align: middle;\" width=\"98\">2<\/td>\n<td style=\"text-align: center; vertical-align: middle;\" width=\"314\">19 &#8211; 23 cm<\/td>\n<td style=\"text-align: center; vertical-align: middle;\" width=\"178\">4 &#8211; 9 ans<\/td>\n<\/tr>\n<tr valign=\"top\">\n<td style=\"text-align: center; vertical-align: middle;\" width=\"98\">3<\/td>\n<td style=\"text-align: center; vertical-align: middle;\" width=\"314\">23 &#8211; 27 cm<\/td>\n<td style=\"text-align: center; vertical-align: middle;\" width=\"178\">9 ans et plus<\/td>\n<\/tr>\n<\/tbody>\n<\/table>\n<p>Longueur totale de l&rsquo;accolade:<br \/>\n1: 16 cm<br \/>\n2: 17 cm<br \/>\n3: 20 cm<\/p>\n<p><strong>Produit universel pour le bras droit et le bras gauche.<\/strong><\/p>\n<p><strong>Produit envoy\u00e9 dans une couleur al\u00e9atoire.<\/strong><\/p>\n<p><img loading=\"lazy\" src=\"https:\/\/fixcast.pl\/wp-content\/uploads\/2018\/07\/FIX-KG-12-new-1.jpg\" alt=\"FIX-KG-12\" width=\"702\" height=\"423\" class=\"aligncenter size-full wp-image-9029\" srcset=\"https:\/\/fixcast.pl\/wp-content\/uploads\/2018\/07\/FIX-KG-12-new-1.jpg 702w, https:\/\/fixcast.pl\/wp-content\/uploads\/2018\/07\/FIX-KG-12-new-1-300x181.jpg 300w\" sizes=\"(max-width: 702px) 100vw, 702px\" \/><\/p>\n<\/div>\n<\/div>\n<div class=\"half with-image\" style=\"background-image: url('https:\/\/fixcast.pl\/wp-content\/uploads\/2018\/07\/IMG_4948-2.jpg');\"><\/div>\n<\/div>\n<div class=\"row\">\n<div class=\"half descr\">\n<div class=\"half-content\">\n<h3>A&nbsp;T\u00c9L\u00c9CHARGER<\/h3>\n<ul class=\"pdf\">\n<li><a href=\"https:\/\/www.reh4mat.com\/deklaracje\/pl\/53.pdf\">D\u00e9claration de conformit\u00e9<\/a><\/li>\n<li><a href=\"https:\/\/www.reh4mat.com\/instrukcje\/46.pdf\">Mode d&#8217;emploi<\/a><\/li>\n<li><a href=\"https:\/\/fixcast.pl\/wp-content\/uploads\/2022\/06\/FIX-KG-12.pdf\">M\u00e9thode d&rsquo;application<\/a><\/li>\n<\/ul>\n<\/div>\n<\/div>\n<div class=\"half with-image\" style=\"background-image: url('https:\/\/fixcast.pl\/wp-content\/uploads\/2018\/07\/IMG_4636-1.jpg');\"><\/div>\n<\/div>\n<div class=\"clear\"><\/div>\n<\/div>\n","protected":false},"excerpt":{"rendered":"<h2>EPAULI\u00c8RE DE COMPRESSION<\/h2>\n<p><strong>L&#039;attelle d&#039;\u00e9paule FIX-KG-12<\/strong> assure la compression et la stabilisation de l&#039;articulation de l&#039;\u00e9paule. C&#039;est une solution parfaite pour les petits sportifs actifs qui sont sujets \u00e0 des blessures du membre sup\u00e9rieur.<\/p>\n","protected":false},"featured_media":8998,"comment_status":"open","ping_status":"closed","template":"","meta":[],"_links":{"self":[{"href":"https:\/\/fixcast.pl\/fr\/wp-json\/wp\/v2\/product\/5292"}],"collection":[{"href":"https:\/\/fixcast.pl\/fr\/wp-json\/wp\/v2\/product"}],"about":[{"href":"https:\/\/fixcast.pl\/fr\/wp-json\/wp\/v2\/types\/product"}],"replies":[{"embeddable":true,"href":"https:\/\/fixcast.pl\/fr\/wp-json\/wp\/v2\/comments?post=5292"}],"version-history":[{"count":8,"href":"https:\/\/fixcast.pl\/fr\/wp-json\/wp\/v2\/product\/5292\/revisions"}],"predecessor-version":[{"id":12101,"href":"https:\/\/fixcast.pl\/fr\/wp-json\/wp\/v2\/product\/5292\/revisions\/12101"}],"wp:featuredmedia":[{"embeddable":true,"href":"https:\/\/fixcast.pl\/fr\/wp-json\/wp\/v2\/media\/8998"}],"wp:attachment":[{"href":"https:\/\/fixcast.pl\/fr\/wp-json\/wp\/v2\/media?parent=5292"}],"curies":[{"name":"wp","href":"https:\/\/api.w.org\/{rel}","templated":true}]}}