{"id":5425,"date":"2018-07-27T15:13:56","date_gmt":"2021-10-18T08:42:35","guid":{"rendered":"https:\/\/fixcast.pl\/?post_type=product&#038;p=5425"},"modified":"2023-06-22T15:45:59","modified_gmt":"2023-06-22T13:45:59","slug":"fix-kd-05","status":"publish","type":"product","link":"https:\/\/fixcast.pl\/fr\/produit\/fix-kd-05\/","title":{"rendered":"FIX-KD-05"},"content":{"rendered":"<div class=\"description-tiles\">\n<div class=\"row\">\n<div class=\"half descr\">\n<div id=\"zalety\" class=\"half-content\">\n<h3>AVANTAGES PARTICULIERS<\/h3>\n<table class='zalety'><tbody><tr><td style='padding-right: 10px;'><img src='https:\/\/ortezydladzieci.pl\/wp-content\/uploads\/2017\/12\/orteza-kolana-150x150.png' class='alignleft size-thumbnail' alt='ORTHESE DU GENOU' width='70' height='70'\/><\/td><td style='width:100%;'><strong style='text-transform:uppercase;'>ORTHESE DU GENOU<\/strong><\/td><\/tr><tr><td style='padding-right: 10px;'><img src='https:\/\/ortezydladzieci.pl\/wp-content\/uploads\/2017\/12\/CLASS-1-MEDICAL-DEVICE-1-150x150.png' class='alignleft size-thumbnail' alt='PRODUIT MEDICAL DE CLASSE 1' width='70' height='70'\/><\/td><td style='width:100%;'><strong style='text-transform:uppercase;'>PRODUIT MEDICAL DE CLASSE 1<\/strong><\/td><\/tr><tr><td style='padding-right: 10px;'><img src='https:\/\/ortezydladzieci.pl\/wp-content\/uploads\/2017\/12\/ODDYCHAJACY-150x150.png' class='alignleft size-thumbnail' alt='RESPIRANT' width='70' height='70'\/><\/td><td style='width:100%;'><strong style='text-transform:uppercase;'>RESPIRANT<\/strong><\/td><\/tr><tr><td style='padding-right: 10px;'><img src='https:\/\/ortezydladzieci.pl\/wp-content\/uploads\/2017\/12\/24.png' class='alignleft size-thumbnail' alt='TH\u00c9RAPIE DE 24 HEURES' width='70' height='70'\/><\/td><td style='width:100%;'><strong style='text-transform:uppercase;'>TH\u00c9RAPIE DE 24 HEURES<\/strong><\/td><\/tr><tr><td style='padding-right: 10px;'><img src='https:\/\/ortezydladzieci.pl\/wp-content\/uploads\/2017\/12\/wodoodporny-150x150.png' class='alignleft size-thumbnail' alt='ETANCHE A L\u2019EAU' width='70' height='70'\/><\/td><td style='width:100%;'><strong style='text-transform:uppercase;'>ETANCHE A L\u2019EAU<\/strong><\/td><\/tr><\/tbody><\/table>\n<\/div>\n<\/div>\n<div class=\"half with-image\" style=\"background-image: url('https:\/\/fixcast.pl\/wp-content\/uploads\/2018\/07\/4T7A7042-1.jpg');\"><\/div>\n<\/div>\n<div class=\"row\">\n<div class=\"half descr\">\n<div class=\"half-content\">\n<h3>OBJET<\/h3>\n<ul>\n<li>genou du sauteur&nbsp;;<\/li>\n<li>Conflit f\u00e9moro-patellaire&nbsp;;<\/li>\n<li>Inflammation du ligament de la rotule&nbsp;;<\/li>\n<li>maladie d&rsquo;Osgood-Schlatter&nbsp;;<\/li>\n<li>chondromalacie de la rotule.<\/li>\n<\/ul>\n<\/div>\n<\/div>\n<div class=\"half with-image\" style=\"background-image: url('https:\/\/fixcast.pl\/wp-content\/uploads\/2018\/07\/FIX-KD-05-2-1-1.jpg');\"><\/div>\n<\/div>\n<div class=\"row\">\n<div class=\"half descr\">\n<div class=\"half-content\">\n<h3>COMMENT FONCTIONNE L&rsquo;ORTH\u00c8SE&nbsp;?<\/h3>\n<p><strong>L&rsquo;orth\u00e8se rotulienne pour enfants FIX-KD-05<\/strong> est fabriqu\u00e9e \u00e0 partir d&rsquo;un mat\u00e9riau <strong>ActivePren\u2122<\/strong> fin, de forme anatomique et color\u00e9, avec une couche de silicone de qualit\u00e9 m\u00e9dicale en dessous, qui agit sur la zone affect\u00e9e \u00e0 chaque mouvement et am\u00e9liore la stabilit\u00e9 de l&rsquo;orth\u00e8se sur le membre. Notre <strong>orth\u00e8se pour enfants FIX-KD-05<\/strong> applique une pression localis\u00e9e sur le ligament et soutient la rotule. Cela r\u00e9duit la force exerc\u00e9e par le quadriceps sur l&rsquo;attache tibiale, r\u00e9duisant ainsi la douleur dans cette zone. L&rsquo;attelle soulage \u00e9galement la pression exerc\u00e9e sur le ligament de la rotule, ce qui r\u00e9duit la douleur dans l&rsquo;articulation f\u00e9moro-patellaire et pr\u00e9vient la chondromalacie de la rotule.<\/p>\n<p><strong>ActivePren\u2122<\/strong> est un mat\u00e9riau actif \u00e0 trois couches compos\u00e9 de deux tissus de couverture en tricot jersey \u00e9lastique et d&#039;un noyau perfor\u00e9 en mousse de n\u00e9opr\u00e8ne. Ce mat\u00e9riau se caract\u00e9rise par sa douceur et sa grande \u00e9lasticit\u00e9. La perforation de la mousse permet une parfaite oxyg\u00e9nation de la peau de l&#039;utilisateur et un drainage de l&#039;humidit\u00e9. Gr\u00e2ce \u00e0 l&#039;AirSupply System, la partie prot\u00e9g\u00e9e du corps est en outre ventil\u00e9e et sa chaleur appropri\u00e9e est maintenue. Un avantage tr\u00e8s important de ce mat\u00e9riau est le fait qu&#039;il n&#039;est pas tricot\u00e9, qu&#039;il n&#039;a pas de fibres \u00e9paisses, gr\u00e2ce auquel les tissages du tissu n&#039;appuient pas sur la peau du patient et ne provoquent pas de plaies dans les zones de forte compression. Les orth\u00e8ses fabriqu\u00e9es en mat\u00e9riau <strong>ActivePren\u2122<\/strong> sont les orth\u00e8ses de stabilisation les plus solides et les plus efficaces disponibles sur le march\u00e9. Le mat\u00e9riau est imperm\u00e9able.<\/p>\n<p><a data-rel='lightbox' href='https:\/\/www.reh4mat.com\/uploads\/2021\/12\/ACTIVE-PREN-2021-1190x630.jpg'><img src='https:\/\/www.reh4mat.com\/uploads\/2021\/12\/ACTIVE-PREN-2021-1190x630.jpg' alt='' title='' class='aligncenter size-large' width='1024' height='542'><\/a><\/p>\n<\/div>\n<\/div>\n<div class=\"half with-image\" style=\"background-image: url('https:\/\/fixcast.pl\/wp-content\/uploads\/2018\/07\/FIX-KD-05-1-2.jpg');\"><\/div>\n<\/div>\n<div class=\"row\">\n<div class=\"half descr\">\n<div class=\"half-content\">\n<h3>TABLEAU DES TAILLES<\/h3>\n<table cellspacing=\"0\" cellpadding=\"4\">\n<thead>\n<tr>\n<th>Taille<\/th>\n<th>Circonf\u00e9rence sous la rotule<\/th>\n<th>M\u00e9thode de mesure<\/th>\n<\/tr>\n<\/thead>\n<tbody>\n<tr>\n<td width=\"68\">1<\/td>\n<td>16 &#8211; 24 cm<\/td>\n<td rowspan=\"2\"><img loading=\"lazy\" src=\"https:\/\/fixcast.pl\/wp-content\/uploads\/2018\/07\/podrz-1.png\" alt=\"M\u00e9thode de mesure\" width=\"121\" height=\"212\" class=\"aligncenter size-full wp-image-617\" \/><\/td>\n<\/tr>\n<tr>\n<td>2<\/td>\n<td>24 &#8211; 33 cm<\/td>\n<\/tr>\n<\/tbody>\n<\/table>\n<p><strong>Produit universel pour le pied gauche et le pied droit.<\/strong><\/p>\n<p><strong>Longueur totale de l&rsquo;orth\u00e8se:<\/strong><br \/>\n1: 4 cm<br \/>\n2: 4,5 cm <\/p>\n<\/div>\n<\/div>\n<div class=\"half with-image\" style=\"background-image: url('https:\/\/fixcast.pl\/wp-content\/uploads\/2018\/07\/FIX-KD-05-2-2-1.jpg');\"><\/div>\n<\/div>\n<div class=\"row\">\n<div class=\"half descr\">\n<div class=\"half-content\">\n<p>Le produit est envoy\u00e9 dans une couleur al\u00e9atoire<\/p>\n<p><img loading=\"lazy\" src=\"https:\/\/fixcast.pl\/wp-content\/uploads\/2018\/07\/FIX-KD-05-new-1.jpg\" alt=\"FIX-KD-05\" width=\"702\" height=\"423\" class=\"aligncenter size-full wp-image-8847\" srcset=\"https:\/\/fixcast.pl\/wp-content\/uploads\/2018\/07\/FIX-KD-05-new-1.jpg 702w, https:\/\/fixcast.pl\/wp-content\/uploads\/2018\/07\/FIX-KD-05-new-1-300x181.jpg 300w\" sizes=\"(max-width: 702px) 100vw, 702px\" \/><\/p>\n<div class=\"clear\"><\/div>\n<h3>A&nbsp;T\u00c9L\u00c9CHARGER<\/h3>\n<ul class=\"pdf\">\n<li><a href=\"https:\/\/www.reh4mat.com\/deklaracje\/en\/52.pdf\">D\u00e9claration de conformit\u00e9<\/a><\/li>\n<li><a href=\"https:\/\/reh4mat.com\/instrukcje\/45.pdf\">Mode d&#8217;emploi<\/a><\/li>\n<li><a href=\"https:\/\/fixcast.pl\/wp-content\/uploads\/2022\/06\/FIX-KD-05.pdf\">M\u00e9thode d&rsquo;application<\/a><\/li>\n<\/ul>\n<\/div>\n<\/div>\n<div class=\"half with-image\" style=\"background-image: url('https:\/\/fixcast.pl\/wp-content\/uploads\/2018\/07\/FIX-KD-05-1-1.jpg');\"><\/div>\n<\/div>\n<div class=\"clear\"><\/div>\n<\/div>\n","protected":false},"excerpt":{"rendered":"<h2>GENOUILL\u00c8RE P\u00c9DIATRIQUE<\/h2>\n<p><strong>L&#039;orth\u00e8se de genou FIX-KD-05<\/strong> est une orth\u00e8se de forme anatomique qui offre un excellent soulagement de la pression exerc\u00e9e sur le ligament collat\u00e9ral de la rotule et emp\u00eache son coincement sur les surfaces articulaires et la chondromalacie.<\/p>\n","protected":false},"featured_media":8833,"comment_status":"open","ping_status":"closed","template":"","meta":[],"_links":{"self":[{"href":"https:\/\/fixcast.pl\/fr\/wp-json\/wp\/v2\/product\/5425"}],"collection":[{"href":"https:\/\/fixcast.pl\/fr\/wp-json\/wp\/v2\/product"}],"about":[{"href":"https:\/\/fixcast.pl\/fr\/wp-json\/wp\/v2\/types\/product"}],"replies":[{"embeddable":true,"href":"https:\/\/fixcast.pl\/fr\/wp-json\/wp\/v2\/comments?post=5425"}],"version-history":[{"count":7,"href":"https:\/\/fixcast.pl\/fr\/wp-json\/wp\/v2\/product\/5425\/revisions"}],"predecessor-version":[{"id":12222,"href":"https:\/\/fixcast.pl\/fr\/wp-json\/wp\/v2\/product\/5425\/revisions\/12222"}],"wp:featuredmedia":[{"embeddable":true,"href":"https:\/\/fixcast.pl\/fr\/wp-json\/wp\/v2\/media\/8833"}],"wp:attachment":[{"href":"https:\/\/fixcast.pl\/fr\/wp-json\/wp\/v2\/media?parent=5425"}],"curies":[{"name":"wp","href":"https:\/\/api.w.org\/{rel}","templated":true}]}}