{"id":5427,"date":"2018-07-31T16:12:39","date_gmt":"2021-10-18T09:12:03","guid":{"rendered":"https:\/\/fixcast.pl\/?post_type=product&#038;p=5427"},"modified":"2023-06-22T15:48:59","modified_gmt":"2023-06-22T13:48:59","slug":"fix-kd-06","status":"publish","type":"product","link":"https:\/\/fixcast.pl\/fr\/produit\/fix-kd-06\/","title":{"rendered":"FIX-KD-06"},"content":{"rendered":"<div class=\"description-tiles\">\n<div class=\"row\">\n<div class=\"half descr\">\n<div id=\"zalety\" class=\"half-content\">\n<h3>AVANTAGES PARTICULIERS<\/h3>\n<table class='zalety'><tbody><tr><td style='padding-right: 10px;'><img src='https:\/\/ortezydladzieci.pl\/wp-content\/uploads\/2017\/12\/orteza-kolana-150x150.png' class='alignleft size-thumbnail' alt='ORTHESE DU GENOU' width='70' height='70'\/><\/td><td style='width:100%;'><strong style='text-transform:uppercase;'>ORTHESE DU GENOU<\/strong><\/td><\/tr><tr><td style='padding-right: 10px;'><img src='https:\/\/ortezydladzieci.pl\/wp-content\/uploads\/2017\/12\/CLASS-1-MEDICAL-DEVICE-1-150x150.png' class='alignleft size-thumbnail' alt='PRODUIT MEDICAL DE CLASSE 1' width='70' height='70'\/><\/td><td style='width:100%;'><strong style='text-transform:uppercase;'>PRODUIT MEDICAL DE CLASSE 1<\/strong><\/td><\/tr><tr><td style='padding-right: 10px;'><img src='https:\/\/ortezydladzieci.pl\/wp-content\/uploads\/2017\/12\/ODDYCHAJACY-150x150.png' class='alignleft size-thumbnail' alt='RESPIRANT' width='70' height='70'\/><\/td><td style='width:100%;'><strong style='text-transform:uppercase;'>RESPIRANT<\/strong><\/td><\/tr><tr><td style='padding-right: 10px;'><img src='https:\/\/ortezydladzieci.pl\/wp-content\/uploads\/2017\/12\/24.png' class='alignleft size-thumbnail' alt='TH\u00c9RAPIE DE 24 HEURES' width='70' height='70'\/><\/td><td style='width:100%;'><strong style='text-transform:uppercase;'>TH\u00c9RAPIE DE 24 HEURES<\/strong><\/td><\/tr><tr><td style='padding-right: 10px;'><img src='https:\/\/ortezydladzieci.pl\/wp-content\/uploads\/2017\/12\/wodoodporny-150x150.png' class='alignleft size-thumbnail' alt='ETANCHE A L\u2019EAU' width='70' height='70'\/><\/td><td style='width:100%;'><strong style='text-transform:uppercase;'>ETANCHE A L\u2019EAU<\/strong><\/td><\/tr><tr><td style='padding-right: 10px;'><img src='https:\/\/fixcast.pl\/wp-content\/uploads\/2018\/07\/elast-150x150.png' class='alignleft size-thumbnail' alt='RAILS LAT\u00c9RAUX FLEXIBLES' width='70' height='70'\/><\/td><td style='width:100%;'><strong style='text-transform:uppercase;'>RAILS LAT\u00c9RAUX FLEXIBLES<\/strong><\/td><\/tr><tr><td style='padding-right: 10px;'><img src='https:\/\/fixcast.pl\/wp-content\/uploads\/2018\/08\/Uchwyty-150x150.png' class='alignleft size-thumbnail' alt='FACILE A METTRE' width='70' height='70'\/><\/td><td style='width:100%;'><strong style='text-transform:uppercase;'>FACILE A METTRE<\/strong><\/td><\/tr><\/tbody><\/table>\n<\/div>\n<\/div>\n<div class=\"half with-image\" style=\"background-image: url('https:\/\/fixcast.pl\/wp-content\/uploads\/2018\/07\/4T7A7263.jpg');\"><\/div>\n<\/div>\n<div class=\"row\">\n<div class=\"half descr\">\n<div class=\"half-content\">\n<h3>OBJET<\/h3>\n<ul>\n<li>entorse\/dislocation de l&rsquo;articulation du genou<\/li>\n<li>instabilit\u00e9 du genou<\/li>\n<li>dommages d\u00e9licats aux ligaments du genou LCA, LCL, LMC<\/li>\n<li>surcharge du tendon de la rotule<\/li>\n<li>luxation et l&rsquo;instabilit\u00e9 de la rotule<\/li>\n<li>troubles de la sensation profonde (proprioception)<\/li>\n<\/ul>\n<\/div>\n<\/div>\n<div class=\"half with-image\" style=\"background-image: url('https:\/\/fixcast.pl\/wp-content\/uploads\/2018\/07\/DSC_0188-1.jpg');\"><\/div>\n<\/div>\n<div class=\"row\">\n<div class=\"half descr\">\n<div class=\"half-content\">\n<h3>COMMENT FONCTIONNE L&rsquo;ORTH\u00c8SE&nbsp;?<\/h3>\n<p><strong>La genouill\u00e8re pour enfants FIX-KD-06<\/strong> est fabriqu\u00e9e en mat\u00e9riau <strong>ActivePren\u2122<\/strong> fin et color\u00e9, qui maintient une compression constante de l&rsquo;articulation.<\/p>\n<p><strong>ActivePren\u2122<\/strong> est un mat\u00e9riau actif \u00e0 trois couches compos\u00e9 de deux tissus de couverture en tricot jersey \u00e9lastique et d&#039;un noyau perfor\u00e9 en mousse de n\u00e9opr\u00e8ne. Ce mat\u00e9riau se caract\u00e9rise par sa douceur et sa grande \u00e9lasticit\u00e9. La perforation de la mousse permet une parfaite oxyg\u00e9nation de la peau de l&#039;utilisateur et un drainage de l&#039;humidit\u00e9. Gr\u00e2ce \u00e0 l&#039;AirSupply System, la partie prot\u00e9g\u00e9e du corps est en outre ventil\u00e9e et sa chaleur appropri\u00e9e est maintenue. Un avantage tr\u00e8s important de ce mat\u00e9riau est le fait qu&#039;il n&#039;est pas tricot\u00e9, qu&#039;il n&#039;a pas de fibres \u00e9paisses, gr\u00e2ce auquel les tissages du tissu n&#039;appuient pas sur la peau du patient et ne provoquent pas de plaies dans les zones de forte compression. Les orth\u00e8ses fabriqu\u00e9es en mat\u00e9riau <strong>ActivePren\u2122<\/strong> sont les orth\u00e8ses de stabilisation les plus solides et les plus efficaces disponibles sur le march\u00e9. Le mat\u00e9riau est imperm\u00e9able.<\/p>\n<p><a data-rel='lightbox' href='https:\/\/www.reh4mat.com\/uploads\/2021\/12\/ACTIVE-PREN-2021-1190x630.jpg'><img src='https:\/\/www.reh4mat.com\/uploads\/2021\/12\/ACTIVE-PREN-2021-1190x630.jpg' alt='' title='' class='aligncenter size-large' width='1024' height='542'><\/a><\/p>\n<\/div>\n<\/div>\n<div class=\"half with-image\" style=\"background-image: url('https:\/\/fixcast.pl\/wp-content\/uploads\/2018\/07\/DSC_0195-1.jpg');\"><\/div>\n<\/div>\n<div class=\"row\">\n<div class=\"half descr\">\n<div class=\"half-content\">\n<p>La construction ferm\u00e9e du produit assure une adh\u00e9rence parfaite au membre et a&nbsp;donc une fonction proprioceptive. L&rsquo;avant de l&rsquo;attelle est \u00e9quip\u00e9 d&rsquo;un anneau p\u00e9riarticulaire sp\u00e9cial, qui stabilise parfaitement la rotule et emp\u00eache sa luxation. En outre, l&rsquo;anneau maintient la rotule align\u00e9e avec l&rsquo;articulation du genou, ce qui rend son fonctionnement souple et indolore. De plus, l&rsquo;orth\u00e8se est \u00e9quip\u00e9e de baleines \u00e9lastiques sur les c\u00f4t\u00e9s qui stabilisent encore plus l&rsquo;articulation du genou. Deux sangles suppl\u00e9mentaires \u00e0 l&rsquo;avant \u00e9vitent les blessures aux ligaments du genou et stabilisent encore plus le produit sur le membre.<\/p>\n<p>En fournissant une compression constante, notre orth\u00e8se maintient une bonne temp\u00e9rature du corps, ce qui r\u00e9duit la douleur et acc\u00e9l\u00e8re le processus de gu\u00e9rison apr\u00e8s une l\u00e9sion des tissus mous. Pour un enfilage facile et rapide du produit, notre genouill\u00e8re est dot\u00e9e de poign\u00e9es sup\u00e9rieures sp\u00e9ciales.<\/p>\n<p>Le silicone anti-migration emp\u00eache l&rsquo;orth\u00e8se de glisser pendant l&rsquo;utilisation.<\/p>\n<p><a href=\"https:\/\/fixcast.pl\/wp-content\/uploads\/2018\/07\/DSC_0244-1.jpg\" data-rel=\"lightbox-0\" title=\"\"><img loading=\"lazy\" src=\"https:\/\/fixcast.pl\/wp-content\/uploads\/2018\/07\/DSC_0244-1-1024x678.jpg\" alt=\"\" width=\"1024\" height=\"678\" class=\"aligncenter size-large wp-image-4756\" srcset=\"https:\/\/fixcast.pl\/wp-content\/uploads\/2018\/07\/DSC_0244-1-1024x678.jpg 1024w, https:\/\/fixcast.pl\/wp-content\/uploads\/2018\/07\/DSC_0244-1-300x199.jpg 300w, https:\/\/fixcast.pl\/wp-content\/uploads\/2018\/07\/DSC_0244-1-768x509.jpg 768w, https:\/\/fixcast.pl\/wp-content\/uploads\/2018\/07\/DSC_0244-1.jpg 1200w\" sizes=\"(max-width: 1024px) 100vw, 1024px\" \/><\/a><\/p>\n<\/div>\n<\/div>\n<div class=\"half with-image\" style=\"background-image: url('https:\/\/fixcast.pl\/wp-content\/uploads\/2018\/07\/DSC_0198.jpg');\"><\/div>\n<\/div>\n<div class=\"row\">\n<div class=\"half descr\">\n<div class=\"half-content\">\n<p><img loading=\"lazy\" src=\"https:\/\/fixcast.pl\/wp-content\/uploads\/2018\/07\/FIX-KD-06_FR-1024x559.jpg\" alt=\"FIX-KD-06\" width=\"1024\" height=\"559\" class=\"aligncenter size-large wp-image-9249\" srcset=\"https:\/\/fixcast.pl\/wp-content\/uploads\/2018\/07\/FIX-KD-06_FR-1024x559.jpg 1024w, https:\/\/fixcast.pl\/wp-content\/uploads\/2018\/07\/FIX-KD-06_FR-300x164.jpg 300w, https:\/\/fixcast.pl\/wp-content\/uploads\/2018\/07\/FIX-KD-06_FR-768x419.jpg 768w, https:\/\/fixcast.pl\/wp-content\/uploads\/2018\/07\/FIX-KD-06_FR.jpg 1811w\" sizes=\"(max-width: 1024px) 100vw, 1024px\" \/><\/p>\n<\/div>\n<\/div>\n<div class=\"half descr\">\n<div class=\"half-content\">\n<p>Nos baleines orthop\u00e9diques sont constitu\u00e9es d&#039;un fil m\u00e9tallique fin, enroul\u00e9 en forme de ressort et aplati. Nous utilisons des baleines de diff\u00e9rentes largeurs et \u00e9paisseurs de fil qui d\u00e9terminent la force de leur stabilisation. Chaque baleine est munie de deux raccords de forme sp\u00e9ciale pour \u00e9viter d&#039;endommager l&#039;orth\u00e8se. Les baleines sont prot\u00e9g\u00e9es contre la corrosion par le processus de galvanisation, elles sont donc r\u00e9sistantes \u00e0 l&#039;eau, \u00e0 l&#039;humidit\u00e9 et \u00e0 la sueur. Les produits qui en sont \u00e9quip\u00e9s peuvent \u00eatre lav\u00e9s sans les retirer de l&#039;orth\u00e8se. Nos baleines orthop\u00e9diques fonctionnent dans toutes les directions, s&#039;adaptant parfaitement au corps de l&#039;utilisateur et elles ont une m\u00e9moire de forme, gr\u00e2ce \u00e0 laquelle elles retrouvent toujours leur forme initiale. Cette fonction fait que les baleines de l&#039;orth\u00e8se stabilisent le membre gonfl\u00e9 de la m\u00eame mani\u00e8re directement apr\u00e8s la blessure qu&#039;apr\u00e8s la r\u00e9sorption du gonflement.<\/p>\r\n\r\n\r\n<a class=\"lightbox\" data-rel=\"lightbox\" title =\"Baleines en spirale\" href=\"https:\/\/www.reh4mat.com\/uploads\/2019\/03\/DSC_0279.jpg\"><img src=\"https:\/\/www.reh4mat.com\/uploads\/2019\/03\/DSC_0279-630x475.jpg\" alt=\"\" title=\"Baleines en spirale\" width=\"630\" height=\"475\" class=\"aligncenter size-large wp-image-107472\" \/><\/a>\n<\/div>\n<\/div>\n<\/div>\n<div class=\"row\">\n<div class=\"half descr\">\n<div class=\"half-content\">\n<h3>TABLEAU DES TAILLES<\/h3>\n<table cellspacing=\"0\" cellpadding=\"4\">\n<thead>\n<tr>\n<th>Taille<\/th>\n<th>Tour de genou<\/th>\n<th>M\u00e9thode de mesure<\/th>\n<\/tr>\n<\/thead>\n<tbody>\n<tr>\n<td width=\"68\">1<\/td>\n<td>19 &#8211; 21 cm<\/td>\n<td rowspan=\"7\"><img loading=\"lazy\" src=\"https:\/\/fixcast.pl\/wp-content\/uploads\/2018\/07\/pomiar-kolano.png\" alt=\"\" width=\"148\" height=\"212\" class=\"aligncenter size-full wp-image-611\" \/><\/td>\n<\/tr>\n<tr>\n<td>2<\/td>\n<td>21 &#8211; 24 cm<\/td>\n<\/tr>\n<tr>\n<td>3<\/td>\n<td>24 &#8211; 26 cm<\/td>\n<\/tr>\n<tr>\n<td>4<\/td>\n<td>26 &#8211; 29 cm<\/td>\n<\/tr>\n<tr>\n<td>5<\/td>\n<td>29 &#8211; 31 cm<\/td>\n<\/tr>\n<tr>\n<td>6<\/td>\n<td>31 &#8211; 34 cm<\/td>\n<\/tr>\n<tr>\n<td>7<\/td>\n<td>34 &#8211; 36 cm<\/td>\n<\/tr>\n<\/tbody>\n<\/table>\n<p><strong>Produit universel pour le genou droit et gauche.<\/strong><\/p>\n<p><strong>Longueur totale de l&rsquo;orth\u00e8se&nbsp;:<\/strong><br \/>\n1&nbsp;: 18 cm<br \/>\n2&nbsp;: 19 cm<br \/>\n3&nbsp;: 21 cm<br \/>\n4&nbsp;: 23 cm<br \/>\n5&nbsp;: 23 cm<br \/>\n6&nbsp;: 24 cm<br \/>\n7&nbsp;: 24 cm<\/p>\n<p>Le produit est envoy\u00e9 dans une couleur al\u00e9atoire.<\/p>\n<\/div>\n<\/div>\n<div class=\"half with-image\" style=\"background-image: url('https:\/\/fixcast.pl\/wp-content\/uploads\/2018\/07\/DSC_0223.jpg');\"><\/div>\n<\/div>\n<div class=\"row\">\n<div class=\"half descr\">\n<div class=\"half-content\">\n<p><img loading=\"lazy\" src=\"https:\/\/fixcast.pl\/wp-content\/uploads\/2018\/07\/FIX-KD-06-colors-1.jpg\" alt=\"FIX-KD-06\" width=\"702\" height=\"423\" class=\"aligncenter size-full wp-image-9230\" srcset=\"https:\/\/fixcast.pl\/wp-content\/uploads\/2018\/07\/FIX-KD-06-colors-1.jpg 702w, https:\/\/fixcast.pl\/wp-content\/uploads\/2018\/07\/FIX-KD-06-colors-1-300x181.jpg 300w\" sizes=\"(max-width: 702px) 100vw, 702px\" \/><\/p>\n<h3>A&nbsp;T\u00c9L\u00c9CHARGER<\/h3>\n<ul class=\"pdf\">\n<li><a href=\"https:\/\/www.reh4mat.com\/deklaracje\/en\/52.pdf\">D\u00e9claration de conformit\u00e9<\/a><\/li>\n<li><a href=\"https:\/\/fixcast.pl\/wp-content\/uploads\/2018\/07\/FIX-KD-06-1.pdf\">M\u00e9thode d&rsquo;application<\/a><\/li>\n<li><a href=\"https:\/\/reh4mat.com\/instrukcje\/45.pdf\">Mode d&#8217;emploi<\/a><\/li>\n<\/ul>\n<\/div>\n<\/div>\n<div class=\"half with-image\" style=\"background-image: url('https:\/\/fixcast.pl\/wp-content\/uploads\/2018\/07\/4T7A7281.jpg');\"><\/div>\n<\/div>\n<div class=\"clear\"><\/div>\n<\/div>\n","protected":false},"excerpt":{"rendered":"<h2>GENOUILL\u00c8RE AVEC BALEINE ET ANNEAU P\u00c9RIARTICULAIRE<\/h2>\n<p><strong>La genouill\u00e8re FIX-KD-06<\/strong> assure la compression, la stabilisation et la protection de l&#039;articulation du genou. L&#039;attelle est munie d&#039;un anneau de rotule pour stabiliser la rotule et soulager la pression sur l&#039;articulation f\u00e9moro-patellaire. Il est \u00e9quip\u00e9 d&#039;un soutien \u00e9lastique lat\u00e9ral de la vo\u00fbte plantaire, ce qui le rend parfait pour les genoux instables.<\/p>\n","protected":false},"featured_media":9216,"comment_status":"open","ping_status":"closed","template":"","meta":[],"_links":{"self":[{"href":"https:\/\/fixcast.pl\/fr\/wp-json\/wp\/v2\/product\/5427"}],"collection":[{"href":"https:\/\/fixcast.pl\/fr\/wp-json\/wp\/v2\/product"}],"about":[{"href":"https:\/\/fixcast.pl\/fr\/wp-json\/wp\/v2\/types\/product"}],"replies":[{"embeddable":true,"href":"https:\/\/fixcast.pl\/fr\/wp-json\/wp\/v2\/comments?post=5427"}],"version-history":[{"count":6,"href":"https:\/\/fixcast.pl\/fr\/wp-json\/wp\/v2\/product\/5427\/revisions"}],"predecessor-version":[{"id":12226,"href":"https:\/\/fixcast.pl\/fr\/wp-json\/wp\/v2\/product\/5427\/revisions\/12226"}],"wp:featuredmedia":[{"embeddable":true,"href":"https:\/\/fixcast.pl\/fr\/wp-json\/wp\/v2\/media\/9216"}],"wp:attachment":[{"href":"https:\/\/fixcast.pl\/fr\/wp-json\/wp\/v2\/media?parent=5427"}],"curies":[{"name":"wp","href":"https:\/\/api.w.org\/{rel}","templated":true}]}}