{"id":5431,"date":"2018-07-31T16:21:21","date_gmt":"2021-10-18T09:46:33","guid":{"rendered":"https:\/\/fixcast.pl\/?post_type=product&#038;p=5431"},"modified":"2023-06-22T15:53:23","modified_gmt":"2023-06-22T13:53:23","slug":"fix-kd-07","status":"publish","type":"product","link":"https:\/\/fixcast.pl\/fr\/produit\/fix-kd-07\/","title":{"rendered":"FIX-KD-07"},"content":{"rendered":"<div class=\"description-tiles\">\n<div class=\"row\">\n<div class=\"half descr\">\n<div id=\"zalety\" class=\"half-content\">\n<h3>AVANTAGES PARTICULIERS<\/h3>\n<table class='zalety'><tbody><tr><td style='padding-right: 10px;'><img src='https:\/\/ortezydladzieci.pl\/wp-content\/uploads\/2017\/12\/orteza-kolana-150x150.png' class='alignleft size-thumbnail' alt='ORTHESE DU GENOU' width='70' height='70'\/><\/td><td style='width:100%;'><strong style='text-transform:uppercase;'>ORTHESE DU GENOU<\/strong><\/td><\/tr><tr><td style='padding-right: 10px;'><img src='https:\/\/ortezydladzieci.pl\/wp-content\/uploads\/2017\/12\/CLASS-1-MEDICAL-DEVICE-1-150x150.png' class='alignleft size-thumbnail' alt='PRODUIT MEDICAL DE CLASSE 1' width='70' height='70'\/><\/td><td style='width:100%;'><strong style='text-transform:uppercase;'>PRODUIT MEDICAL DE CLASSE 1<\/strong><\/td><\/tr><tr><td style='padding-right: 10px;'><img src='https:\/\/ortezydladzieci.pl\/wp-content\/uploads\/2017\/12\/ODDYCHAJACY-150x150.png' class='alignleft size-thumbnail' alt='RESPIRANT' width='70' height='70'\/><\/td><td style='width:100%;'><strong style='text-transform:uppercase;'>RESPIRANT<\/strong><\/td><\/tr><tr><td style='padding-right: 10px;'><img src='https:\/\/ortezydladzieci.pl\/wp-content\/uploads\/2017\/12\/24.png' class='alignleft size-thumbnail' alt='TH\u00c9RAPIE DE 24 HEURES' width='70' height='70'\/><\/td><td style='width:100%;'><strong style='text-transform:uppercase;'>TH\u00c9RAPIE DE 24 HEURES<\/strong><\/td><\/tr><tr><td style='padding-right: 10px;'><img src='https:\/\/ortezydladzieci.pl\/wp-content\/uploads\/2017\/12\/wodoodporny-150x150.png' class='alignleft size-thumbnail' alt='ETANCHE A L\u2019EAU' width='70' height='70'\/><\/td><td style='width:100%;'><strong style='text-transform:uppercase;'>ETANCHE A L\u2019EAU<\/strong><\/td><\/tr><tr><td style='padding-right: 10px;'><img src='https:\/\/fixcast.pl\/wp-content\/uploads\/2018\/07\/elast-150x150.png' class='alignleft size-thumbnail' alt='RAILS LAT\u00c9RAUX FLEXIBLES' width='70' height='70'\/><\/td><td style='width:100%;'><strong style='text-transform:uppercase;'>RAILS LAT\u00c9RAUX FLEXIBLES<\/strong><\/td><\/tr><tr><td style='padding-right: 10px;'><img src='https:\/\/fixcast.pl\/wp-content\/uploads\/2018\/08\/Uchwyty-150x150.png' class='alignleft size-thumbnail' alt='FACILE A METTRE' width='70' height='70'\/><\/td><td style='width:100%;'><strong style='text-transform:uppercase;'>FACILE A METTRE<\/strong><\/td><\/tr><\/tbody><\/table>\n<\/div>\n<\/div>\n<div class=\"half with-image\" style=\"background-image: url('https:\/\/fixcast.pl\/wp-content\/uploads\/2018\/07\/DSC_0278-4.jpg');\"><\/div>\n<\/div>\n<div class=\"row\">\n<div class=\"half descr\">\n<div class=\"half-content\">\n<h3>OBJET<\/h3>\n<ul>\n<li>entorse de l&rsquo;articulation du genou&nbsp;;<\/li>\n<li>dommages d\u00e9licats aux ligaments du genou LCA, LCL, MCL&nbsp;;<\/li>\n<li>dislocation de l&rsquo;articulation du genou\u00a0;<\/li>\n<li>instabilit\u00e9 du genou\u00a0;<\/li>\n<li>instabilit\u00e9 de la rotule&nbsp;;<\/li>\n<li>inflammation du genou&nbsp;;<\/li>\n<li>troubles de la sensation profonde (proprioception).<\/li>\n<\/ul>\n<\/div>\n<\/div>\n<div class=\"half with-image\" style=\"background-image: url('https:\/\/fixcast.pl\/wp-content\/uploads\/2018\/07\/DSC_0285-3.jpg');\"><\/div>\n<\/div>\n<div class=\"row\">\n<div class=\"half descr\">\n<div class=\"half-content\">\n<h3>COMMENT FONCTIONNE L&rsquo;ORTH\u00c8SE&nbsp;?<\/h3>\n<p><strong>La genouill\u00e8re FIX-KD-07 pour enfants<\/strong> est fabriqu\u00e9e en n\u00e9opr\u00e8ne fin et color\u00e9 qui maintient une compression constante de l&rsquo;articulation.<\/p>\n<p>Des sangles circonf\u00e9rentielles flexibles, qui se croisent sous le genou, stabilisent le tibia et soulagent la pression sur le ligament ACL. De cette mani\u00e8re, ils \u00e9liminent le mouvement de tiroir du genou lors de la marche. La tension des sangles crois\u00e9es peut \u00eatre r\u00e9gl\u00e9e librement en fonction des besoins th\u00e9rapeutiques et du degr\u00e9 de l\u00e9sion du ligament crois\u00e9 ant\u00e9rieur. La genouill\u00e8re FIX-KD-07 a&nbsp;une conception ferm\u00e9e et assure une parfaite adh\u00e9rence du produit au membre et, par cons\u00e9quent, sa fonction proprioceptive, ce qui est extr\u00eamement important en cas de l\u00e9sion du LCA. En outre, l&rsquo;orth\u00e8se est \u00e9quip\u00e9e de baleines \u00e9lastiques sur le c\u00f4t\u00e9, qui stabilisent en outre l&rsquo;articulation du genou.<\/p>\n<p>En fournissant une compression constante, notre orth\u00e8se maintient une bonne temp\u00e9rature du corps, r\u00e9duisant la douleur et acc\u00e9l\u00e9rant ainsi le processus de gu\u00e9rison apr\u00e8s une l\u00e9sion des tissus mous. Pour une mise en place facile et rapide, notre genouill\u00e8re est dot\u00e9e de poign\u00e9es sup\u00e9rieures sp\u00e9ciales.<\/p>\n<p><a href=\"https:\/\/fixcast.pl\/wp-content\/uploads\/2018\/07\/DSC_0273_fr.jpg\" data-rel=\"lightbox-0\" title=\"\"><img loading=\"lazy\" src=\"https:\/\/fixcast.pl\/wp-content\/uploads\/2018\/07\/DSC_0273_fr-1024x544.jpg\" alt=\"FIX-KD-07\" width=\"1024\" height=\"544\" class=\"aligncenter size-large wp-image-10739\" srcset=\"https:\/\/fixcast.pl\/wp-content\/uploads\/2018\/07\/DSC_0273_fr-1024x544.jpg 1024w, https:\/\/fixcast.pl\/wp-content\/uploads\/2018\/07\/DSC_0273_fr-300x159.jpg 300w, https:\/\/fixcast.pl\/wp-content\/uploads\/2018\/07\/DSC_0273_fr-768x408.jpg 768w, https:\/\/fixcast.pl\/wp-content\/uploads\/2018\/07\/DSC_0273_fr.jpg 1500w\" sizes=\"(max-width: 1024px) 100vw, 1024px\" \/><\/a><\/p>\n<\/div>\n<\/div>\n<div class=\"half with-image\" style=\"background-image: url('https:\/\/fixcast.pl\/wp-content\/uploads\/2018\/07\/DSC_0279-3.jpg');\"><\/div>\n<\/div>\n<div class=\"row\">\n<div class=\"half descr\">\n<div class=\"half-content\">\n<p><strong>ActivePren\u2122<\/strong> est un mat\u00e9riau actif \u00e0 trois couches compos\u00e9 de deux tissus de couverture en tricot jersey \u00e9lastique et d&#039;un noyau perfor\u00e9 en mousse de n\u00e9opr\u00e8ne. Ce mat\u00e9riau se caract\u00e9rise par sa douceur et sa grande \u00e9lasticit\u00e9. La perforation de la mousse permet une parfaite oxyg\u00e9nation de la peau de l&#039;utilisateur et un drainage de l&#039;humidit\u00e9. Gr\u00e2ce \u00e0 l&#039;AirSupply System, la partie prot\u00e9g\u00e9e du corps est en outre ventil\u00e9e et sa chaleur appropri\u00e9e est maintenue. Un avantage tr\u00e8s important de ce mat\u00e9riau est le fait qu&#039;il n&#039;est pas tricot\u00e9, qu&#039;il n&#039;a pas de fibres \u00e9paisses, gr\u00e2ce auquel les tissages du tissu n&#039;appuient pas sur la peau du patient et ne provoquent pas de plaies dans les zones de forte compression. Les orth\u00e8ses fabriqu\u00e9es en mat\u00e9riau <strong>ActivePren\u2122<\/strong> sont les orth\u00e8ses de stabilisation les plus solides et les plus efficaces disponibles sur le march\u00e9. Le mat\u00e9riau est imperm\u00e9able.<\/p>\n<p><a data-rel='lightbox' href='https:\/\/www.reh4mat.com\/uploads\/2021\/12\/ACTIVE-PREN-2021-1190x630.jpg'><img src='https:\/\/www.reh4mat.com\/uploads\/2021\/12\/ACTIVE-PREN-2021-1190x630.jpg' alt='' title='' class='aligncenter size-large' width='1024' height='542'><\/a><\/p>\n<\/div>\n<\/div>\n<div class=\"half descr\">\n<div class=\"half-content\">\n<p><strong>AirRubber III\u2122<\/strong> est fabriqu\u00e9 de mani\u00e8re sp\u00e9cifique, ce qui lui conf\u00e8re une \u00e9lasticit\u00e9 unidirectionnelle. Il ne s&#039;\u00e9tire pas transversalement, mais il s&#039;\u00e9tire longitudinalement, ce qui garantit la bonne compression du produit. Au cours du processus de tissage du caoutchouc, des mailles naturelles se forment, ce qui permet \u00e0 l&#039;air de passer facilement entre les mailles du caoutchouc et d&#039;atteindre la surface de la peau, en l&#039;oxyg\u00e9nant. En outre, les brins de caoutchouc procurent un micromassage doux lorsque le produit est plus comprim\u00e9. Le caoutchouc orthop\u00e9dique est un mat\u00e9riau tr\u00e8s respectueux de la peau.<\/p>\n<p><a data-rel='lightbox' href='https:\/\/www.reh4mat.com\/uploads\/2023\/02\/AIR-RUBBER-III-1190x630.png'><img src='https:\/\/www.reh4mat.com\/uploads\/2023\/02\/AIR-RUBBER-III-1190x630.png' alt='' title='' class='aligncenter size-large' width='1024' height='542'><\/a><\/p>\n<\/div>\n<\/div>\n<\/div>\n<div class=\"row\">\n<div class=\"half descr\">\n<div class=\"half-content\">\n<p><a data-rel='lightbox' href='https:\/\/www.reh4mat.com\/uploads\/2021\/04\/AERO-SPACE-II-1190x630.png'><img src='https:\/\/www.reh4mat.com\/uploads\/2021\/04\/AERO-SPACE-II-1190x630.png' alt='' title='' class='aligncenter size-large' width='1024' height='542'><\/a><\/p>\n<p><strong>AeroSpace II\u2122<\/strong> est une mati\u00e8re premi\u00e8re innovante de nouvelle g\u00e9n\u00e9ration. Il s&#039;agit d&#039;un tricot \u00e9lastique \u00e0 espacement 3D compos\u00e9 de deux couches de parements et d&#039;entrelacs qui cr\u00e9ent la bonne \u00e9paisseur de la mati\u00e8re premi\u00e8re et pr\u00e9sentent des propri\u00e9t\u00e9s d&#039;all\u00e8gement de la pression. Le tissu tricot\u00e9 est compos\u00e9 de fils de polyester de premi\u00e8re qualit\u00e9 qui garantissent une r\u00e9sistance m\u00e9canique \u00e9lev\u00e9e et de spandex qui assure sa flexibilit\u00e9. Cette mati\u00e8re premi\u00e8re se caract\u00e9rise par un poids tr\u00e8s faible, une grande \u00e9lasticit\u00e9 et une construction ajour\u00e9e, permettant d&#039;\u00e9vacuer tr\u00e8s facilement la transpiration du corps et d&#039;alimenter la peau en air frais. Les produits fabriqu\u00e9s dans ce mat\u00e9riau sont neutres pour l&#039;articulation prot\u00e9g\u00e9e, ils ne la r\u00e9chauffent ni ne la refroidissent, mais ils assurent sa bonne compression et son ajustement et r\u00e9duisent les vibrations musculaires survenant lors d&#039;un effort physique. Son \u00e9paisseur et sa structure 3D soulagent parfaitement la charge des attelles, baleines en acier ou orthop\u00e9diques install\u00e9es sur le produit et garantissent une douceur velout\u00e9e au toucher.<\/p>\n<\/div>\n<\/div>\n<div class=\"half descr\">\n<div class=\"half-content\">\n<p>Nos baleines orthop\u00e9diques sont constitu\u00e9es d&#039;un fil m\u00e9tallique fin, enroul\u00e9 en forme de ressort et aplati. Nous utilisons des baleines de diff\u00e9rentes largeurs et \u00e9paisseurs de fil qui d\u00e9terminent la force de leur stabilisation. Chaque baleine est munie de deux raccords de forme sp\u00e9ciale pour \u00e9viter d&#039;endommager l&#039;orth\u00e8se. Les baleines sont prot\u00e9g\u00e9es contre la corrosion par le processus de galvanisation, elles sont donc r\u00e9sistantes \u00e0 l&#039;eau, \u00e0 l&#039;humidit\u00e9 et \u00e0 la sueur. Les produits qui en sont \u00e9quip\u00e9s peuvent \u00eatre lav\u00e9s sans les retirer de l&#039;orth\u00e8se. Nos baleines orthop\u00e9diques fonctionnent dans toutes les directions, s&#039;adaptant parfaitement au corps de l&#039;utilisateur et elles ont une m\u00e9moire de forme, gr\u00e2ce \u00e0 laquelle elles retrouvent toujours leur forme initiale. Cette fonction fait que les baleines de l&#039;orth\u00e8se stabilisent le membre gonfl\u00e9 de la m\u00eame mani\u00e8re directement apr\u00e8s la blessure qu&#039;apr\u00e8s la r\u00e9sorption du gonflement.<\/p>\r\n\r\n\r\n<a class=\"lightbox\" data-rel=\"lightbox\" title =\"Baleines en spirale\" href=\"https:\/\/www.reh4mat.com\/uploads\/2019\/03\/DSC_0279.jpg\"><img src=\"https:\/\/www.reh4mat.com\/uploads\/2019\/03\/DSC_0279-630x475.jpg\" alt=\"\" title=\"Baleines en spirale\" width=\"630\" height=\"475\" class=\"aligncenter size-large wp-image-107472\" \/><\/a>\n<\/div>\n<\/div>\n<\/div>\n<div class=\"row\">\n<div class=\"half descr\">\n<div class=\"half-content\">\n<h3>TABLEAU DES TAILLES<\/h3>\n<table cellspacing=\"0\" cellpadding=\"4\">\n<thead>\n<tr>\n<th>Taille<\/th>\n<th>Tour de genou<\/th>\n<th>M\u00e9thode de mesure<\/th>\n<\/tr>\n<\/thead>\n<tbody>\n<tr>\n<td width=\"68\">1<\/td>\n<td>19 &#8211; 21 cm<\/td>\n<td rowspan=\"7\"><img loading=\"lazy\" src=\"https:\/\/fixcast.pl\/wp-content\/uploads\/2018\/07\/pomiar-kolano.png\" alt=\"\" width=\"148\" height=\"212\" class=\"aligncenter size-full wp-image-611\" \/><\/td>\n<\/tr>\n<tr>\n<td>2<\/td>\n<td>21 &#8211; 24 cm<\/td>\n<\/tr>\n<tr>\n<td>3<\/td>\n<td>24 &#8211; 26 cm<\/td>\n<\/tr>\n<tr>\n<td>4<\/td>\n<td>26 &#8211; 29 cm<\/td>\n<\/tr>\n<tr>\n<td>5<\/td>\n<td>29 &#8211; 31 cm<\/td>\n<\/tr>\n<tr>\n<td>6<\/td>\n<td>31 &#8211; 34 cm<\/td>\n<\/tr>\n<tr>\n<td>7<\/td>\n<td>34 &#8211; 36 cm<\/td>\n<\/tr>\n<\/tbody>\n<\/table>\n<p><strong>Produit universel pour le genou droit et gauche.<\/strong><\/p>\n<p><strong>Longueur totale de l&rsquo;orth\u00e8se&nbsp;:<\/strong><br \/>\n1&nbsp;: 18 cm<br \/>\n2&nbsp;: 19 cm<br \/>\n3&nbsp;: 21 cm<br \/>\n4&nbsp;: 23 cm<br \/>\n5&nbsp;: 23 cm<br \/>\n6&nbsp;: 24 cm<br \/>\n7&nbsp;: 24 cm<\/p>\n<p>Le produit est envoy\u00e9 dans une couleur al\u00e9atoire.<\/p>\n<p><img loading=\"lazy\" src=\"https:\/\/fixcast.pl\/wp-content\/uploads\/2018\/07\/FIX-KD-07-new-2.jpg\" alt=\"FIX-KD-07\" width=\"702\" height=\"423\" class=\"aligncenter size-full wp-image-10833\" srcset=\"https:\/\/fixcast.pl\/wp-content\/uploads\/2018\/07\/FIX-KD-07-new-2.jpg 702w, https:\/\/fixcast.pl\/wp-content\/uploads\/2018\/07\/FIX-KD-07-new-2-300x181.jpg 300w\" sizes=\"(max-width: 702px) 100vw, 702px\" \/><\/p>\n<\/div>\n<\/div>\n<div class=\"half with-image\" style=\"background-image: url('https:\/\/fixcast.pl\/wp-content\/uploads\/2018\/07\/4T7A6941.jpg');\"><\/div>\n<\/div>\n<div class=\"row\">\n<div class=\"half descr\">\n<div class=\"half-content\">\n<h3>A&nbsp;T\u00c9L\u00c9CHARGER<\/h3>\n<ul class=\"pdf\">\n<li><a href=\"https:\/\/www.reh4mat.com\/deklaracje\/en\/52.pdf\">D\u00e9claration de conformit\u00e9<\/a><\/li>\n<li><a href=\"https:\/\/fixcast.pl\/wp-content\/uploads\/2022\/06\/FIX-KD-07.pdf\">M\u00e9thode d&rsquo;application<\/a><\/li>\n<li><a href=\"https:\/\/reh4mat.com\/instrukcje\/45.pdf\">Mode d&#8217;emploi<\/a><\/li>\n<\/ul>\n<\/div>\n<\/div>\n<div class=\"half with-image\" style=\"background-image: url('https:\/\/fixcast.pl\/wp-content\/uploads\/2018\/07\/DSC_0167-4.jpg');\"><\/div>\n<\/div>\n<div class=\"clear\"><\/div>\n<\/div>\n","protected":false},"excerpt":{"rendered":"<h2>GENOUILL\u00c8RE FONCTIONNELLE ACTIVE<\/h2>\n<p><strong>L&#039;orth\u00e8se de genou FIX-KD-07<\/strong> est une orth\u00e8se de genou active qui assure la compression, la stabilisation et le soutien actif du ligament crois\u00e9 ant\u00e9rieur (LCA).<\/p>\n","protected":false},"featured_media":10643,"comment_status":"open","ping_status":"closed","template":"","meta":[],"_links":{"self":[{"href":"https:\/\/fixcast.pl\/fr\/wp-json\/wp\/v2\/product\/5431"}],"collection":[{"href":"https:\/\/fixcast.pl\/fr\/wp-json\/wp\/v2\/product"}],"about":[{"href":"https:\/\/fixcast.pl\/fr\/wp-json\/wp\/v2\/types\/product"}],"replies":[{"embeddable":true,"href":"https:\/\/fixcast.pl\/fr\/wp-json\/wp\/v2\/comments?post=5431"}],"version-history":[{"count":14,"href":"https:\/\/fixcast.pl\/fr\/wp-json\/wp\/v2\/product\/5431\/revisions"}],"predecessor-version":[{"id":12230,"href":"https:\/\/fixcast.pl\/fr\/wp-json\/wp\/v2\/product\/5431\/revisions\/12230"}],"wp:featuredmedia":[{"embeddable":true,"href":"https:\/\/fixcast.pl\/fr\/wp-json\/wp\/v2\/media\/10643"}],"wp:attachment":[{"href":"https:\/\/fixcast.pl\/fr\/wp-json\/wp\/v2\/media?parent=5431"}],"curies":[{"name":"wp","href":"https:\/\/api.w.org\/{rel}","templated":true}]}}