{"id":5436,"date":"2018-07-31T16:42:13","date_gmt":"2021-10-18T10:24:14","guid":{"rendered":"https:\/\/fixcast.pl\/?post_type=product&#038;p=5436"},"modified":"2023-06-23T09:41:45","modified_gmt":"2023-06-23T07:41:45","slug":"fix-kd-09","status":"publish","type":"product","link":"https:\/\/fixcast.pl\/fr\/produit\/fix-kd-09\/","title":{"rendered":"FIX-KD-09"},"content":{"rendered":"<div class=\"description-tiles\">\n<div class=\"row\">\n<div class=\"half descr\">\n<div id=\"zalety\" class=\"half-content\">\n<h3>AVANTAGES PARTICULIERS<\/h3>\n<table class='zalety'><tbody><tr><td style='padding-right: 10px;'><img src='https:\/\/ortezydladzieci.pl\/wp-content\/uploads\/2017\/12\/orteza-kolana-150x150.png' class='alignleft size-thumbnail' alt='ORTHESE DU GENOU' width='70' height='70'\/><\/td><td style='width:100%;'><strong style='text-transform:uppercase;'>ORTHESE DU GENOU<\/strong><\/td><\/tr><tr><td style='padding-right: 10px;'><img src='https:\/\/ortezydladzieci.pl\/wp-content\/uploads\/2017\/12\/CLASS-1-MEDICAL-DEVICE-1-150x150.png' class='alignleft size-thumbnail' alt='PRODUIT MEDICAL DE CLASSE 1' width='70' height='70'\/><\/td><td style='width:100%;'><strong style='text-transform:uppercase;'>PRODUIT MEDICAL DE CLASSE 1<\/strong><\/td><\/tr><tr><td style='padding-right: 10px;'><img src='https:\/\/ortezydladzieci.pl\/wp-content\/uploads\/2017\/12\/ODDYCHAJACY-150x150.png' class='alignleft size-thumbnail' alt='RESPIRANT' width='70' height='70'\/><\/td><td style='width:100%;'><strong style='text-transform:uppercase;'>RESPIRANT<\/strong><\/td><\/tr><tr><td style='padding-right: 10px;'><img src='https:\/\/ortezydladzieci.pl\/wp-content\/uploads\/2017\/12\/24.png' class='alignleft size-thumbnail' alt='TH\u00c9RAPIE DE 24 HEURES' width='70' height='70'\/><\/td><td style='width:100%;'><strong style='text-transform:uppercase;'>TH\u00c9RAPIE DE 24 HEURES<\/strong><\/td><\/tr><tr><td style='padding-right: 10px;'><img src='https:\/\/ortezydladzieci.pl\/wp-content\/uploads\/2017\/12\/wodoodporny-150x150.png' class='alignleft size-thumbnail' alt='ETANCHE A L\u2019EAU' width='70' height='70'\/><\/td><td style='width:100%;'><strong style='text-transform:uppercase;'>ETANCHE A L\u2019EAU<\/strong><\/td><\/tr><tr><td style='padding-right: 10px;'><img src='https:\/\/fixcast.pl\/wp-content\/uploads\/2018\/07\/Szyna-magnetyczna-1R-orthodesign-150x150.png' class='alignleft size-thumbnail' alt='ATTELLE MAGN\u00c9TIQUE 1R ORTHODESIGN' width='70' height='70'\/><\/td><td style='width:100%;'><strong style='text-transform:uppercase;'>ATTELLE MAGN\u00c9TIQUE 1R ORTHODESIGN<\/strong><\/td><\/tr><tr><td style='padding-right: 10px;'><img src='https:\/\/ortezydladzieci.pl\/wp-content\/uploads\/2017\/12\/alternatywa-gipsu.png' class='alignleft size-thumbnail' alt='ALTERNATIVE AU PL\u00c2TRE' width='70' height='70'\/><\/td><td style='width:100%;'><strong style='text-transform:uppercase;'>ALTERNATIVE AU PL\u00c2TRE<\/strong><\/td><\/tr><\/tbody><\/table>\n<\/div>\n<\/div>\n<div class=\"half with-image\" style=\"background-image: url('https:\/\/fixcast.pl\/wp-content\/uploads\/2018\/07\/4T7A6682.jpg');\"><\/div>\n<\/div>\n<div class=\"row\">\n<div class=\"half descr\">\n<div class=\"half-content\">\n<h3>OBJET<\/h3>\n<ul>\n<li>luxations de l&rsquo;articulation du genou<\/li>\n<li>entorses de l&rsquo;articulation du genou<\/li>\n<li>instabilit\u00e9 du genou<\/li>\n<li>l\u00e9sions des ligaments du genou LCL, MCL et ACL<\/li>\n<li>dommages au m\u00e9nisque<\/li>\n<li>surcharge du tendon de la rotule<\/li>\n<li>maladie d&rsquo;Osgood-Schlatter<\/li>\n<li>maladie de Sinding-Larsen-Johansson<\/li>\n<li>polyarthrite rhumato\u00efde juv\u00e9nile<\/li>\n<li>ost\u00e9oarthrite non sp\u00e9cifique<\/li>\n<li>n\u00e9crose osseuse<\/li>\n<li>reconstruction du ligament du genou<\/li>\n<li>autre op\u00e9ration du genou<\/li>\n<\/ul>\n<\/div>\n<\/div>\n<div class=\"half with-image\" style=\"background-image: url('https:\/\/fixcast.pl\/wp-content\/uploads\/2018\/07\/FIX-KD-09-4-2.jpg');\"><\/div>\n<\/div>\n<div class=\"row\">\n<div class=\"half descr\">\n<div class=\"half-content\">\n<h3>COMMENT FONCTIONNE L&rsquo;ORTH\u00c8SE&nbsp;?<\/h3>\n<p><strong>La genouill\u00e8re pour enfants FIX-KD-09<\/strong> est fabriqu\u00e9e en mat\u00e9riau <strong>ActivePren\u2122<\/strong> fin et color\u00e9, qui maintient une compression constante de l&rsquo;articulation.<\/p>\n<p><strong>ActivePren\u2122<\/strong> est un mat\u00e9riau actif \u00e0 trois couches compos\u00e9 de deux tissus de couverture en tricot jersey \u00e9lastique et d&#039;un noyau perfor\u00e9 en mousse de n\u00e9opr\u00e8ne. Ce mat\u00e9riau se caract\u00e9rise par sa douceur et sa grande \u00e9lasticit\u00e9. La perforation de la mousse permet une parfaite oxyg\u00e9nation de la peau de l&#039;utilisateur et un drainage de l&#039;humidit\u00e9. Gr\u00e2ce \u00e0 l&#039;AirSupply System, la partie prot\u00e9g\u00e9e du corps est en outre ventil\u00e9e et sa chaleur appropri\u00e9e est maintenue. Un avantage tr\u00e8s important de ce mat\u00e9riau est le fait qu&#039;il n&#039;est pas tricot\u00e9, qu&#039;il n&#039;a pas de fibres \u00e9paisses, gr\u00e2ce auquel les tissages du tissu n&#039;appuient pas sur la peau du patient et ne provoquent pas de plaies dans les zones de forte compression. Les orth\u00e8ses fabriqu\u00e9es en mat\u00e9riau <strong>ActivePren\u2122<\/strong> sont les orth\u00e8ses de stabilisation les plus solides et les plus efficaces disponibles sur le march\u00e9. Le mat\u00e9riau est imperm\u00e9able.<\/p>\n<p><a data-rel='lightbox' href='https:\/\/www.reh4mat.com\/uploads\/2021\/12\/ACTIVE-PREN-2021-1190x630.jpg'><img src='https:\/\/www.reh4mat.com\/uploads\/2021\/12\/ACTIVE-PREN-2021-1190x630.jpg' alt='' title='' class='aligncenter size-large' width='1024' height='542'><\/a><\/p>\n<p>La construction ferm\u00e9e du produit assure une adh\u00e9rence parfaite au membre et a&nbsp;donc une fonction proprioceptive. L&rsquo;avant de l&rsquo;attelle est \u00e9quip\u00e9 d&rsquo;un anneau p\u00e9riarticulaire sp\u00e9cial, qui stabilise parfaitement la rotule et emp\u00eache sa luxation. De plus, l&rsquo;anneau maintient la rotule dans l&rsquo;axe de l&rsquo;articulation du genou, ce qui rend son fonctionnement souple et indolore.<\/p>\n<p>Notre genouill\u00e8re est dot\u00e9e de deux sangles circonf\u00e9rentielles, qui stabilisent en outre le produit sur le membre, l&#8217;emp\u00eachant de glisser et de se tordre, m\u00eame pendant l&rsquo;activit\u00e9 intense de votre enfant.<\/p>\n<\/div>\n<\/div>\n<div class=\"half with-image\" style=\"background-image: url('https:\/\/fixcast.pl\/wp-content\/uploads\/2018\/07\/FIX-KD-09-5-1.jpg');\"><\/div>\n<\/div>\n<div class=\"row\">\n<div class=\"half descr\">\n<div class=\"half-content\">\n<p>En outre, <strong>l&rsquo;orth\u00e8se FIX-KD-09<\/strong> est dot\u00e9e d&rsquo;une horloge orthodesign innovante 1R avec la possibilit\u00e9 de r\u00e9gler l&rsquo;angle de flexion et d&rsquo;extension du genou par incr\u00e9ments de 15\u00b0, assurant, selon le besoin, une mobilit\u00e9 limit\u00e9e ou une immobilisation totale de l&rsquo;articulation. Les attelles lat\u00e9rales en aluminium utilis\u00e9es dans l&rsquo;orth\u00e8se stabilisent parfaitement le genou sur le plan frontal et r\u00e9duisent les sympt\u00f4mes de son instabilit\u00e9. La forme anatomique des attelles permet de soulager toutes les pro\u00e9minences osseuses de l&rsquo;articulation, comme les condyles. Les attelles sont fabriqu\u00e9es avec des mat\u00e9riaux de la plus haute qualit\u00e9, ce qui r\u00e9duit leur poids au minimum.<\/p>\n<p><a href=\"https:\/\/fixcast.pl\/wp-content\/uploads\/2018\/07\/IMG_7881_fr.jpg\" data-rel=\"lightbox-0\" title=\"\"><img loading=\"lazy\" src=\"https:\/\/fixcast.pl\/wp-content\/uploads\/2018\/07\/IMG_7881_fr.jpg\" alt=\"FIX-KD-09\" width=\"1003\" height=\"536\" class=\"aligncenter size-full wp-image-10791\" srcset=\"https:\/\/fixcast.pl\/wp-content\/uploads\/2018\/07\/IMG_7881_fr.jpg 1003w, https:\/\/fixcast.pl\/wp-content\/uploads\/2018\/07\/IMG_7881_fr-300x160.jpg 300w, https:\/\/fixcast.pl\/wp-content\/uploads\/2018\/07\/IMG_7881_fr-768x410.jpg 768w\" sizes=\"(max-width: 1003px) 100vw, 1003px\" \/><\/a><\/p>\n<\/div>\n<\/div>\n<div class=\"half with-image\" style=\"background-image: url('https:\/\/fixcast.pl\/wp-content\/uploads\/2018\/07\/FIX-KD-09-3-1-1.jpg');\"><\/div>\n<\/div>\n<div class=\"row\">\n<div class=\"half descr\">\n<div class=\"half-content\">\nSzyna ortopedyczna 1R orthodesign, to nowatorskie podej\u015bcie do tematyki szyn ortopedycznych z\u00a0regulacj\u0105 k\u0105ta zgi\u0119cia i wyprostu. Innowacyjno\u015b\u0107 szyny polega na tym, \u017ce w zegarze o \u015brednicy nie przekraczaj\u0105cej 30 mm, zastosowali\u015bmy regulacj\u0119 k\u0105ta zgi\u0119cia i wyprostu co 15 stopni. Dodatkowym atutem szyny jest to, \u017ce regulacja odbywa si\u0119 nie przy u\u017cyciu wkr\u0119t\u00f3w imbusowych, jak to si\u0119 odbywa\u0142o w poprzedniej generacji szyny, lecz za pomoc\u0105 wk\u0142adanych stalowych nit\u00f3w, kt\u00f3re dla u\u0142atwienia wyjmowane s\u0105 z\u00a0gniazd k\u0105towych przy u\u017cyciu za\u0142\u0105czonego do szyn magnesu. Wisienk\u0105 na torcie jest pier\u015bcie\u0144 blokuj\u0105cy, kt\u00f3ry dzi\u0119ki systemowi zapadkowemu nie pozwoli na samoczynne przestawienie si\u0119 wcze\u015bniej ustawionego k\u0105ta. W ortezach kolana szyny maj\u0105 odsadzenie goleniowe, co pozwala na bardziej precyzyjne dopasowanie ortezy kolana, a co za tym idzie dok\u0142adniej realizuj\u0105 regulacj\u0119 ruchomo\u015bci stawu, w pozosta\u0142ych wyrobach za\u015b, ortezy maj\u0105 form\u0119 prost\u0105. Od spodniej strony zegara zamontowano owalny element do kt\u00f3rego doklejono gripper niezb\u0119dny do przymocowania do zegara mi\u0119kkich poduszek bocznych 3D. Szyny te, przy u\u017cyciu klucza ortopedycznego b\u0119d\u0105cego w ofercie Reh4Mat, mog\u0105 by\u0107 w niekt\u00f3rych przypadkach indywidualnie dopasowane do kszta\u0142tu ko\u0144czyny pacjenta, poprzez ich lekkie dogi\u0119cie.\r\n\r\n<a href=\"https:\/\/www.reh4mat.com\/uploads\/2021\/12\/Szyna-1R-dziecieca-1.jpg\"><\/a>\r\n\r\n\r\n\t<a href=\"https:\/\/www.reh4mat.com\/instrukcje\/szyny\/SZYNA%201R%20ORTHODESIGN%20PEDIATRYCZNA.pdf\">Pobierz instrukcj\u0119 regulacji szyny 1R orthodesign<\/a>\r\n\n<p>Malgr\u00e9 sa construction ferm\u00e9e, la partie sup\u00e9rieure du support est munie d&rsquo;une bande velcro amovible, ce qui permet \u00e0 l&rsquo;enfant de mettre plus facilement le produit sur la jambe, par exemple en cas de gonflement massif de l&rsquo;articulation du genou ou de contusions des muscles de la cuisse.<\/p>\n<p>En assurant une compression constante, l&rsquo;orth\u00e8se maintient une bonne temp\u00e9rature du corps, ce qui r\u00e9duit la douleur et acc\u00e9l\u00e8re le processus de gu\u00e9rison apr\u00e8s une blessure des tissus mous.<\/p>\n<\/div>\n<\/div>\n<div class=\"half with-image\" style=\"background-image: url('https:\/\/fixcast.pl\/wp-content\/uploads\/2018\/07\/FIX-KD-09-2-1-1.jpg');\"><\/div>\n<\/div>\n<div class=\"row\">\n<div class=\"half descr\">\n<div class=\"half-content\">\n<h3>TABLEAU DES TAILLES<\/h3>\n<table width=\"502\" cellspacing=\"0\" cellpadding=\"4\">\n<colgroup>\n<col width=\"140\" \/>\n<col width=\"345\" \/> <\/colgroup>\n<tbody>\n<tr valign=\"top\">\n<th style=\"text-align: center; vertical-align: middle;\" width=\"140\" height=\"24\">Taille<\/th>\n<th style=\"text-align: center; vertical-align: middle;\" width=\"345\">Tour de genou<\/th>\n<th style=\"text-align: center; vertical-align: middle;\" width=\"345\">M\u00e9thode de mesure<\/th>\n<\/tr>\n<tr valign=\"top\">\n<td style=\"text-align: center; vertical-align: middle;\" width=\"140\">1<\/td>\n<td style=\"text-align: center; vertical-align: middle;\" width=\"345\">23 &#8211; 26 cm<\/td>\n<td style=\"text-align: center; vertical-align: middle;\" rowspan=\"3\" width=\"345\"><img loading=\"lazy\" src=\"https:\/\/fixcast.pl\/wp-content\/uploads\/2018\/07\/pomiar-kolano.png\" alt=\"\" width=\"148\" height=\"212\" class=\"aligncenter size-full wp-image-611\" \/><\/td>\n<\/tr>\n<tr valign=\"top\">\n<td style=\"text-align: center; vertical-align: middle;\" width=\"140\">2<\/td>\n<td style=\"text-align: center; vertical-align: middle;\" width=\"345\">26 &#8211; 29 cm<\/td>\n<\/tr>\n<tr valign=\"top\">\n<td style=\"text-align: center; vertical-align: middle;\" width=\"140\" height=\"32\">3<\/td>\n<td style=\"text-align: center; vertical-align: middle;\" width=\"345\">29 &#8211; 33 cm<\/td>\n<\/tr>\n<\/tbody>\n<\/table>\n<p><strong>Produit universel pour le genou droit et gauche.<\/p>\n<p>Longueur totale de l&rsquo;accolade&nbsp;:<br \/>\n1&nbsp;: 25 cm<br \/>\n2&nbsp;: 27 cm<br \/>\n3&nbsp;: 27 cm<\/strong><\/p>\n<p>Le produit sera envoy\u00e9 dans une couleur al\u00e9atoire.<\/p>\n<p><img loading=\"lazy\" src=\"https:\/\/fixcast.pl\/wp-content\/uploads\/2018\/07\/FIX-KD-09-7-2.jpg\" alt=\"FIX-KD-09\" width=\"700\" height=\"388\" class=\"aligncenter size-full wp-image-10777\" srcset=\"https:\/\/fixcast.pl\/wp-content\/uploads\/2018\/07\/FIX-KD-09-7-2.jpg 700w, https:\/\/fixcast.pl\/wp-content\/uploads\/2018\/07\/FIX-KD-09-7-2-300x166.jpg 300w\" sizes=\"(max-width: 700px) 100vw, 700px\" \/><\/p>\n<h3>A&nbsp;T\u00c9L\u00c9CHARGER<\/h3>\n<ul class=\"pdf\">\n<li><a href=\"https:\/\/www.reh4mat.com\/deklaracje\/en\/52.pdf\">D\u00e9claration de conformit\u00e9<\/a><\/li>\n<li><a href=\"http:\/\/reh4mat.com\/instrukcje\/45.pdf\">Mode d&#8217;emploi<\/a><\/li>\n<\/ul>\n<\/div>\n<\/div>\n<div class=\"half with-image\" style=\"background-image: url('https:\/\/fixcast.pl\/wp-content\/uploads\/2018\/07\/FIX-KD-09-1-3.jpg');\"><\/div>\n<\/div>\n<div class=\"row\">\n<div class=\"half descr\">\n<div class=\"half-content\">\n<h3>Accessoires \u00e0 utiliser avec ce produit&nbsp;:<\/h3>\n<p><div style=\"width: 220px\" class=\"wp-caption alignleft\"><a href=\"https:\/\/www.reh4mat.com\/fr\/produkt\/autres\/outil-de-pliage-d-attelles\/\"><img loading=\"lazy\" src=\"https:\/\/www.reh4mat.com\/uploads\/2021\/11\/KLUCZ-DO-GIECIA-SZYN.png\" alt=\"Outil de pliage d\u2019attelles\" width=\"200\" height=\"200\" class=\"size-thumb\" style=\"border: 3px dashed; #6DCDD2; border-radius: 50%; padding: 10px;\" \/><p class=\"wp-caption-text\">OUTIL DE PLIAGE D\u2019ATTELLES<\/a><\/p><\/div>\n<\/div>\n<\/div>\n<div class=\"half with-image\"><\/div>\n<\/div>\n<div class=\"clear\"><\/div>\n<\/div>\n","protected":false},"excerpt":{"rendered":"<h2>ATTELLE DE GENOU AVEC R\u00c9GLAGE DE LA MOBILIT\u00c9 ET ANNEAU P\u00c9RIARTICULAIRE<\/h2>\n<p><strong>La genouill\u00e8re FIX-KD-09<\/strong> pour enfants est la solution id\u00e9ale lorsqu&#039;il est n\u00e9cessaire d&#039;immobiliser l&#039;articulation du genou et d&#039;assurer une stabilisation lat\u00e9rale.<\/p>\n","protected":false},"featured_media":10751,"comment_status":"open","ping_status":"closed","template":"","meta":[],"_links":{"self":[{"href":"https:\/\/fixcast.pl\/fr\/wp-json\/wp\/v2\/product\/5436"}],"collection":[{"href":"https:\/\/fixcast.pl\/fr\/wp-json\/wp\/v2\/product"}],"about":[{"href":"https:\/\/fixcast.pl\/fr\/wp-json\/wp\/v2\/types\/product"}],"replies":[{"embeddable":true,"href":"https:\/\/fixcast.pl\/fr\/wp-json\/wp\/v2\/comments?post=5436"}],"version-history":[{"count":10,"href":"https:\/\/fixcast.pl\/fr\/wp-json\/wp\/v2\/product\/5436\/revisions"}],"predecessor-version":[{"id":12239,"href":"https:\/\/fixcast.pl\/fr\/wp-json\/wp\/v2\/product\/5436\/revisions\/12239"}],"wp:featuredmedia":[{"embeddable":true,"href":"https:\/\/fixcast.pl\/fr\/wp-json\/wp\/v2\/media\/10751"}],"wp:attachment":[{"href":"https:\/\/fixcast.pl\/fr\/wp-json\/wp\/v2\/media?parent=5436"}],"curies":[{"name":"wp","href":"https:\/\/api.w.org\/{rel}","templated":true}]}}