{"id":5630,"date":"2021-10-20T11:49:17","date_gmt":"2021-10-20T10:22:55","guid":{"rendered":"https:\/\/fixcast.pl\/?post_type=product&#038;p=5630"},"modified":"2022-11-10T13:05:17","modified_gmt":"2022-11-10T12:05:17","slug":"fix-kg-18","status":"publish","type":"product","link":"https:\/\/fixcast.pl\/fr\/produit\/fix-kg-18\/","title":{"rendered":"FIX-KG-18"},"content":{"rendered":"<div class=\"description-tiles\">\n<div class=\"row\">\n<div class=\"half descr\">\n<div id=\"zalety\" class=\"half-content\">\n<table class='zalety'><tbody><tr><td style='padding-right: 10px;'><img src='https:\/\/ortezydladzieci.pl\/wp-content\/uploads\/2017\/12\/CLASS-1-MEDICAL-DEVICE-1-150x150.png' class='alignleft size-thumbnail' alt='PRODUIT MEDICAL DE CLASSE 1' width='70' height='70'\/><\/td><td style='width:100%;'><strong style='text-transform:uppercase;'>PRODUIT MEDICAL DE CLASSE 1<\/strong><\/td><\/tr><tr><td style='padding-right: 10px;'><img src='https:\/\/ortezydladzieci.pl\/wp-content\/uploads\/2017\/12\/wodoodporny-150x150.png' class='alignleft size-thumbnail' alt='ETANCHE A L\u2019EAU' width='70' height='70'\/><\/td><td style='width:100%;'><strong style='text-transform:uppercase;'>ETANCHE A L\u2019EAU<\/strong><\/td><\/tr><tr><td style='padding-right: 10px;'><img src='https:\/\/fixcast.pl\/wp-content\/uploads\/2018\/07\/dwustr-150x150.png' class='alignleft size-thumbnail' alt='BIFACE' width='70' height='70'\/><\/td><td style='width:100%;'><strong style='text-transform:uppercase;'>BIFACE<\/strong><\/td><\/tr><tr><td style='padding-right: 10px;'><img src='https:\/\/ortezydladzieci.pl\/wp-content\/uploads\/2017\/12\/szeroki-zakres-regulacji-150x150.png' class='alignleft size-thumbnail' alt='LARGE GAMME D'AJUSTEMENT' width='70' height='70'\/><\/td><td style='width:100%;'><strong style='text-transform:uppercase;'>LARGE GAMME D'AJUSTEMENT<\/strong><\/td><\/tr><tr><td style='padding-right: 10px;'><img src='https:\/\/ortezydladzieci.pl\/wp-content\/uploads\/2021\/10\/orteza-nadgarstka-i-przedramienia.png' class='alignleft size-thumbnail' alt='ORTH\u00c8SE DE POIGNET ET D'AVANT-BRAS' width='70' height='70'\/><\/td><td style='width:100%;'><strong style='text-transform:uppercase;'>ORTH\u00c8SE DE POIGNET ET D'AVANT-BRAS<\/strong><\/td><\/tr><tr><td style='padding-right: 10px;'><img src='https:\/\/ortezydladzieci.pl\/wp-content\/uploads\/2017\/12\/anatomiczna-szyna-dloniowa-150x150.png' class='alignleft size-thumbnail' alt='ATTELLE DE PAUME ANATOMIQUE' width='70' height='70'\/><\/td><td style='width:100%;'><strong style='text-transform:uppercase;'>ATTELLE DE PAUME ANATOMIQUE<\/strong><\/td><\/tr><\/tbody><\/table>\n<\/div>\n<\/div>\n<div class=\"half with-image\" style=\"background-image: url('https:\/\/fixcast.pl\/wp-content\/uploads\/2021\/10\/4T7A0106-1.jpg');\"><\/div>\n<\/div>\n<div class=\"row\">\n<div class=\"half descr\">\n<div class=\"half-content\">\n<\/div>\n<\/div>\n<div class=\"half with-image\" style=\"background-image: url('https:\/\/fixcast.pl\/wp-content\/uploads\/2021\/10\/4T7A8020.jpg');\"><\/div>\n<\/div>\n<div class=\"row\">\n<div class=\"half descr\">\n<div class=\"half-content\">\n<p><strong>Attelle de poignet et d&rsquo;avant-bras pour enfants FIX-KG-18<\/strong> enti\u00e8rement en <strong>AeroSpace II&trade;<\/strong>.<\/p>\n<p><a data-rel='lightbox' href='https:\/\/www.reh4mat.com\/uploads\/2021\/04\/AERO-SPACE-II-1190x630.png'><img src='https:\/\/www.reh4mat.com\/uploads\/2021\/04\/AERO-SPACE-II-1190x630.png' alt='' title='' class='aligncenter size-large' width='1024' height='542'><\/a><\/p>\n<p><strong>AeroSpace II\u2122<\/strong> est une mati\u00e8re premi\u00e8re innovante de nouvelle g\u00e9n\u00e9ration. Il s&#039;agit d&#039;un tricot \u00e9lastique \u00e0 espacement 3D compos\u00e9 de deux couches de parements et d&#039;entrelacs qui cr\u00e9ent la bonne \u00e9paisseur de la mati\u00e8re premi\u00e8re et pr\u00e9sentent des propri\u00e9t\u00e9s d&#039;all\u00e8gement de la pression. Le tissu tricot\u00e9 est compos\u00e9 de fils de polyester de premi\u00e8re qualit\u00e9 qui garantissent une r\u00e9sistance m\u00e9canique \u00e9lev\u00e9e et de spandex qui assure sa flexibilit\u00e9. Cette mati\u00e8re premi\u00e8re se caract\u00e9rise par un poids tr\u00e8s faible, une grande \u00e9lasticit\u00e9 et une construction ajour\u00e9e, permettant d&#039;\u00e9vacuer tr\u00e8s facilement la transpiration du corps et d&#039;alimenter la peau en air frais. Les produits fabriqu\u00e9s dans ce mat\u00e9riau sont neutres pour l&#039;articulation prot\u00e9g\u00e9e, ils ne la r\u00e9chauffent ni ne la refroidissent, mais ils assurent sa bonne compression et son ajustement et r\u00e9duisent les vibrations musculaires survenant lors d&#039;un effort physique. Son \u00e9paisseur et sa structure 3D soulagent parfaitement la charge des attelles, baleines en acier ou orthop\u00e9diques install\u00e9es sur le produit et garantissent une douceur velout\u00e9e au toucher.<\/p>\n<\/div>\n<\/div>\n<div class=\"half with-image\" style=\"background-image: url('https:\/\/fixcast.pl\/wp-content\/uploads\/2021\/10\/4T7A0100.jpg');\"><\/div>\n<\/div>\n<div class=\"row\">\n<div class=\"half descr\">\n<div class=\"half-content\">\n<p>Le produit a&nbsp;un renfort sous la forme d&rsquo;un <strong>renfort palmaire en aluminium<\/strong>. <\/p>\n<p><a href=\"https:\/\/fixcast.pl\/wp-content\/uploads\/2021\/10\/105079869.jpg\" data-rel=\"lightbox-0\" title=\"\"><img loading=\"lazy\" src=\"https:\/\/fixcast.pl\/wp-content\/uploads\/2021\/10\/105079869-1024x390.jpg\" alt=\"\" width=\"1024\" height=\"390\" class=\"aligncenter size-large wp-image-7736\" srcset=\"https:\/\/fixcast.pl\/wp-content\/uploads\/2021\/10\/105079869-1024x390.jpg 1024w, https:\/\/fixcast.pl\/wp-content\/uploads\/2021\/10\/105079869-300x114.jpg 300w, https:\/\/fixcast.pl\/wp-content\/uploads\/2021\/10\/105079869-768x293.jpg 768w, https:\/\/fixcast.pl\/wp-content\/uploads\/2021\/10\/105079869.jpg 1684w\" sizes=\"(max-width: 1024px) 100vw, 1024px\" \/><\/a><a href=\"https:\/\/fixcast.pl\/wp-content\/uploads\/2021\/10\/4T7A0093.jpg\" data-rel=\"lightbox-1\" title=\"\"><img loading=\"lazy\" src=\"https:\/\/fixcast.pl\/wp-content\/uploads\/2021\/10\/4T7A0093-1024x440.jpg\" alt=\"FIX-KG-18\" width=\"1024\" height=\"440\" class=\"aligncenter size-large wp-image-7740\" srcset=\"https:\/\/fixcast.pl\/wp-content\/uploads\/2021\/10\/4T7A0093-1024x440.jpg 1024w, https:\/\/fixcast.pl\/wp-content\/uploads\/2021\/10\/4T7A0093-300x129.jpg 300w, https:\/\/fixcast.pl\/wp-content\/uploads\/2021\/10\/4T7A0093-768x330.jpg 768w, https:\/\/fixcast.pl\/wp-content\/uploads\/2021\/10\/4T7A0093.jpg 1602w\" sizes=\"(max-width: 1024px) 100vw, 1024px\" \/><\/a><\/p>\n<\/div>\n<\/div>\n<div class=\"half with-image\" style=\"background-image: url('https:\/\/fixcast.pl\/wp-content\/uploads\/2021\/10\/4T7A0084-1.jpg');\"><\/div>\n<\/div>\n<div class=\"row\">\n<div class=\"half descr\">\n<div class=\"half-content\">\n<h3>Tailles disponibles<\/h3>\n<table width=\"615\" cellspacing=\"0\" cellpadding=\"4\">\n<tbody>\n<tr valign=\"top\">\n<th style=\"text-align: center; vertical-align: middle;\">Taille<\/th>\n<th style=\"text-align: center; vertical-align: middle;\">Tour de bras (A)<\/th>\n<th style=\"text-align: center; vertical-align: middle;\">La longueur de l&rsquo;avant-bras (B)<\/th>\n<th style=\"text-align: center; vertical-align: middle;\">\u00c2ge appropri\u00e9<\/th>\n<th style=\"text-align: center; vertical-align: middle;\">M\u00e9thode de mesure<\/th>\n<\/tr>\n<tr valign=\"top\">\n<td style=\"text-align: center; vertical-align: middle;\">1<\/td>\n<td style=\"text-align: center; vertical-align: middle;\">10 &#8211; 16 cm<\/td>\n<td style=\"text-align: center; vertical-align: middle;\">min 11 cm<\/td>\n<td style=\"text-align: center; vertical-align: middle;\">2 &#8211; 6 ans<\/td>\n<td style=\"text-align: center; vertical-align: middle;\" rowspan=\"2\"><img loading=\"lazy\" src=\"https:\/\/fixcast.pl\/wp-content\/uploads\/2021\/10\/FIX-KG-18-300x238.jpg\" alt=\"FIX-KG-18\" width=\"300\" height=\"238\" class=\"aligncenter size-medium wp-image-5605\" srcset=\"https:\/\/fixcast.pl\/wp-content\/uploads\/2021\/10\/FIX-KG-18-300x238.jpg 300w, https:\/\/fixcast.pl\/wp-content\/uploads\/2021\/10\/FIX-KG-18-768x609.jpg 768w, https:\/\/fixcast.pl\/wp-content\/uploads\/2021\/10\/FIX-KG-18-1024x812.jpg 1024w, https:\/\/fixcast.pl\/wp-content\/uploads\/2021\/10\/FIX-KG-18.jpg 1232w\" sizes=\"(max-width: 300px) 100vw, 300px\" \/><\/td>\n<\/tr>\n<tr valign=\"top\">\n<td style=\"text-align: center; vertical-align: middle;\">2<\/td>\n<td style=\"text-align: center; vertical-align: middle;\">13 &#8211; 20 cm<\/td>\n<td style=\"text-align: center; vertical-align: middle;\">min 15 cm<\/td>\n<td style=\"text-align: center; vertical-align: middle;\">&gt; 5 ans<\/td>\n<\/tr>\n<\/tbody>\n<\/table>\n<p>Produit universel pour la main droite et la main gauche.<\/p>\n<p>Longueur totale du produit&nbsp;:<br \/>\n1: 16 cm<br \/>\n2: 18 cm<\/p>\n<\/div>\n<\/div>\n<div class=\"half with-image\" style=\"background-image: url('https:\/\/fixcast.pl\/wp-content\/uploads\/2021\/10\/4T7A8011.jpg');\"><\/div>\n<\/div>\n<div class=\"row\">\n<div class=\"half descr\">\n<div class=\"half-content\">\n<h3>\u00c0 t\u00e9l\u00e9charger<\/h3>\n<ul class=\"pdf\">\n<li>\n\t\t<a href=\"https:\/\/www.reh4mat.com\/deklaracje\/pl\/53.pdf\">D\u00e9claration de conformit\u00e9<\/a>\n\t<\/li>\n<li>\n\t\t<a href=\"https:\/\/www.reh4mat.com\/instrukcje\/46.pdf\">Manuel d&rsquo;instructions<\/a>\n\t<\/li>\n<\/ul>\n<\/div>\n<\/div>\n<div class=\"half with-image\" style=\"background-image: url('https:\/\/fixcast.pl\/wp-content\/uploads\/2021\/10\/4T7A0115-1.jpg');\"><\/div>\n<\/div>\n","protected":false},"excerpt":{"rendered":"<p><strong>ATTELLE DE POIGNET ET D&#039;AVANT-BRAS POUR ENFANTS<\/strong><\/p>\n","protected":false},"featured_media":10209,"comment_status":"open","ping_status":"closed","template":"","meta":[],"_links":{"self":[{"href":"https:\/\/fixcast.pl\/fr\/wp-json\/wp\/v2\/product\/5630"}],"collection":[{"href":"https:\/\/fixcast.pl\/fr\/wp-json\/wp\/v2\/product"}],"about":[{"href":"https:\/\/fixcast.pl\/fr\/wp-json\/wp\/v2\/types\/product"}],"replies":[{"embeddable":true,"href":"https:\/\/fixcast.pl\/fr\/wp-json\/wp\/v2\/comments?post=5630"}],"version-history":[{"count":7,"href":"https:\/\/fixcast.pl\/fr\/wp-json\/wp\/v2\/product\/5630\/revisions"}],"predecessor-version":[{"id":11525,"href":"https:\/\/fixcast.pl\/fr\/wp-json\/wp\/v2\/product\/5630\/revisions\/11525"}],"wp:featuredmedia":[{"embeddable":true,"href":"https:\/\/fixcast.pl\/fr\/wp-json\/wp\/v2\/media\/10209"}],"wp:attachment":[{"href":"https:\/\/fixcast.pl\/fr\/wp-json\/wp\/v2\/media?parent=5630"}],"curies":[{"name":"wp","href":"https:\/\/api.w.org\/{rel}","templated":true}]}}