{"id":5645,"date":"2021-10-20T07:20:39","date_gmt":"2021-10-20T13:32:59","guid":{"rendered":"https:\/\/fixcast.pl\/?post_type=product&#038;p=5645"},"modified":"2022-11-10T12:54:53","modified_gmt":"2022-11-10T11:54:53","slug":"fix-kg-17","status":"publish","type":"product","link":"https:\/\/fixcast.pl\/fr\/produit\/fix-kg-17\/","title":{"rendered":"FIX-KG-17"},"content":{"rendered":"<div class=\"description-tiles\">\n<div class=\"row\">\n<div class=\"half descr\">\n<div id=\"zalety\" class=\"half-content\">\n<table class='zalety'><tbody><tr><td style='padding-right: 10px;'><img src='https:\/\/ortezydladzieci.pl\/wp-content\/uploads\/2017\/12\/CLASS-1-MEDICAL-DEVICE-1-150x150.png' class='alignleft size-thumbnail' alt='PRODUIT MEDICAL DE CLASSE 1' width='70' height='70'\/><\/td><td style='width:100%;'><strong style='text-transform:uppercase;'>PRODUIT MEDICAL DE CLASSE 1<\/strong><\/td><\/tr><tr><td style='padding-right: 10px;'><img src='https:\/\/fixcast.pl\/wp-content\/uploads\/2018\/07\/dwustr-150x150.png' class='alignleft size-thumbnail' alt='BIFACE' width='70' height='70'\/><\/td><td style='width:100%;'><strong style='text-transform:uppercase;'>BIFACE<\/strong><\/td><\/tr><tr><td style='padding-right: 10px;'><img src='https:\/\/ortezydladzieci.pl\/wp-content\/uploads\/2017\/12\/szeroki-zakres-regulacji-150x150.png' class='alignleft size-thumbnail' alt='LARGE GAMME D'AJUSTEMENT' width='70' height='70'\/><\/td><td style='width:100%;'><strong style='text-transform:uppercase;'>LARGE GAMME D'AJUSTEMENT<\/strong><\/td><\/tr><\/tbody><\/table>\n<\/div>\n<\/div>\n<div class=\"half with-image\" style=\"background-image: url('https:\/\/fixcast.pl\/wp-content\/uploads\/2021\/10\/4T7A0193-1.jpg');\"><\/div>\n<\/div>\n<div class=\"row\">\n<div class=\"half descr\">\n<div class=\"half-content\">\n<\/div>\n<\/div>\n<div class=\"half with-image\" style=\"background-image: url('https:\/\/fixcast.pl\/wp-content\/uploads\/2021\/10\/4T7A7922.jpg');\"><\/div>\n<\/div>\n<div class=\"row\">\n<div class=\"half descr\">\n<div class=\"half-content\">\n<p>Le produit est fait de <strong>AeroSpace II&trade;<\/strong><\/p>\n<p><strong>AeroSpace II\u2122<\/strong> est une mati\u00e8re premi\u00e8re innovante de nouvelle g\u00e9n\u00e9ration. Il s&#039;agit d&#039;un tricot \u00e9lastique \u00e0 espacement 3D compos\u00e9 de deux couches de parements et d&#039;entrelacs qui cr\u00e9ent la bonne \u00e9paisseur de la mati\u00e8re premi\u00e8re et pr\u00e9sentent des propri\u00e9t\u00e9s d&#039;all\u00e8gement de la pression. Le tissu tricot\u00e9 est compos\u00e9 de fils de polyester de premi\u00e8re qualit\u00e9 qui garantissent une r\u00e9sistance m\u00e9canique \u00e9lev\u00e9e et de spandex qui assure sa flexibilit\u00e9. Cette mati\u00e8re premi\u00e8re se caract\u00e9rise par un poids tr\u00e8s faible, une grande \u00e9lasticit\u00e9 et une construction ajour\u00e9e, permettant d&#039;\u00e9vacuer tr\u00e8s facilement la transpiration du corps et d&#039;alimenter la peau en air frais. Les produits fabriqu\u00e9s dans ce mat\u00e9riau sont neutres pour l&#039;articulation prot\u00e9g\u00e9e, ils ne la r\u00e9chauffent ni ne la refroidissent, mais ils assurent sa bonne compression et son ajustement et r\u00e9duisent les vibrations musculaires survenant lors d&#039;un effort physique. Son \u00e9paisseur et sa structure 3D soulagent parfaitement la charge des attelles, baleines en acier ou orthop\u00e9diques install\u00e9es sur le produit et garantissent une douceur velout\u00e9e au toucher.<\/p>\n<p><a data-rel='lightbox' href='https:\/\/www.reh4mat.com\/uploads\/2021\/04\/AERO-SPACE-II-1190x630.png'><img src='https:\/\/www.reh4mat.com\/uploads\/2021\/04\/AERO-SPACE-II-1190x630.png' alt='' title='' class='aligncenter size-large' width='1024' height='542'><\/a><\/p>\n<\/div>\n<\/div>\n<div class=\"half with-image\" style=\"background-image: url('https:\/\/fixcast.pl\/wp-content\/uploads\/2021\/10\/4T7A7970.jpg');\"><\/div>\n<\/div>\n<div class=\"row\">\n<div class=\"half descr\">\n<div class=\"half-content\">\n<p>L&rsquo;orth\u00e8se a&nbsp;deux attelles uniaxiales sans r\u00e9glage de l&rsquo;angle de flexion. <\/p>\n<p><img loading=\"lazy\" src=\"https:\/\/fixcast.pl\/wp-content\/uploads\/2021\/10\/FIX-KG-17_sz_fr-1-1024x548.jpg\" alt=\"FIX-KG-17\" width=\"1024\" height=\"548\" class=\"aligncenter size-large wp-image-9423\" srcset=\"https:\/\/fixcast.pl\/wp-content\/uploads\/2021\/10\/FIX-KG-17_sz_fr-1-1024x548.jpg 1024w, https:\/\/fixcast.pl\/wp-content\/uploads\/2021\/10\/FIX-KG-17_sz_fr-1-300x161.jpg 300w, https:\/\/fixcast.pl\/wp-content\/uploads\/2021\/10\/FIX-KG-17_sz_fr-1-768x411.jpg 768w, https:\/\/fixcast.pl\/wp-content\/uploads\/2021\/10\/FIX-KG-17_sz_fr-1.jpg 1300w\" sizes=\"(max-width: 1024px) 100vw, 1024px\" \/><\/p>\n<a href=\"https:\/\/www.reh4mat.com\/uploads\/2021\/12\/Szyna-1-Slim.jpg\"><img src=\"https:\/\/www.reh4mat.com\/uploads\/2021\/12\/Szyna-1-Slim-600x300.jpg\" alt=\"\u00c9clisse 1 Slim\" width=\"600\" height=\"300\" class=\"aligncenter size-medium wp-image-275948\" \/><\/a>\n<\/div>\n<\/div>\n<div class=\"half with-image\" style=\"background-image: url('https:\/\/fixcast.pl\/wp-content\/uploads\/2021\/10\/4T7A0208-1.jpg');\"><\/div>\n<\/div>\n<div class=\"row\">\n<div class=\"half descr\">\n<div class=\"half-content\">\n<\/div>\n<\/div>\n<div class=\"half with-image\" style=\"background-image: url('https:\/\/fixcast.pl\/wp-content\/uploads\/2021\/10\/4T7A7901.jpg');\"><\/div>\n<\/div>\n<div class=\"row\">\n<div class=\"half descr\">\n<div class=\"half-content\">\n<p>Les bandes de fixation en <strong>UniTape&trade;<\/strong> sont fix\u00e9s avec des boucles et du Velcro. <\/p>\n<p><strong>UniTape\u2122<\/strong> est une lamination technologique orthop\u00e9dique de haute durabilit\u00e9 avec une fonction auto-agrippante double face. <strong>UniTape\u2122<\/strong> est tr\u00e8s mince et facile \u00e0 fixer ce qui permet d&#039;ajuster les appareils avec pr\u00e9cision.<\/p>\n<p><a data-rel='lightbox' href='https:\/\/www.reh4mat.com\/uploads\/2021\/04\/UNI-TAPE-1190x630.png'><img src='https:\/\/www.reh4mat.com\/uploads\/2021\/04\/UNI-TAPE-1190x630.png' alt='' title='' class='aligncenter size-large' width='1024' height='542'><\/a><\/p>\n<\/div>\n<\/div>\n<div class=\"half with-image\" style=\"background-image: url('https:\/\/fixcast.pl\/wp-content\/uploads\/2021\/10\/4T7A0199-1.jpg');\"><\/div>\n<\/div>\n<div class=\"row\">\n<div class=\"half descr\">\n<div class=\"half-content\">\n<h3>TABLEAU DES TAILLES<\/h3>\n<table width=\"615\" cellspacing=\"0\" cellpadding=\"4\">\n<colgroup>\n<col width=\"132\" \/>\n<col width=\"466\" \/> <\/colgroup>\n<tbody>\n<tr>\n<th style=\"text-align: center; vertical-align: middle;\" width=\"132\" height=\"14\">Taille<\/th>\n<th style=\"text-align: center; vertical-align: middle;\" width=\"466\">Distance de l&rsquo;\u00e9picondyle lat\u00e9ral de l&rsquo;hum\u00e9rus au poignet (A)<\/th>\n<th style=\"text-align: center; vertical-align: middle;\" width=\"466\">Tour de bras<br \/>\n(B)<\/th>\n<th style=\"text-align: center; vertical-align: middle;\" width=\"466\">Circonf\u00e9rence<br \/>\n(C)<\/th>\n<th style=\"text-align: center; vertical-align: middle;\" width=\"466\">Appropri\u00e9 pour l&rsquo;\u00e2ge<\/th>\n<th style=\"text-align: center; vertical-align: middle;\" width=\"466\">M\u00e9thode de mesure<\/th>\n<\/tr>\n<tr>\n<td style=\"text-align: center; vertical-align: middle;\" valign=\"top\" width=\"132\">1<\/td>\n<td style=\"text-align: center; vertical-align: middle;\" width=\"466\">min 12 cm<\/td>\n<td style=\"text-align: center; vertical-align: middle;\" width=\"466\">13 &#8211; 26 cm<\/td>\n<td style=\"text-align: center; vertical-align: middle;\" width=\"466\">13 &#8211; 22 cm<\/td>\n<td style=\"text-align: center; vertical-align: middle;\" width=\"466\">2 &#8211; 6 years<\/td>\n<td style=\"text-align: center; vertical-align: middle;\" rowspan=\"2\" width=\"466\"><img loading=\"lazy\" src=\"https:\/\/fixcast.pl\/wp-content\/uploads\/2021\/10\/FIX-KG-17.png\" alt=\"FIX-KG-17\" width=\"298\" height=\"216\" class=\"aligncenter size-full wp-image-5558\" \/><\/td>\n<\/tr>\n<tr>\n<td style=\"text-align: center; vertical-align: middle;\" valign=\"top\" width=\"132\">2<\/td>\n<td style=\"text-align: center; vertical-align: middle;\" width=\"466\">min 15 cm<\/td>\n<td style=\"text-align: center; vertical-align: middle;\" width=\"466\">16 &#8211; 30 cm<\/td>\n<td style=\"text-align: center; vertical-align: middle;\" width=\"466\">14 &#8211; 26 cm<\/td>\n<td style=\"text-align: center; vertical-align: middle;\" width=\"466\">&gt; 5 years<\/td>\n<\/tr>\n<\/tbody>\n<\/table>\n<p>Produit universel pour le coude droit et gauche.<\/p>\n<p><strong>Longueur totale de l&rsquo;orth\u00e8se&nbsp;:<br \/>\n 1: 19 cm<br \/>\n 2: 23 cm<br \/>\n<\/strong><\/p>\n<div class=\"clear\"><\/div>\n<\/div>\n<\/div>\n<div class=\"half with-image\" style=\"background-image: url('https:\/\/fixcast.pl\/wp-content\/uploads\/2021\/10\/4T7A0182.jpg');\"><\/div>\n<\/div>\n<div class=\"row\">\n<div class=\"half descr\">\n<div class=\"half-content\">\n<h3>A&nbsp;T\u00c9L\u00c9CHARGER<\/h3>\n<ul class=\"pdf\">\n<li><a href=\"https:\/\/www.reh4mat.com\/deklaracje\/pl\/53.pdf\">D\u00e9claration de conformit\u00e9<\/a><\/li>\n<li><a href=\"https:\/\/www.reh4mat.com\/instrukcje\/46.pdf\">Mode d&#8217;emploi<\/a><\/li>\n<p>\t<!--li><a href=\"\">M\u00e9thode d'application<\/a><\/li-->\n<\/ul>\n<\/div>\n<\/div>\n<div class=\"half with-image\" style=\"background-image: url('https:\/\/fixcast.pl\/wp-content\/uploads\/2021\/10\/4T7A7964.jpg');\"><\/div>\n<\/div>\n<div class=\"clear\"><\/div>\n<\/div>\n","protected":false},"excerpt":{"rendered":"<p><strong>ATTELLE DE COUDE<\/strong><\/p>\n","protected":false},"featured_media":9393,"comment_status":"open","ping_status":"closed","template":"","meta":[],"_links":{"self":[{"href":"https:\/\/fixcast.pl\/fr\/wp-json\/wp\/v2\/product\/5645"}],"collection":[{"href":"https:\/\/fixcast.pl\/fr\/wp-json\/wp\/v2\/product"}],"about":[{"href":"https:\/\/fixcast.pl\/fr\/wp-json\/wp\/v2\/types\/product"}],"replies":[{"embeddable":true,"href":"https:\/\/fixcast.pl\/fr\/wp-json\/wp\/v2\/comments?post=5645"}],"version-history":[{"count":8,"href":"https:\/\/fixcast.pl\/fr\/wp-json\/wp\/v2\/product\/5645\/revisions"}],"predecessor-version":[{"id":11513,"href":"https:\/\/fixcast.pl\/fr\/wp-json\/wp\/v2\/product\/5645\/revisions\/11513"}],"wp:featuredmedia":[{"embeddable":true,"href":"https:\/\/fixcast.pl\/fr\/wp-json\/wp\/v2\/media\/9393"}],"wp:attachment":[{"href":"https:\/\/fixcast.pl\/fr\/wp-json\/wp\/v2\/media?parent=5645"}],"curies":[{"name":"wp","href":"https:\/\/api.w.org\/{rel}","templated":true}]}}