{"id":5696,"date":"2021-10-20T15:45:44","date_gmt":"2021-10-20T13:54:23","guid":{"rendered":"https:\/\/fixcast.pl\/?post_type=product&#038;p=5696"},"modified":"2023-06-23T10:31:17","modified_gmt":"2023-06-23T08:31:17","slug":"fix-kd-33","status":"publish","type":"product","link":"https:\/\/fixcast.pl\/fr\/produit\/fix-kd-33\/","title":{"rendered":"FIX-KD-33"},"content":{"rendered":"<div class=\"description-tiles\">\n<div class=\"row\">\n<div class=\"half descr\">\n<div id=\"zalety\" class=\"half-content\">\n<table class='zalety'><tbody><tr><td style='padding-right: 10px;'><img src='https:\/\/ortezydladzieci.pl\/wp-content\/uploads\/2017\/12\/orteza-kolana-150x150.png' class='alignleft size-thumbnail' alt='ORTHESE DU GENOU' width='70' height='70'\/><\/td><td style='width:100%;'><strong style='text-transform:uppercase;'>ORTHESE DU GENOU<\/strong><\/td><\/tr><tr><td style='padding-right: 10px;'><img src='https:\/\/ortezydladzieci.pl\/wp-content\/uploads\/2017\/12\/CLASS-1-MEDICAL-DEVICE-1-150x150.png' class='alignleft size-thumbnail' alt='PRODUIT MEDICAL DE CLASSE 1' width='70' height='70'\/><\/td><td style='width:100%;'><strong style='text-transform:uppercase;'>PRODUIT MEDICAL DE CLASSE 1<\/strong><\/td><\/tr><tr><td style='padding-right: 10px;'><img src='https:\/\/fixcast.pl\/wp-content\/uploads\/2018\/07\/dwustr-150x150.png' class='alignleft size-thumbnail' alt='BIFACE' width='70' height='70'\/><\/td><td style='width:100%;'><strong style='text-transform:uppercase;'>BIFACE<\/strong><\/td><\/tr><tr><td style='padding-right: 10px;'><img src='https:\/\/ortezydladzieci.pl\/wp-content\/uploads\/2017\/12\/szeroki-zakres-regulacji-150x150.png' class='alignleft size-thumbnail' alt='LARGE GAMME D'AJUSTEMENT' width='70' height='70'\/><\/td><td style='width:100%;'><strong style='text-transform:uppercase;'>LARGE GAMME D'AJUSTEMENT<\/strong><\/td><\/tr><tr><td style='padding-right: 10px;'><img src='https:\/\/ortezydladzieci.pl\/wp-content\/uploads\/2021\/06\/kompressja-1.png' class='alignleft size-thumbnail' alt='COMPRESSION' width='70' height='70'\/><\/td><td style='width:100%;'><strong style='text-transform:uppercase;'>COMPRESSION<\/strong><\/td><\/tr><\/tbody><\/table>\n<\/div>\n<\/div>\n<div class=\"half with-image\" style=\"background-image: url('https:\/\/fixcast.pl\/wp-content\/uploads\/2021\/10\/4T7A2153.jpg');\"><\/div>\n<\/div>\n<div class=\"row\">\n<div class=\"half descr\">\n<div class=\"half-content\">\n<\/div>\n<\/div>\n<div class=\"half with-image\" style=\"background-image: url('https:\/\/fixcast.pl\/wp-content\/uploads\/2021\/10\/118588906.jpg');\"><\/div>\n<\/div>\n<div class=\"row\">\n<div class=\"half descr\">\n<div class=\"half-content\">\n<h3>BUT D&rsquo;UTILISATION<\/h3>\n<p>\u2022 torsion et entorse du genou,<br \/>\n\u2022 luxation du genou,<br \/>\n\u2022 instabilit\u00e9 lat\u00e9rale de l&rsquo;articulation du genou,<br \/>\n\u2022 ligaments du genou blessures LCL, MCL et ACL<br \/>\n\u2022 instabilit\u00e9 de la rotule <\/p>\n<\/div>\n<\/div>\n<div class=\"half with-image\" style=\"background-image: url('https:\/\/fixcast.pl\/wp-content\/uploads\/2021\/10\/4T7A2148.jpg');\"><\/div>\n<\/div>\n<div class=\"row\">\n<div class=\"half descr\">\n<div class=\"half-content\">\n<\/div>\n<\/div>\n<div class=\"half descr\">\n<div class=\"half-content\">\n<p><a href=\"https:\/\/fixcast.pl\/wp-content\/uploads\/2021\/10\/4T7A2145_fr.jpg\" data-rel=\"lightbox-0\" title=\"\"><img loading=\"lazy\" src=\"https:\/\/fixcast.pl\/wp-content\/uploads\/2021\/10\/4T7A2145_fr-1024x829.jpg\" alt=\"FIX-KD-33\" width=\"1024\" height=\"829\" class=\"aligncenter size-large wp-image-8544\" srcset=\"https:\/\/fixcast.pl\/wp-content\/uploads\/2021\/10\/4T7A2145_fr-1024x829.jpg 1024w, https:\/\/fixcast.pl\/wp-content\/uploads\/2021\/10\/4T7A2145_fr-300x243.jpg 300w, https:\/\/fixcast.pl\/wp-content\/uploads\/2021\/10\/4T7A2145_fr-768x622.jpg 768w, https:\/\/fixcast.pl\/wp-content\/uploads\/2021\/10\/4T7A2145_fr.jpg 1468w\" sizes=\"(max-width: 1024px) 100vw, 1024px\" \/><\/a><\/p>\n<\/div>\n<\/div>\n<\/div>\n<div class=\"row\">\n<div class=\"half descr\">\n<div class=\"half-content\">\n<\/div>\n<\/div>\n<div class=\"half with-image\" style=\"background-image: url('https:\/\/fixcast.pl\/wp-content\/uploads\/2021\/10\/4T7A2139.jpg');\"><\/div>\n<\/div>\n<div class=\"row\">\n<div class=\"half descr\">\n<div class=\"half-content\">\n<p><a href=\"https:\/\/fixcast.pl\/wp-content\/uploads\/2021\/10\/FIX-KD-33_fr.jpg\" data-rel=\"lightbox-1\" title=\"\"><img loading=\"lazy\" src=\"https:\/\/fixcast.pl\/wp-content\/uploads\/2021\/10\/FIX-KD-33_fr-1024x600.jpg\" alt=\"FIX-KD-33\" width=\"1024\" height=\"600\" class=\"aligncenter size-large wp-image-8556\" srcset=\"https:\/\/fixcast.pl\/wp-content\/uploads\/2021\/10\/FIX-KD-33_fr-1024x600.jpg 1024w, https:\/\/fixcast.pl\/wp-content\/uploads\/2021\/10\/FIX-KD-33_fr-300x176.jpg 300w, https:\/\/fixcast.pl\/wp-content\/uploads\/2021\/10\/FIX-KD-33_fr-768x450.jpg 768w, https:\/\/fixcast.pl\/wp-content\/uploads\/2021\/10\/FIX-KD-33_fr.jpg 1441w\" sizes=\"(max-width: 1024px) 100vw, 1024px\" \/><\/a><\/p>\n<a href=\"https:\/\/www.reh4mat.com\/uploads\/2021\/12\/Szyna-1-Slim.jpg\"><img src=\"https:\/\/www.reh4mat.com\/uploads\/2021\/12\/Szyna-1-Slim-600x300.jpg\" alt=\"\u00c9clisse 1 Slim\" width=\"600\" height=\"300\" class=\"aligncenter size-medium wp-image-275948\" \/><\/a>\n<\/div>\n<\/div>\n<div class=\"half with-image\" style=\"background-image: url('https:\/\/fixcast.pl\/wp-content\/uploads\/2021\/10\/4T7A0614.jpg');\"><\/div>\n<\/div>\n<div class=\"row\">\n<div class=\"half descr\">\n<div class=\"half-content\">\n<p><strong>La genouill\u00e8re p\u00e9diatrique FIX-KD-33<\/strong> est fabriqu\u00e9e en tissu respirant innovant <strong>AeroSpace II\u2122<\/strong>.<\/p>\n<p><a data-rel='lightbox' href='https:\/\/www.reh4mat.com\/uploads\/2021\/04\/AERO-SPACE-II-1190x630.png'><img src='https:\/\/www.reh4mat.com\/uploads\/2021\/04\/AERO-SPACE-II-1190x630.png' alt='' title='' class='aligncenter size-large' width='1024' height='542'><\/a><\/p>\n<p><strong>AeroSpace II\u2122<\/strong> est une mati\u00e8re premi\u00e8re innovante de nouvelle g\u00e9n\u00e9ration. Il s&#039;agit d&#039;un tricot \u00e9lastique \u00e0 espacement 3D compos\u00e9 de deux couches de parements et d&#039;entrelacs qui cr\u00e9ent la bonne \u00e9paisseur de la mati\u00e8re premi\u00e8re et pr\u00e9sentent des propri\u00e9t\u00e9s d&#039;all\u00e8gement de la pression. Le tissu tricot\u00e9 est compos\u00e9 de fils de polyester de premi\u00e8re qualit\u00e9 qui garantissent une r\u00e9sistance m\u00e9canique \u00e9lev\u00e9e et de spandex qui assure sa flexibilit\u00e9. Cette mati\u00e8re premi\u00e8re se caract\u00e9rise par un poids tr\u00e8s faible, une grande \u00e9lasticit\u00e9 et une construction ajour\u00e9e, permettant d&#039;\u00e9vacuer tr\u00e8s facilement la transpiration du corps et d&#039;alimenter la peau en air frais. Les produits fabriqu\u00e9s dans ce mat\u00e9riau sont neutres pour l&#039;articulation prot\u00e9g\u00e9e, ils ne la r\u00e9chauffent ni ne la refroidissent, mais ils assurent sa bonne compression et son ajustement et r\u00e9duisent les vibrations musculaires survenant lors d&#039;un effort physique. Son \u00e9paisseur et sa structure 3D soulagent parfaitement la charge des attelles, baleines en acier ou orthop\u00e9diques install\u00e9es sur le produit et garantissent une douceur velout\u00e9e au toucher.<\/p>\n<\/div>\n<\/div>\n<div class=\"half with-image\" style=\"background-image: url('https:\/\/fixcast.pl\/wp-content\/uploads\/2021\/10\/4T7A2155.jpg');\"><\/div>\n<\/div>\n<div class=\"row\">\n<div class=\"half descr\">\n<div class=\"half-content\">\n<h3>TABLEAU DES TAILLES<\/h3>\n<table border=\"0\" cellspacing=\"0\">\n<thead>\n<tr>\n<th style=\"text-align: center;\">Taille<\/th>\n<th style=\"text-align: center;\">Circonf\u00e9rence du genou<\/th>\n<th style=\"text-align: center;\">Adapt\u00e9e \u00e0 l&rsquo;\u00e2ge<\/th>\n<th style=\"text-align: center;\">M\u00e9thode de mesure<\/th>\n<\/tr>\n<\/thead>\n<colgroup width=\"100\"><\/colgroup>\n<colgroup width=\"150\"><\/colgroup>\n<colgroup width=\"150\"><\/colgroup>\n<tbody>\n<tr>\n<td style=\"height: 50px; text-align: center;\">1<\/td>\n<td style=\"height: 50px; text-align: center;\">23 &#8211; 27 cm<\/td>\n<td style=\"height: 50px; text-align: center;\">2 \u2013 5 ans<\/td>\n<td style=\"text-align: center;\" rowspan=\"2\"><img loading=\"lazy\" src=\"https:\/\/fixcast.pl\/wp-content\/uploads\/2018\/07\/pomiar-kolano.png\" alt=\"\" width=\"148\" height=\"212\" class=\"aligncenter size-full wp-image-611\"><\/td>\n<\/tr>\n<tr>\n<td style=\"height: 50px; text-align: center;\">2<\/td>\n<td style=\"height: 50px; text-align: center;\">27 &#8211; 34 cm<\/td>\n<td style=\"height: 50px; text-align: center;\">4 \u2013 12 ans<\/td>\n<\/tr>\n<\/tbody>\n<\/table>\n<p>Produit universel pour le genou droit et gauche.<\/p>\n<p>Longueur totale de l&rsquo;orth\u00e8se:<br \/>\n1: 21 cm<br \/>\n2: 24 cm<\/p>\n<p>&nbsp;<\/p>\n<h3>A&nbsp;T\u00c9L\u00c9CHARGER<\/h3>\n<ul class=\"pdf\">\n<li><a href=\"https:\/\/reh4mat.com\/deklaracje\/pl\/98.pdf\">D\u00e9claration de conformit\u00e9<\/a><\/li>\n<p> \t<!--li><a href=\"\">Manual<\/a><\/li-->\n<\/ul>\n<\/div>\n<\/div>\n<div class=\"half with-image\" style=\"background-image: url('https:\/\/fixcast.pl\/wp-content\/uploads\/2021\/10\/4T7A0626.jpg');\"><\/div>\n<\/div>\n<div class=\"clear\"><\/div>\n<\/div>\n","protected":false},"excerpt":{"rendered":"<p><strong>GENOUILL\u00c8RE<\/strong><\/p>\n","protected":false},"featured_media":8505,"comment_status":"open","ping_status":"closed","template":"","meta":[],"_links":{"self":[{"href":"https:\/\/fixcast.pl\/fr\/wp-json\/wp\/v2\/product\/5696"}],"collection":[{"href":"https:\/\/fixcast.pl\/fr\/wp-json\/wp\/v2\/product"}],"about":[{"href":"https:\/\/fixcast.pl\/fr\/wp-json\/wp\/v2\/types\/product"}],"replies":[{"embeddable":true,"href":"https:\/\/fixcast.pl\/fr\/wp-json\/wp\/v2\/comments?post=5696"}],"version-history":[{"count":11,"href":"https:\/\/fixcast.pl\/fr\/wp-json\/wp\/v2\/product\/5696\/revisions"}],"predecessor-version":[{"id":12282,"href":"https:\/\/fixcast.pl\/fr\/wp-json\/wp\/v2\/product\/5696\/revisions\/12282"}],"wp:featuredmedia":[{"embeddable":true,"href":"https:\/\/fixcast.pl\/fr\/wp-json\/wp\/v2\/media\/8505"}],"wp:attachment":[{"href":"https:\/\/fixcast.pl\/fr\/wp-json\/wp\/v2\/media?parent=5696"}],"curies":[{"name":"wp","href":"https:\/\/api.w.org\/{rel}","templated":true}]}}