{"id":5821,"date":"2021-10-22T14:34:22","date_gmt":"2021-10-22T12:50:37","guid":{"rendered":"https:\/\/fixcast.pl\/?post_type=product&#038;p=5821"},"modified":"2022-07-04T14:45:04","modified_gmt":"2022-07-04T12:45:04","slug":"fix-kd-34","status":"publish","type":"product","link":"https:\/\/fixcast.pl\/fr\/produit\/fix-kd-34\/","title":{"rendered":"FIX-KD-34"},"content":{"rendered":"<div class=\"description-tiles\">\n<div class=\"row\">\n<div class=\"half descr\">\n<div id=\"zalety\" class=\"half-content\">\n<table class='zalety'><tbody><tr><td style='padding-right: 10px;'><img src='https:\/\/ortezydladzieci.pl\/wp-content\/uploads\/2017\/12\/orteza-kolana-150x150.png' class='alignleft size-thumbnail' alt='ORTHESE DU GENOU' width='70' height='70'\/><\/td><td style='width:100%;'><strong style='text-transform:uppercase;'>ORTHESE DU GENOU<\/strong><\/td><\/tr><tr><td style='padding-right: 10px;'><img src='https:\/\/ortezydladzieci.pl\/wp-content\/uploads\/2017\/12\/CLASS-1-MEDICAL-DEVICE-1-150x150.png' class='alignleft size-thumbnail' alt='PRODUIT MEDICAL DE CLASSE 1' width='70' height='70'\/><\/td><td style='width:100%;'><strong style='text-transform:uppercase;'>PRODUIT MEDICAL DE CLASSE 1<\/strong><\/td><\/tr><tr><td style='padding-right: 10px;'><img src='https:\/\/fixcast.pl\/wp-content\/uploads\/2018\/07\/dwustr-150x150.png' class='alignleft size-thumbnail' alt='BIFACE' width='70' height='70'\/><\/td><td style='width:100%;'><strong style='text-transform:uppercase;'>BIFACE<\/strong><\/td><\/tr><tr><td style='padding-right: 10px;'><img src='https:\/\/ortezydladzieci.pl\/wp-content\/uploads\/2021\/06\/kompressja-1.png' class='alignleft size-thumbnail' alt='COMPRESSION' width='70' height='70'\/><\/td><td style='width:100%;'><strong style='text-transform:uppercase;'>COMPRESSION<\/strong><\/td><\/tr><tr><td style='padding-right: 10px;'><img src='https:\/\/ortezydladzieci.pl\/wp-content\/uploads\/2017\/12\/rozmiar-uniwersalny-150x150.png' class='alignleft size-thumbnail' alt='TAILLE UNIVERSELLE' width='70' height='70'\/><\/td><td style='width:100%;'><strong style='text-transform:uppercase;'>TAILLE UNIVERSELLE<\/strong><\/td><\/tr><tr><td style='padding-right: 10px;'><img src='https:\/\/fixcast.pl\/wp-content\/uploads\/2022\/05\/fiszbiny.png' class='alignleft size-thumbnail' alt='ATELLES EN SPIRALE' width='70' height='70'\/><\/td><td style='width:100%;'><strong style='text-transform:uppercase;'>ATELLES EN SPIRALE<\/strong><\/td><\/tr><\/tbody><\/table>\n<\/div>\n<\/div>\n<div class=\"half with-image\" style=\"background-image: url('https:\/\/fixcast.pl\/wp-content\/uploads\/2021\/10\/4T7A2093.jpg');\"><\/div>\n<\/div>\n<div class=\"row\">\n<div class=\"half descr\">\n<div class=\"half-content\">\n<\/div>\n<\/div>\n<div class=\"half with-image\" style=\"background-image: url('https:\/\/fixcast.pl\/wp-content\/uploads\/2021\/10\/4T7A2098.jpg');\"><\/div>\n<\/div>\n<div class=\"row\">\n<div class=\"half descr\">\n<div class=\"half-content\">\n<\/div>\n<\/div>\n<div class=\"half with-image\" style=\"background-image: url('https:\/\/fixcast.pl\/wp-content\/uploads\/2021\/10\/295503708.jpg');\"><\/div>\n<\/div>\n<div class=\"row\">\n<div class=\"half descr\">\n<div class=\"half-content\">\n<p>L&rsquo;orth\u00e8se est \u00e9quip\u00e9e d&rsquo;un <strong>insert sp\u00e9cial<\/strong> apportant une stabilit\u00e9 du genou. L&rsquo;insert est facile \u00e0 attacher \u00e0 chaque endroit, ce qui d\u00e9pend du type de la blessure.<\/p>\n<p><a href=\"https:\/\/fixcast.pl\/wp-content\/uploads\/2021\/10\/2.jpg\" data-rel=\"lightbox-0\" title=\"\"><img loading=\"lazy\" src=\"https:\/\/fixcast.pl\/wp-content\/uploads\/2021\/10\/2-300x200.jpg\" alt=\"FIX-KD-34\" width=\"300\" height=\"200\" class=\"alignleft size-medium wp-image-7926\" srcset=\"https:\/\/fixcast.pl\/wp-content\/uploads\/2021\/10\/2-300x200.jpg 300w, https:\/\/fixcast.pl\/wp-content\/uploads\/2021\/10\/2-768x512.jpg 768w, https:\/\/fixcast.pl\/wp-content\/uploads\/2021\/10\/2-1024x683.jpg 1024w, https:\/\/fixcast.pl\/wp-content\/uploads\/2021\/10\/2.jpg 1219w\" sizes=\"(max-width: 300px) 100vw, 300px\" \/><\/a><a href=\"https:\/\/fixcast.pl\/wp-content\/uploads\/2021\/10\/4.jpg\" data-rel=\"lightbox-1\" title=\"\"><img loading=\"lazy\" src=\"https:\/\/fixcast.pl\/wp-content\/uploads\/2021\/10\/4-300x200.jpg\" alt=\"FIX-KD-34\" width=\"300\" height=\"200\" class=\"alignleft size-medium wp-image-7930\" srcset=\"https:\/\/fixcast.pl\/wp-content\/uploads\/2021\/10\/4-300x200.jpg 300w, https:\/\/fixcast.pl\/wp-content\/uploads\/2021\/10\/4-768x512.jpg 768w, https:\/\/fixcast.pl\/wp-content\/uploads\/2021\/10\/4-1024x682.jpg 1024w, https:\/\/fixcast.pl\/wp-content\/uploads\/2021\/10\/4.jpg 1220w\" sizes=\"(max-width: 300px) 100vw, 300px\" \/><\/a><\/p>\n<p><a href=\"https:\/\/fixcast.pl\/wp-content\/uploads\/2021\/10\/1.jpg\" data-rel=\"lightbox-2\" title=\"\"><img loading=\"lazy\" src=\"https:\/\/fixcast.pl\/wp-content\/uploads\/2021\/10\/1-300x200.jpg\" alt=\"FIX-KD-34\" width=\"300\" height=\"200\" class=\"alignleft size-medium wp-image-7934\" srcset=\"https:\/\/fixcast.pl\/wp-content\/uploads\/2021\/10\/1-300x200.jpg 300w, https:\/\/fixcast.pl\/wp-content\/uploads\/2021\/10\/1-768x512.jpg 768w, https:\/\/fixcast.pl\/wp-content\/uploads\/2021\/10\/1-1024x683.jpg 1024w, https:\/\/fixcast.pl\/wp-content\/uploads\/2021\/10\/1.jpg 1219w\" sizes=\"(max-width: 300px) 100vw, 300px\" \/><\/a><a href=\"https:\/\/fixcast.pl\/wp-content\/uploads\/2021\/10\/3.jpg\" data-rel=\"lightbox-3\" title=\"\"><img loading=\"lazy\" src=\"https:\/\/fixcast.pl\/wp-content\/uploads\/2021\/10\/3-300x200.jpg\" alt=\"FIX-KD-34\" width=\"300\" height=\"200\" class=\"alignleft size-medium wp-image-7938\" srcset=\"https:\/\/fixcast.pl\/wp-content\/uploads\/2021\/10\/3-300x200.jpg 300w, https:\/\/fixcast.pl\/wp-content\/uploads\/2021\/10\/3-768x512.jpg 768w, https:\/\/fixcast.pl\/wp-content\/uploads\/2021\/10\/3-1024x682.jpg 1024w, https:\/\/fixcast.pl\/wp-content\/uploads\/2021\/10\/3.jpg 1220w\" sizes=\"(max-width: 300px) 100vw, 300px\" \/><\/a><\/p>\n<div class=\"clear\"><\/div>\n<\/div>\n<\/div>\n<div class=\"half with-image\" style=\"background-image: url('https:\/\/fixcast.pl\/wp-content\/uploads\/2021\/10\/4T7A2092.jpg');\"><\/div>\n<\/div>\n<div class=\"row\">\n<div class=\"half descr\">\n<div class=\"half-content\">\n<p><strong>Genouill\u00e8re FIX-KD-34<\/strong> enti\u00e8rement en <strong>AeroSpace II&trade;<\/strong>, couverture de genou &#8211; en <strong>ActivePren\u2122<\/strong>.<\/p>\n<\/div>\n<\/div>\n<div class=\"half with-image\" style=\"background-image: url('https:\/\/fixcast.pl\/wp-content\/uploads\/2021\/10\/4T7A2099.jpg');\"><\/div>\n<\/div>\n<div class=\"row\">\n<div class=\"half descr\">\n<div class=\"half-content\">\n<p><a data-rel='lightbox' href='https:\/\/www.reh4mat.com\/uploads\/2021\/04\/AERO-SPACE-II-1190x630.png'><img src='https:\/\/www.reh4mat.com\/uploads\/2021\/04\/AERO-SPACE-II-1190x630.png' alt='' title='' class='aligncenter size-large' width='1024' height='542'><\/a><\/p><\/p>\n<p><strong>AeroSpace II\u2122<\/strong> est une mati\u00e8re premi\u00e8re innovante de nouvelle g\u00e9n\u00e9ration. Il s&#039;agit d&#039;un tricot \u00e9lastique \u00e0 espacement 3D compos\u00e9 de deux couches de parements et d&#039;entrelacs qui cr\u00e9ent la bonne \u00e9paisseur de la mati\u00e8re premi\u00e8re et pr\u00e9sentent des propri\u00e9t\u00e9s d&#039;all\u00e8gement de la pression. Le tissu tricot\u00e9 est compos\u00e9 de fils de polyester de premi\u00e8re qualit\u00e9 qui garantissent une r\u00e9sistance m\u00e9canique \u00e9lev\u00e9e et de spandex qui assure sa flexibilit\u00e9. Cette mati\u00e8re premi\u00e8re se caract\u00e9rise par un poids tr\u00e8s faible, une grande \u00e9lasticit\u00e9 et une construction ajour\u00e9e, permettant d&#039;\u00e9vacuer tr\u00e8s facilement la transpiration du corps et d&#039;alimenter la peau en air frais. Les produits fabriqu\u00e9s dans ce mat\u00e9riau sont neutres pour l&#039;articulation prot\u00e9g\u00e9e, ils ne la r\u00e9chauffent ni ne la refroidissent, mais ils assurent sa bonne compression et son ajustement et r\u00e9duisent les vibrations musculaires survenant lors d&#039;un effort physique. Son \u00e9paisseur et sa structure 3D soulagent parfaitement la charge des attelles, baleines en acier ou orthop\u00e9diques install\u00e9es sur le produit et garantissent une douceur velout\u00e9e au toucher.<\/p><\/div>\n<\/div>\n<div class=\"half descr\">\n<div class=\"half-content\">\n<p><a data-rel='lightbox' href='https:\/\/www.reh4mat.com\/uploads\/2021\/12\/ACTIVE-PREN-2021-1190x630.jpg'><img src='https:\/\/www.reh4mat.com\/uploads\/2021\/12\/ACTIVE-PREN-2021-1190x630.jpg' alt='' title='' class='aligncenter size-large' width='1024' height='542'><\/a><\/p>\n<p><strong>ActivePren\u2122<\/strong> est un mat\u00e9riau actif \u00e0 trois couches compos\u00e9 de deux tissus de couverture en tricot jersey \u00e9lastique et d&#039;un noyau perfor\u00e9 en mousse de n\u00e9opr\u00e8ne. Ce mat\u00e9riau se caract\u00e9rise par sa douceur et sa grande \u00e9lasticit\u00e9. La perforation de la mousse permet une parfaite oxyg\u00e9nation de la peau de l&#039;utilisateur et un drainage de l&#039;humidit\u00e9. Gr\u00e2ce \u00e0 l&#039;AirSupply System, la partie prot\u00e9g\u00e9e du corps est en outre ventil\u00e9e et sa chaleur appropri\u00e9e est maintenue. Un avantage tr\u00e8s important de ce mat\u00e9riau est le fait qu&#039;il n&#039;est pas tricot\u00e9, qu&#039;il n&#039;a pas de fibres \u00e9paisses, gr\u00e2ce auquel les tissages du tissu n&#039;appuient pas sur la peau du patient et ne provoquent pas de plaies dans les zones de forte compression. Les orth\u00e8ses fabriqu\u00e9es en mat\u00e9riau <strong>ActivePren\u2122<\/strong> sont les orth\u00e8ses de stabilisation les plus solides et les plus efficaces disponibles sur le march\u00e9. Le mat\u00e9riau est imperm\u00e9able.<\/p><\/div>\n<\/div>\n<\/div>\n<div class=\"row\">\n<div class=\"half descr\">\n<div class=\"half-content\">\n<p>L&rsquo;orth\u00e8se est \u00e9quip\u00e9e de <strong>deux attelles orthop\u00e9diques lat\u00e9rales<\/strong> et de <strong>bandes \u00e9lastiques<\/strong>.<\/p>\n<p><a href=\"https:\/\/fixcast.pl\/wp-content\/uploads\/2021\/10\/FIX-KD-34_fr.jpg\" data-rel=\"lightbox-4\" title=\"\"><img loading=\"lazy\" src=\"https:\/\/fixcast.pl\/wp-content\/uploads\/2021\/10\/FIX-KD-34_fr-1024x526.jpg\" alt=\"FIX-KD-34\" width=\"1024\" height=\"526\" class=\"aligncenter size-large wp-image-8621\" srcset=\"https:\/\/fixcast.pl\/wp-content\/uploads\/2021\/10\/FIX-KD-34_fr-1024x526.jpg 1024w, https:\/\/fixcast.pl\/wp-content\/uploads\/2021\/10\/FIX-KD-34_fr-300x154.jpg 300w, https:\/\/fixcast.pl\/wp-content\/uploads\/2021\/10\/FIX-KD-34_fr-768x395.jpg 768w, https:\/\/fixcast.pl\/wp-content\/uploads\/2021\/10\/FIX-KD-34_fr.jpg 1292w\" sizes=\"(max-width: 1024px) 100vw, 1024px\" \/><\/a><\/p>\n<p>Nos baleines orthop\u00e9diques sont constitu\u00e9es d&#039;un fil m\u00e9tallique fin, enroul\u00e9 en forme de ressort et aplati. Nous utilisons des baleines de diff\u00e9rentes largeurs et \u00e9paisseurs de fil qui d\u00e9terminent la force de leur stabilisation. Chaque baleine est munie de deux raccords de forme sp\u00e9ciale pour \u00e9viter d&#039;endommager l&#039;orth\u00e8se. Les baleines sont prot\u00e9g\u00e9es contre la corrosion par le processus de galvanisation, elles sont donc r\u00e9sistantes \u00e0 l&#039;eau, \u00e0 l&#039;humidit\u00e9 et \u00e0 la sueur. Les produits qui en sont \u00e9quip\u00e9s peuvent \u00eatre lav\u00e9s sans les retirer de l&#039;orth\u00e8se. Nos baleines orthop\u00e9diques fonctionnent dans toutes les directions, s&#039;adaptant parfaitement au corps de l&#039;utilisateur et elles ont une m\u00e9moire de forme, gr\u00e2ce \u00e0 laquelle elles retrouvent toujours leur forme initiale. Cette fonction fait que les baleines de l&#039;orth\u00e8se stabilisent le membre gonfl\u00e9 de la m\u00eame mani\u00e8re directement apr\u00e8s la blessure qu&#039;apr\u00e8s la r\u00e9sorption du gonflement.<\/p>\r\n\r\n\r\n<a class=\"lightbox\" data-rel=\"lightbox\" title =\"Baleines en spirale\" href=\"https:\/\/www.reh4mat.com\/uploads\/2019\/03\/DSC_0279.jpg\"><img src=\"https:\/\/www.reh4mat.com\/uploads\/2019\/03\/DSC_0279-630x475.jpg\" alt=\"\" title=\"Baleines en spirale\" width=\"630\" height=\"475\" class=\"aligncenter size-large wp-image-107472\" \/><\/a>\n<\/div>\n<\/div>\n<div class=\"half with-image\" style=\"background-image: url('https:\/\/fixcast.pl\/wp-content\/uploads\/2021\/10\/4T7A0845-3.jpg');\"><\/div>\n<\/div>\n<div class=\"row\">\n<div class=\"half descr\">\n<div class=\"half-content\">\n<\/div>\n<\/div>\n<div class=\"half with-image\" style=\"background-image: url('https:\/\/fixcast.pl\/wp-content\/uploads\/2021\/10\/4T7A2096.jpg');\"><\/div>\n<\/div>\n<div class=\"row\">\n<div class=\"half descr\">\n<div class=\"half-content\">\n<h3>TABLEAU DES TAILLES<\/h3>\n<table border=\"0\" cellspacing=\"0\">\n<thead>\n<tr>\n<th style=\"text-align: center;\">Taille<\/th>\n<th style=\"text-align: center;\">Circonf\u00e9rence du genou<\/th>\n<th style=\"text-align: center;\">Adapt\u00e9e \u00e0 l&rsquo;\u00e2ge<\/th>\n<th style=\"text-align: center;\">M\u00e9thode de mesure<\/th>\n<\/tr>\n<\/thead>\n<tbody>\n<tr>\n<td style=\"height: 50px; text-align: center;\">Universel<\/td>\n<td style=\"height: 50px; text-align: center;\">min 23 &#8211; max  33 cm<\/td>\n<td style=\"height: 50px; text-align: center;\">2 \u2013 12 ans<\/td>\n<td style=\"text-align: center;\"><img loading=\"lazy\" src=\"https:\/\/fixcast.pl\/wp-content\/uploads\/2018\/07\/pomiar-kolano.png\" alt=\"\" width=\"148\" height=\"212\" class=\"aligncenter size-full wp-image-611\"><\/td>\n<\/tr>\n<\/tbody>\n<\/table>\n<p>Produit universel pour le genou droit et gauche.<\/p>\n<p>Longueur totale de l&rsquo;orth\u00e8se: 20 cm<\/p>\n<\/div>\n<\/div>\n<div class=\"half with-image\" style=\"background-image: url('https:\/\/fixcast.pl\/wp-content\/uploads\/2021\/10\/4T7A0863.jpg');\"><\/div>\n<\/div>\n<div class=\"row\">\n<div class=\"half descr\">\n<div class=\"half-content\">\n<h3>A&nbsp;T\u00c9L\u00c9CHARGER<\/h3>\n<ul class=\"pdf\">\n<li><a href=\"https:\/\/reh4mat.com\/deklaracje\/pl\/98.pdf\">D\u00e9claration de conformit\u00e9<\/a><\/li>\n<p> \t<!--li><a href=\"\">Manual<\/a><\/li-->\n<\/ul>\n<\/div>\n<\/div>\n<div class=\"half with-image\" style=\"background-image: url('https:\/\/fixcast.pl\/wp-content\/uploads\/2021\/10\/4T7A2097.jpg');\"><\/div>\n<\/div>\n<div class=\"clear\"><\/div>\n<\/div>\n","protected":false},"excerpt":{"rendered":"<p><strong>ORTH\u00c8SE DE GENOU AVEC STABILISATION R\u00c9GLABLE DU ROTULE<\/strong><\/p>\n","protected":false},"featured_media":8570,"comment_status":"open","ping_status":"closed","template":"","meta":[],"_links":{"self":[{"href":"https:\/\/fixcast.pl\/fr\/wp-json\/wp\/v2\/product\/5821"}],"collection":[{"href":"https:\/\/fixcast.pl\/fr\/wp-json\/wp\/v2\/product"}],"about":[{"href":"https:\/\/fixcast.pl\/fr\/wp-json\/wp\/v2\/types\/product"}],"replies":[{"embeddable":true,"href":"https:\/\/fixcast.pl\/fr\/wp-json\/wp\/v2\/comments?post=5821"}],"version-history":[{"count":12,"href":"https:\/\/fixcast.pl\/fr\/wp-json\/wp\/v2\/product\/5821\/revisions"}],"predecessor-version":[{"id":8627,"href":"https:\/\/fixcast.pl\/fr\/wp-json\/wp\/v2\/product\/5821\/revisions\/8627"}],"wp:featuredmedia":[{"embeddable":true,"href":"https:\/\/fixcast.pl\/fr\/wp-json\/wp\/v2\/media\/8570"}],"wp:attachment":[{"href":"https:\/\/fixcast.pl\/fr\/wp-json\/wp\/v2\/media?parent=5821"}],"curies":[{"name":"wp","href":"https:\/\/api.w.org\/{rel}","templated":true}]}}