{"id":5887,"date":"2021-10-25T11:03:14","date_gmt":"2021-10-25T09:11:25","guid":{"rendered":"https:\/\/fixcast.pl\/?post_type=product&#038;p=5887"},"modified":"2023-06-23T10:33:16","modified_gmt":"2023-06-23T08:33:16","slug":"fix-kd-35","status":"publish","type":"product","link":"https:\/\/fixcast.pl\/fr\/produit\/fix-kd-35\/","title":{"rendered":"FIX-KD-35"},"content":{"rendered":"<div class=\"description-tiles\">\n<div class=\"row\">\n<div class=\"half descr\">\n<div id=\"zalety\" class=\"half-content\">\n<table class='zalety'><tbody><tr><td style='padding-right: 10px;'><img src='https:\/\/ortezydladzieci.pl\/wp-content\/uploads\/2017\/12\/orteza-kolana-150x150.png' class='alignleft size-thumbnail' alt='ORTHESE DU GENOU' width='70' height='70'\/><\/td><td style='width:100%;'><strong style='text-transform:uppercase;'>ORTHESE DU GENOU<\/strong><\/td><\/tr><tr><td style='padding-right: 10px;'><img src='https:\/\/ortezydladzieci.pl\/wp-content\/uploads\/2017\/12\/CLASS-1-MEDICAL-DEVICE-1-150x150.png' class='alignleft size-thumbnail' alt='PRODUIT MEDICAL DE CLASSE 1' width='70' height='70'\/><\/td><td style='width:100%;'><strong style='text-transform:uppercase;'>PRODUIT MEDICAL DE CLASSE 1<\/strong><\/td><\/tr><tr><td style='padding-right: 10px;'><img src='https:\/\/ortezydladzieci.pl\/wp-content\/uploads\/2017\/12\/ODDYCHAJACY-150x150.png' class='alignleft size-thumbnail' alt='RESPIRANT' width='70' height='70'\/><\/td><td style='width:100%;'><strong style='text-transform:uppercase;'>RESPIRANT<\/strong><\/td><\/tr><tr><td style='padding-right: 10px;'><img src='https:\/\/ortezydladzieci.pl\/wp-content\/uploads\/2017\/12\/szeroki-zakres-regulacji-150x150.png' class='alignleft size-thumbnail' alt='LARGE GAMME D'AJUSTEMENT' width='70' height='70'\/><\/td><td style='width:100%;'><strong style='text-transform:uppercase;'>LARGE GAMME D'AJUSTEMENT<\/strong><\/td><\/tr><tr><td style='padding-right: 10px;'><img src='https:\/\/ortezydladzieci.pl\/wp-content\/uploads\/2021\/06\/kompressja-1.png' class='alignleft size-thumbnail' alt='COMPRESSION' width='70' height='70'\/><\/td><td style='width:100%;'><strong style='text-transform:uppercase;'>COMPRESSION<\/strong><\/td><\/tr><tr><td style='padding-right: 10px;'><img src='https:\/\/fixcast.pl\/wp-content\/uploads\/2018\/07\/elast-150x150.png' class='alignleft size-thumbnail' alt='RAILS LAT\u00c9RAUX FLEXIBLES' width='70' height='70'\/><\/td><td style='width:100%;'><strong style='text-transform:uppercase;'>RAILS LAT\u00c9RAUX FLEXIBLES<\/strong><\/td><\/tr><\/tbody><\/table>\n<\/div>\n<\/div>\n<div class=\"half with-image\" style=\"background-image: url('https:\/\/fixcast.pl\/wp-content\/uploads\/2021\/10\/4T7A6770-1.jpg');\"><\/div>\n<\/div>\n<div class=\"row\">\n<div class=\"half descr\">\n<div class=\"half-content\">\n<\/div>\n<\/div>\n<div class=\"half with-image\" style=\"background-image: url('https:\/\/fixcast.pl\/wp-content\/uploads\/2021\/10\/118588906-1.jpg');\"><\/div>\n<\/div>\n<div class=\"row\">\n<div class=\"half descr\">\n<div class=\"half-content\">\n<\/div>\n<\/div>\n<div class=\"half with-image\" style=\"background-image: url('https:\/\/fixcast.pl\/wp-content\/uploads\/2021\/10\/4T7A0505.jpg');\"><\/div>\n<\/div>\n<div class=\"row\">\n<div class=\"half descr\">\n<div class=\"half-content\">\n<p>Genouill\u00e8re FIX-KD-35 est fait de <strong>AeroSpace II&trade;<\/strong> material.<\/p>\n<p><a data-rel='lightbox' href='https:\/\/www.reh4mat.com\/uploads\/2021\/04\/AERO-SPACE-II-1190x630.png'><img src='https:\/\/www.reh4mat.com\/uploads\/2021\/04\/AERO-SPACE-II-1190x630.png' alt='' title='' class='aligncenter size-large' width='1024' height='542'><\/a><\/p>\n<p><strong>AeroSpace II\u2122<\/strong> est une mati\u00e8re premi\u00e8re innovante de nouvelle g\u00e9n\u00e9ration. Il s&#039;agit d&#039;un tricot \u00e9lastique \u00e0 espacement 3D compos\u00e9 de deux couches de parements et d&#039;entrelacs qui cr\u00e9ent la bonne \u00e9paisseur de la mati\u00e8re premi\u00e8re et pr\u00e9sentent des propri\u00e9t\u00e9s d&#039;all\u00e8gement de la pression. Le tissu tricot\u00e9 est compos\u00e9 de fils de polyester de premi\u00e8re qualit\u00e9 qui garantissent une r\u00e9sistance m\u00e9canique \u00e9lev\u00e9e et de spandex qui assure sa flexibilit\u00e9. Cette mati\u00e8re premi\u00e8re se caract\u00e9rise par un poids tr\u00e8s faible, une grande \u00e9lasticit\u00e9 et une construction ajour\u00e9e, permettant d&#039;\u00e9vacuer tr\u00e8s facilement la transpiration du corps et d&#039;alimenter la peau en air frais. Les produits fabriqu\u00e9s dans ce mat\u00e9riau sont neutres pour l&#039;articulation prot\u00e9g\u00e9e, ils ne la r\u00e9chauffent ni ne la refroidissent, mais ils assurent sa bonne compression et son ajustement et r\u00e9duisent les vibrations musculaires survenant lors d&#039;un effort physique. Son \u00e9paisseur et sa structure 3D soulagent parfaitement la charge des attelles, baleines en acier ou orthop\u00e9diques install\u00e9es sur le produit et garantissent une douceur velout\u00e9e au toucher.<\/p>\n<\/div>\n<\/div>\n<div class=\"half with-image\" style=\"background-image: url('https:\/\/fixcast.pl\/wp-content\/uploads\/2021\/10\/DSCF9898-1.jpg');\"><\/div>\n<\/div>\n<div class=\"row\">\n<div class=\"half descr\">\n<div class=\"half-content\">\n<p>L&rsquo;orth\u00e8se est \u00e9quip\u00e9e de baleines orthop\u00e9diques lat\u00e9raux qui peuvent \u00eatre ins\u00e9r\u00e9s dans des manchons sp\u00e9ciaux si n\u00e9cessaire. L&rsquo;insert est facile \u00e0 attacher \u00e0 chaque endroit, ce qui d\u00e9pend du type de la blessure.<\/p>\n<p><img loading=\"lazy\" src=\"https:\/\/fixcast.pl\/wp-content\/uploads\/2021\/10\/FIX-KD-35_sz_fr-1-1024x475.jpg\" alt=\"FIX-KD-35\" width=\"1024\" height=\"475\" class=\"aligncenter size-large wp-image-9381\" srcset=\"https:\/\/fixcast.pl\/wp-content\/uploads\/2021\/10\/FIX-KD-35_sz_fr-1-1024x475.jpg 1024w, https:\/\/fixcast.pl\/wp-content\/uploads\/2021\/10\/FIX-KD-35_sz_fr-1-300x139.jpg 300w, https:\/\/fixcast.pl\/wp-content\/uploads\/2021\/10\/FIX-KD-35_sz_fr-1-768x356.jpg 768w, https:\/\/fixcast.pl\/wp-content\/uploads\/2021\/10\/FIX-KD-35_sz_fr-1.jpg 1439w\" sizes=\"(max-width: 1024px) 100vw, 1024px\" \/><\/p>\n<p>Nos baleines orthop\u00e9diques sont constitu\u00e9es d&#039;un fil m\u00e9tallique fin, enroul\u00e9 en forme de ressort et aplati. Nous utilisons des baleines de diff\u00e9rentes largeurs et \u00e9paisseurs de fil qui d\u00e9terminent la force de leur stabilisation. Chaque baleine est munie de deux raccords de forme sp\u00e9ciale pour \u00e9viter d&#039;endommager l&#039;orth\u00e8se. Les baleines sont prot\u00e9g\u00e9es contre la corrosion par le processus de galvanisation, elles sont donc r\u00e9sistantes \u00e0 l&#039;eau, \u00e0 l&#039;humidit\u00e9 et \u00e0 la sueur. Les produits qui en sont \u00e9quip\u00e9s peuvent \u00eatre lav\u00e9s sans les retirer de l&#039;orth\u00e8se. Nos baleines orthop\u00e9diques fonctionnent dans toutes les directions, s&#039;adaptant parfaitement au corps de l&#039;utilisateur et elles ont une m\u00e9moire de forme, gr\u00e2ce \u00e0 laquelle elles retrouvent toujours leur forme initiale. Cette fonction fait que les baleines de l&#039;orth\u00e8se stabilisent le membre gonfl\u00e9 de la m\u00eame mani\u00e8re directement apr\u00e8s la blessure qu&#039;apr\u00e8s la r\u00e9sorption du gonflement.<\/p>\r\n\r\n\r\n<a class=\"lightbox\" data-rel=\"lightbox\" title =\"Baleines en spirale\" href=\"https:\/\/www.reh4mat.com\/uploads\/2019\/03\/DSC_0279.jpg\"><img src=\"https:\/\/www.reh4mat.com\/uploads\/2019\/03\/DSC_0279-630x475.jpg\" alt=\"\" title=\"Baleines en spirale\" width=\"630\" height=\"475\" class=\"aligncenter size-large wp-image-107472\" \/><\/a>\n<\/div>\n<\/div>\n<div class=\"half with-image\" style=\"background-image: url('https:\/\/fixcast.pl\/wp-content\/uploads\/2021\/10\/4T7A0511-1.jpg');\"><\/div>\n<\/div>\n<div class=\"row\">\n<div class=\"half descr\">\n<div class=\"half-content\">\n<h3>TABLEAU DES TAILLES<\/h3>\n<table border=\"0\" cellspacing=\"0\">\n<thead>\n<tr>\n<th style=\"text-align: center;\">Taille<\/th>\n<th style=\"text-align: center;\">Circonf\u00e9rence du genou<\/th>\n<th style=\"text-align: center;\">Adapt\u00e9e \u00e0 l&rsquo;\u00e2ge<\/th>\n<th style=\"text-align: center;\">M\u00e9thode de mesure<\/th>\n<\/tr>\n<\/thead>\n<colgroup width=\"100\"><\/colgroup>\n<colgroup width=\"150\"><\/colgroup>\n<colgroup width=\"150\"><\/colgroup>\n<tbody>\n<tr>\n<td style=\"height: 50px; text-align: center;\">1<\/td>\n<td style=\"height: 50px; text-align: center;\">23 &#8211; 27 cm<\/td>\n<td style=\"height: 50px; text-align: center;\">2 \u2013 5 ans<\/td>\n<td style=\"text-align: center;\" rowspan=\"2\"><img loading=\"lazy\" src=\"https:\/\/fixcast.pl\/wp-content\/uploads\/2018\/07\/pomiar-kolano.png\" alt=\"\" width=\"148\" height=\"212\" class=\"aligncenter size-full wp-image-611\"><\/td>\n<\/tr>\n<tr>\n<td style=\"height: 50px; text-align: center;\">2<\/td>\n<td style=\"height: 50px; text-align: center;\">27 &#8211; 34 cm<\/td>\n<td style=\"height: 50px; text-align: center;\">4 \u2013 12 ans<\/td>\n<\/tr>\n<\/tbody>\n<\/table>\n<p>Produit universel pour le genou droit et gauche.<\/p>\n<p>Longueur totale de l&rsquo;orth\u00e8se:<br \/>\n1: 18 cm<br \/>\n2: 21 cm<\/p>\n<\/div>\n<\/div>\n<div class=\"half with-image\" style=\"background-image: url('https:\/\/fixcast.pl\/wp-content\/uploads\/2021\/10\/4T7A0521.jpg');\"><\/div>\n<\/div>\n<div class=\"row\">\n<div class=\"half descr\">\n<div class=\"half-content\">\n<h3>A&nbsp;T\u00c9L\u00c9CHARGER<\/h3>\n<ul class=\"pdf\">\n<li><a href=\"https:\/\/reh4mat.com\/deklaracje\/pl\/98.pdf\">D\u00e9claration de conformit\u00e9<\/a><\/li>\n<li><a href=\"https:\/\/reh4mat.com\/instrukcje\/45.pdf\">Mode d&#8217;emploi<\/a><\/li>\n<li><a href=\"https:\/\/fixcast.pl\/wp-content\/uploads\/2021\/10\/FIX-KD-35.pdf\">M\u00e9thode d&rsquo;application<\/a><\/li>\n<\/ul>\n<\/div>\n<\/div>\n<div class=\"half with-image\" style=\"background-image: url('https:\/\/fixcast.pl\/wp-content\/uploads\/2021\/10\/4T7A6782-1.jpg');\"><\/div>\n<\/div>\n<div class=\"clear\"><\/div>\n<\/div>\n","protected":false},"excerpt":{"rendered":"<p><strong>GENOUILL\u00c8RE<\/strong><\/p>\n","protected":false},"featured_media":9363,"comment_status":"open","ping_status":"closed","template":"","meta":[],"_links":{"self":[{"href":"https:\/\/fixcast.pl\/fr\/wp-json\/wp\/v2\/product\/5887"}],"collection":[{"href":"https:\/\/fixcast.pl\/fr\/wp-json\/wp\/v2\/product"}],"about":[{"href":"https:\/\/fixcast.pl\/fr\/wp-json\/wp\/v2\/types\/product"}],"replies":[{"embeddable":true,"href":"https:\/\/fixcast.pl\/fr\/wp-json\/wp\/v2\/comments?post=5887"}],"version-history":[{"count":11,"href":"https:\/\/fixcast.pl\/fr\/wp-json\/wp\/v2\/product\/5887\/revisions"}],"predecessor-version":[{"id":12286,"href":"https:\/\/fixcast.pl\/fr\/wp-json\/wp\/v2\/product\/5887\/revisions\/12286"}],"wp:featuredmedia":[{"embeddable":true,"href":"https:\/\/fixcast.pl\/fr\/wp-json\/wp\/v2\/media\/9363"}],"wp:attachment":[{"href":"https:\/\/fixcast.pl\/fr\/wp-json\/wp\/v2\/media?parent=5887"}],"curies":[{"name":"wp","href":"https:\/\/api.w.org\/{rel}","templated":true}]}}