{"id":5951,"date":"2018-07-10T12:09:20","date_gmt":"2021-11-01T09:47:08","guid":{"rendered":"https:\/\/fixcast.pl\/?post_type=product&#038;p=5951"},"modified":"2023-06-22T15:35:40","modified_gmt":"2023-06-22T13:35:40","slug":"fix-kd-01","status":"publish","type":"product","link":"https:\/\/fixcast.pl\/fr\/produit\/fix-kd-01\/","title":{"rendered":"FIX-KD-01"},"content":{"rendered":"<div class=\"description-tiles\">\n<div class=\"row\">\n<div class=\"half descr\">\n<div id=\"zalety\" class=\"half-content\">\n<h3>AVANTAGES PARTICULIERS<\/h3>\n<table class='zalety'><tbody><tr><td style='padding-right: 10px;'><img src='https:\/\/ortezydladzieci.pl\/wp-content\/uploads\/2017\/12\/orteza-kolana-150x150.png' class='alignleft size-thumbnail' alt='ORTHESE DU GENOU' width='70' height='70'\/><\/td><td style='width:100%;'><strong style='text-transform:uppercase;'>ORTHESE DU GENOU<\/strong><\/td><\/tr><tr><td style='padding-right: 10px;'><img src='https:\/\/ortezydladzieci.pl\/wp-content\/uploads\/2017\/12\/CLASS-1-MEDICAL-DEVICE-1-150x150.png' class='alignleft size-thumbnail' alt='PRODUIT MEDICAL DE CLASSE 1' width='70' height='70'\/><\/td><td style='width:100%;'><strong style='text-transform:uppercase;'>PRODUIT MEDICAL DE CLASSE 1<\/strong><\/td><\/tr><tr><td style='padding-right: 10px;'><img src='https:\/\/ortezydladzieci.pl\/wp-content\/uploads\/2017\/12\/ODDYCHAJACY-150x150.png' class='alignleft size-thumbnail' alt='RESPIRANT' width='70' height='70'\/><\/td><td style='width:100%;'><strong style='text-transform:uppercase;'>RESPIRANT<\/strong><\/td><\/tr><tr><td style='padding-right: 10px;'><img src='https:\/\/ortezydladzieci.pl\/wp-content\/uploads\/2017\/12\/24.png' class='alignleft size-thumbnail' alt='TH\u00c9RAPIE DE 24 HEURES' width='70' height='70'\/><\/td><td style='width:100%;'><strong style='text-transform:uppercase;'>TH\u00c9RAPIE DE 24 HEURES<\/strong><\/td><\/tr><tr><td style='padding-right: 10px;'><img src='https:\/\/ortezydladzieci.pl\/wp-content\/uploads\/2017\/12\/wodoodporny-150x150.png' class='alignleft size-thumbnail' alt='ETANCHE A L\u2019EAU' width='70' height='70'\/><\/td><td style='width:100%;'><strong style='text-transform:uppercase;'>ETANCHE A L\u2019EAU<\/strong><\/td><\/tr><\/tbody><\/table>\n<\/div>\n<\/div>\n<div class=\"half with-image\" style=\"background-image: url('https:\/\/fixcast.pl\/wp-content\/uploads\/2018\/07\/DSC_0304.jpg');\"><\/div>\n<\/div>\n<div class=\"row\">\n<div class=\"half descr\">\n<div class=\"half-content\">\n<h3>OBJET<\/h3>\n<ul>\n<li>Entorse de l&rsquo;articulation du genou<\/li>\n<li>Instabilit\u00e9 du genou<\/li>\n<li>Dommages d\u00e9licats aux ligaments du genou LCA, LCL, MCL<\/li>\n<li>Surcharge tendineuse de la rotule proprement dite<\/li>\n<li>Troubles de la sensation profonde (proprioception)<\/li>\n<\/ul>\n<\/div>\n<\/div>\n<div class=\"half with-image\" style=\"background-image: url('https:\/\/fixcast.pl\/wp-content\/uploads\/2018\/07\/DSC_0311.jpg');\"><\/div>\n<\/div>\n<div class=\"row\">\n<div class=\"half descr\">\n<div class=\"half-content\">\n<h3>COMMENT FONCTIONNE L&rsquo;ORTH\u00c8SE&nbsp;?<\/h3>\n<p><strong>La genouill\u00e8re FIX-KD-01 pour enfants<\/strong> est fabriqu\u00e9e en n\u00e9opr\u00e8ne ActivePren\u2122 fin et color\u00e9 qui maintient une compression constante de l&rsquo;articulation.<\/p>\n<p><strong>ActivePren\u2122<\/strong> est un mat\u00e9riau actif \u00e0 trois couches compos\u00e9 de deux tissus de couverture en tricot jersey \u00e9lastique et d&#039;un noyau perfor\u00e9 en mousse de n\u00e9opr\u00e8ne. Ce mat\u00e9riau se caract\u00e9rise par sa douceur et sa grande \u00e9lasticit\u00e9. La perforation de la mousse permet une parfaite oxyg\u00e9nation de la peau de l&#039;utilisateur et un drainage de l&#039;humidit\u00e9. Gr\u00e2ce \u00e0 l&#039;AirSupply System, la partie prot\u00e9g\u00e9e du corps est en outre ventil\u00e9e et sa chaleur appropri\u00e9e est maintenue. Un avantage tr\u00e8s important de ce mat\u00e9riau est le fait qu&#039;il n&#039;est pas tricot\u00e9, qu&#039;il n&#039;a pas de fibres \u00e9paisses, gr\u00e2ce auquel les tissages du tissu n&#039;appuient pas sur la peau du patient et ne provoquent pas de plaies dans les zones de forte compression. Les orth\u00e8ses fabriqu\u00e9es en mat\u00e9riau <strong>ActivePren\u2122<\/strong> sont les orth\u00e8ses de stabilisation les plus solides et les plus efficaces disponibles sur le march\u00e9. Le mat\u00e9riau est imperm\u00e9able.<\/p>\n<p><a data-rel='lightbox' href='https:\/\/www.reh4mat.com\/uploads\/2021\/12\/ACTIVE-PREN-2021-1190x630.jpg'><img src='https:\/\/www.reh4mat.com\/uploads\/2021\/12\/ACTIVE-PREN-2021-1190x630.jpg' alt='' title='' class='aligncenter size-large' width='1024' height='542'><\/a><\/p>\n<\/div>\n<\/div>\n<div class=\"half with-image\" style=\"background-image: url('http:\/\/fixcast.pl\/wp-content\/uploads\/2018\/07\/DSC_0299.jpg');\"><\/div>\n<\/div>\n<div class=\"row\">\n<div class=\"half descr\">\n<div class=\"half-content\">\n<p>Le silicone antid\u00e9rapant emp\u00eache l&rsquo;orth\u00e8se de se d\u00e9placer pendant l&rsquo;utilisation. <\/p>\n<p><img loading=\"lazy\" src=\"https:\/\/fixcast.pl\/wp-content\/uploads\/2018\/07\/DSC_0293-FR-1024x759.jpg\" alt=\"FIX-KD-01\" width=\"1024\" height=\"759\" class=\"aligncenter size-large wp-image-9072\" srcset=\"https:\/\/fixcast.pl\/wp-content\/uploads\/2018\/07\/DSC_0293-FR-1024x759.jpg 1024w, https:\/\/fixcast.pl\/wp-content\/uploads\/2018\/07\/DSC_0293-FR-300x223.jpg 300w, https:\/\/fixcast.pl\/wp-content\/uploads\/2018\/07\/DSC_0293-FR-768x570.jpg 768w, https:\/\/fixcast.pl\/wp-content\/uploads\/2018\/07\/DSC_0293-FR.jpg 1200w\" sizes=\"(max-width: 1024px) 100vw, 1024px\" \/><\/p>\n<p>La construction ferm\u00e9e du produit assure une adh\u00e9rence parfaite au membre et a&nbsp;donc une fonction proprioceptive. En assurant une compression constante, notre orth\u00e8se maintient une bonne temp\u00e9rature du corps, ce qui r\u00e9duit la douleur et acc\u00e9l\u00e8re le processus de gu\u00e9rison apr\u00e8s une l\u00e9sion des tissus mous.<\/p>\n<\/div>\n<\/div>\n<div class=\"half with-image\" style=\"background-image: url('https:\/\/fixcast.pl\/wp-content\/uploads\/2018\/07\/DSC_0303-1.jpg');\"><\/div>\n<\/div>\n<div class=\"row\">\n<div class=\"half descr\">\n<div class=\"half-content\">\n<h3>TABLEAU DES TAILLES<\/h3>\n<table cellspacing=\"0\" cellpadding=\"4\">\n<thead>\n<tr>\n<th>Taille<\/th>\n<th>Tour de genou<\/th>\n<th>M\u00e9thode de mesure<\/th>\n<\/tr>\n<\/thead>\n<tbody>\n<tr>\n<td width=\"68\">1<\/td>\n<td>19 &#8211; 21 cm<\/td>\n<td rowspan=\"7\"><img loading=\"lazy\" src=\"https:\/\/fixcast.pl\/wp-content\/uploads\/2018\/07\/pomiar-kolano.png\" alt=\"\" width=\"148\" height=\"212\" class=\"aligncenter size-full wp-image-611\" \/><\/td>\n<\/tr>\n<tr>\n<td>2<\/td>\n<td>21 &#8211; 24 cm<\/td>\n<\/tr>\n<tr>\n<td>3<\/td>\n<td>24 &#8211; 26 cm<\/td>\n<\/tr>\n<tr>\n<td>4<\/td>\n<td>26 &#8211; 29 cm<\/td>\n<\/tr>\n<tr>\n<td>5<\/td>\n<td>29 &#8211; 31 cm<\/td>\n<\/tr>\n<tr>\n<td>6<\/td>\n<td>31 &#8211; 34 cm<\/td>\n<\/tr>\n<tr>\n<td>7<\/td>\n<td>34 &#8211; 36 cm<\/td>\n<\/tr>\n<\/tbody>\n<\/table>\n<p><strong>Produit universel pour le genou droit et gauche.<\/strong><\/p>\n<p><strong>Longueur totale de l&rsquo;orth\u00e8se:<\/strong><br \/>\n1&nbsp;: 18 cm<br \/>\n2&nbsp;: 19 cm<br \/>\n3&nbsp;: 21 cm<br \/>\n4&nbsp;: 23 cm<br \/>\n5&nbsp;: 23 cm<br \/>\n6&nbsp;: 24 cm<br \/>\n7&nbsp;: 24 cm<\/p>\n<p>Le produit est envoy\u00e9 dans une couleur al\u00e9atoire.<\/p>\n<p><img loading=\"lazy\" src=\"https:\/\/fixcast.pl\/wp-content\/uploads\/2018\/07\/FIX-KD-01-new.jpg\" alt=\"\" width=\"702\" height=\"423\" class=\"aligncenter size-full wp-image-3485\" srcset=\"https:\/\/fixcast.pl\/wp-content\/uploads\/2018\/07\/FIX-KD-01-new.jpg 702w, https:\/\/fixcast.pl\/wp-content\/uploads\/2018\/07\/FIX-KD-01-new-300x181.jpg 300w\" sizes=\"(max-width: 702px) 100vw, 702px\" \/><\/p>\n<\/div>\n<\/div>\n<div class=\"half with-image\" style=\"background-image: url('http:\/\/fixcast.pl\/wp-content\/uploads\/2018\/07\/DSC_0307.jpg');\"><\/div>\n<\/div>\n<div class=\"row\">\n<div class=\"half descr\">\n<div class=\"half-content\">\n<p><a href=\"http:\/\/fixcast.pl\/wp-content\/uploads\/2018\/07\/DSC_0291.jpg\" data-rel=\"lightbox-0\" title=\"\"><img loading=\"lazy\" src=\"http:\/\/fixcast.pl\/wp-content\/uploads\/2018\/07\/DSC_0291-1024x684.jpg\" alt=\"FIX-KD-01\" width=\"1024\" height=\"684\" class=\"aligncenter size-large wp-image-3133\" srcset=\"https:\/\/fixcast.pl\/wp-content\/uploads\/2018\/07\/DSC_0291-1024x684.jpg 1024w, https:\/\/fixcast.pl\/wp-content\/uploads\/2018\/07\/DSC_0291-300x200.jpg 300w, https:\/\/fixcast.pl\/wp-content\/uploads\/2018\/07\/DSC_0291-768x513.jpg 768w, https:\/\/fixcast.pl\/wp-content\/uploads\/2018\/07\/DSC_0291.jpg 1600w\" sizes=\"(max-width: 1024px) 100vw, 1024px\" \/><\/a><\/p>\n<h3>A&nbsp;T\u00c9L\u00c9CHARGER<\/h3>\n<ul class=\"pdf\">\n<li><a href=\"https:\/\/www.reh4mat.com\/deklaracje\/en\/52.pdf\">D\u00e9claration de conformit\u00e9<\/a><\/li>\n<li><a href=\"https:\/\/fixcast.pl\/wp-content\/uploads\/2022\/06\/FIX-KD-01.pdf\">M\u00e9thode d&rsquo;application<\/a><\/li>\n<li><a href=\"https:\/\/reh4mat.com\/instrukcje\/45.pdf\">Mode d&#8217;emploi<\/a><\/li>\n<\/ul>\n<\/div>\n<\/div>\n<div class=\"half with-image\" style=\"background-image: url('https:\/\/fixcast.pl\/wp-content\/uploads\/2018\/07\/DSC_0314.jpg');\"><\/div>\n<\/div>\n<div class=\"clear\"><\/div>\n<\/div>\n","protected":false},"excerpt":{"rendered":"<h2>GENOUILL\u00c8RE DE COMPRESSION<\/h2>\n<p><strong>La genouill\u00e8re FIX-KD-01<\/strong> assure la compression, la stabilisation et la protection de l&#039;articulation du genou. L&#039;attelle est id\u00e9ale pour les entorses l\u00e9g\u00e8res du genou et augmente la sensation proprioceptive.<\/p>\n","protected":false},"featured_media":9039,"comment_status":"open","ping_status":"closed","template":"","meta":[],"_links":{"self":[{"href":"https:\/\/fixcast.pl\/fr\/wp-json\/wp\/v2\/product\/5951"}],"collection":[{"href":"https:\/\/fixcast.pl\/fr\/wp-json\/wp\/v2\/product"}],"about":[{"href":"https:\/\/fixcast.pl\/fr\/wp-json\/wp\/v2\/types\/product"}],"replies":[{"embeddable":true,"href":"https:\/\/fixcast.pl\/fr\/wp-json\/wp\/v2\/comments?post=5951"}],"version-history":[{"count":6,"href":"https:\/\/fixcast.pl\/fr\/wp-json\/wp\/v2\/product\/5951\/revisions"}],"predecessor-version":[{"id":12207,"href":"https:\/\/fixcast.pl\/fr\/wp-json\/wp\/v2\/product\/5951\/revisions\/12207"}],"wp:featuredmedia":[{"embeddable":true,"href":"https:\/\/fixcast.pl\/fr\/wp-json\/wp\/v2\/media\/9039"}],"wp:attachment":[{"href":"https:\/\/fixcast.pl\/fr\/wp-json\/wp\/v2\/media?parent=5951"}],"curies":[{"name":"wp","href":"https:\/\/api.w.org\/{rel}","templated":true}]}}