{"id":5981,"date":"2018-06-27T15:33:01","date_gmt":"2021-11-01T10:18:31","guid":{"rendered":"https:\/\/fixcast.pl\/?post_type=product&#038;p=5981"},"modified":"2023-06-22T13:06:32","modified_gmt":"2023-06-22T11:06:32","slug":"fix-kg-04","status":"publish","type":"product","link":"https:\/\/fixcast.pl\/fr\/produit\/fix-kg-04\/","title":{"rendered":"FIX-KG-04"},"content":{"rendered":"<div class=\"description-tiles\">\n<div class=\"row\">\n<div class=\"half descr\">\n<div id=\"zalety\" class=\"half-content\">\n<h3>AVANTAGES PARTICULIERS<\/h3>\n<table class='zalety'><tbody><tr><td style='padding-right: 10px;'><img src='https:\/\/ortezydladzieci.pl\/wp-content\/uploads\/2017\/12\/CLASS-1-MEDICAL-DEVICE-1-150x150.png' class='alignleft size-thumbnail' alt='PRODUIT MEDICAL DE CLASSE 1' width='70' height='70'\/><\/td><td style='width:100%;'><strong style='text-transform:uppercase;'>PRODUIT MEDICAL DE CLASSE 1<\/strong><\/td><\/tr><tr><td style='padding-right: 10px;'><img src='https:\/\/ortezydladzieci.pl\/wp-content\/uploads\/2017\/12\/ODDYCHAJACY-150x150.png' class='alignleft size-thumbnail' alt='RESPIRANT' width='70' height='70'\/><\/td><td style='width:100%;'><strong style='text-transform:uppercase;'>RESPIRANT<\/strong><\/td><\/tr><tr><td style='padding-right: 10px;'><img src='https:\/\/ortezydladzieci.pl\/wp-content\/uploads\/2017\/12\/infants.png' class='alignleft size-thumbnail' alt='AUSSI DISPONIBLE EN VERSION POUR LES B\u00c9B\u00c9S' width='70' height='70'\/><\/td><td style='width:100%;'><strong style='text-transform:uppercase;'>AUSSI DISPONIBLE EN VERSION POUR LES B\u00c9B\u00c9S<\/strong><\/td><\/tr><tr><td style='padding-right: 10px;'><img src='https:\/\/ortezydladzieci.pl\/wp-content\/uploads\/2017\/12\/24.png' class='alignleft size-thumbnail' alt='TH\u00c9RAPIE DE 24 HEURES' width='70' height='70'\/><\/td><td style='width:100%;'><strong style='text-transform:uppercase;'>TH\u00c9RAPIE DE 24 HEURES<\/strong><\/td><\/tr><tr><td style='padding-right: 10px;'><img src='https:\/\/ortezydladzieci.pl\/wp-content\/uploads\/2017\/12\/wodoodporny-150x150.png' class='alignleft size-thumbnail' alt='ETANCHE A L\u2019EAU' width='70' height='70'\/><\/td><td style='width:100%;'><strong style='text-transform:uppercase;'>ETANCHE A L\u2019EAU<\/strong><\/td><\/tr><tr><td style='padding-right: 10px;'><img src='https:\/\/ortezydladzieci.pl\/wp-content\/uploads\/2017\/12\/NADGARSTEK-150x150.png' class='alignleft size-thumbnail' alt='ORTH\u00c8SE DE POIGNET' width='70' height='70'\/><\/td><td style='width:100%;'><strong style='text-transform:uppercase;'>ORTH\u00c8SE DE POIGNET<\/strong><\/td><\/tr><\/tbody><\/table>\n<\/div>\n<\/div>\n<div class=\"half with-image\" style=\"background-image: url('https:\/\/fixcast.pl\/wp-content\/uploads\/2018\/06\/4T7A6654.jpg');\"><\/div>\n<\/div>\n<div class=\"row\">\n<div class=\"half descr\">\n<div class=\"half-content\">\n<h3>OBJET<\/h3>\n<ul>\n<li>Entorse du pouce<\/li>\n<li>L\u00e9sions des ligaments collat\u00e9raux de l&rsquo;articulation m\u00e9tacarpophalangienne du premier doigt (par exemple, le pouce du skieur)<\/li>\n<li>Inflammation du pouce<\/li>\n<li>Dommages aux tendons du pouce<\/li>\n<li>Fractures du pouce<\/li>\n<li>L\u00e9sions rhumatismales du pouce<\/li>\n<\/ul>\n<\/div>\n<\/div>\n<div class=\"half with-image\" style=\"background-image: url('https:\/\/fixcast.pl\/wp-content\/uploads\/2018\/06\/4T7A1853.jpg');\"><\/div>\n<\/div>\n<div class=\"row\">\n<div class=\"half descr\">\n<div class=\"half-content\">\n<h3>COMMENT FONCTIONNE L&rsquo;ORTH\u00c8SE&nbsp;?<\/h3>\n<p><strong>L&rsquo;attelle de pouce pour enfants FIX-KG-04<\/strong> est fabriqu\u00e9e en mat\u00e9riau ActivePren\u2122 fin et color\u00e9, qui maintient une compression constante des articulations CMC et MCP. La conception ouverte du produit permet un libre ajustement circonf\u00e9rentiel de l&rsquo;orth\u00e8se et une stabilisation dynamique du pouce dans une position th\u00e9rapeutique d&rsquo;abduction ou d&rsquo;opposition. L&rsquo;articulation CMC du pouce n&rsquo;est pas immobilis\u00e9e de mani\u00e8re rigide, ce qui permet \u00e0 l&rsquo;orth\u00e8se de maintenir une fonction de pr\u00e9hension compl\u00e8te de la main.<\/p>\n<p>En fournissant une compression constante, notre orth\u00e8se maintient la temp\u00e9rature du corps, ce qui r\u00e9duit la douleur et acc\u00e9l\u00e8re le processus de gu\u00e9rison.<\/p>\n<p><strong>ActivePren\u2122<\/strong> est un mat\u00e9riau actif \u00e0 trois couches compos\u00e9 de deux tissus de couverture en tricot jersey \u00e9lastique et d&#039;un noyau perfor\u00e9 en mousse de n\u00e9opr\u00e8ne. Ce mat\u00e9riau se caract\u00e9rise par sa douceur et sa grande \u00e9lasticit\u00e9. La perforation de la mousse permet une parfaite oxyg\u00e9nation de la peau de l&#039;utilisateur et un drainage de l&#039;humidit\u00e9. Gr\u00e2ce \u00e0 l&#039;AirSupply System, la partie prot\u00e9g\u00e9e du corps est en outre ventil\u00e9e et sa chaleur appropri\u00e9e est maintenue. Un avantage tr\u00e8s important de ce mat\u00e9riau est le fait qu&#039;il n&#039;est pas tricot\u00e9, qu&#039;il n&#039;a pas de fibres \u00e9paisses, gr\u00e2ce auquel les tissages du tissu n&#039;appuient pas sur la peau du patient et ne provoquent pas de plaies dans les zones de forte compression. Les orth\u00e8ses fabriqu\u00e9es en mat\u00e9riau <strong>ActivePren\u2122<\/strong> sont les orth\u00e8ses de stabilisation les plus solides et les plus efficaces disponibles sur le march\u00e9. Le mat\u00e9riau est imperm\u00e9able.<\/p>\n<p><a data-rel='lightbox' href='https:\/\/www.reh4mat.com\/uploads\/2021\/12\/ACTIVE-PREN-2021-1190x630.jpg'><img src='https:\/\/www.reh4mat.com\/uploads\/2021\/12\/ACTIVE-PREN-2021-1190x630.jpg' alt='' title='' class='aligncenter size-large' width='1024' height='542'><\/a><\/p>\n<\/div>\n<\/div>\n<div class=\"half with-image\" style=\"background-image: url('https:\/\/fixcast.pl\/wp-content\/uploads\/2018\/06\/DSC_0358.jpg');\"><\/div>\n<\/div>\n<div class=\"row\">\n<div class=\"half descr\">\n<div class=\"half-content\">\n<p>L&rsquo;\u00e9l\u00e9ment de poignet est fabriqu\u00e9 dans le mat\u00e9riau innovant et respirant de nouvelle g\u00e9n\u00e9ration <strong>AeroSpace&nbsp;II\u2122<\/strong>.<\/p>\n<p><strong>AeroSpace II\u2122<\/strong> est une mati\u00e8re premi\u00e8re innovante de nouvelle g\u00e9n\u00e9ration. Il s&#039;agit d&#039;un tricot \u00e9lastique \u00e0 espacement 3D compos\u00e9 de deux couches de parements et d&#039;entrelacs qui cr\u00e9ent la bonne \u00e9paisseur de la mati\u00e8re premi\u00e8re et pr\u00e9sentent des propri\u00e9t\u00e9s d&#039;all\u00e8gement de la pression. Le tissu tricot\u00e9 est compos\u00e9 de fils de polyester de premi\u00e8re qualit\u00e9 qui garantissent une r\u00e9sistance m\u00e9canique \u00e9lev\u00e9e et de spandex qui assure sa flexibilit\u00e9. Cette mati\u00e8re premi\u00e8re se caract\u00e9rise par un poids tr\u00e8s faible, une grande \u00e9lasticit\u00e9 et une construction ajour\u00e9e, permettant d&#039;\u00e9vacuer tr\u00e8s facilement la transpiration du corps et d&#039;alimenter la peau en air frais. Les produits fabriqu\u00e9s dans ce mat\u00e9riau sont neutres pour l&#039;articulation prot\u00e9g\u00e9e, ils ne la r\u00e9chauffent ni ne la refroidissent, mais ils assurent sa bonne compression et son ajustement et r\u00e9duisent les vibrations musculaires survenant lors d&#039;un effort physique. Son \u00e9paisseur et sa structure 3D soulagent parfaitement la charge des attelles, baleines en acier ou orthop\u00e9diques install\u00e9es sur le produit et garantissent une douceur velout\u00e9e au toucher.<\/p>\n<p><a data-rel='lightbox' href='https:\/\/www.reh4mat.com\/uploads\/2021\/04\/AERO-SPACE-II-1190x630.png'><img src='https:\/\/www.reh4mat.com\/uploads\/2021\/04\/AERO-SPACE-II-1190x630.png' alt='' title='' class='aligncenter size-large' width='1024' height='542'><\/a><\/p>\n<\/div>\n<\/div>\n<div class=\"half with-image\" style=\"background-image: url('https:\/\/fixcast.pl\/wp-content\/uploads\/2018\/06\/4T7A1854.jpg');\"><\/div>\n<\/div>\n<div class=\"row\">\n<div class=\"half descr\">\n<div class=\"half-content\">\n<h3>TABLEAU DES TAILLES<\/h3>\n<table width=\"615\" cellspacing=\"0\" cellpadding=\"4\">\n<colgroup>\n<col width=\"105\" \/>\n<col width=\"307\" \/>\n<col width=\"178\" \/> <\/colgroup>\n<tbody>\n<tr valign=\"top\">\n<th style=\"text-align: center; vertical-align: middle;\" width=\"105\" height=\"24\">Taille<\/th>\n<th style=\"text-align: center; vertical-align: middle;\" width=\"307\">Circonf\u00e9rence de l&rsquo;articulation interphalangienne du pouce<\/th>\n<th style=\"text-align: center; vertical-align: middle;\" width=\"178\">Adapt\u00e9e \u00e0 l&rsquo;\u00e2ge<\/th>\n<th style=\"text-align: center; vertical-align: middle;\" width=\"178\">M\u00e9thode de mesure<\/th>\n<\/tr>\n<tr valign=\"top\">\n<td style=\"text-align: center; vertical-align: middle;\" width=\"105\">1<\/td>\n<td style=\"text-align: center; vertical-align: middle;\" width=\"307\">3 &#8211; 4 cm<\/td>\n<td style=\"text-align: center; vertical-align: middle;\" width=\"178\">&lt; 1 year<\/td>\n<td style=\"text-align: center; vertical-align: middle;\" rowspan=\"7\" width=\"178\"><img loading=\"lazy\" class=\"aligncenter size-full wp-image-729\" src=\"https:\/\/fixcast.pl\/wp-content\/uploads\/2018\/06\/FIX-KG-06-3.jpg\" alt=\"M\u00e9thode de mesure\" width=\"132\" height=\"254\" \/><\/td>\n<\/tr>\n<tr valign=\"top\">\n<td style=\"text-align: center; vertical-align: middle;\" width=\"105\">2<\/td>\n<td style=\"text-align: center; vertical-align: middle;\" width=\"307\">3 &#8211; 4 cm<\/td>\n<td style=\"text-align: center; vertical-align: middle;\" width=\"178\">1 &#8211; 2 ans<\/td>\n<\/tr>\n<tr valign=\"top\">\n<td style=\"text-align: center; vertical-align: middle;\" width=\"105\">3<\/td>\n<td style=\"text-align: center; vertical-align: middle;\" width=\"307\">4 &#8211; 5 cm<\/td>\n<td style=\"text-align: center; vertical-align: middle;\" width=\"178\">2 &#8211; 5 ans<\/td>\n<\/tr>\n<tr valign=\"top\">\n<td style=\"text-align: center; vertical-align: middle;\" width=\"105\">4<\/td>\n<td style=\"text-align: center; vertical-align: middle;\" width=\"307\">4 &#8211; 5 cm<\/td>\n<td style=\"text-align: center; vertical-align: middle;\" width=\"178\">4 &#8211; 7 ans<\/td>\n<\/tr>\n<tr valign=\"top\">\n<td style=\"text-align: center; vertical-align: middle;\" width=\"105\">5<\/td>\n<td style=\"text-align: center; vertical-align: middle;\" width=\"307\">5 &#8211; 6 cm<\/td>\n<td style=\"text-align: center; vertical-align: middle;\" width=\"178\">7 &#8211; 9 ans<\/td>\n<\/tr>\n<tr valign=\"top\">\n<td style=\"text-align: center; vertical-align: middle;\" width=\"105\">6<\/td>\n<td style=\"text-align: center; vertical-align: middle;\" width=\"307\">5 &#8211; 6 cm<\/td>\n<td style=\"text-align: center; vertical-align: middle;\" width=\"178\">8 &#8211; 9 ans<\/td>\n<\/tr>\n<tr valign=\"top\">\n<td style=\"text-align: center; vertical-align: middle;\" width=\"105\">7<\/td>\n<td style=\"text-align: center; vertical-align: middle;\" width=\"307\">6 &#8211; 7 cm<\/td>\n<td style=\"text-align: center; vertical-align: middle;\" width=\"178\">9 + ans<\/td>\n<\/tr>\n<\/tbody>\n<\/table>\n<p>Longueur totale de l&rsquo;orth\u00e8se:<br \/>\n1: 6 cm<br \/>\n2: 7 cm<br \/>\n3: 9 cm<br \/>\n4: 9,5 cm<br \/>\n5: 10 cm<br \/>\n6: 11 cm<br \/>\n7: 11,5 cm<\/p>\n<p><strong>Disponible en version droite \/ gauche.<\/strong><\/p>\n<p>Le produit est livr\u00e9 dans une couleur al\u00e9atoire.<\/p>\n<p><img loading=\"lazy\" src=\"http:\/\/fixcast.pl\/wp-content\/uploads\/2018\/06\/DSC_0358-2.jpg\" alt=\"FIX-KG-04\" width=\"700\" height=\"338\" class=\"aligncenter size-full wp-image-3449\" srcset=\"https:\/\/fixcast.pl\/wp-content\/uploads\/2018\/06\/DSC_0358-2.jpg 700w, https:\/\/fixcast.pl\/wp-content\/uploads\/2018\/06\/DSC_0358-2-300x145.jpg 300w\" sizes=\"(max-width: 700px) 100vw, 700px\" \/><\/p>\n<\/div>\n<\/div>\n<div class=\"half with-image\" style=\"background-image: url('https:\/\/fixcast.pl\/wp-content\/uploads\/2018\/06\/4T7A6663.jpg');\"><\/div>\n<\/div>\n<div class=\"row\">\n<div class=\"half descr\">\n<div class=\"half-content\">\n<h3>A&nbsp;T\u00c9L\u00c9CHARGER<\/h3>\n<ul class=\"pdf\">\n<li><a href=\"https:\/\/www.reh4mat.com\/deklaracje\/en\/53.pdf\">D\u00e9claration de conformit\u00e9<\/a><\/li>\n<li><a href=\"https:\/\/fixcast.pl\/wp-content\/uploads\/2022\/06\/FIX-KG-04.pdf\">M\u00e9thode d&rsquo;application<\/a><\/li>\n<li><a href=\"https:\/\/www.reh4mat.com\/instrukcje\/46.pdf\">Mode d&#8217;emploi<\/a><\/li>\n<\/ul>\n<\/div>\n<\/div>\n<div class=\"half with-image\" style=\"background-image: url('https:\/\/fixcast.pl\/wp-content\/uploads\/2018\/06\/4T7A1844.jpg');\"><\/div>\n<\/div>\n<div class=\"clear\"><\/div>\n<\/div>\n","protected":false},"excerpt":{"rendered":"<h2>ATTELLE D&#039;IMMOBILISATION DU POUCE EN ABDUCTION ET EN OPPOSITION<\/h2>\n<p><strong>L&#039;orth\u00e8se FIX-KG-04<\/strong> permet d&#039;immobiliser le pouce en position d&#039;abduction et d&#039;opposition. En outre, l&#039;orth\u00e8se assure la compression de l&#039;articulation de la selle du pouce et du poignet.<\/p>\n","protected":false},"featured_media":8390,"comment_status":"open","ping_status":"closed","template":"","meta":[],"_links":{"self":[{"href":"https:\/\/fixcast.pl\/fr\/wp-json\/wp\/v2\/product\/5981"}],"collection":[{"href":"https:\/\/fixcast.pl\/fr\/wp-json\/wp\/v2\/product"}],"about":[{"href":"https:\/\/fixcast.pl\/fr\/wp-json\/wp\/v2\/types\/product"}],"replies":[{"embeddable":true,"href":"https:\/\/fixcast.pl\/fr\/wp-json\/wp\/v2\/comments?post=5981"}],"version-history":[{"count":6,"href":"https:\/\/fixcast.pl\/fr\/wp-json\/wp\/v2\/product\/5981\/revisions"}],"predecessor-version":[{"id":12142,"href":"https:\/\/fixcast.pl\/fr\/wp-json\/wp\/v2\/product\/5981\/revisions\/12142"}],"wp:featuredmedia":[{"embeddable":true,"href":"https:\/\/fixcast.pl\/fr\/wp-json\/wp\/v2\/media\/8390"}],"wp:attachment":[{"href":"https:\/\/fixcast.pl\/fr\/wp-json\/wp\/v2\/media?parent=5981"}],"curies":[{"name":"wp","href":"https:\/\/api.w.org\/{rel}","templated":true}]}}