{"id":6015,"date":"2018-07-02T16:55:47","date_gmt":"2021-11-01T10:51:14","guid":{"rendered":"https:\/\/fixcast.pl\/?post_type=product&#038;p=6015"},"modified":"2023-06-22T13:28:28","modified_gmt":"2023-06-22T11:28:28","slug":"fix-kg-07","status":"publish","type":"product","link":"https:\/\/fixcast.pl\/fr\/produit\/fix-kg-07\/","title":{"rendered":"FIX-KG-07"},"content":{"rendered":"<div class=\"description-tiles\">\n<div class=\"row\">\n<div class=\"half descr\">\n<div id=\"zalety\" class=\"half-content\">\n<h3>AVANTAGES PARTICULIERS<\/h3>\n<table class='zalety'><tbody><tr><td style='padding-right: 10px;'><img src='https:\/\/ortezydladzieci.pl\/wp-content\/uploads\/2017\/12\/CLASS-1-MEDICAL-DEVICE-1-150x150.png' class='alignleft size-thumbnail' alt='PRODUIT MEDICAL DE CLASSE 1' width='70' height='70'\/><\/td><td style='width:100%;'><strong style='text-transform:uppercase;'>PRODUIT MEDICAL DE CLASSE 1<\/strong><\/td><\/tr><tr><td style='padding-right: 10px;'><img src='https:\/\/ortezydladzieci.pl\/wp-content\/uploads\/2017\/12\/ODDYCHAJACY-150x150.png' class='alignleft size-thumbnail' alt='RESPIRANT' width='70' height='70'\/><\/td><td style='width:100%;'><strong style='text-transform:uppercase;'>RESPIRANT<\/strong><\/td><\/tr><tr><td style='padding-right: 10px;'><img src='https:\/\/ortezydladzieci.pl\/wp-content\/uploads\/2017\/12\/24.png' class='alignleft size-thumbnail' alt='TH\u00c9RAPIE DE 24 HEURES' width='70' height='70'\/><\/td><td style='width:100%;'><strong style='text-transform:uppercase;'>TH\u00c9RAPIE DE 24 HEURES<\/strong><\/td><\/tr><tr><td style='padding-right: 10px;'><img src='https:\/\/ortezydladzieci.pl\/wp-content\/uploads\/2017\/12\/wodoodporny-150x150.png' class='alignleft size-thumbnail' alt='ETANCHE A L\u2019EAU' width='70' height='70'\/><\/td><td style='width:100%;'><strong style='text-transform:uppercase;'>ETANCHE A L\u2019EAU<\/strong><\/td><\/tr><tr><td style='padding-right: 10px;'><img src='https:\/\/ortezydladzieci.pl\/wp-content\/uploads\/2017\/12\/alternatywa-gipsu.png' class='alignleft size-thumbnail' alt='ALTERNATIVE AU PL\u00c2TRE' width='70' height='70'\/><\/td><td style='width:100%;'><strong style='text-transform:uppercase;'>ALTERNATIVE AU PL\u00c2TRE<\/strong><\/td><\/tr><tr><td style='padding-right: 10px;'><img src='https:\/\/ortezydladzieci.pl\/wp-content\/uploads\/2017\/12\/NADGARSTEK-150x150.png' class='alignleft size-thumbnail' alt='ORTH\u00c8SE DE POIGNET' width='70' height='70'\/><\/td><td style='width:100%;'><strong style='text-transform:uppercase;'>ORTH\u00c8SE DE POIGNET<\/strong><\/td><\/tr><\/tbody><\/table>\n<\/div>\n<\/div>\n<div class=\"half with-image\" style=\"background-image: url('https:\/\/fixcast.pl\/wp-content\/uploads\/2018\/07\/4T7A1871.jpg');\"><\/div>\n<\/div>\n<div class=\"row\">\n<div class=\"half descr\">\n<div class=\"half-content\">\n<h3>OBJET<\/h3>\n<ul>\n<li>Fracture du poignet\u00a0;<\/li>\n<li>Entorse du poignet\u00a0;<\/li>\n<li>Dislocation du poignet&nbsp;;<\/li>\n<li>Inflammation de l&rsquo;articulation du poignet\u00a0;<\/li>\n<li>Apr\u00e8s une blessure de l&rsquo;articulation radiocarpienne\u00a0;<\/li>\n<li>L\u00e9sions de surcharge&nbsp;;<\/li>\n<li>Dommages \u00e0 la capsule articulaire&nbsp;;<\/li>\n<li>Dommages au complexe du cartilage triangulaire\u00a0;<\/li>\n<li>Fracture de surcharge&nbsp;;<\/li>\n<li>L\u00e9sions rhumatismales du poignet.<\/li>\n<\/ul>\n<\/div>\n<\/div>\n<div class=\"half with-image\" style=\"background-image: url('https:\/\/fixcast.pl\/wp-content\/uploads\/2018\/07\/4T7A1886.jpg');\"><\/div>\n<\/div>\n<div class=\"row\">\n<div class=\"half descr\">\n<div class=\"half-content\">\n<p><strong>COMMENT FONCTIONNE L\u2019ORTHESE&nbsp;?<\/strong><\/p>\n<p><strong>L&rsquo;attelle de poignet pour enfants FIX-KG-07<\/strong> est fabriqu\u00e9e \u00e0 partir des mati\u00e8res premi\u00e8res innovantes <strong>MEMORYFixCast\u2122<\/strong> et <strong>ActivePren\u2122<\/strong>.<\/p>\n<p>L&rsquo;immobilisation des diff\u00e9rentes parties du corps dans l&rsquo;orth\u00e8se assure une stabilisation anatomique pour un poids tr\u00e8s faible du produit. Les attelles FixCast sont donc la meilleure solution pour le traitement des blessures orthop\u00e9diques et neurologiques chez les enfants.<\/p>\n<\/div>\n<\/div>\n<div class=\"half with-image\" style=\"background-image: url('https:\/\/fixcast.pl\/wp-content\/uploads\/2018\/07\/4T7A6311-1.jpg');\"><\/div>\n<\/div>\n<div class=\"row\">\n<div class=\"half descr\">\n<div class=\"half-content\">\n<p>La construction ouverte de l&rsquo;orth\u00e8se <strong>FIX-KG-07<\/strong> permet tout ajustement circonf\u00e9rentiel de l&rsquo;orth\u00e8se. En assurant une compression constante de l&rsquo;articulation radiocarpienne, l&rsquo;attelle maintient une bonne temp\u00e9rature du corps, ce qui r\u00e9duit la douleur et acc\u00e9l\u00e8re le processus de gu\u00e9rison. En outre, la plaque thermoplastique permet de contr\u00f4ler les mouvements de flexion, d&rsquo;extension et d&rsquo;abduction du poignet. La plaque MEMORYFixCast\u2122 couvre l&rsquo;ensemble des articulations radiocarpiennes (CMC) et m\u00e9tacarpiennes (MCP). Les bandes Velcro circonf\u00e9rentielles permettent une application et un retrait rapides de l&rsquo;orth\u00e8se et facilitent le r\u00e9glage du niveau de compression.<\/p>\n<\/div>\n<\/div>\n<div class=\"half with-image\" style=\"background-image: url('https:\/\/fixcast.pl\/wp-content\/uploads\/2018\/07\/4T7A1887.jpg');\"><\/div>\n<\/div>\n<div class=\"row\">\n<div class=\"half descr\">\n<div class=\"half-content\">\n<p>Le mat\u00e9riau <strong>MEMORYFixCast\u2122<\/strong> est compos\u00e9 d&#039;une couverture tricot\u00e9e, d\u2019une couche greff\u00e9e, d&#039;une mousse n\u00e9opr\u00e8ne fine et color\u00e9e et d&#039;une plaque thermoplastique sp\u00e9ciale, qui peut \u00eatre fa\u00e7onn\u00e9e par la temp\u00e9rature. Cette plaque a les propri\u00e9t\u00e9s physiques d&#039;un plastique tr\u00e8s dur, semblable \u00e0 du nylon, qui se ramollit d\u00e9j\u00e0 \u00e0 une temp\u00e9rature de 60\u00b0C. Pour ce faire, il suffit de plonger l&#039;orth\u00e8se dans de l&#039;eau bouillante ou de la chauffer dans un four \u00e0 micro-ondes ordinaire. Le carton est non dangereux et biod\u00e9gradable. Contrairement aux pl\u00e2tres traditionnels, le mat\u00e9riau <strong>MEMORYFixCast\u2122<\/strong> est tr\u00e8s mall\u00e9able, il peut donc \u00eatre chauff\u00e9 et retendu \u00e0 volont\u00e9, et les angles d&#039;immobilisation peuvent \u00eatre syst\u00e9matiquement modifi\u00e9s selon l&#039;avis m\u00e9dical.<\/p>\n<p><a data-rel='lightbox' href='https:\/\/www.reh4mat.com\/uploads\/2022\/05\/MEMORYFixCast-1190x630.jpg'><img src='https:\/\/www.reh4mat.com\/uploads\/2022\/05\/MEMORYFixCast-1190x630.jpg' alt='' title='' class='aligncenter size-large' width='1024' height='542'><\/a><\/p>\n<\/div>\n<\/div>\n<div class=\"half descr\">\n<div class=\"half-content\">\n<p><strong>ActivePren\u2122<\/strong> est un mat\u00e9riau actif \u00e0 trois couches compos\u00e9 de deux tissus de couverture en tricot jersey \u00e9lastique et d&#039;un noyau perfor\u00e9 en mousse de n\u00e9opr\u00e8ne. Ce mat\u00e9riau se caract\u00e9rise par sa douceur et sa grande \u00e9lasticit\u00e9. La perforation de la mousse permet une parfaite oxyg\u00e9nation de la peau de l&#039;utilisateur et un drainage de l&#039;humidit\u00e9. Gr\u00e2ce \u00e0 l&#039;AirSupply System, la partie prot\u00e9g\u00e9e du corps est en outre ventil\u00e9e et sa chaleur appropri\u00e9e est maintenue. Un avantage tr\u00e8s important de ce mat\u00e9riau est le fait qu&#039;il n&#039;est pas tricot\u00e9, qu&#039;il n&#039;a pas de fibres \u00e9paisses, gr\u00e2ce auquel les tissages du tissu n&#039;appuient pas sur la peau du patient et ne provoquent pas de plaies dans les zones de forte compression. Les orth\u00e8ses fabriqu\u00e9es en mat\u00e9riau <strong>ActivePren\u2122<\/strong> sont les orth\u00e8ses de stabilisation les plus solides et les plus efficaces disponibles sur le march\u00e9. Le mat\u00e9riau est imperm\u00e9able.<\/p>\n<p><a data-rel='lightbox' href='https:\/\/www.reh4mat.com\/uploads\/2021\/12\/ACTIVE-PREN-2021-1190x630.jpg'><img src='https:\/\/www.reh4mat.com\/uploads\/2021\/12\/ACTIVE-PREN-2021-1190x630.jpg' alt='' title='' class='aligncenter size-large' width='1024' height='542'><\/a><\/p>\n<\/div>\n<\/div>\n<\/div>\n<div class=\"row\">\n<div class=\"half descr\">\n<div class=\"half-content\">\n<p>L&rsquo;orth\u00e8se est livr\u00e9e avec un <strong>manchon AM-RB<\/strong> tricot\u00e9, qui a&nbsp;\u00e9t\u00e9 cr\u00e9\u00e9 pour assurer un confort d&rsquo;utilisation encore plus grand. Sa structure anatomique en forme de bande (manchon) permet un ajustement facile \u00e0 la forme des membres sup\u00e9rieurs et inf\u00e9rieurs. Le manchon tricot\u00e9 emp\u00eache les abrasions et les irritations du tissu cutan\u00e9 lors de l&rsquo;utilisation de l&rsquo;orth\u00e8se.<\/p>\n<p><a href=\"https:\/\/fixcast.pl\/wp-content\/uploads\/2018\/07\/4T7A6267-1.jpg\" data-rel=\"lightbox-0\" title=\"\"><img loading=\"lazy\" src=\"https:\/\/fixcast.pl\/wp-content\/uploads\/2018\/07\/4T7A6267-1-1024x517.jpg\" alt=\"AM-RB\" width=\"1024\" height=\"517\" class=\"aligncenter size-large wp-image-7200\" srcset=\"https:\/\/fixcast.pl\/wp-content\/uploads\/2018\/07\/4T7A6267-1-1024x517.jpg 1024w, https:\/\/fixcast.pl\/wp-content\/uploads\/2018\/07\/4T7A6267-1-300x152.jpg 300w, https:\/\/fixcast.pl\/wp-content\/uploads\/2018\/07\/4T7A6267-1-768x388.jpg 768w, https:\/\/fixcast.pl\/wp-content\/uploads\/2018\/07\/4T7A6267-1.jpg 1544w\" sizes=\"(max-width: 1024px) 100vw, 1024px\" \/><\/a><\/p>\n<\/div>\n<\/div>\n<div class=\"half with-image\" style=\"background-image: url('https:\/\/fixcast.pl\/wp-content\/uploads\/2018\/07\/4T7A1873-1.jpg');\"><\/div>\n<\/div>\n<div class=\"row\">\n<div class=\"half descr\">\n<div class=\"half-content\">\n<h3>TABLEAU DES TAILLES<\/h3>\n<table width=\"615\" cellspacing=\"0\" cellpadding=\"4\">\n<colgroup>\n<col width=\"98\" \/>\n<col width=\"314\" \/>\n<col width=\"178\" \/> <\/colgroup>\n<tbody>\n<tr valign=\"top\">\n<th style=\"text-align: center; vertical-align: middle;\" width=\"98\" height=\"24\">Taille<\/th>\n<th style=\"text-align: center; vertical-align: middle;\" width=\"314\">Circonf\u00e9rence de l&rsquo;articulation m\u00e9tacarpophalangienne<\/th>\n<th style=\"text-align: center; vertical-align: middle;\" width=\"178\">Adapt\u00e9e \u00e0 l&rsquo;\u00e2ge<\/th>\n<th style=\"text-align: center; vertical-align: middle;\" width=\"178\">M\u00e9thode de mesure<\/th>\n<\/tr>\n<tr valign=\"top\">\n<td style=\"text-align: center; vertical-align: middle;\" width=\"98\">1<\/td>\n<td style=\"text-align: center; vertical-align: middle;\" width=\"314\">9 &#8211; 10 cm<\/td>\n<td style=\"text-align: center; vertical-align: middle;\" width=\"178\">1 &#8211; 2 ans<\/td>\n<td style=\"text-align: center; vertical-align: middle;\" rowspan=\"6\" width=\"178\"><img loading=\"lazy\" class=\"aligncenter size-full wp-image-732\" src=\"https:\/\/fixcast.pl\/wp-content\/uploads\/2018\/07\/FIX-KG-07-6.jpg\" alt=\"M\u00e9thode de mesure\" width=\"124\" height=\"200\" \/><\/td>\n<\/tr>\n<tr valign=\"top\">\n<td style=\"text-align: center; vertical-align: middle;\" width=\"98\">2<\/td>\n<td style=\"text-align: center; vertical-align: middle;\" width=\"314\">10 &#8211; 11 cm<\/td>\n<td style=\"text-align: center; vertical-align: middle;\" width=\"178\">3 &#8211; 4 ans<\/td>\n<\/tr>\n<tr valign=\"top\">\n<td style=\"text-align: center; vertical-align: middle;\" width=\"98\">3<\/td>\n<td style=\"text-align: center; vertical-align: middle;\" width=\"314\">11 &#8211; 13 cm<\/td>\n<td style=\"text-align: center; vertical-align: middle;\" width=\"178\">4 &#8211; 7 ans<\/td>\n<\/tr>\n<tr valign=\"top\">\n<td style=\"text-align: center; vertical-align: middle;\" width=\"98\">4<\/td>\n<td style=\"text-align: center; vertical-align: middle;\" width=\"314\">13 &#8211; 15 cm<\/td>\n<td style=\"text-align: center; vertical-align: middle;\" width=\"178\">6 &#8211; 9 ans<\/td>\n<\/tr>\n<tr valign=\"top\">\n<td style=\"text-align: center; vertical-align: middle;\" width=\"98\">5<\/td>\n<td style=\"text-align: center; vertical-align: middle;\" width=\"314\">15 &#8211; 17 cm<\/td>\n<td style=\"text-align: center; vertical-align: middle;\" width=\"178\">8 &#8211; 9 ans<\/td>\n<\/tr>\n<tr valign=\"top\">\n<td style=\"text-align: center; vertical-align: middle;\" width=\"98\">6<\/td>\n<td style=\"text-align: center; vertical-align: middle;\" width=\"314\">17 &#8211; 19 cm<\/td>\n<td style=\"text-align: center; vertical-align: middle;\" width=\"178\">9 + ans<\/td>\n<\/tr>\n<\/tbody>\n<\/table>\n<p><strong>Disponible en version droite \/ gauche.<\/p>\n<p>Longueur totale de l&rsquo;orth\u00e8se&nbsp;:<br \/>\n1&nbsp;: 10 cm<br \/>\n2&nbsp;: 10,5 cm<br \/>\n3&nbsp;: 11,5 cm<br \/>\n4&nbsp;: 13 cm<br \/>\n5&nbsp;: 13,5 cm<br \/>\n6&nbsp;: 14,5 cm<\/strong><\/p>\n<p>Produit envoy\u00e9 dans une couleur al\u00e9atoire.<\/p>\n<p><img loading=\"lazy\" src=\"https:\/\/fixcast.pl\/wp-content\/uploads\/2018\/07\/FIX-KG-07-7.jpg\" alt=\"FIX-KG-07\" width=\"700\" height=\"329\" class=\"aligncenter size-full wp-image-8334\" srcset=\"https:\/\/fixcast.pl\/wp-content\/uploads\/2018\/07\/FIX-KG-07-7.jpg 700w, https:\/\/fixcast.pl\/wp-content\/uploads\/2018\/07\/FIX-KG-07-7-300x141.jpg 300w\" sizes=\"(max-width: 700px) 100vw, 700px\" \/><\/p>\n<p>Ne pas appliquer sur la peau si le produit est chaud&nbsp;!<\/p>\n<p><img loading=\"lazy\" src=\"https:\/\/fixcast.pl\/wp-content\/uploads\/2018\/06\/fixcast_ostrzezenie_350-300x171.jpg\" alt=\"Ne pas appliquer sur la peau si le produit est chaud&nbsp;!\" width=\"300\" height=\"171\" class=\"alignleft size-medium wp-image-621\" srcset=\"https:\/\/fixcast.pl\/wp-content\/uploads\/2018\/06\/fixcast_ostrzezenie_350-300x171.jpg 300w, https:\/\/fixcast.pl\/wp-content\/uploads\/2018\/06\/fixcast_ostrzezenie_350.jpg 350w\" sizes=\"(max-width: 300px) 100vw, 300px\" \/><\/p>\n<\/div>\n<\/div>\n<div class=\"half with-image\" style=\"background-image: url('https:\/\/fixcast.pl\/wp-content\/uploads\/2018\/07\/4T7A1885.jpg');\"><\/div>\n<\/div>\n<div class=\"row\">\n<div class=\"half descr\">\n<div class=\"half-content\">\n<h3>A&nbsp;TELECHARGER<\/h3>\n<ul class=\"pdf\">\n<li><a href=\"https:\/\/www.reh4mat.com\/deklaracja\/en\/53.pdf\">D\u00e9claration de conformit\u00e9<\/a><\/li>\n<li><a href=\"https:\/\/www.reh4mat.com\/instrukcje\/46.pdf\">Mode d&#8217;emploi<\/a><\/li>\n<li><a href=\"https:\/\/fixcast.pl\/wp-content\/uploads\/2018\/07\/FIX-KG-07_TERMO.pdf\">M\u00e9thode d&rsquo;application<\/a><\/li>\n<\/ul>\n<\/div>\n<\/div>\n<div class=\"half with-image\" style=\"background-image: url('https:\/\/fixcast.pl\/wp-content\/uploads\/2018\/07\/4T7A1867-1.jpg');\"><\/div>\n<\/div>\n<div class=\"clear\"><\/div>\n<\/div>\n","protected":false},"excerpt":{"rendered":"<h2>ATTELLE DE POIGNET THERMOPLASTIQUE<\/h2>\n<p><strong>L&#039;orth\u00e8se FIX-KG-07<\/strong> stabilise et immobilise l&#039;articulation radiocarpienne. La plaque thermoplastique de l&#039;orth\u00e8se permet de contr\u00f4ler les mouvements de flexion, d&#039;extension et d&#039;abduction du poignet.<\/p>\n","protected":false},"featured_media":8289,"comment_status":"open","ping_status":"closed","template":"","meta":[],"_links":{"self":[{"href":"https:\/\/fixcast.pl\/fr\/wp-json\/wp\/v2\/product\/6015"}],"collection":[{"href":"https:\/\/fixcast.pl\/fr\/wp-json\/wp\/v2\/product"}],"about":[{"href":"https:\/\/fixcast.pl\/fr\/wp-json\/wp\/v2\/types\/product"}],"replies":[{"embeddable":true,"href":"https:\/\/fixcast.pl\/fr\/wp-json\/wp\/v2\/comments?post=6015"}],"version-history":[{"count":13,"href":"https:\/\/fixcast.pl\/fr\/wp-json\/wp\/v2\/product\/6015\/revisions"}],"predecessor-version":[{"id":12157,"href":"https:\/\/fixcast.pl\/fr\/wp-json\/wp\/v2\/product\/6015\/revisions\/12157"}],"wp:featuredmedia":[{"embeddable":true,"href":"https:\/\/fixcast.pl\/fr\/wp-json\/wp\/v2\/media\/8289"}],"wp:attachment":[{"href":"https:\/\/fixcast.pl\/fr\/wp-json\/wp\/v2\/media?parent=6015"}],"curies":[{"name":"wp","href":"https:\/\/api.w.org\/{rel}","templated":true}]}}