{"id":6022,"date":"2018-07-09T09:34:38","date_gmt":"2021-11-01T11:01:20","guid":{"rendered":"https:\/\/fixcast.pl\/?post_type=product&#038;p=6022"},"modified":"2023-06-22T13:38:38","modified_gmt":"2023-06-22T11:38:38","slug":"fix-kg-10","status":"publish","type":"product","link":"https:\/\/fixcast.pl\/fr\/produit\/fix-kg-10\/","title":{"rendered":"FIX-KG-10"},"content":{"rendered":"<div class=\"description-tiles\">\n<div class=\"row\">\n<div class=\"half descr\">\n<div id=\"zalety\" class=\"half-content\">\n<h3>AVANTAGES PARTICULIERS<\/h3>\n<table class='zalety'><tbody><tr><td style='padding-right: 10px;'><img src='https:\/\/ortezydladzieci.pl\/wp-content\/uploads\/2017\/12\/CLASS-1-MEDICAL-DEVICE-1-150x150.png' class='alignleft size-thumbnail' alt='PRODUIT MEDICAL DE CLASSE 1' width='70' height='70'\/><\/td><td style='width:100%;'><strong style='text-transform:uppercase;'>PRODUIT MEDICAL DE CLASSE 1<\/strong><\/td><\/tr><tr><td style='padding-right: 10px;'><img src='https:\/\/ortezydladzieci.pl\/wp-content\/uploads\/2017\/12\/ODDYCHAJACY-150x150.png' class='alignleft size-thumbnail' alt='RESPIRANT' width='70' height='70'\/><\/td><td style='width:100%;'><strong style='text-transform:uppercase;'>RESPIRANT<\/strong><\/td><\/tr><tr><td style='padding-right: 10px;'><img src='https:\/\/ortezydladzieci.pl\/wp-content\/uploads\/2017\/12\/24.png' class='alignleft size-thumbnail' alt='TH\u00c9RAPIE DE 24 HEURES' width='70' height='70'\/><\/td><td style='width:100%;'><strong style='text-transform:uppercase;'>TH\u00c9RAPIE DE 24 HEURES<\/strong><\/td><\/tr><tr><td style='padding-right: 10px;'><img src='https:\/\/ortezydladzieci.pl\/wp-content\/uploads\/2017\/12\/wodoodporny-150x150.png' class='alignleft size-thumbnail' alt='ETANCHE A L\u2019EAU' width='70' height='70'\/><\/td><td style='width:100%;'><strong style='text-transform:uppercase;'>ETANCHE A L\u2019EAU<\/strong><\/td><\/tr><tr><td style='padding-right: 10px;'><img src='https:\/\/ortezydladzieci.pl\/wp-content\/uploads\/2017\/12\/alternatywa-gipsu.png' class='alignleft size-thumbnail' alt='ALTERNATIVE AU PL\u00c2TRE' width='70' height='70'\/><\/td><td style='width:100%;'><strong style='text-transform:uppercase;'>ALTERNATIVE AU PL\u00c2TRE<\/strong><\/td><\/tr><tr><td style='padding-right: 10px;'><img src='https:\/\/ortezydladzieci.pl\/wp-content\/uploads\/2017\/12\/NADGARSTEK-150x150.png' class='alignleft size-thumbnail' alt='ORTH\u00c8SE DE POIGNET' width='70' height='70'\/><\/td><td style='width:100%;'><strong style='text-transform:uppercase;'>ORTH\u00c8SE DE POIGNET<\/strong><\/td><\/tr><\/tbody><\/table>\n<\/div>\n<\/div>\n<div class=\"half with-image\" style=\"background-image: url('https:\/\/fixcast.pl\/wp-content\/uploads\/2018\/07\/4T7A6332xx-1.jpg');\"><\/div>\n<\/div>\n<div class=\"row\">\n<div class=\"half descr\">\n<div class=\"half-content\">\n<h3>OBJET<\/h3>\n<ul>\n<li>Dislocation des articulations du pouce (thumb knockout)\u00a0;<\/li>\n<li>Entorse du pouce&nbsp;;<\/li>\n<li>L\u00e9sions des ligaments collat\u00e9raux de l&rsquo;articulation m\u00e9tacarpophalangienne du premier doigt (par exemple, le pouce du skieur)\u00a0;<\/li>\n<li>Affections inflammatoires du pouce\u00a0;<\/li>\n<li>Dommages aux tendons du pouce\u00a0;<\/li>\n<li>Fractures du pouce\u00a0;<\/li>\n<li>L\u00e9sions rhumatismales du pouce&nbsp;;<\/li>\n<li>Blessure de l&rsquo;articulation radiocarpienne.<\/li>\n<\/ul>\n<\/div>\n<\/div>\n<div class=\"half with-image\" style=\"background-image: url('https:\/\/fixcast.pl\/wp-content\/uploads\/2018\/07\/4T7A6323-2.jpg');\"><\/div>\n<\/div>\n<div class=\"row\">\n<div class=\"half descr\">\n<div class=\"half-content\">\n<p><strong>COMMENT FONCTIONNE L\u2019ORTHESE&nbsp;?<\/strong><\/p>\n<p><strong>L&rsquo;attelle de poignet et de pouce pour enfants FIX-KG-10<\/strong> est fabriqu\u00e9e \u00e0 partir de la mati\u00e8re premi\u00e8re innovante <strong>MEMORYFixCast\u2122<\/strong>.<\/p>\n<p>Le mat\u00e9riau <strong>MEMORYFixCast\u2122<\/strong> est compos\u00e9 d&#039;une couverture tricot\u00e9e, d\u2019une couche greff\u00e9e, d&#039;une mousse n\u00e9opr\u00e8ne fine et color\u00e9e et d&#039;une plaque thermoplastique sp\u00e9ciale, qui peut \u00eatre fa\u00e7onn\u00e9e par la temp\u00e9rature. Cette plaque a les propri\u00e9t\u00e9s physiques d&#039;un plastique tr\u00e8s dur, semblable \u00e0 du nylon, qui se ramollit d\u00e9j\u00e0 \u00e0 une temp\u00e9rature de 60\u00b0C. Pour ce faire, il suffit de plonger l&#039;orth\u00e8se dans de l&#039;eau bouillante ou de la chauffer dans un four \u00e0 micro-ondes ordinaire. Le carton est non dangereux et biod\u00e9gradable. Contrairement aux pl\u00e2tres traditionnels, le mat\u00e9riau <strong>MEMORYFixCast\u2122<\/strong> est tr\u00e8s mall\u00e9able, il peut donc \u00eatre chauff\u00e9 et retendu \u00e0 volont\u00e9, et les angles d&#039;immobilisation peuvent \u00eatre syst\u00e9matiquement modifi\u00e9s selon l&#039;avis m\u00e9dical.<\/p>\n<p><a data-rel='lightbox' href='https:\/\/www.reh4mat.com\/uploads\/2022\/05\/MEMORYFixCast-1190x630.jpg'><img src='https:\/\/www.reh4mat.com\/uploads\/2022\/05\/MEMORYFixCast-1190x630.jpg' alt='' title='' class='aligncenter size-large' width='1024' height='542'><\/a><\/p>\n<\/div>\n<\/div>\n<div class=\"half with-image\" style=\"background-image: url('https:\/\/fixcast.pl\/wp-content\/uploads\/2018\/07\/4T7A6327xx.jpg');\"><\/div>\n<\/div>\n<div class=\"row\">\n<div class=\"half descr\">\n<div class=\"half-content\">\n<p>La structure ouverte de <strong>l&rsquo;orth\u00e8se FIX-KG-10<\/strong> permet tout ajustement circonf\u00e9rentiel de l&rsquo;orth\u00e8se. Notre orth\u00e8se maintient une temp\u00e9rature corporelle constante, ce qui r\u00e9duit la douleur et acc\u00e9l\u00e8re le processus de gu\u00e9rison des articulations radiocarpiennes et de la selle du pouce. En outre, la plaque thermoplastique, qui recouvre les articulations CMC, MCP et IP du pouce, permet de lui donner une forme anatomique et assure une stabilisation parfaite.<\/p>\n<p>L&rsquo;immobilisation des diff\u00e9rentes parties du corps dans l&rsquo;orth\u00e8se assure une stabilisation anatomique avec un poids de produit tr\u00e8s faible. Les attelles FixCast sont donc la meilleure solution pour le traitement des blessures orthop\u00e9diques et neurologiques chez les enfants.<\/p>\n<\/div>\n<\/div>\n<div class=\"half with-image\" style=\"background-image: url('https:\/\/fixcast.pl\/wp-content\/uploads\/2018\/07\/4T7A6328-2.jpg');\"><\/div>\n<\/div>\n<div class=\"row\">\n<div class=\"half descr\">\n<div class=\"half-content\">\n<p>L&rsquo;orth\u00e8se est livr\u00e9e avec un manchon AM-RB tricot\u00e9, qui a&nbsp;\u00e9t\u00e9 cr\u00e9\u00e9 pour assurer un confort d&rsquo;utilisation encore plus grand. Sa structure anatomique en forme de bande (manchon) permet un ajustement facile \u00e0 la forme des membres sup\u00e9rieurs et inf\u00e9rieurs. Le manchon tricot\u00e9 emp\u00eache les abrasions et les irritations du tissu cutan\u00e9 lors de l&rsquo;utilisation de l&rsquo;orth\u00e8se.<\/p>\n<\/div>\n<\/div>\n<div class=\"half with-image\" style=\"background-image: url('https:\/\/fixcast.pl\/wp-content\/uploads\/2018\/07\/4T7A6267-1.jpg');\"><\/div>\n<\/div>\n<div class=\"row\">\n<div class=\"half descr\">\n<div class=\"half-content\">\n<h3>TAILLES DISPONIBLES<\/h3>\n<table width=\"634\" cellspacing=\"0\" cellpadding=\"4\">\n<colgroup>\n<col width=\"121\" \/>\n<col width=\"323\" \/>\n<col width=\"165\" \/> <\/colgroup>\n<tbody>\n<tr valign=\"top\">\n<th style=\"text-align: center; vertical-align: middle;\" width=\"121\" height=\"28\">Taille<\/th>\n<th style=\"text-align: center; vertical-align: middle;\" width=\"323\">Circonf\u00e9rence du poignet<\/th>\n<th style=\"text-align: center; vertical-align: middle;\" width=\"165\">Adapt\u00e9e \u00e0 l&rsquo;\u00e2ge<\/th>\n<th style=\"text-align: center; vertical-align: middle;\" width=\"165\">M\u00e9thode de mesure<\/th>\n<\/tr>\n<tr valign=\"top\">\n<td style=\"text-align: center; vertical-align: middle;\" width=\"121\" height=\"51\">1<\/td>\n<td style=\"text-align: center; vertical-align: middle;\" width=\"323\">9 &#8211; 11 cm<\/td>\n<td style=\"text-align: center; vertical-align: middle;\" width=\"165\">1 &#8211; 6 ans<\/td>\n<td style=\"text-align: center; vertical-align: middle;\" rowspan=\"2\" width=\"165\"><img loading=\"lazy\" src=\"https:\/\/fixcast.pl\/wp-content\/uploads\/2018\/07\/FIX-KG-10.png\" alt=\"M\u00e9thode de mesure\" width=\"138\" height=\"232\" class=\"aligncenter size-full wp-image-736\" \/><\/td>\n<\/tr>\n<tr valign=\"top\">\n<td style=\"text-align: center; vertical-align: middle;\" width=\"121\" height=\"48\">2<\/td>\n<td style=\"text-align: center; vertical-align: middle;\" width=\"323\">11 &#8211; 15 cm<\/td>\n<td style=\"text-align: center; vertical-align: middle;\" width=\"165\">6 &#8211; 12 ans<\/td>\n<\/tr>\n<\/tbody>\n<\/table>\n<p><strong>Produit universel pour la main droite et la main gauche.<\/p>\n<p>Longueur totale de l&rsquo;accolade&nbsp;:<br \/>\n1&nbsp;: 9 cm<br \/>\n2&nbsp;: 13 cm<\/strong><\/p>\n<p><strong>Produit envoy\u00e9 dans une couleur al\u00e9atoire.<\/strong><\/p>\n<p><img loading=\"lazy\" src=\"https:\/\/fixcast.pl\/wp-content\/uploads\/2018\/07\/DSC_0008-2.jpg\" alt=\"FIX-KG-10\" width=\"700\" height=\"413\" class=\"aligncenter size-full wp-image-9684\" srcset=\"https:\/\/fixcast.pl\/wp-content\/uploads\/2018\/07\/DSC_0008-2.jpg 700w, https:\/\/fixcast.pl\/wp-content\/uploads\/2018\/07\/DSC_0008-2-300x177.jpg 300w\" sizes=\"(max-width: 700px) 100vw, 700px\" \/><\/p>\n<\/div>\n<\/div>\n<div class=\"half with-image\" style=\"background-image: url('https:\/\/fixcast.pl\/wp-content\/uploads\/2018\/07\/4T7A6322-2.jpg');\"><\/div>\n<\/div>\n<div class=\"row\">\n<div class=\"half descr\">\n<div class=\"half-content\">\n<p>Ne pas appliquer sur la peau si le produit est chaud&nbsp;!<\/p>\n<p><img loading=\"lazy\" src=\"https:\/\/fixcast.pl\/wp-content\/uploads\/2018\/06\/fixcast_ostrzezenie_350-300x171.jpg\" alt=\"Ne pas appliquer sur la peau si le produit est chaud&nbsp;!\" width=\"300\" height=\"171\" class=\"alignleft size-medium wp-image-621\" srcset=\"https:\/\/fixcast.pl\/wp-content\/uploads\/2018\/06\/fixcast_ostrzezenie_350-300x171.jpg 300w, https:\/\/fixcast.pl\/wp-content\/uploads\/2018\/06\/fixcast_ostrzezenie_350.jpg 350w\" sizes=\"(max-width: 300px) 100vw, 300px\" \/><\/p>\n<div class=\"clear\"><\/div>\n<h3>A&nbsp;TELECHARGER<\/h3>\n<ul class=\"pdf\">\n<li>\n\t\t<a href=\"https:\/\/www.reh4mat.com\/deklaracje\/en\/53.pdf\">D\u00e9claration de conformit\u00e9<\/a>\n\t<\/li>\n<li>\n\t\t<a href=\"https:\/\/fixcast.pl\/wp-content\/uploads\/2018\/07\/FIX-KG-10_TERMO.pdf\">M\u00e9thode d&rsquo;application<\/a>\n\t<\/li>\n<li>\n\t\t<a href=\"https:\/\/www.reh4mat.com\/instrukcje\/46.pdf\">Mode d&#8217;emploi<\/a>\n\t<\/li>\n<\/ul>\n<\/div>\n<\/div>\n<div class=\"half with-image\" style=\"background-image: url('https:\/\/fixcast.pl\/wp-content\/uploads\/2018\/07\/4T7A6326-1.jpg');\"><\/div>\n<\/div>\n<div class=\"clear\"><\/div>\n<\/div>\n","protected":false},"excerpt":{"rendered":"<h2>ATTELLE OUVERTE POUR LE POUCE ET LE POIGNET AVEC PLAQUE THERMOPLASTIQUE<\/h2>\n<p><strong>L&#039;orth\u00e8se FIX-KG-10<\/strong> assure une compression et une immobilisation rigide du pouce et pr\u00e9vient un endommagement du poignet.<\/p>\n","protected":false},"featured_media":9666,"comment_status":"open","ping_status":"closed","template":"","meta":[],"_links":{"self":[{"href":"https:\/\/fixcast.pl\/fr\/wp-json\/wp\/v2\/product\/6022"}],"collection":[{"href":"https:\/\/fixcast.pl\/fr\/wp-json\/wp\/v2\/product"}],"about":[{"href":"https:\/\/fixcast.pl\/fr\/wp-json\/wp\/v2\/types\/product"}],"replies":[{"embeddable":true,"href":"https:\/\/fixcast.pl\/fr\/wp-json\/wp\/v2\/comments?post=6022"}],"version-history":[{"count":13,"href":"https:\/\/fixcast.pl\/fr\/wp-json\/wp\/v2\/product\/6022\/revisions"}],"predecessor-version":[{"id":12167,"href":"https:\/\/fixcast.pl\/fr\/wp-json\/wp\/v2\/product\/6022\/revisions\/12167"}],"wp:featuredmedia":[{"embeddable":true,"href":"https:\/\/fixcast.pl\/fr\/wp-json\/wp\/v2\/media\/9666"}],"wp:attachment":[{"href":"https:\/\/fixcast.pl\/fr\/wp-json\/wp\/v2\/media?parent=6022"}],"curies":[{"name":"wp","href":"https:\/\/api.w.org\/{rel}","templated":true}]}}