{"id":6028,"date":"2018-07-09T14:13:26","date_gmt":"2021-11-01T11:10:16","guid":{"rendered":"https:\/\/fixcast.pl\/?post_type=product&#038;p=6028"},"modified":"2022-07-07T13:32:52","modified_gmt":"2022-07-07T11:32:52","slug":"fix-kg-13","status":"publish","type":"product","link":"https:\/\/fixcast.pl\/fr\/produit\/fix-kg-13\/","title":{"rendered":"FIX-KG-13"},"content":{"rendered":"<div class=\"description-tiles\">\n<div class=\"row\">\n<div class=\"half descr\">\n<div id=\"zalety\" class=\"half-content\">\n<h3>AVANTAGES PARTICULIERS<\/h3>\n<table class='zalety'><tbody><tr><td style='padding-right: 10px;'><img src='https:\/\/ortezydladzieci.pl\/wp-content\/uploads\/2017\/12\/CLASS-1-MEDICAL-DEVICE-1-150x150.png' class='alignleft size-thumbnail' alt='PRODUIT MEDICAL DE CLASSE 1' width='70' height='70'\/><\/td><td style='width:100%;'><strong style='text-transform:uppercase;'>PRODUIT MEDICAL DE CLASSE 1<\/strong><\/td><\/tr><tr><td style='padding-right: 10px;'><img src='https:\/\/ortezydladzieci.pl\/wp-content\/uploads\/2017\/12\/ODDYCHAJACY-150x150.png' class='alignleft size-thumbnail' alt='RESPIRANT' width='70' height='70'\/><\/td><td style='width:100%;'><strong style='text-transform:uppercase;'>RESPIRANT<\/strong><\/td><\/tr><tr><td style='padding-right: 10px;'><img src='https:\/\/ortezydladzieci.pl\/wp-content\/uploads\/2017\/12\/infants.png' class='alignleft size-thumbnail' alt='AUSSI DISPONIBLE EN VERSION POUR LES B\u00c9B\u00c9S' width='70' height='70'\/><\/td><td style='width:100%;'><strong style='text-transform:uppercase;'>AUSSI DISPONIBLE EN VERSION POUR LES B\u00c9B\u00c9S<\/strong><\/td><\/tr><tr><td style='padding-right: 10px;'><img src='https:\/\/ortezydladzieci.pl\/wp-content\/uploads\/2017\/12\/24.png' class='alignleft size-thumbnail' alt='TH\u00c9RAPIE DE 24 HEURES' width='70' height='70'\/><\/td><td style='width:100%;'><strong style='text-transform:uppercase;'>TH\u00c9RAPIE DE 24 HEURES<\/strong><\/td><\/tr><tr><td style='padding-right: 10px;'><img src='https:\/\/ortezydladzieci.pl\/wp-content\/uploads\/2017\/12\/wodoodporny-150x150.png' class='alignleft size-thumbnail' alt='ETANCHE A L\u2019EAU' width='70' height='70'\/><\/td><td style='width:100%;'><strong style='text-transform:uppercase;'>ETANCHE A L\u2019EAU<\/strong><\/td><\/tr><tr><td style='padding-right: 10px;'><img src='https:\/\/fixcast.pl\/wp-content\/uploads\/2018\/07\/dwustr-150x150.png' class='alignleft size-thumbnail' alt='BIFACE' width='70' height='70'\/><\/td><td style='width:100%;'><strong style='text-transform:uppercase;'>BIFACE<\/strong><\/td><\/tr><tr><td style='padding-right: 10px;'><img src='https:\/\/ortezydladzieci.pl\/wp-content\/uploads\/2017\/12\/rozmiar-uniwersalny-150x150.png' class='alignleft size-thumbnail' alt='TAILLE UNIVERSELLE' width='70' height='70'\/><\/td><td style='width:100%;'><strong style='text-transform:uppercase;'>TAILLE UNIVERSELLE<\/strong><\/td><\/tr><\/tbody><\/table>\n<\/div>\n<\/div>\n<div class=\"half with-image\" style=\"background-image: url('https:\/\/fixcast.pl\/wp-content\/uploads\/2018\/07\/4T7A1982.jpg');\"><\/div>\n<\/div>\n<div class=\"row\">\n<div class=\"half descr\">\n<div class=\"half-content\">\n<h3>OBJET<\/h3>\n<ul>\n<li>Entorse du poignet<\/li>\n<li>Inflammation de l&rsquo;articulation du poignet<\/li>\n<li>Apr\u00e8s une blessure de l&rsquo;articulation radiocarpienne<\/li>\n<li>L\u00e9sions de surcharge<\/li>\n<li>Dommages \u00e0 la capsule articulaire<\/li>\n<li>L\u00e9sions rhumatismales du poignet<\/li>\n<\/ul>\n<\/div>\n<\/div>\n<div class=\"half with-image\" style=\"background-image: url('https:\/\/fixcast.pl\/wp-content\/uploads\/2018\/07\/4T7A1966.jpg');\"><\/div>\n<\/div>\n<div class=\"row\">\n<div class=\"half descr\">\n<div class=\"half-content\">\n<p><strong>COMMENT FONCTIONNE L\u2019ORTHESE&nbsp;?<\/strong><\/p>\n<p><strong>L&rsquo;attelle de poignet pour enfants FIX-KG-13<\/strong> est fabriqu\u00e9e en n\u00e9opr\u00e8ne fin et color\u00e9 qui maintient une compression constante de l&rsquo;articulation CMC. La conception ouverte du produit permet tout ajustement circonf\u00e9rentiel de l&rsquo;orth\u00e8se. En fournissant une compression constante, notre orth\u00e8se maintient une bonne temp\u00e9rature du corps, ce qui r\u00e9duit la douleur et acc\u00e9l\u00e8re ainsi le processus de gu\u00e9rison. <strong>L&rsquo;attelle de poignet FIX-KG-13<\/strong> est la solution parfaite pour les poignets douloureux.<\/p>\n<\/div>\n<\/div>\n<div class=\"half with-image\" style=\"background-image: url('https:\/\/fixcast.pl\/wp-content\/uploads\/2018\/07\/4T7A1988.jpg');\"><\/div>\n<\/div>\n<div class=\"row\">\n<div class=\"half descr\">\n<div class=\"half-content\">\n<p><strong>ActivePren\u2122<\/strong> est un mat\u00e9riau actif \u00e0 trois couches compos\u00e9 de deux tissus de couverture en tricot jersey \u00e9lastique et d&#039;un noyau perfor\u00e9 en mousse de n\u00e9opr\u00e8ne. Ce mat\u00e9riau se caract\u00e9rise par sa douceur et sa grande \u00e9lasticit\u00e9. La perforation de la mousse permet une parfaite oxyg\u00e9nation de la peau de l&#039;utilisateur et un drainage de l&#039;humidit\u00e9. Gr\u00e2ce \u00e0 l&#039;AirSupply System, la partie prot\u00e9g\u00e9e du corps est en outre ventil\u00e9e et sa chaleur appropri\u00e9e est maintenue. Un avantage tr\u00e8s important de ce mat\u00e9riau est le fait qu&#039;il n&#039;est pas tricot\u00e9, qu&#039;il n&#039;a pas de fibres \u00e9paisses, gr\u00e2ce auquel les tissages du tissu n&#039;appuient pas sur la peau du patient et ne provoquent pas de plaies dans les zones de forte compression. Les orth\u00e8ses fabriqu\u00e9es en mat\u00e9riau <strong>ActivePren\u2122<\/strong> sont les orth\u00e8ses de stabilisation les plus solides et les plus efficaces disponibles sur le march\u00e9. Le mat\u00e9riau est imperm\u00e9able.<\/p><\/p>\n<\/div>\n<\/div>\n<div class=\"half descr\">\n<div class=\"half-content\">\n<p><a data-rel='lightbox' href='https:\/\/www.reh4mat.com\/uploads\/2021\/12\/ACTIVE-PREN-2021-1190x630.jpg'><img src='https:\/\/www.reh4mat.com\/uploads\/2021\/12\/ACTIVE-PREN-2021-1190x630.jpg' alt='' title='' class='aligncenter size-large' width='1024' height='542'><\/a><\/p>\n<\/div>\n<\/div>\n<\/div>\n<div class=\"row\">\n<div class=\"half descr\">\n<div class=\"half-content\">\n<h3>TABLEAU DES TAILLES<\/h3>\n<table width=\"549\" cellspacing=\"0\" cellpadding=\"4\">\n<colgroup>\n<col width=\"197\" \/>\n<col width=\"335\" \/> <\/colgroup>\n<tbody>\n<tr valign=\"top\">\n<th style=\"text-align: center; vertical-align: middle;\" width=\"197\" height=\"47\">Taille<\/th>\n<th style=\"text-align: center; vertical-align: middle;\" width=\"335\">Tour de poignet<\/th>\n<th style=\"text-align: center; vertical-align: middle;\" width=\"335\">M\u00e9thode de mesure<\/th>\n<\/tr>\n<tr valign=\"top\">\n<td style=\"text-align: center; vertical-align: middle;\" width=\"197\" height=\"99\">Universel<\/td>\n<td style=\"text-align: center; vertical-align: middle;\" width=\"335\">min 9 cm \u2013 max 15 cm<\/td>\n<td style=\"text-align: center; vertical-align: middle;\" width=\"335\"><img loading=\"lazy\" src=\"https:\/\/fixcast.pl\/wp-content\/uploads\/2018\/07\/FIX-KG-10.png\" alt=\"M\u00e9thode de mesure\" width=\"138\" height=\"232\" class=\"aligncenter size-full wp-image-736\" \/><\/td>\n<\/tr>\n<\/tbody>\n<\/table>\n<p><strong>Universel pour le poignet gauche et droit.<\/p>\n<p>Hauteur totale de l&rsquo;orth\u00e8se&nbsp;: 5 cm.<\/strong><\/p>\n<p>&nbsp;<\/p>\n<p> Le produit est envoy\u00e9 dans une couleur al\u00e9atoire.<\/p>\n<p><img loading=\"lazy\" src=\"https:\/\/fixcast.pl\/wp-content\/uploads\/2018\/07\/fix-kg-13-4-2.jpg\" alt=\"FIX-KG-13\" width=\"584\" height=\"210\" class=\"aligncenter size-full wp-image-8809\" srcset=\"https:\/\/fixcast.pl\/wp-content\/uploads\/2018\/07\/fix-kg-13-4-2.jpg 584w, https:\/\/fixcast.pl\/wp-content\/uploads\/2018\/07\/fix-kg-13-4-2-300x108.jpg 300w\" sizes=\"(max-width: 584px) 100vw, 584px\" \/><\/p>\n<div class=\"clear\"><\/div>\n<\/div>\n<\/div>\n<div class=\"half with-image\" style=\"background-image: url('https:\/\/fixcast.pl\/wp-content\/uploads\/2018\/07\/4T7A1983.jpg');\"><\/div>\n<\/div>\n<div class=\"row\">\n<div class=\"half descr\">\n<div class=\"half-content\">\n<h3>A&nbsp;T\u00c9L\u00c9CHARGER<\/h3>\n<ul class=\"pdf\">\n<li><a href=\"https:\/\/www.reh4mat.com\/deklaracje\/en\/53.pdf\">D\u00e9claration de conformit\u00e9<\/a><\/li>\n<li><a href=\"https:\/\/fixcast.pl\/wp-content\/uploads\/2022\/06\/FIX-KG-13.pdf\">M\u00e9thode d&rsquo;application<\/a><\/li>\n<li><a href=\"https:\/\/www.reh4mat.com\/instrukcje\/46.pdf\">Mode d&#8217;emploi<\/a><\/li>\n<\/ul>\n<\/div>\n<\/div>\n<div class=\"half with-image\" style=\"background-image: url('https:\/\/fixcast.pl\/wp-content\/uploads\/2018\/07\/fix-kg-13-1.jpg');\"><\/div>\n<\/div>\n<div class=\"clear\"><\/div>\n<\/div>\n","protected":false},"excerpt":{"rendered":"<h2>ATTELLE DE COMPRESSION POUR POIGNET<\/h2>\n<p><strong>L&#039;attelle FIX-KG-13<\/strong> assure la compression et la stabilisation de l&#039;articulation radiocarpienne. L&#039;attelle maintient une temp\u00e9rature constante de l&#039;articulation et acc\u00e9l\u00e8re le processus de gu\u00e9rison.<\/p>\n","protected":false},"featured_media":8781,"comment_status":"open","ping_status":"closed","template":"","meta":[],"_links":{"self":[{"href":"https:\/\/fixcast.pl\/fr\/wp-json\/wp\/v2\/product\/6028"}],"collection":[{"href":"https:\/\/fixcast.pl\/fr\/wp-json\/wp\/v2\/product"}],"about":[{"href":"https:\/\/fixcast.pl\/fr\/wp-json\/wp\/v2\/types\/product"}],"replies":[{"embeddable":true,"href":"https:\/\/fixcast.pl\/fr\/wp-json\/wp\/v2\/comments?post=6028"}],"version-history":[{"count":5,"href":"https:\/\/fixcast.pl\/fr\/wp-json\/wp\/v2\/product\/6028\/revisions"}],"predecessor-version":[{"id":8815,"href":"https:\/\/fixcast.pl\/fr\/wp-json\/wp\/v2\/product\/6028\/revisions\/8815"}],"wp:featuredmedia":[{"embeddable":true,"href":"https:\/\/fixcast.pl\/fr\/wp-json\/wp\/v2\/media\/8781"}],"wp:attachment":[{"href":"https:\/\/fixcast.pl\/fr\/wp-json\/wp\/v2\/media?parent=6028"}],"curies":[{"name":"wp","href":"https:\/\/api.w.org\/{rel}","templated":true}]}}