{"id":6367,"date":"2018-06-21T08:39:49","date_gmt":"2021-11-15T07:49:14","guid":{"rendered":"https:\/\/fixcast.pl\/?post_type=product&#038;p=6367"},"modified":"2023-06-22T12:30:15","modified_gmt":"2023-06-22T10:30:15","slug":"fix-kg-01","status":"publish","type":"product","link":"https:\/\/fixcast.pl\/fr\/produit\/fix-kg-01\/","title":{"rendered":"FIX-KG-01"},"content":{"rendered":"<div class=\"description-tiles\">\n<div class=\"row\">\n<div class=\"half descr\">\n<div id=\"zalety\" class=\"half-content\">\n<h3>AVANTAGES PARTICULIERS<\/h3>\n<table class='zalety'><tbody><tr><td style='padding-right: 10px;'><img src='https:\/\/ortezydladzieci.pl\/wp-content\/uploads\/2017\/12\/CLASS-1-MEDICAL-DEVICE-1-150x150.png' class='alignleft size-thumbnail' alt='PRODUIT MEDICAL DE CLASSE 1' width='70' height='70'\/><\/td><td style='width:100%;'><strong style='text-transform:uppercase;'>PRODUIT MEDICAL DE CLASSE 1<\/strong><\/td><\/tr><tr><td style='padding-right: 10px;'><img src='https:\/\/ortezydladzieci.pl\/wp-content\/uploads\/2017\/12\/ODDYCHAJACY-150x150.png' class='alignleft size-thumbnail' alt='RESPIRANT' width='70' height='70'\/><\/td><td style='width:100%;'><strong style='text-transform:uppercase;'>RESPIRANT<\/strong><\/td><\/tr><tr><td style='padding-right: 10px;'><img src='https:\/\/ortezydladzieci.pl\/wp-content\/uploads\/2017\/12\/infants.png' class='alignleft size-thumbnail' alt='AUSSI DISPONIBLE EN VERSION POUR LES B\u00c9B\u00c9S' width='70' height='70'\/><\/td><td style='width:100%;'><strong style='text-transform:uppercase;'>AUSSI DISPONIBLE EN VERSION POUR LES B\u00c9B\u00c9S<\/strong><\/td><\/tr><tr><td style='padding-right: 10px;'><img src='https:\/\/ortezydladzieci.pl\/wp-content\/uploads\/2017\/12\/24.png' class='alignleft size-thumbnail' alt='TH\u00c9RAPIE DE 24 HEURES' width='70' height='70'\/><\/td><td style='width:100%;'><strong style='text-transform:uppercase;'>TH\u00c9RAPIE DE 24 HEURES<\/strong><\/td><\/tr><tr><td style='padding-right: 10px;'><img src='https:\/\/ortezydladzieci.pl\/wp-content\/uploads\/2017\/12\/wodoodporny-150x150.png' class='alignleft size-thumbnail' alt='ETANCHE A L\u2019EAU' width='70' height='70'\/><\/td><td style='width:100%;'><strong style='text-transform:uppercase;'>ETANCHE A L\u2019EAU<\/strong><\/td><\/tr><tr><td style='padding-right: 10px;'><img src='https:\/\/ortezydladzieci.pl\/wp-content\/uploads\/2017\/12\/NADGARSTEK-150x150.png' class='alignleft size-thumbnail' alt='ORTH\u00c8SE DE POIGNET' width='70' height='70'\/><\/td><td style='width:100%;'><strong style='text-transform:uppercase;'>ORTH\u00c8SE DE POIGNET<\/strong><\/td><\/tr><\/tbody><\/table>\n<\/div>\n<\/div>\n<div class=\"half with-image\" style=\"background-image: url('https:\/\/fixcast.pl\/wp-content\/uploads\/2018\/06\/FIX-KG-01-6.jpg');\"><\/div>\n<\/div>\n<div class=\"row\">\n<div class=\"half descr\">\n<div class=\"half-content\">\n<h3>OBJET<\/h3>\n<ul>\n<li>Dislocation des articulations du pouce (thumb knockout)<\/li>\n<li>Entorse du pouce<\/li>\n<li>L\u00e9sions des ligaments collat\u00e9raux de l&rsquo;articulation m\u00e9tacarpophalangienne du premier doigt (par exemple, le pouce du skieur)<\/li>\n<li>Affections inflammatoires du pouce<\/li>\n<li>Dommages aux tendons du pouce<\/li>\n<li>Fractures du pouce<\/li>\n<li>L\u00e9sions rhumatismales du pouce<\/li>\n<\/ul>\n<\/div>\n<\/div>\n<div class=\"half with-image\" style=\"background-image: url('https:\/\/fixcast.pl\/wp-content\/uploads\/2018\/06\/FIX-KG-01-2-3.jpg');\"><\/div>\n<\/div>\n<div class=\"row\">\n<div class=\"half descr\">\n<div class=\"half-content\">\n<h3>COMMENT FONCTIONNE L&rsquo;ORTH\u00c8SE&nbsp;?<\/h3>\n<p><strong>L&rsquo;attelle pour poignet et pouce FIX-KG-01<\/strong> pour enfants est fabriqu\u00e9e en n\u00e9opr\u00e8ne fin et color\u00e9 qui maintient une compression constante des articulations CMC et MCP. La conception ouverte du produit permet tout ajustement circonf\u00e9rentiel de l&rsquo;orth\u00e8se. En fournissant une compression constante, notre orth\u00e8se maintient une bonne temp\u00e9rature du corps, ce qui r\u00e9duit la douleur et acc\u00e9l\u00e8re ainsi le processus de gu\u00e9rison. <\/p>\n<\/div>\n<\/div>\n<div class=\"half with-image\" style=\"background-image: url('https:\/\/fixcast.pl\/wp-content\/uploads\/2018\/06\/FIX-KG-01-3.jpg');\"><\/div>\n<\/div>\n<div class=\"row\">\n<div class=\"half descr\">\n<div class=\"half-content\">\n<p><strong>UniPren\u2122<\/strong> est un mat\u00e9riau universel \u00e0 trois couches compos\u00e9 d&#039;un tissu de couverture externe \u00e9lastique en polyamide avec fonction auto-adh\u00e9sive, d&#039;un noyau interne perfor\u00e9 en mousse de n\u00e9opr\u00e8ne et d&#039;un tissu de couverture \u00e9lastique en jersey. Ce mat\u00e9riau se caract\u00e9rise par sa douceur et sa tr\u00e8s grande \u00e9lasticit\u00e9. La perforation de la mousse permet une parfaite oxyg\u00e9nation de la peau de l&#039;utilisateur et un drainage de l&#039;humidit\u00e9. Un avantage tr\u00e8s important de ce mat\u00e9riau est le fait qu&#039;il n&#039;est pas tricot\u00e9, qu&#039;il ne poss\u00e8de pas de fibres \u00e9paisses, de sorte que ses tissages ne s&#039;impriment pas sur la peau du patient et ne provoquent pas de plaies dans les zones de forte compression. Les orth\u00e8ses fabriqu\u00e9es en <strong>UniPren\u2122<\/strong> sont les orth\u00e8ses de stabilisation les plus solides et les plus efficaces disponibles sur le march\u00e9. La fonction auto-adh\u00e9sive du mat\u00e9riau facilite consid\u00e9rablement son utilisation. LE MAT\u00c9RIAU EST IMPERM\u00c9ABLE.<\/p>\n<p><a data-rel='lightbox' href='https:\/\/www.reh4mat.com\/uploads\/2021\/04\/UNI-PREN-1190x630.png'><img src='https:\/\/www.reh4mat.com\/uploads\/2021\/04\/UNI-PREN-1190x630.png' alt='' title='' class='aligncenter size-large' width='1024' height='542'><\/a><\/p>\n<\/div>\n<\/div>\n<div class=\"half descr\">\n<div class=\"half-content\">\n<p><strong>ActivePren\u2122<\/strong> est un mat\u00e9riau actif \u00e0 trois couches compos\u00e9 de deux tissus de couverture en tricot jersey \u00e9lastique et d&#039;un noyau perfor\u00e9 en mousse de n\u00e9opr\u00e8ne. Ce mat\u00e9riau se caract\u00e9rise par sa douceur et sa grande \u00e9lasticit\u00e9. La perforation de la mousse permet une parfaite oxyg\u00e9nation de la peau de l&#039;utilisateur et un drainage de l&#039;humidit\u00e9. Gr\u00e2ce \u00e0 l&#039;AirSupply System, la partie prot\u00e9g\u00e9e du corps est en outre ventil\u00e9e et sa chaleur appropri\u00e9e est maintenue. Un avantage tr\u00e8s important de ce mat\u00e9riau est le fait qu&#039;il n&#039;est pas tricot\u00e9, qu&#039;il n&#039;a pas de fibres \u00e9paisses, gr\u00e2ce auquel les tissages du tissu n&#039;appuient pas sur la peau du patient et ne provoquent pas de plaies dans les zones de forte compression. Les orth\u00e8ses fabriqu\u00e9es en mat\u00e9riau <strong>ActivePren\u2122<\/strong> sont les orth\u00e8ses de stabilisation les plus solides et les plus efficaces disponibles sur le march\u00e9. Le mat\u00e9riau est imperm\u00e9able.<\/p>\n<p><a data-rel='lightbox' href='https:\/\/www.reh4mat.com\/uploads\/2021\/12\/ACTIVE-PREN-2021-1190x630.jpg'><img src='https:\/\/www.reh4mat.com\/uploads\/2021\/12\/ACTIVE-PREN-2021-1190x630.jpg' alt='' title='' class='aligncenter size-large' width='1024' height='542'><\/a><\/p>\n<\/div>\n<\/div>\n<\/div>\n<div class=\"row\">\n<div class=\"half descr\">\n<div class=\"half-content\">\n<h3>TABLEAU DES TAILLES<\/h3>\n<table width=\"615\" cellspacing=\"0\" cellpadding=\"4\">\n<colgroup>\n<col width=\"105\" \/>\n<col width=\"307\" \/>\n<col width=\"178\" \/> <\/colgroup>\n<tbody>\n<tr valign=\"top\">\n<th style=\"text-align: center; vertical-align: middle;\" width=\"105\" height=\"24\">Taille<\/th>\n<th style=\"text-align: center; vertical-align: middle;\" width=\"307\">Circonf\u00e9rence de l&rsquo;articulation interphalangienne du pouce<\/th>\n<th style=\"text-align: center; vertical-align: middle;\" width=\"178\">Adapt\u00e9e \u00e0 l&rsquo;\u00e2ge<\/th>\n<th style=\"text-align: center; vertical-align: middle;\" width=\"178\">M\u00e9thode de mesure<\/th>\n<\/tr>\n<tr>\n<td style=\"text-align: center; vertical-align: middle;\" valign=\"top\" width=\"105\">1<\/td>\n<td style=\"text-align: center; vertical-align: middle;\" width=\"307\">3 &#8211; 4 cm<\/td>\n<td style=\"text-align: center; vertical-align: middle;\" valign=\"top\" width=\"178\">&lt; 1 an<\/td>\n<td style=\"text-align: center; vertical-align: middle;\" rowspan=\"7\" valign=\"top\" width=\"178\"><img loading=\"lazy\" class=\"aligncenter size-full wp-image-729\" src=\"https:\/\/fixcast.pl\/wp-content\/uploads\/2018\/06\/FIX-KG-06-3.jpg\" alt=\"M\u00e9thode de mesure\" width=\"132\" height=\"254\" \/><\/td>\n<\/tr>\n<tr>\n<td style=\"text-align: center; vertical-align: middle;\" valign=\"top\" width=\"105\">2<\/td>\n<td style=\"text-align: center; vertical-align: middle;\" width=\"307\">3 &#8211; 4 cm<\/td>\n<td style=\"text-align: center; vertical-align: middle;\" valign=\"top\" width=\"178\">1 &#8211; 2 ans<\/td>\n<\/tr>\n<tr>\n<td style=\"text-align: center; vertical-align: middle;\" valign=\"top\" width=\"105\">3<\/td>\n<td style=\"text-align: center; vertical-align: middle;\" width=\"307\">4 &#8211; 5 cm<\/td>\n<td style=\"text-align: center; vertical-align: middle;\" valign=\"top\" width=\"178\">2 &#8211; 5 ans<\/td>\n<\/tr>\n<tr>\n<td style=\"text-align: center; vertical-align: middle;\" valign=\"top\" width=\"105\">4<\/td>\n<td style=\"text-align: center; vertical-align: middle;\" width=\"307\">4 &#8211; 5 cm<\/td>\n<td style=\"text-align: center; vertical-align: middle;\" valign=\"top\" width=\"178\">4 &#8211; 7 ans<\/td>\n<\/tr>\n<tr>\n<td style=\"text-align: center; vertical-align: middle;\" valign=\"top\" width=\"105\">5<\/td>\n<td style=\"text-align: center; vertical-align: middle;\" width=\"307\">5 &#8211; 6 cm<\/td>\n<td style=\"text-align: center; vertical-align: middle;\" valign=\"top\" width=\"178\">7 &#8211; 9 ans<\/td>\n<\/tr>\n<tr>\n<td style=\"text-align: center; vertical-align: middle;\" valign=\"top\" width=\"105\">6<\/td>\n<td style=\"text-align: center; vertical-align: middle;\" width=\"307\">5 &#8211; 6 cm<\/td>\n<td style=\"text-align: center; vertical-align: middle;\" valign=\"top\" width=\"178\">8 &#8211; 9 ans<\/td>\n<\/tr>\n<tr>\n<td style=\"text-align: center; vertical-align: middle;\" valign=\"top\" width=\"105\">7<\/td>\n<td style=\"text-align: center; vertical-align: middle;\" width=\"307\">6 &#8211; 7 cm<\/td>\n<td style=\"text-align: center; vertical-align: middle;\" valign=\"top\" width=\"178\">9 + ans<\/td>\n<\/tr>\n<\/tbody>\n<\/table>\n<p><strong>Disponible en version droite\/gauche.<\/p>\n<p>Longueur totale de l&rsquo;orth\u00e8se sans la fixation du pouce:<br \/>\n1&nbsp;: 5 cm<br \/>\n2&nbsp;: 6 cm<br \/>\n3&nbsp;: 7 cm<br \/>\n4&nbsp;: 8 cm<br \/>\n5&nbsp;: 9 cm<br \/>\n6&nbsp;: 10 cm<br \/>\n7&nbsp;: 11 cm<\/strong><\/p>\n<\/div>\n<\/div>\n<div class=\"half with-image\" style=\"background-image: url('https:\/\/fixcast.pl\/wp-content\/uploads\/2018\/06\/DSCF9953.jpg');\"><\/div>\n<\/div>\n<div class=\"row\">\n<div class=\"half descr\">\n<div class=\"half-content\">\n<p>Produit envoy\u00e9 dans une couleur al\u00e9atoire.<\/p>\n<p><img loading=\"lazy\" src=\"https:\/\/fixcast.pl\/wp-content\/uploads\/2018\/06\/FIX-KG-01_-3-1.jpg\" alt=\"FIX-KG-01\" width=\"800\" height=\"353\" class=\"aligncenter size-full wp-image-8889\" srcset=\"https:\/\/fixcast.pl\/wp-content\/uploads\/2018\/06\/FIX-KG-01_-3-1.jpg 800w, https:\/\/fixcast.pl\/wp-content\/uploads\/2018\/06\/FIX-KG-01_-3-1-300x132.jpg 300w, https:\/\/fixcast.pl\/wp-content\/uploads\/2018\/06\/FIX-KG-01_-3-1-768x339.jpg 768w\" sizes=\"(max-width: 800px) 100vw, 800px\" \/><\/p>\n<\/div>\n<\/div>\n<div class=\"half with-image\" style=\"background-image: url('https:\/\/fixcast.pl\/wp-content\/uploads\/2018\/06\/FIX-KG-01-4.jpg');\"><\/div>\n<\/div>\n<div class=\"row\">\n<div class=\"half descr\">\n<div class=\"half-content\">\n<h3>A&nbsp;T\u00c9L\u00c9CHARGER<\/h3>\n<ul class=\"pdf\">\n<li><a href=\"https:\/\/www.reh4mat.com\/deklaracje\/en\/53.pdf\">D\u00e9claration de conformit\u00e9<\/a><\/li>\n<li><a href=\"https:\/\/fixcast.pl\/wp-content\/uploads\/2018\/06\/fixcast_FIX-KG-01.pdf\">M\u00e9thode d&rsquo;application<\/a><\/li>\n<li><a href=\"https:\/\/www.reh4mat.com\/instrukcje\/46.pdf\">Manuel<\/a><\/li>\n<\/ul>\n<\/div>\n<\/div>\n<div class=\"half with-image\" style=\"background-image: url('https:\/\/fixcast.pl\/wp-content\/uploads\/2018\/06\/IMG_7914.jpg');\"><\/div>\n<\/div>\n<div class=\"clear\"><\/div>\n<\/div>\n","protected":false},"excerpt":{"rendered":"<h2>ORTH\u00c8SE DE COMPRESSION DU POUCE<\/h2>\n<p>L&#039;orth\u00e8se FIX-KG-01 assure la compression et la stabilisation de l&#039;articulation radiale du poignet et de la selle du pouce.<\/p>\n","protected":false},"featured_media":8870,"comment_status":"open","ping_status":"closed","template":"","meta":[],"_links":{"self":[{"href":"https:\/\/fixcast.pl\/fr\/wp-json\/wp\/v2\/product\/6367"}],"collection":[{"href":"https:\/\/fixcast.pl\/fr\/wp-json\/wp\/v2\/product"}],"about":[{"href":"https:\/\/fixcast.pl\/fr\/wp-json\/wp\/v2\/types\/product"}],"replies":[{"embeddable":true,"href":"https:\/\/fixcast.pl\/fr\/wp-json\/wp\/v2\/comments?post=6367"}],"version-history":[{"count":4,"href":"https:\/\/fixcast.pl\/fr\/wp-json\/wp\/v2\/product\/6367\/revisions"}],"predecessor-version":[{"id":12126,"href":"https:\/\/fixcast.pl\/fr\/wp-json\/wp\/v2\/product\/6367\/revisions\/12126"}],"wp:featuredmedia":[{"embeddable":true,"href":"https:\/\/fixcast.pl\/fr\/wp-json\/wp\/v2\/media\/8870"}],"wp:attachment":[{"href":"https:\/\/fixcast.pl\/fr\/wp-json\/wp\/v2\/media?parent=6367"}],"curies":[{"name":"wp","href":"https:\/\/api.w.org\/{rel}","templated":true}]}}