{"id":6373,"date":"2021-11-08T10:30:24","date_gmt":"2021-11-15T11:30:32","guid":{"rendered":"https:\/\/fixcast.pl\/?post_type=product&#038;p=6373"},"modified":"2022-11-10T16:22:14","modified_gmt":"2022-11-10T15:22:14","slug":"fix-kd-42","status":"publish","type":"product","link":"https:\/\/fixcast.pl\/fr\/produit\/fix-kd-42\/","title":{"rendered":"FIX-KD-42"},"content":{"rendered":"<div class=\"description-tiles\">\n<div class=\"row\">\n<div class=\"half descr\">\n<div id=\"zalety\" class=\"half-content\">\n<table class='zalety'><tbody><tr><td style='padding-right: 10px;'><img src='https:\/\/fixcast.pl\/wp-content\/uploads\/2022\/05\/orteza-stopy.png' class='alignleft size-thumbnail' alt='ORTH\u00c8SE DU PIED ET DE LA CHEVILLE' width='70' height='70'\/><\/td><td style='width:100%;'><strong style='text-transform:uppercase;'>ORTH\u00c8SE DU PIED ET DE LA CHEVILLE<\/strong><\/td><\/tr><tr><td style='padding-right: 10px;'><img src='https:\/\/ortezydladzieci.pl\/wp-content\/uploads\/2017\/12\/CLASS-1-MEDICAL-DEVICE-1-150x150.png' class='alignleft size-thumbnail' alt='PRODUIT MEDICAL DE CLASSE 1' width='70' height='70'\/><\/td><td style='width:100%;'><strong style='text-transform:uppercase;'>PRODUIT MEDICAL DE CLASSE 1<\/strong><\/td><\/tr><tr><td style='padding-right: 10px;'><img src='https:\/\/ortezydladzieci.pl\/wp-content\/uploads\/2021\/06\/kompressja-1.png' class='alignleft size-thumbnail' alt='COMPRESSION' width='70' height='70'\/><\/td><td style='width:100%;'><strong style='text-transform:uppercase;'>COMPRESSION<\/strong><\/td><\/tr><tr><td style='padding-right: 10px;'><img src='https:\/\/ortezydladzieci.pl\/wp-content\/uploads\/2017\/12\/rozmiar-uniwersalny-150x150.png' class='alignleft size-thumbnail' alt='TAILLE UNIVERSELLE' width='70' height='70'\/><\/td><td style='width:100%;'><strong style='text-transform:uppercase;'>TAILLE UNIVERSELLE<\/strong><\/td><\/tr><tr><td style='padding-right: 10px;'><img src='https:\/\/fixcast.pl\/wp-content\/uploads\/2022\/05\/fiszbiny.png' class='alignleft size-thumbnail' alt='ATELLES EN SPIRALE' width='70' height='70'\/><\/td><td style='width:100%;'><strong style='text-transform:uppercase;'>ATELLES EN SPIRALE<\/strong><\/td><\/tr><tr><td style='padding-right: 10px;'><img src='https:\/\/fixcast.pl\/wp-content\/uploads\/2022\/05\/pas-ATFL.png' class='alignleft size-thumbnail' alt='SANGLE ATFL' width='70' height='70'\/><\/td><td style='width:100%;'><strong style='text-transform:uppercase;'>SANGLE ATFL<\/strong><\/td><\/tr><\/tbody><\/table>\n<\/div>\n<\/div>\n<div class=\"half with-image\" style=\"background-image: url('https:\/\/fixcast.pl\/wp-content\/uploads\/2021\/11\/4T7A8124-1.jpg');\"><\/div>\n<\/div>\n<div class=\"row\">\n<div class=\"half descr\">\n<div class=\"half-content\">\n<h2>ORTH\u00c8SE DE CHEVILLE ENFANT<\/h2>\n<\/div>\n<\/div>\n<div class=\"half with-image\" style=\"background-image: url('https:\/\/fixcast.pl\/wp-content\/uploads\/2021\/11\/DSCF9950.jpg');\"><\/div>\n<\/div>\n<div class=\"row\">\n<div class=\"half descr\">\n<div class=\"half-content\">\n<\/div>\n<\/div>\n<div class=\"half with-image\" style=\"background-image: url('https:\/\/fixcast.pl\/wp-content\/uploads\/2021\/11\/4T7A1968-2.jpg');\"><\/div>\n<\/div>\n<div class=\"row\">\n<div class=\"half descr\">\n<div class=\"half-content\">\n<p>Notre <strong>attelle de cheville pour enfants FIX-KD-42<\/strong> est fabriqu\u00e9e dans un mat\u00e9riau innovant de la plus haute qualit\u00e9 <strong>AeroSpace II<\/strong>.<\/p>\n<p>L&rsquo;attelle a&nbsp;un renfort lat\u00e9ral en m\u00e9tal fait de baleines en spirale. <\/p>\n<p><a href=\"https:\/\/fixcast.pl\/wp-content\/uploads\/2021\/11\/4T7A1959__FR.jpg\" data-rel=\"lightbox-0\" title=\"\"><img loading=\"lazy\" src=\"https:\/\/fixcast.pl\/wp-content\/uploads\/2021\/11\/4T7A1959__FR-1024x927.jpg\" alt=\"baleines en spirale\" width=\"1024\" height=\"927\" class=\"aligncenter size-large wp-image-6387\" srcset=\"https:\/\/fixcast.pl\/wp-content\/uploads\/2021\/11\/4T7A1959__FR-1024x927.jpg 1024w, https:\/\/fixcast.pl\/wp-content\/uploads\/2021\/11\/4T7A1959__FR-300x272.jpg 300w, https:\/\/fixcast.pl\/wp-content\/uploads\/2021\/11\/4T7A1959__FR-768x695.jpg 768w, https:\/\/fixcast.pl\/wp-content\/uploads\/2021\/11\/4T7A1959__FR.jpg 1245w\" sizes=\"(max-width: 1024px) 100vw, 1024px\" \/><\/a><\/p>\n<\/div>\n<\/div>\n<div class=\"half with-image\" style=\"background-image: url('https:\/\/fixcast.pl\/wp-content\/uploads\/2021\/11\/4T7A1951-2.jpg');\"><\/div>\n<\/div>\n<div class=\"row\">\n<div class=\"half descr\">\n<div class=\"half-content\">\n<p><a data-rel='lightbox' href='https:\/\/www.reh4mat.com\/uploads\/2021\/04\/AERO-SPACE-II-1190x630.png'><img src='https:\/\/www.reh4mat.com\/uploads\/2021\/04\/AERO-SPACE-II-1190x630.png' alt='' title='' class='aligncenter size-large' width='1024' height='542'><\/a><\/p>\n<p><strong>AeroSpace II\u2122<\/strong> est une mati\u00e8re premi\u00e8re innovante de nouvelle g\u00e9n\u00e9ration. Il s&#039;agit d&#039;un tricot \u00e9lastique \u00e0 espacement 3D compos\u00e9 de deux couches de parements et d&#039;entrelacs qui cr\u00e9ent la bonne \u00e9paisseur de la mati\u00e8re premi\u00e8re et pr\u00e9sentent des propri\u00e9t\u00e9s d&#039;all\u00e8gement de la pression. Le tissu tricot\u00e9 est compos\u00e9 de fils de polyester de premi\u00e8re qualit\u00e9 qui garantissent une r\u00e9sistance m\u00e9canique \u00e9lev\u00e9e et de spandex qui assure sa flexibilit\u00e9. Cette mati\u00e8re premi\u00e8re se caract\u00e9rise par un poids tr\u00e8s faible, une grande \u00e9lasticit\u00e9 et une construction ajour\u00e9e, permettant d&#039;\u00e9vacuer tr\u00e8s facilement la transpiration du corps et d&#039;alimenter la peau en air frais. Les produits fabriqu\u00e9s dans ce mat\u00e9riau sont neutres pour l&#039;articulation prot\u00e9g\u00e9e, ils ne la r\u00e9chauffent ni ne la refroidissent, mais ils assurent sa bonne compression et son ajustement et r\u00e9duisent les vibrations musculaires survenant lors d&#039;un effort physique. Son \u00e9paisseur et sa structure 3D soulagent parfaitement la charge des attelles, baleines en acier ou orthop\u00e9diques install\u00e9es sur le produit et garantissent une douceur velout\u00e9e au toucher.<\/p>\n<\/div>\n<\/div>\n<div class=\"half descr\">\n<div class=\"half-content\">\n<p>Nos baleines orthop\u00e9diques sont constitu\u00e9es d&#039;un fil m\u00e9tallique fin, enroul\u00e9 en forme de ressort et aplati. Nous utilisons des baleines de diff\u00e9rentes largeurs et \u00e9paisseurs de fil qui d\u00e9terminent la force de leur stabilisation. Chaque baleine est munie de deux raccords de forme sp\u00e9ciale pour \u00e9viter d&#039;endommager l&#039;orth\u00e8se. Les baleines sont prot\u00e9g\u00e9es contre la corrosion par le processus de galvanisation, elles sont donc r\u00e9sistantes \u00e0 l&#039;eau, \u00e0 l&#039;humidit\u00e9 et \u00e0 la sueur. Les produits qui en sont \u00e9quip\u00e9s peuvent \u00eatre lav\u00e9s sans les retirer de l&#039;orth\u00e8se. Nos baleines orthop\u00e9diques fonctionnent dans toutes les directions, s&#039;adaptant parfaitement au corps de l&#039;utilisateur et elles ont une m\u00e9moire de forme, gr\u00e2ce \u00e0 laquelle elles retrouvent toujours leur forme initiale. Cette fonction fait que les baleines de l&#039;orth\u00e8se stabilisent le membre gonfl\u00e9 de la m\u00eame mani\u00e8re directement apr\u00e8s la blessure qu&#039;apr\u00e8s la r\u00e9sorption du gonflement.<\/p>\r\n\r\n\r\n<a class=\"lightbox\" data-rel=\"lightbox\" title =\"Baleines en spirale\" href=\"https:\/\/www.reh4mat.com\/uploads\/2019\/03\/DSC_0279.jpg\"><img src=\"https:\/\/www.reh4mat.com\/uploads\/2019\/03\/DSC_0279-630x475.jpg\" alt=\"\" title=\"Baleines en spirale\" width=\"630\" height=\"475\" class=\"aligncenter size-large wp-image-107472\" \/><\/a>\n<\/div>\n<\/div>\n<\/div>\n<div class=\"row\">\n<div class=\"half descr\">\n<div class=\"half-content\">\n<\/div>\n<\/div>\n<div class=\"half with-image\" style=\"background-image: url('https:\/\/fixcast.pl\/wp-content\/uploads\/2021\/11\/4T7A1957-1.jpg');\"><\/div>\n<\/div>\n<div class=\"row\">\n<div class=\"half descr\">\n<div class=\"half-content\">\n<table border=\"0\" cellspacing=\"0\">\n<thead>\n<tr>\n<th style=\"text-align: center;\">Taille<\/th>\n<th style=\"text-align: center;\">Tour du talon<\/th>\n<th style=\"text-align: center;\">\u00c2ge appropri\u00e9<\/th>\n<th style=\"text-align: center;\">M\u00e9thode de mesure<\/th>\n<\/tr>\n<\/thead>\n<tbody>\n<tr>\n<td style=\"text-align: center;\">Universel<\/td>\n<td style=\"text-align: center;\">min 21 cm \u2013 max 27 cm<\/td>\n<td style=\"text-align: center;\">2 &#8211; 12 ans<\/td>\n<td style=\"text-align: center;\"><img loading=\"lazy\" class=\"aligncenter wp-image-7774\" title=\"M\u00e9thode de mesure\" src=\"https:\/\/reh4mat.com\/uploads\/2012\/08\/obwod-przez-piete.png\" alt=\"\" width=\"175\" height=\"175\" \/><\/td>\n<\/tr>\n<\/tbody>\n<\/table>\n<p>Jambes droite et gauche sp\u00e9cifiques.<\/p>\n<\/div>\n<\/div>\n<div class=\"half with-image\" style=\"background-image: url('https:\/\/fixcast.pl\/wp-content\/uploads\/2021\/11\/4T7A1957-1.jpg');\"><\/div>\n<\/div>\n<div class=\"row\">\n<div class=\"half descr\">\n<div class=\"half-content\">\n<h3>A&nbsp;TELECHARGER<\/h3>\n<ul class=\"pdf\">\n<li><a href=\"https:\/\/reh4mat.com\/deklaracje\/en\/98.pdf\">D\u00e9claration de conformit\u00e9<\/a><\/li>\n<\/ul>\n<\/div>\n<\/div>\n<div class=\"half with-image\" style=\"background-image: url('https:\/\/fixcast.pl\/wp-content\/uploads\/2021\/11\/4T7A1959-1.jpg');\"><\/div>\n<\/div>\n<div class=\"clear\"><\/div>\n<\/div>\n","protected":false},"excerpt":{"rendered":"<p>ORTH\u00c8SE DE CHEVILLE ENFANT Notre attelle de cheville pour enfants FIX-KD-42 est fabriqu\u00e9e dans un mat\u00e9riau innovant de la plus haute qualit\u00e9 AeroSpace II. L&rsquo;attelle a&nbsp;un renfort lat\u00e9ral en m\u00e9tal fait de baleines en spirale. Taille Tour du talon \u00c2ge appropri\u00e9 M\u00e9thode de mesure Universel min 21 cm \u2013 max 27 cm 2 &#8211; 12 [&hellip;]<\/p>\n","protected":false},"featured_media":11972,"comment_status":"open","ping_status":"closed","template":"","meta":[],"_links":{"self":[{"href":"https:\/\/fixcast.pl\/fr\/wp-json\/wp\/v2\/product\/6373"}],"collection":[{"href":"https:\/\/fixcast.pl\/fr\/wp-json\/wp\/v2\/product"}],"about":[{"href":"https:\/\/fixcast.pl\/fr\/wp-json\/wp\/v2\/types\/product"}],"replies":[{"embeddable":true,"href":"https:\/\/fixcast.pl\/fr\/wp-json\/wp\/v2\/comments?post=6373"}],"version-history":[{"count":11,"href":"https:\/\/fixcast.pl\/fr\/wp-json\/wp\/v2\/product\/6373\/revisions"}],"predecessor-version":[{"id":11563,"href":"https:\/\/fixcast.pl\/fr\/wp-json\/wp\/v2\/product\/6373\/revisions\/11563"}],"wp:featuredmedia":[{"embeddable":true,"href":"https:\/\/fixcast.pl\/fr\/wp-json\/wp\/v2\/media\/11972"}],"wp:attachment":[{"href":"https:\/\/fixcast.pl\/fr\/wp-json\/wp\/v2\/media?parent=6373"}],"curies":[{"name":"wp","href":"https:\/\/api.w.org\/{rel}","templated":true}]}}