{"id":6376,"date":"2021-04-22T11:24:33","date_gmt":"2021-11-15T11:50:06","guid":{"rendered":"https:\/\/fixcast.pl\/?post_type=product&#038;p=6376"},"modified":"2023-06-23T10:44:45","modified_gmt":"2023-06-23T08:44:45","slug":"fix-kd-40","status":"publish","type":"product","link":"https:\/\/fixcast.pl\/fr\/produit\/fix-kd-40\/","title":{"rendered":"FIX-KD-40"},"content":{"rendered":"<div class=\"description-tiles\">\n<div class=\"row\">\n<div class=\"half descr\">\n<div id=\"zalety\" class=\"half-content\">\n<table class='zalety'><tbody><tr><td style='padding-right: 10px;'><img src='https:\/\/fixcast.pl\/wp-content\/uploads\/2022\/05\/orteza-stopy.png' class='alignleft size-thumbnail' alt='ORTH\u00c8SE DU PIED ET DE LA CHEVILLE' width='70' height='70'\/><\/td><td style='width:100%;'><strong style='text-transform:uppercase;'>ORTH\u00c8SE DU PIED ET DE LA CHEVILLE<\/strong><\/td><\/tr><tr><td style='padding-right: 10px;'><img src='https:\/\/ortezydladzieci.pl\/wp-content\/uploads\/2017\/12\/CLASS-1-MEDICAL-DEVICE-1-150x150.png' class='alignleft size-thumbnail' alt='PRODUIT MEDICAL DE CLASSE 1' width='70' height='70'\/><\/td><td style='width:100%;'><strong style='text-transform:uppercase;'>PRODUIT MEDICAL DE CLASSE 1<\/strong><\/td><\/tr><tr><td style='padding-right: 10px;'><img src='https:\/\/fixcast.pl\/wp-content\/uploads\/2018\/07\/dwustr-150x150.png' class='alignleft size-thumbnail' alt='BIFACE' width='70' height='70'\/><\/td><td style='width:100%;'><strong style='text-transform:uppercase;'>BIFACE<\/strong><\/td><\/tr><tr><td style='padding-right: 10px;'><img src='https:\/\/ortezydladzieci.pl\/wp-content\/uploads\/2017\/12\/szeroki-zakres-regulacji-150x150.png' class='alignleft size-thumbnail' alt='LARGE GAMME D'AJUSTEMENT' width='70' height='70'\/><\/td><td style='width:100%;'><strong style='text-transform:uppercase;'>LARGE GAMME D'AJUSTEMENT<\/strong><\/td><\/tr><tr><td style='padding-right: 10px;'><img src='https:\/\/ortezydladzieci.pl\/wp-content\/uploads\/2021\/06\/kompressja-1.png' class='alignleft size-thumbnail' alt='COMPRESSION' width='70' height='70'\/><\/td><td style='width:100%;'><strong style='text-transform:uppercase;'>COMPRESSION<\/strong><\/td><\/tr><tr><td style='padding-right: 10px;'><img src='https:\/\/fixcast.pl\/wp-content\/uploads\/2022\/05\/8X.png' class='alignleft size-thumbnail' alt='SANGLES EN FORME DE 8' width='70' height='70'\/><\/td><td style='width:100%;'><strong style='text-transform:uppercase;'>SANGLES EN FORME DE 8<\/strong><\/td><\/tr><\/tbody><\/table>\n<\/div>\n<\/div>\n<div class=\"half with-image\" style=\"background-image: url('https:\/\/fixcast.pl\/wp-content\/uploads\/2021\/04\/4T7A8142.jpg');\"><\/div>\n<\/div>\n<div class=\"row\">\n<div class=\"half descr\">\n<div class=\"half-content\">\n<h2>ORTH\u00c8SE DE CHEVILLE ENFANT<\/h2>\n<\/div>\n<\/div>\n<div class=\"half with-image\" style=\"background-image: url('https:\/\/fixcast.pl\/wp-content\/uploads\/2021\/04\/4T7A2308.jpg');\"><\/div>\n<\/div>\n<div class=\"row\">\n<div class=\"half descr\">\n<div class=\"half-content\">\n<\/div>\n<\/div>\n<div class=\"half with-image\" style=\"background-image: url('https:\/\/fixcast.pl\/wp-content\/uploads\/2021\/04\/4T7A2312.jpg');\"><\/div>\n<\/div>\n<div class=\"row\">\n<div class=\"half descr\">\n<div class=\"half-content\">\n<p>Notre <strong>attelle de cheville pour enfants FIX-KD-40<\/strong> est fabriqu\u00e9e dans un mat\u00e9riau innovant de la plus haute qualit\u00e9 <strong>AeroSpace II<\/strong>.<\/p>\n<p><a data-rel='lightbox' href='https:\/\/www.reh4mat.com\/uploads\/2021\/04\/AERO-SPACE-II-1190x630.png'><img src='https:\/\/www.reh4mat.com\/uploads\/2021\/04\/AERO-SPACE-II-1190x630.png' alt='' title='' class='aligncenter size-large' width='1024' height='542'><\/a><\/p>\n<\/div>\n<\/div>\n<div class=\"half descr\">\n<div class=\"half-content\">\n<p><strong>AeroSpace II\u2122<\/strong> est une mati\u00e8re premi\u00e8re innovante de nouvelle g\u00e9n\u00e9ration. Il s&#039;agit d&#039;un tricot \u00e9lastique \u00e0 espacement 3D compos\u00e9 de deux couches de parements et d&#039;entrelacs qui cr\u00e9ent la bonne \u00e9paisseur de la mati\u00e8re premi\u00e8re et pr\u00e9sentent des propri\u00e9t\u00e9s d&#039;all\u00e8gement de la pression. Le tissu tricot\u00e9 est compos\u00e9 de fils de polyester de premi\u00e8re qualit\u00e9 qui garantissent une r\u00e9sistance m\u00e9canique \u00e9lev\u00e9e et de spandex qui assure sa flexibilit\u00e9. Cette mati\u00e8re premi\u00e8re se caract\u00e9rise par un poids tr\u00e8s faible, une grande \u00e9lasticit\u00e9 et une construction ajour\u00e9e, permettant d&#039;\u00e9vacuer tr\u00e8s facilement la transpiration du corps et d&#039;alimenter la peau en air frais. Les produits fabriqu\u00e9s dans ce mat\u00e9riau sont neutres pour l&#039;articulation prot\u00e9g\u00e9e, ils ne la r\u00e9chauffent ni ne la refroidissent, mais ils assurent sa bonne compression et son ajustement et r\u00e9duisent les vibrations musculaires survenant lors d&#039;un effort physique. Son \u00e9paisseur et sa structure 3D soulagent parfaitement la charge des attelles, baleines en acier ou orthop\u00e9diques install\u00e9es sur le produit et garantissent une douceur velout\u00e9e au toucher.<\/p>\n<\/div>\n<\/div>\n<\/div>\n<div class=\"row\">\n<div class=\"half descr\">\n<div class=\"half-content\">\n<p>Des \u00e9lastiques en <strong>Airrubber III<\/strong>.<\/p>\n<p><a data-rel='lightbox' href='https:\/\/www.reh4mat.com\/uploads\/2023\/02\/AIR-RUBBER-III-1190x630.png'><img src='https:\/\/www.reh4mat.com\/uploads\/2023\/02\/AIR-RUBBER-III-1190x630.png' alt='' title='' class='aligncenter size-large' width='1024' height='542'><\/a><\/p>\n<p><strong>AirRubber III\u2122<\/strong> est fabriqu\u00e9 de mani\u00e8re sp\u00e9cifique, ce qui lui conf\u00e8re une \u00e9lasticit\u00e9 unidirectionnelle. Il ne s&#039;\u00e9tire pas transversalement, mais il s&#039;\u00e9tire longitudinalement, ce qui garantit la bonne compression du produit. Au cours du processus de tissage du caoutchouc, des mailles naturelles se forment, ce qui permet \u00e0 l&#039;air de passer facilement entre les mailles du caoutchouc et d&#039;atteindre la surface de la peau, en l&#039;oxyg\u00e9nant. En outre, les brins de caoutchouc procurent un micromassage doux lorsque le produit est plus comprim\u00e9. Le caoutchouc orthop\u00e9dique est un mat\u00e9riau tr\u00e8s respectueux de la peau.<\/p>\n<\/div>\n<\/div>\n<div class=\"half with-image\" style=\"background-image: url('https:\/\/fixcast.pl\/wp-content\/uploads\/2021\/04\/4T7A2349.jpg');\"><\/div>\n<\/div>\n<div class=\"row\">\n<div class=\"half descr\">\n<div class=\"half-content\">\n<table border=\"0\" cellspacing=\"0\">\n<thead>\n<tr>\n<th style=\"text-align: center;\">Taille<\/th>\n<th style=\"text-align: center;\">Tour du talon<\/th>\n<th style=\"text-align: center;\">M\u00e9thode de mesure<\/th>\n<\/tr>\n<\/thead>\n<colgroup width=\"100\"><\/colgroup>\n<colgroup width=\"150\"><\/colgroup>\n<colgroup width=\"150\"><\/colgroup>\n<tbody>\n<tr>\n<td style=\"height: 30px; text-align: center;\">1<\/td>\n<td style=\"height: 30px; text-align: center;\">21- 24 cm<\/td>\n<td style=\"text-align: center;\" rowspan=\"2\"><img loading=\"lazy\" class=\"aligncenter wp-image-7774\" title=\"M\u00e9thode de mesure\" src=\"https:\/\/reh4mat.com\/uploads\/2012\/08\/obwod-przez-piete.png\" alt=\"\" width=\"175\" height=\"175\" \/><\/td>\n<\/tr>\n<tr>\n<td style=\"height: 30px; text-align: center;\">2<\/td>\n<td style=\"height: 30px; text-align: center;\">24 &#8211; 27 cm<\/td>\n<\/tr>\n<\/tbody>\n<\/table>\n<p><strong>Convient aux deux pieds.<\/strong><\/p>\n<h3>A&nbsp;TELECHARGER<\/h3>\n<ul class=\"pdf\">\n<li><a href=\"https:\/\/reh4mat.com\/instrukcje\/45.pdf\">Mode d&#8217;emploi<\/a><\/li>\n<li><a href=\"https:\/\/fixcast.pl\/wp-content\/uploads\/2022\/07\/FIX-KD-40.pdf\">M\u00e9thode d&rsquo;application<\/a><\/li>\n<\/ul>\n<\/div>\n<\/div>\n<div class=\"half with-image\" style=\"background-image: url('https:\/\/fixcast.pl\/wp-content\/uploads\/2021\/04\/4T7A2313.jpg');\"><\/div>\n<\/div>\n<div class=\"clear\"><\/div>\n<\/div>\n","protected":false},"excerpt":{"rendered":"<p>Attelle de cheville avec bandes en figure de 8<\/p>\n","protected":false},"featured_media":12574,"comment_status":"open","ping_status":"closed","template":"","meta":[],"_links":{"self":[{"href":"https:\/\/fixcast.pl\/fr\/wp-json\/wp\/v2\/product\/6376"}],"collection":[{"href":"https:\/\/fixcast.pl\/fr\/wp-json\/wp\/v2\/product"}],"about":[{"href":"https:\/\/fixcast.pl\/fr\/wp-json\/wp\/v2\/types\/product"}],"replies":[{"embeddable":true,"href":"https:\/\/fixcast.pl\/fr\/wp-json\/wp\/v2\/comments?post=6376"}],"version-history":[{"count":9,"href":"https:\/\/fixcast.pl\/fr\/wp-json\/wp\/v2\/product\/6376\/revisions"}],"predecessor-version":[{"id":12290,"href":"https:\/\/fixcast.pl\/fr\/wp-json\/wp\/v2\/product\/6376\/revisions\/12290"}],"wp:featuredmedia":[{"embeddable":true,"href":"https:\/\/fixcast.pl\/fr\/wp-json\/wp\/v2\/media\/12574"}],"wp:attachment":[{"href":"https:\/\/fixcast.pl\/fr\/wp-json\/wp\/v2\/media?parent=6376"}],"curies":[{"name":"wp","href":"https:\/\/api.w.org\/{rel}","templated":true}]}}