{"id":6563,"date":"2021-11-26T13:07:32","date_gmt":"2021-11-26T13:03:59","guid":{"rendered":"https:\/\/fixcast.pl\/?post_type=product&#038;p=6563"},"modified":"2022-02-02T11:30:04","modified_gmt":"2022-02-02T10:30:04","slug":"fix-kg-21","status":"publish","type":"product","link":"https:\/\/fixcast.pl\/fr\/produit\/fix-kg-21\/","title":{"rendered":"FIX-KG-21"},"content":{"rendered":"<div class=\"description-tiles\">\n<div class=\"row\">\n<div class=\"half descr\">\n<div id=\"zalety\" class=\"half-content\">\n<table class='zalety'><tbody><tr><td style='padding-right: 10px;'><img src='https:\/\/ortezydladzieci.pl\/wp-content\/uploads\/2017\/12\/CLASS-1-MEDICAL-DEVICE-1-150x150.png' class='alignleft size-thumbnail' alt='PRODUIT MEDICAL DE CLASSE 1' width='70' height='70'\/><\/td><td style='width:100%;'><strong style='text-transform:uppercase;'>PRODUIT MEDICAL DE CLASSE 1<\/strong><\/td><\/tr><tr><td style='padding-right: 10px;'><img src='https:\/\/ortezydladzieci.pl\/wp-content\/uploads\/2017\/12\/ODDYCHAJACY-150x150.png' class='alignleft size-thumbnail' alt='RESPIRANT' width='70' height='70'\/><\/td><td style='width:100%;'><strong style='text-transform:uppercase;'>RESPIRANT<\/strong><\/td><\/tr><tr><td style='padding-right: 10px;'><img src='https:\/\/fixcast.pl\/wp-content\/uploads\/2018\/07\/dwustr-150x150.png' class='alignleft size-thumbnail' alt='BIFACE' width='70' height='70'\/><\/td><td style='width:100%;'><strong style='text-transform:uppercase;'>BIFACE<\/strong><\/td><\/tr><tr><td style='padding-right: 10px;'><img src='https:\/\/ortezydladzieci.pl\/wp-content\/uploads\/2017\/12\/szeroki-zakres-regulacji-150x150.png' class='alignleft size-thumbnail' alt='LARGE GAMME D'AJUSTEMENT' width='70' height='70'\/><\/td><td style='width:100%;'><strong style='text-transform:uppercase;'>LARGE GAMME D'AJUSTEMENT<\/strong><\/td><\/tr><tr><td style='padding-right: 10px;'><img src='https:\/\/ortezydladzieci.pl\/wp-content\/uploads\/2017\/12\/rozmiar-uniwersalny-150x150.png' class='alignleft size-thumbnail' alt='TAILLE UNIVERSELLE' width='70' height='70'\/><\/td><td style='width:100%;'><strong style='text-transform:uppercase;'>TAILLE UNIVERSELLE<\/strong><\/td><\/tr><\/tbody><\/table>\n<\/div>\n<\/div>\n<div class=\"half with-image\" style=\"background-image: url('https:\/\/fixcast.pl\/wp-content\/uploads\/2021\/11\/4T7A1883.jpg');\"><\/div>\n<\/div>\n<div class=\"row\">\n<div class=\"half descr\">\n<div class=\"half-content\">\n<p>L&rsquo;attelle est faite de <strong>ActiveDistance\u2122<\/strong>.<\/p>\n<p><strong>ActiveDistance\u2122<\/strong> est un lamin\u00e9 de trois couches, fait d\u2019une mousse confortable et de deux couches non-\u00e9lastiques en polyamide. <strong>ActiveDistance\u2122<\/strong> est non-\u00e9lastique, ce qui am\u00e9liore la stabilisation. La mousse int\u00e9rieure rend notre mati\u00e8re douce et confortable. <strong>ActiveDistance\u2122<\/strong> est autoadh\u00e9sive des deux c\u00f4t\u00e9s, ce qui permet un ajustement parfait des appareils.<\/p>\n<p><a data-rel='lightbox' href='https:\/\/www.reh4mat.com\/uploads\/2021\/04\/ACTIVE-DISTANCE1-1190x630.png'><img src='https:\/\/www.reh4mat.com\/uploads\/2021\/04\/ACTIVE-DISTANCE1-1190x630.png' alt='' title='' class='aligncenter size-large' width='1024' height='542'><\/a><\/p>\n<p>L&rsquo;attelle comprend&nbsp;: une ceinture de torse avec un brassard, une \u00e9charpe et deux coussins d&rsquo;\u00e9paule rotatifs. La ceinture de torse et le brassard ont une fonction velcro et un ajustement circonf\u00e9rentiel. <\/p>\n<\/div>\n<\/div>\n<div class=\"half with-image\" style=\"background-image: url('https:\/\/fixcast.pl\/wp-content\/uploads\/2021\/11\/4T7A1909.jpg');\"><\/div>\n<\/div>\n<div class=\"row\">\n<div class=\"half descr\">\n<div class=\"half-content\">\n<p><a data-rel='lightbox' href='https:\/\/www.reh4mat.com\/uploads\/2022\/02\/SOFT-COMFORT-1190x630.png'><img src='https:\/\/www.reh4mat.com\/uploads\/2022\/02\/SOFT-COMFORT-1190x630.png' alt='' title='' class='aligncenter size-large' width='1024' height='542'><\/a><\/p>\n\n<\/div>\n<\/div>\n<div class=\"half with-image\" style=\"background-image: url('https:\/\/fixcast.pl\/wp-content\/uploads\/2021\/11\/4T7A1892.jpg');\"><\/div>\n<\/div>\n<div class=\"row\">\n<div class=\"half descr\">\n<div class=\"half-content\">\n<p>L&rsquo;\u00e9charpe a&nbsp;une boucle \u00e0 pression, un r\u00e9glage de la longueur de la bandouli\u00e8re et une \u00e9charpe pour le pouce. Le couvre-cou de la bandouli\u00e8re est en <strong>VelvetCotton\u2122<\/strong>. <\/p>\n\n<p><a data-rel='lightbox' href='https:\/\/www.reh4mat.com\/uploads\/2021\/07\/VELVET-COTTON-1190x630.jpg'><img src='https:\/\/www.reh4mat.com\/uploads\/2021\/07\/VELVET-COTTON-1190x630.jpg' alt='' title='' class='aligncenter size-large' width='1024' height='542'><\/a><\/p>\n<\/div>\n<\/div>\n<div class=\"half with-image\" style=\"background-image: url('https:\/\/fixcast.pl\/wp-content\/uploads\/2021\/11\/4T7A1905.jpg');\"><\/div>\n<\/div>\n<div class=\"row\">\n<div class=\"half descr\">\n<div class=\"half-content\">\n<p>Les coussins rotatifs sont faits de mousse dure garnie de velours, attach\u00e9s avec du velcro. <\/p>\n<\/div>\n<\/div>\n<div class=\"half with-image\" style=\"background-image: url('https:\/\/fixcast.pl\/wp-content\/uploads\/2021\/11\/4T7A1902.jpg');\"><\/div>\n<\/div>\n<div class=\"row\">\n<div class=\"half descr\">\n<div class=\"half-content\">\n<h3>Tailles disponibles<\/h3>\n<table width=\"615\" cellspacing=\"0\" cellpadding=\"4\">\n<colgroup>\n<col width=\"98\" \/>\n<col width=\"314\" \/>\n<col width=\"178\" \/> <\/colgroup>\n<tbody>\n<tr valign=\"top\">\n<th style=\"width: 98px; height: 24px; text-align: center; vertical-align: middle;\">Taille<\/th>\n<th style=\"text-align: center; vertical-align: middle;\">Tour de bras (A)<\/th>\n<th style=\"text-align: center; vertical-align: middle;\">La circonf\u00e9rence de la poitrine \u00e0 la hauteur de l&rsquo;appendice xipho\u00efde (B)<\/th>\n<th style=\"text-align: center; vertical-align: middle;\">M\u00e9thode de mesure<\/th>\n<\/tr>\n<tr valign=\"top\">\n<td style=\"text-align: center; vertical-align: middle;\">Universel<\/td>\n<td style=\"text-align: center; vertical-align: middle;\">15 &#8211; 25 cm<\/td>\n<td style=\"text-align: center; vertical-align: middle;\">50 &#8211; 75 cm<\/td>\n<td style=\"text-align: center; vertical-align: middle;\"><img loading=\"lazy\" src=\"https:\/\/fixcast.pl\/wp-content\/uploads\/2021\/11\/FIX-KG-21_pomiar.jpg\" alt=\"M\u00e9thode de mesure\" width=\"237\" height=\"208\" class=\"aligncenter size-full wp-image-6510\" \/><\/td>\n<\/tr>\n<\/tbody>\n<\/table>\n<\/div>\n<\/div>\n<div class=\"half with-image\" style=\"background-image: url('https:\/\/fixcast.pl\/wp-content\/uploads\/2021\/11\/4T7A1896.jpg');\"><\/div>\n<\/div>\n<div class=\"row\">\n<div class=\"half descr\">\n<div class=\"half-content\">\n<h3>\u00c0 t\u00e9l\u00e9charger<\/h3>\n<ul class=\"pdf\">\n<li>\n\t\t<a href=\"https:\/\/www.reh4mat.com\/deklaracje\/en\/61.pdf\">Declaration of Conformity<\/a>\n\t<\/li>\n<li>\n\t\t<a href=\"https:\/\/www.reh4mat.com\/instrukcje\/102.pdf\">Manual<\/a>\n\t<\/li>\n<\/ul>\n<\/div>\n<\/div>\n<div class=\"half with-image\" style=\"background-image: url('https:\/\/fixcast.pl\/wp-content\/uploads\/2021\/11\/4T7A1899.jpg');\"><\/div>\n<\/div>\n<div class=\"clear\"><\/div>\n<\/div>\n","protected":false},"excerpt":{"rendered":"<p><strong>ATTELLE D&#039;\u00c9PAULE UNIVERSELLE AVEC COUSSINS<\/strong><\/p>\n","protected":false},"featured_media":6519,"comment_status":"open","ping_status":"closed","template":"","meta":[],"_links":{"self":[{"href":"https:\/\/fixcast.pl\/fr\/wp-json\/wp\/v2\/product\/6563"}],"collection":[{"href":"https:\/\/fixcast.pl\/fr\/wp-json\/wp\/v2\/product"}],"about":[{"href":"https:\/\/fixcast.pl\/fr\/wp-json\/wp\/v2\/types\/product"}],"replies":[{"embeddable":true,"href":"https:\/\/fixcast.pl\/fr\/wp-json\/wp\/v2\/comments?post=6563"}],"version-history":[{"count":3,"href":"https:\/\/fixcast.pl\/fr\/wp-json\/wp\/v2\/product\/6563\/revisions"}],"predecessor-version":[{"id":7391,"href":"https:\/\/fixcast.pl\/fr\/wp-json\/wp\/v2\/product\/6563\/revisions\/7391"}],"wp:featuredmedia":[{"embeddable":true,"href":"https:\/\/fixcast.pl\/fr\/wp-json\/wp\/v2\/media\/6519"}],"wp:attachment":[{"href":"https:\/\/fixcast.pl\/fr\/wp-json\/wp\/v2\/media?parent=6563"}],"curies":[{"name":"wp","href":"https:\/\/api.w.org\/{rel}","templated":true}]}}