{"id":1516,"date":"2019-06-14T13:12:57","date_gmt":"2019-06-14T11:12:57","guid":{"rendered":"http:\/\/fixcast.pl\/?page_id=1516"},"modified":"2026-04-17T15:15:46","modified_gmt":"2026-04-17T13:15:46","slug":"kontakt","status":"publish","type":"page","link":"https:\/\/fixcast.pl\/ru\/kontakt\/","title":{"rendered":"\u041a\u043e\u043d\u0442\u0430\u043a\u0442"},"content":{"rendered":"<p><strong><img loading=\"lazy\" src=\"http:\/\/4clinic.pl\/wp-content\/uploads\/2019\/01\/fabryka.png\" alt=\"\" width=\"18px;\" height=\"18px;\" \/>\u00a0REH4MAT Sp. z\u00a0o.o.<\/strong><\/p>\n<p>ul. Zenitowa 5a,<br \/>\n35-301 Rzesz\u00f3w<\/p>\n<p>Factory of Orthopaedic Devices:<br \/>\nul. Truskawkowa 17, Widna G\u00f3ra, 37-500 Jaros\u0142aw, POLAND<br \/>\nBDO&nbsp;: 000618865<\/p>\n<p>Tel: +48 16 621 42 20<br \/>\nFax: +48 16 621 42 13<br \/>\nCell: +48 508 382 505<\/p>\n<p>e-mail: export@reh4mat.com<\/p>\n<p>www.reh4mat.com<\/p>\n<p>&nbsp;<\/p>\n<p>&nbsp;<\/p>\n<h3>\u041d\u0430\u043f\u0438\u0448\u0438\u0442\u0435 \u043d\u0430\u043c<\/h3>\n<div role=\"form\" class=\"wpcf7\" id=\"wpcf7-f1517-o1\" lang=\"pl-PL\" dir=\"ltr\">\n<div class=\"screen-reader-response\"><\/div>\n<form action=\"\/ru\/wp-json\/wp\/v2\/pages\/1516#wpcf7-f1517-o1\" method=\"post\" class=\"wpcf7-form\" novalidate=\"novalidate\">\n<div style=\"display: none;\">\n<input type=\"hidden\" name=\"_wpcf7\" value=\"1517\" \/>\n<input type=\"hidden\" name=\"_wpcf7_version\" value=\"4.9.2\" \/>\n<input type=\"hidden\" name=\"_wpcf7_locale\" value=\"pl_PL\" \/>\n<input type=\"hidden\" name=\"_wpcf7_unit_tag\" value=\"wpcf7-f1517-o1\" \/>\n<input type=\"hidden\" name=\"_wpcf7_container_post\" value=\"0\" \/>\n<\/div>\n<p><label> \u0412\u0430\u0448 Email (\u0442\u0440\u0435\u0431\u0443\u0435\u0442\u0441\u044f \u0437\u0430\u043f\u043e\u043b\u043d\u0438\u0442\u044c)<br \/>\n    <span class=\"wpcf7-form-control-wrap your-email\"><input type=\"email\" name=\"your-email\" value=\"\" size=\"40\" class=\"wpcf7-form-control wpcf7-text wpcf7-email wpcf7-validates-as-required wpcf7-validates-as-email\" aria-required=\"true\" aria-invalid=\"false\" \/><\/span> <\/label><\/p>\n<p><label> \u0422\u0435\u043c\u0430<br \/>\n    <span class=\"wpcf7-form-control-wrap your-subject\"><input type=\"text\" name=\"your-subject\" value=\"\" size=\"40\" class=\"wpcf7-form-control wpcf7-text\" aria-invalid=\"false\" \/><\/span> <\/label><\/p>\n<p><label> \u0421\u043e\u043e\u0431\u0449\u0435\u043d\u0438\u0435<br \/>\n    <span class=\"wpcf7-form-control-wrap your-message\"><textarea name=\"your-message\" cols=\"40\" rows=\"10\" class=\"wpcf7-form-control wpcf7-textarea\" aria-invalid=\"false\"><\/textarea><\/span> <\/label><\/p>\n<p><label> \u042f \u0441\u043e\u0433\u043b\u0430\u0448\u0430\u044e\u0441\u044c \u043d\u0430 \u043e\u0431\u0440\u0430\u0431\u043e\u0442\u043a\u0443 \u043f\u0435\u0440\u0441\u043e\u043d\u0430\u043b\u044c\u043d\u044b\u0445 \u0434\u0430\u043d\u043d\u044b\u0445 <span class=\"wpcf7-form-control-wrap acceptance\"><input type=\"checkbox\" name=\"acceptance\" value=\"1\" class=\"wpcf7-form-control wpcf7-acceptance\" aria-invalid=\"false\" \/><\/span> <\/label><\/p>\n<div class=\"wpcf7-form-control-wrap\"><div data-sitekey=\"6Le02bcUAAAAAND21YlgZ6t9XHdt8Jn9aoBUQTE4\" class=\"wpcf7-form-control g-recaptcha wpcf7-recaptcha\"><\/div>\n<noscript>\n\t<div style=\"width: 302px; height: 422px;\">\n\t\t<div style=\"width: 302px; height: 422px; position: relative;\">\n\t\t\t<div style=\"width: 302px; height: 422px; position: absolute;\">\n\t\t\t\t<iframe src=\"https:\/\/www.google.com\/recaptcha\/api\/fallback?k=6Le02bcUAAAAAND21YlgZ6t9XHdt8Jn9aoBUQTE4\" frameborder=\"0\" scrolling=\"no\" style=\"width: 302px; height:422px; border-style: none;\">\n\t\t\t\t<\/iframe>\n\t\t\t<\/div>\n\t\t\t<div style=\"width: 300px; height: 60px; border-style: none; bottom: 12px; left: 25px; margin: 0px; padding: 0px; right: 25px; background: #f9f9f9; border: 1px solid #c1c1c1; border-radius: 3px;\">\n\t\t\t\t<textarea id=\"g-recaptcha-response\" name=\"g-recaptcha-response\" class=\"g-recaptcha-response\" style=\"width: 250px; height: 40px; border: 1px solid #c1c1c1; margin: 10px 25px; padding: 0px; resize: none;\">\n\t\t\t\t<\/textarea>\n\t\t\t<\/div>\n\t\t<\/div>\n\t<\/div>\n<\/noscript>\n<\/div>\n<p><input type=\"submit\" value=\"\u041e\u0442\u043f\u0440\u0430\u0432\u0438\u0442\u044c\" class=\"wpcf7-form-control wpcf7-submit\" \/><\/p>\n<div class=\"wpcf7-response-output wpcf7-display-none\"><\/div><\/form><\/div>\n<p>&nbsp;<\/p>\n","protected":false},"excerpt":{"rendered":"<p>\u00a0REH4MAT Sp. z\u00a0o.o. ul. Zenitowa 5a, 35-301 Rzesz\u00f3w Factory of Orthopaedic Devices: ul. Truskawkowa 17, Widna G\u00f3ra, 37-500 Jaros\u0142aw, POLAND BDO&nbsp;: 000618865 Tel: +48 16 621 42 20 Fax: +48 16 621 42 13 Cell: +48 508 382 505 e-mail: export@reh4mat.com www.reh4mat.com &nbsp; &nbsp; \u041d\u0430\u043f\u0438\u0448\u0438\u0442\u0435 \u043d\u0430\u043c &nbsp;<\/p>\n","protected":false},"author":1,"featured_media":0,"parent":0,"menu_order":0,"comment_status":"closed","ping_status":"closed","template":"","meta":[],"_links":{"self":[{"href":"https:\/\/fixcast.pl\/ru\/wp-json\/wp\/v2\/pages\/1516"}],"collection":[{"href":"https:\/\/fixcast.pl\/ru\/wp-json\/wp\/v2\/pages"}],"about":[{"href":"https:\/\/fixcast.pl\/ru\/wp-json\/wp\/v2\/types\/page"}],"author":[{"embeddable":true,"href":"https:\/\/fixcast.pl\/ru\/wp-json\/wp\/v2\/users\/1"}],"replies":[{"embeddable":true,"href":"https:\/\/fixcast.pl\/ru\/wp-json\/wp\/v2\/comments?post=1516"}],"version-history":[{"count":3,"href":"https:\/\/fixcast.pl\/ru\/wp-json\/wp\/v2\/pages\/1516\/revisions"}],"predecessor-version":[{"id":12814,"href":"https:\/\/fixcast.pl\/ru\/wp-json\/wp\/v2\/pages\/1516\/revisions\/12814"}],"wp:attachment":[{"href":"https:\/\/fixcast.pl\/ru\/wp-json\/wp\/v2\/media?parent=1516"}],"curies":[{"name":"wp","href":"https:\/\/api.w.org\/{rel}","templated":true}]}}