{"id":4890,"date":"2021-05-31T14:38:47","date_gmt":"2021-08-04T12:52:55","guid":{"rendered":"https:\/\/fixcast.pl\/?post_type=product&#038;p=4890"},"modified":"2023-06-23T10:23:38","modified_gmt":"2023-06-23T08:23:38","slug":"fix-kd-18","status":"publish","type":"product","link":"https:\/\/fixcast.pl\/ru\/produkt\/fix-kd-18\/","title":{"rendered":"FIX-KD-18"},"content":{"rendered":"<div class=\"description-tiles\">\n<div class=\"row\">\n<div class=\"half descr\">\n<div id=\"zalety\" class=\"half-content\">\n<h3>\u041f\u0440\u0435\u0438\u043c\u0443\u0449\u0435\u0441\u0442\u0432\u0430<\/h3>\n<table class='zalety'><tbody><tr><td style='padding-right: 10px;'><img src='https:\/\/ortezydladzieci.pl\/wp-content\/uploads\/2017\/12\/orteza-kolana-150x150.png' class='alignleft size-thumbnail' alt='\u041e\u0420\u0422\u0415\u0417 \u041a\u041e\u041b\u0415\u041d\u0410' width='70' height='70'\/><\/td><td style='width:100%;'><strong style='text-transform:uppercase;'>\u041e\u0420\u0422\u0415\u0417 \u041a\u041e\u041b\u0415\u041d\u0410<\/strong><\/td><\/tr><tr><td style='padding-right: 10px;'><img src='https:\/\/ortezydladzieci.pl\/wp-content\/uploads\/2017\/12\/CLASS-1-MEDICAL-DEVICE-1-150x150.png' class='alignleft size-thumbnail' alt='\u041c\u0415\u0414\u0418\u0426\u0418\u041d\u0421\u041a\u041e\u0415 \u0418\u0417\u0414\u0415\u041b\u0418\u0415 I \u041a\u041b\u0410\u0421\u0421\u0410' width='70' height='70'\/><\/td><td style='width:100%;'><strong style='text-transform:uppercase;'>\u041c\u0415\u0414\u0418\u0426\u0418\u041d\u0421\u041a\u041e\u0415 \u0418\u0417\u0414\u0415\u041b\u0418\u0415 I \u041a\u041b\u0410\u0421\u0421\u0410<\/strong><\/td><\/tr><tr><td style='padding-right: 10px;'><img src='https:\/\/fixcast.pl\/wp-content\/uploads\/2018\/07\/dwustr-150x150.png' class='alignleft size-thumbnail' alt='\u0414\u0412\u0423\u0421\u0422\u041e\u0420\u041e\u041d\u041d\u0418\u0419' width='70' height='70'\/><\/td><td style='width:100%;'><strong style='text-transform:uppercase;'>\u0414\u0412\u0423\u0421\u0422\u041e\u0420\u041e\u041d\u041d\u0418\u0419<\/strong><\/td><\/tr><tr><td style='padding-right: 10px;'><img src='https:\/\/ortezydladzieci.pl\/wp-content\/uploads\/2017\/12\/szeroki-zakres-regulacji-150x150.png' class='alignleft size-thumbnail' alt='\u0428\u0418\u0420\u041e\u041a\u0418\u0419 \u0414\u0418\u0410\u041f\u0410\u0417\u041e\u041d \u0420\u0415\u0413\u0423\u041b\u0418\u0420\u041e\u0412\u041e\u041a' width='70' height='70'\/><\/td><td style='width:100%;'><strong style='text-transform:uppercase;'>\u0428\u0418\u0420\u041e\u041a\u0418\u0419 \u0414\u0418\u0410\u041f\u0410\u0417\u041e\u041d \u0420\u0415\u0413\u0423\u041b\u0418\u0420\u041e\u0412\u041e\u041a<\/strong><\/td><\/tr><tr><td style='padding-right: 10px;'><img src='https:\/\/ortezydladzieci.pl\/wp-content\/uploads\/2021\/06\/anatomiczny-pier\u015bcie\u0144-oko\u0142orzepkowy-2.png' class='alignleft size-thumbnail' alt='\u0410\u041d\u0410\u0422\u041e\u041c\u0418\u0427\u0415\u0421\u041a\u041e\u0415 \u041a\u041e\u041b\u042c\u0426\u041e \u041d\u0410\u0414\u041a\u041e\u041b\u0415\u041d\u041d\u0418\u041a\u0410' width='70' height='70'\/><\/td><td style='width:100%;'><strong style='text-transform:uppercase;'>\u0410\u041d\u0410\u0422\u041e\u041c\u0418\u0427\u0415\u0421\u041a\u041e\u0415 \u041a\u041e\u041b\u042c\u0426\u041e \u041d\u0410\u0414\u041a\u041e\u041b\u0415\u041d\u041d\u0418\u041a\u0410<\/strong><\/td><\/tr><tr><td style='padding-right: 10px;'><img src='https:\/\/ortezydladzieci.pl\/wp-content\/uploads\/2021\/06\/kompressja-1.png' class='alignleft size-thumbnail' alt='\u041a\u041e\u041c\u041f\u0420\u0415\u0421\u0421\u0418\u042f' width='70' height='70'\/><\/td><td style='width:100%;'><strong style='text-transform:uppercase;'>\u041a\u041e\u041c\u041f\u0420\u0415\u0421\u0421\u0418\u042f<\/strong><\/td><\/tr><\/tbody><\/table>\n<\/div>\n<\/div>\n<div class=\"half with-image\" style=\"background-image: url('https:\/\/fixcast.pl\/wp-content\/uploads\/2021\/05\/DSC_0042-1.jpg');\"><\/div>\n<\/div>\n<div class=\"row\">\n<div class=\"half descr\">\n<div class=\"half-content\">\n<h3>\u0425\u0430\u0440\u0430\u043a\u0442\u0435\u0440\u0438\u0441\u0442\u0438\u043a\u0430 \u043f\u0440\u043e\u0434\u0443\u043a\u0442\u0430<\/h3>\n<p>\u0414\u0435\u0442\u0441\u043a\u0438\u0439 \u043e\u0440\u0442\u0435\u0437 \u043a\u043e\u043b\u0435\u043d\u043d\u043e\u0439 \u0447\u0430\u0448\u0435\u0447\u043a\u0438 FIX-KD-18 \u0438\u0437\u0433\u043e\u0442\u043e\u0432\u043b\u0435\u043d \u0438\u0437 \u043f\u0440\u0438\u044f\u0442\u043d\u043e\u0433\u043e \u0434\u043b\u044f \u043a\u043e\u0436\u0438 3D \u043c\u0430\u0442\u0435\u0440\u0438\u0430\u043b\u0430 <strong>AeroSpace II\u2122<\/strong>, \u043a\u043e\u0442\u043e\u0440\u044b\u0439 \u043f\u043e\u0434\u0434\u0435\u0440\u0436\u0438\u0432\u0430\u0435\u0442 \u043f\u043e\u0441\u0442\u043e\u044f\u043d\u043d\u0443\u044e \u043a\u043e\u043c\u043f\u0440\u0435\u0441\u0441\u0438\u044e \u0441\u0443\u0441\u0442\u0430\u0432\u0430. <\/p>\n<p>\u0418\u043d\u043d\u043e\u0432\u0430\u0446\u0438\u043e\u043d\u043d\u044b\u0439 \u0434\u0438\u0437\u0430\u0439\u043d \u043e\u0440\u0442\u0435\u0437\u0430 \u0434\u0435\u043b\u0430\u0435\u0442 \u0435\u0433\u043e \u043f\u043e\u0434\u0445\u043e\u0434\u044f\u0449\u0438\u043c \u043a\u0430\u043a \u0434\u043b\u044f \u043f\u0440\u0430\u0432\u043e\u0439, \u0442\u0430\u043a \u0438 \u0434\u043b\u044f \u043b\u0435\u0432\u043e\u0439 \u043d\u043e\u0433\u0438. <\/p>\n<p><strong>\u0414\u0435\u0442\u0441\u043a\u0438\u0439 \u043e\u0440\u0442\u0435\u0437 FIX-KD-18<\/strong> \u0438\u0434\u0435\u0430\u043b\u044c\u043d\u043e \u043f\u043e\u0434\u0445\u043e\u0434\u0438\u0442 \u0434\u043b\u044f \u043f\u0440\u043e\u0444\u0438\u043b\u0430\u043a\u0442\u0438\u043a\u0438 \u0434\u0435\u0442\u0441\u043a\u0438\u0445 \u0442\u0440\u0430\u0432\u043c \u043f\u0440\u0438 \u0437\u0430\u043d\u044f\u0442\u0438\u044f\u0445 \u0441\u043f\u043e\u0440\u0442\u043e\u043c, \u043d\u0430\u043f\u0440\u0438\u043c\u0435\u0440, \u0444\u0443\u0442\u0431\u043e\u043b\u043e\u043c \u0438\u043b\u0438 \u0431\u0430\u0441\u043a\u0435\u0442\u0431\u043e\u043b\u043e\u043c. <\/p>\n<p><a data-rel='lightbox' href='https:\/\/www.reh4mat.com\/uploads\/2021\/04\/AERO-SPACE-II-1190x630.png'><img src='https:\/\/www.reh4mat.com\/uploads\/2021\/04\/AERO-SPACE-II-1190x630.png' alt='' title='' class='aligncenter size-large' width='1024' height='542'><\/a><\/p>\n<\/div>\n<\/div>\n<div class=\"half with-image\" style=\"background-image: url('https:\/\/fixcast.pl\/wp-content\/uploads\/2021\/05\/DSC_0045-1.jpg');\"><\/div>\n<\/div>\n<div class=\"row\">\n<div class=\"half descr\">\n<div class=\"half-content\">\n<p><strong>AeroSpace II\u2122<\/strong> \u044d\u0442\u043e \u0438\u043d\u043d\u043e\u0432\u0430\u0446\u0438\u043e\u043d\u043d\u044b\u0439 \u043c\u0430\u0442\u0435\u0440\u0438\u0430\u043b \u043d\u043e\u0432\u043e\u0433\u043e \u043f\u043e\u043a\u043e\u043b\u0435\u043d\u0438\u044f. \u041f\u0440\u0435\u0434\u0441\u0442\u0430\u0432\u043b\u044f\u0435\u0442 \u0441\u043e\u0431\u043e\u0439 \u043f\u0440\u043e\u0441\u0442\u0440\u0430\u043d\u043d\u044b\u0439 \u0438 \u044d\u043b\u0430\u0441\u0442\u0438\u0447\u043d\u044b\u0439 3D \u043c\u0430\u0442\u0435\u0440\u0438\u0430\u043b, \u0441\u043e\u0441\u0442\u043e\u044f\u0449\u0438\u0439 \u0438\u0437 \u0434\u0432\u0443\u0445 \u0432\u043d\u0435\u0448\u043d\u0438\u0445 \u0441\u043b\u043e\u0435\u0432 \u0438 \u043f\u043b\u0435\u0442\u0435\u043d\u043d\u043e\u0439 \u0432\u043d\u0443\u0442\u0440\u0435\u043d\u043d\u0435\u0439 \u0447\u0430\u0441\u0442\u0438 \u0441\u043e\u0437\u0434\u0430\u044e\u0449\u0435\u0439 \u043d\u0443\u0436\u043d\u0443\u044e \u0442\u043e\u043b\u0449\u0438\u043d\u0443 \u0438 \u0440\u0430\u0437\u0433\u0440\u0443\u0436\u0430\u044e\u0449\u0438\u0435 \u0441\u0432\u043e\u0439\u0441\u0442\u0432\u0430. \u0418\u0441\u043f\u043e\u043b\u044c\u0437\u0443\u0435\u0442\u0441\u044f \u043f\u043e\u043b\u0438\u044d\u0441\u0442\u0440 \u043e\u0431\u0435\u0441\u043f\u0435\u0447\u0438\u0432\u0430\u044e\u0449\u0438\u0439 \u043c\u0435\u0445\u0430\u043d\u0438\u0447\u0435\u0441\u043a\u0443\u044e \u043f\u0440\u043e\u0447\u043d\u043e\u0441\u0442\u044c \u0438 \u0441\u043f\u0430\u043d\u0434\u0435\u043a\u0441 \u043e\u0431\u0435\u0441\u043f\u0435\u0447\u0438\u0432\u0430\u044e\u0449\u0438\u0439 \u044d\u043b\u0430\u0441\u0442\u0438\u0447\u043d\u043e\u0441\u0442\u044c. \u0418\u043c\u0435\u0435\u0442 \u0432\u043d\u0435\u0448\u043d\u0438\u0439 \u043f\u043e\u043b\u0438\u0430\u043c\u0438\u0434\u043d\u044b\u0439 \u0441\u043b\u043e\u0439 \u0441 \u0444\u0443\u043d\u043a\u0446\u0438\u0435\u0439 \u0441\u0430\u043c\u043e\u043a\u043b\u0435\u0435\u043d\u0438\u044f, \u0447\u0442\u043e \u043f\u043e\u0437\u0432\u043e\u043b\u044f\u0435\u0442 \u043b\u0435\u0433\u043a\u043e \u0440\u0435\u0433\u0443\u043b\u0438\u0440\u043e\u0432\u0430\u0442\u044c \u0438\u0437\u0434\u0435\u043b\u0438\u044f \u0438\u0437 \u044d\u0442\u043e\u0433\u043e \u043c\u0430\u0442\u0435\u0440\u0438\u0430\u043b\u0430. \u042d\u0442\u043e \u043e\u0447\u0435\u043d\u044c \u043b\u0435\u0433\u043a\u0438\u0439, \u0432\u044b\u0441\u043e\u043a\u043e \u044d\u043b\u0430\u0441\u0442\u0438\u0447\u043d\u044b\u0439 \u0438 \u0430\u0436\u0443\u0440\u043d\u044b\u0439 \u043c\u0430\u0442\u0435\u0440\u0438\u0430\u043b, \u0431\u043b\u0430\u0433\u043e\u0434\u0430\u0440\u044f \u0447\u0435\u043c\u0443 \u0445\u043e\u0440\u043e\u0448\u043e \u043e\u0442\u0432\u043e\u0434\u0438\u0442 \u043f\u043e\u0442 \u0438 \u0441\u043f\u043e\u0441\u043e\u0431\u0441\u0442\u0432\u0443\u0435\u0442 \u0432\u0435\u043d\u0442\u0438\u043b\u044f\u0446\u0438\u0438. \u0418\u0437\u0434\u0435\u043b\u0438\u044f \u0438\u0437 \u044d\u0442\u043e\u0433\u043e \u043c\u0430\u0442\u0435\u0440\u0438\u0430\u043b\u0430 \u043d\u0435\u0439\u0442\u0440\u0430\u043b\u044c\u043d\u044b \u043a \u0441\u0443\u0441\u0442\u0430\u0432\u0443, \u043d\u0435 \u0433\u0440\u0435\u044e\u0442 \u0438 \u043d\u0435 \u043e\u0445\u043b\u0430\u0436\u0434\u0430\u044e\u0442 \u0435\u0433\u043e, \u043d\u043e \u043f\u043e\u0434\u0434\u0435\u0440\u0436\u0438\u0432\u0430\u044e\u0442 \u043d\u0443\u0436\u043d\u0443\u044e \u043a\u043e\u043c\u043f\u0440\u0435\u0441\u0441\u0438\u044e \u0438 \u043f\u0440\u0438\u043b\u0435\u0433\u0430\u043d\u0438\u0435 \u0438 \u0443\u043c\u0435\u043d\u044c\u0448\u0430\u044e\u0442 \u0434\u0440\u043e\u0436\u044c \u043c\u044b\u0448\u0446 \u0432\u043e \u0432\u0440\u0435\u043c\u044f \u0444\u0438\u0437\u0438\u0447\u0435\u0441\u043a\u0438\u0445 \u043d\u0430\u0433\u0440\u0443\u0437\u043e\u043a. \u0415\u0433\u043e \u0442\u043e\u043b\u0449\u0438\u043d\u0430 \u0438 3D \u0441\u0442\u0440\u0443\u043a\u0442\u0443\u0440\u0430 \u0437\u0430\u0449\u0438\u0449\u0430\u044e\u0442 \u043e\u0442 \u0432\u043e\u0437\u0434\u0435\u0439\u0441\u0442\u0432\u0438\u044f \u0443\u0441\u0442\u0430\u043d\u043e\u0432\u043b\u0435\u043d\u043d\u044b\u0445 \u043d\u0430 \u0438\u0437\u0434\u0435\u043b\u0438\u0438 \u043e\u0440\u0442\u043e\u043f\u0435\u0434\u0438\u0447\u0435\u0441\u043a\u0438\u0445 \u0448\u0438\u043d, \u0444\u0438\u0448\u0431\u0438\u043d \u0438\u043b\u0438 \u0434\u0440\u0443\u0433\u0438\u0445 \u0436\u0435\u0441\u0442\u043a\u0438\u0445 \u044d\u043b\u0435\u043c\u0435\u043d\u0442\u043e\u0432 \u0438 \u0433\u0430\u0440\u0430\u043d\u0442\u0438\u0440\u0443\u044e\u0442 \u043c\u044f\u0433\u043a\u043e\u0441\u0442\u044c \u043d\u0430 \u043e\u0449\u0443\u043f\u044c.<\/p>\n<\/div>\n<\/div>\n<div class=\"half with-image\" style=\"background-image: url('https:\/\/fixcast.pl\/wp-content\/uploads\/2021\/05\/4T7A7574.jpg');\"><\/div>\n<\/div>\n<div class=\"row\">\n<div class=\"half descr\">\n<div class=\"half-content\">\n<p>\u041e\u0440\u0442\u0435\u0437 <strong>FIX-KD-18<\/strong> \u0438\u043c\u0435\u0435\u0442 \u0441\u043f\u0435\u0446\u0438\u0430\u043b\u044c\u043d\u043e\u0435 \u043a\u043e\u043b\u044c\u0446\u043e, \u043a\u043e\u0442\u043e\u0440\u043e\u0435 \u0441\u0442\u0430\u0431\u0438\u043b\u0438\u0437\u0438\u0440\u0443\u0435\u0442 \u043a\u043e\u043b\u0435\u043d\u043d\u0443\u044e \u0447\u0430\u0448\u0435\u0447\u043a\u0443 \u0438 \u043e\u0442\u043b\u0438\u0447\u043d\u043e \u0437\u0430\u0449\u0438\u0449\u0430\u0435\u0442 \u0435\u0435 \u0432 \u0441\u043b\u0443\u0447\u0430\u0435 \u0432\u044b\u0432\u0438\u0445\u0430 \u0438\u043b\u0438 \u043d\u0435\u0441\u0442\u0430\u0431\u0438\u043b\u044c\u043d\u043e\u0441\u0442\u0438. \u041a\u043e\u043b\u044c\u0446\u043e \u043f\u043e\u0437\u0438\u0446\u0438\u043e\u043d\u0438\u0440\u0443\u0435\u0442 \u043a\u043e\u043b\u0435\u043d\u043d\u0443\u044e \u0447\u0430\u0448\u0435\u0447\u043a\u0443 \u043f\u043e \u043e\u0441\u0438 \u0441\u0443\u0441\u0442\u0430\u0432\u0430, \u043e\u0431\u0435\u0441\u043f\u0435\u0447\u0438\u0432\u0430\u044f \u0435\u0435 \u043f\u0440\u0430\u0432\u0438\u043b\u044c\u043d\u0443\u044e \u0431\u0435\u0437\u0431\u043e\u043b\u0435\u0437\u043d\u0435\u043d\u043d\u0443\u044e \u043f\u043e\u0434\u0432\u0438\u0436\u043d\u043e\u0441\u0442\u044c. \u041a\u0440\u043e\u043c\u0435 \u0442\u043e\u0433\u043e, \u043f\u0440\u0430\u0432\u0438\u043b\u044c\u043d\u043e\u0435 \u043f\u043e\u043b\u043e\u0436\u0435\u043d\u0438\u0435 \u043a\u043e\u043b\u0435\u043d\u043d\u043e\u0439 \u0447\u0430\u0448\u0435\u0447\u043a\u0438 \u0441\u043d\u0438\u043c\u0430\u0435\u0442 \u043d\u0430\u0433\u0440\u0443\u0437\u043a\u0443 \u0441 \u043f\u0430\u0442\u0435\u043b\u043b\u043e\u0444\u0435\u043c\u043e\u0440\u0430\u043b\u044c\u043d\u043e\u0433\u043e \u0441\u0443\u0441\u0442\u0430\u0432\u0430, \u043f\u0440\u0435\u0434\u043e\u0442\u0432\u0440\u0430\u0449\u0430\u044f \u0435\u0433\u043e \u0434\u0435\u0433\u0435\u043d\u0435\u0440\u0430\u0446\u0438\u044e \u0432 \u0431\u0443\u0434\u0443\u0449\u0435\u043c. <\/p>\n<\/div>\n<\/div>\n<div class=\"half with-image\" style=\"background-image: url('https:\/\/fixcast.pl\/wp-content\/uploads\/2021\/05\/DSC_0039-ru-1.jpg');\"><\/div>\n<\/div>\n<div class=\"row\">\n<div class=\"half descr\">\n<div class=\"half-content\">\n<h3>\u041f\u0440\u0435\u0434\u043d\u0430\u0437\u043d\u0430\u0447\u0435\u043d\u0438\u0435<\/h3>\n<ul>\n<li>\u0431\u043e\u043a\u043e\u0432\u043e\u0439 \u0432\u044b\u0432\u0438\u0445 \u043d\u0430\u0434\u043a\u043e\u043b\u0435\u043d\u043d\u0438\u043a\u0430;<\/li>\n<li>\u043d\u0435\u0441\u0442\u0430\u0431\u0438\u043b\u044c\u043d\u043e\u0441\u0442\u044c \u043a\u043e\u043b\u0435\u043d\u043d\u043e\u0439 \u0447\u0430\u0448\u0435\u0447\u043a\u0438;<\/li>\n<li>\u043d\u0435\u0431\u043e\u043b\u044c\u0448\u0430\u044f \u043d\u0435\u0441\u0442\u0430\u0431\u0438\u043b\u044c\u043d\u043e\u0441\u0442\u044c \u043a\u043e\u043b\u0435\u043d\u043d\u043e\u0433\u043e \u0441\u0443\u0441\u0442\u0430\u0432\u0430;<\/li>\n<li>\u0431\u043e\u043b\u044c \u0432 \u043f\u0430\u0442\u0435\u043b\u043b\u043e\u0444\u0435\u043c\u043e\u0440\u0430\u043b\u044c\u043d\u043e\u043c \u0441\u0443\u0441\u0442\u0430\u0432\u0435;<\/li>\n<li>\u043d\u0430\u0440\u0443\u0448\u0435\u043d\u0438\u0435 \u043e\u0441\u0438 \u043a\u043e\u043b\u0435\u043d\u043d\u043e\u0433\u043e \u0441\u0443\u0441\u0442\u0430\u0432\u0430;<\/li>\n<li>\u043f\u0440\u0438\u0432\u044b\u0447\u043d\u044b\u0439 \u0438 \u0442\u0440\u0430\u0432\u043c\u0430\u0442\u0438\u0447\u0435\u0441\u043a\u0438\u0439 \u043f\u043e\u0434\u0432\u044b\u0432\u0438\u0445 \u043a\u043e\u043b\u0435\u043d\u043d\u043e\u0439 \u0447\u0430\u0448\u0435\u0447\u043a\u0438.<\/li>\n<\/ul>\n<\/div>\n<\/div>\n<div class=\"half with-image\" style=\"background-image: url('https:\/\/fixcast.pl\/wp-content\/uploads\/2021\/05\/DSC_0027-1.jpg');\"><\/div>\n<\/div>\n<div class=\"row\">\n<div class=\"half descr\">\n<div class=\"half-content\">\n<h3>\u0422\u0430\u0431\u043b\u0438\u0446\u0430 \u0440\u0430\u0437\u043c\u0435\u0440\u043e\u0432<\/h3>\n<table width=\"615\" cellspacing=\"0\" cellpadding=\"4\">\n<colgroup>\n<col width=\"98\" \/>\n<col width=\"314\" \/>\n<col width=\"178\" \/> <\/colgroup>\n<tbody>\n<tr valign=\"top\">\n<th style=\"width: 98px; height: 24px; text-align: center; vertical-align: middle;\" width=\"98\" height=\"24\">\u0420\u0430\u0437\u043c\u0435\u0440<\/th>\n<th style=\"text-align: center; vertical-align: middle;\" width=\"314\">\u041e\u043a\u0440\u0443\u0436\u043d\u043e\u0441\u0442\u044c \u043a\u043e\u043b\u0435\u043d\u0430<\/th>\n<th style=\"text-align: center; vertical-align: middle;\" width=\"178\">\u0421\u043e\u043e\u0442\u0432\u0435\u0442\u0441\u0442\u0432\u0443\u044e\u0449\u0438\u0439 \u0432\u043e\u0437\u0440\u0430\u0441\u0442<\/th>\n<th style=\"text-align: center; vertical-align: middle;\" width=\"178\">\u0421\u043f\u043e\u0441\u043e\u0431 \u0441\u043d\u044f\u0442\u0438\u044f \u043c\u0435\u0440\u043a\u0438<\/th>\n<\/tr>\n<tr valign=\"top\">\n<td style=\"text-align: center; vertical-align: middle;\" width=\"98\">1<\/td>\n<td style=\"text-align: center; vertical-align: middle;\" width=\"314\">20 &#8212; 23 \u0441\u043c<\/td>\n<td style=\"text-align: center; vertical-align: middle;\" width=\"178\">1 \u2013 3 \u0433\u043e\u0434\u0430<\/td>\n<td style=\"text-align: center; vertical-align: middle;\" rowspan=\"2\" width=\"178\"><img loading=\"lazy\" src=\"https:\/\/fixcast.pl\/wp-content\/uploads\/2018\/07\/pomiar-kolano.png\" alt=\"\" width=\"148\" height=\"212\" class=\"aligncenter size-full wp-image-611\"><\/td>\n<\/tr>\n<tr valign=\"top\">\n<td style=\"text-align: center; vertical-align: middle;\" width=\"98\">2<\/td>\n<td style=\"text-align: center; vertical-align: middle;\" width=\"314\">23 &#8212; 27 \u0441\u043c<\/td>\n<td style=\"text-align: center; vertical-align: middle;\" width=\"178\">3 \u2013 7 \u043b\u0435\u0442<\/td>\n<\/tr>\n<\/tbody>\n<\/table>\n<p><strong>\u0423\u043d\u0438\u0432\u0435\u0440\u0441\u0430\u043b\u044c\u043d\u043e\u0435 \u0438\u0437\u0434\u0435\u043b\u0438\u0435 \u0434\u043b\u044f \u043f\u0440\u0430\u0432\u043e\u0433\u043e \u0438 \u043b\u0435\u0432\u043e\u0433\u043e \u043a\u043e\u043b\u0435\u043d\u0430. <\/p>\n<p>\u041e\u0431\u0449\u0430\u044f \u0434\u043b\u0438\u043d\u0430 \u043e\u0440\u0442\u0435\u0437\u0430:<br \/>\n1: 15 \u0441\u043c<br \/>\n2: 17 \u0441\u043c<\/strong><\/p>\n<\/div>\n<\/div>\n<div class=\"half with-image\" style=\"background-image: url('https:\/\/fixcast.pl\/wp-content\/uploads\/2021\/05\/DSC_0060-1.jpg');\"><\/div>\n<\/div>\n<div class=\"row\">\n<div class=\"half descr\">\n<div class=\"half-content\">\n<h3>\u0421\u043a\u0430\u0447\u0430\u0442\u044c<\/h3>\n<ul class=\"pdf\">\n<li><a href=\"http:\/\/reh4mat.com\/instrukcje\/inne\/45.pdf\">\u0418\u043d\u0441\u0442\u0440\u0443\u043a\u0446\u0438\u044f<\/a><\/li>\n<li><a href=\"https:\/\/fixcast.pl\/wp-content\/uploads\/2022\/06\/FIX-KD-18.pdf\">\u0421\u043f\u043e\u0441\u043e\u0431 \u043d\u0430\u043b\u043e\u0436\u0435\u043d\u0438\u044f<\/a><\/li>\n<\/ul>\n<\/div>\n<\/div>\n<div class=\"half with-image\" style=\"background-image: url('https:\/\/fixcast.pl\/wp-content\/uploads\/2021\/05\/DSC_0057.jpg');\"><\/div>\n<\/div>\n<div class=\"clear\"><\/div>\n<\/div>\n","protected":false},"excerpt":{"rendered":"<h2>\u041e\u0422\u041a\u0420\u042b\u0422\u042b\u0419 \u041e\u0420\u0422\u0415\u0417 \u041a\u041e\u041b\u0415\u041d\u0410 \u0414\u041b\u042f \u0421\u0422\u0410\u0411\u0418\u041b\u0418\u0417\u0410\u0426\u0418\u0418 \u041a\u041e\u041b\u0415\u041d\u041d\u041e\u0419 \u0427\u0410\u0428\u0415\u0427\u041a\u0418<\/h2>\n<p><strong>\u041e\u0440\u0442\u0435\u0437 \u043a\u043e\u043b\u0435\u043d\u0430 FIX-KD-18<\/strong> \u0441\u043d\u0438\u043c\u0430\u0435\u0442 \u043d\u0430\u0433\u0440\u0443\u0437\u043a\u0443 \u0441 \u043d\u0430\u0434\u043a\u043e\u043b\u0435\u043d\u043d\u0438\u043a\u0430 \u0438 \u0441\u0442\u0430\u0431\u0438\u043b\u0438\u0437\u0438\u0440\u0443\u0435\u0442 \u043f\u0430\u0442\u0435\u043b\u043b\u043e\u0444\u0435\u043c\u043e\u0440\u0430\u043b\u044c\u043d\u044b\u0439 \u0441\u0443\u0441\u0442\u0430\u0432. \u0418\u0434\u0435\u0430\u043b\u044c\u043d\u043e \u043f\u043e\u0434\u0445\u043e\u0434\u0438\u0442 \u043f\u0440\u0438 \u0431\u043e\u043b\u044f\u0445 \u0432 \u043a\u043e\u043b\u0435\u043d\u043d\u043e\u0439 \u0447\u0430\u0448\u0435\u0447\u043a\u0435. <\/p>\n","protected":false},"featured_media":9436,"comment_status":"open","ping_status":"closed","template":"","meta":[],"_links":{"self":[{"href":"https:\/\/fixcast.pl\/ru\/wp-json\/wp\/v2\/product\/4890"}],"collection":[{"href":"https:\/\/fixcast.pl\/ru\/wp-json\/wp\/v2\/product"}],"about":[{"href":"https:\/\/fixcast.pl\/ru\/wp-json\/wp\/v2\/types\/product"}],"replies":[{"embeddable":true,"href":"https:\/\/fixcast.pl\/ru\/wp-json\/wp\/v2\/comments?post=4890"}],"version-history":[{"count":11,"href":"https:\/\/fixcast.pl\/ru\/wp-json\/wp\/v2\/product\/4890\/revisions"}],"predecessor-version":[{"id":12269,"href":"https:\/\/fixcast.pl\/ru\/wp-json\/wp\/v2\/product\/4890\/revisions\/12269"}],"wp:featuredmedia":[{"embeddable":true,"href":"https:\/\/fixcast.pl\/ru\/wp-json\/wp\/v2\/media\/9436"}],"wp:attachment":[{"href":"https:\/\/fixcast.pl\/ru\/wp-json\/wp\/v2\/media?parent=4890"}],"curies":[{"name":"wp","href":"https:\/\/api.w.org\/{rel}","templated":true}]}}